{"id":9670,"date":"2024-07-29T21:23:55","date_gmt":"2024-07-30T00:23:55","guid":{"rendered":"https:\/\/isfd803-chu.infd.edu.ar\/sitio\/?page_id=9670"},"modified":"2025-10-06T20:47:29","modified_gmt":"2025-10-06T23:47:29","slug":"actualizacion-academica-en-procesos-de-orientacion-y-tutoria-en-la-escuela-secundaria","status":"publish","type":"page","link":"https:\/\/isfd803-chu.infd.edu.ar\/sitio\/actualizacion-academica-en-procesos-de-orientacion-y-tutoria-en-la-escuela-secundaria\/","title":{"rendered":"ACTUALIZACI\u00d3N ACAD\u00c9MICA EN PROCESOS DE ORIENTACI\u00d3N Y TUTOR\u00cdA EN LA ESCUELA SECUNDARIA"},"content":{"rendered":"\n<h2 class=\"wp-block-heading has-text-align-center\"><mark style=\"background-color:rgba(0, 0, 0, 0);color:#f30b0b\" class=\"has-inline-color\">INSCRIPCIONES CERRADAS<\/mark><\/h2>\n\n\n\n<hr class=\"wp-block-separator has-alpha-channel-opacity\"\/>\n\n\n\n<h2 class=\"wp-block-heading has-text-align-center\">Plan de Estudios<\/h2>\n\n\n<div class=\"wp-block-image\">\n<figure class=\"aligncenter size-full\"><img decoding=\"async\" loading=\"lazy\" width=\"783\" height=\"420\" src=\"https:\/\/isfd803-chu.infd.edu.ar\/sitio\/wp-content\/uploads\/2024\/08\/PLAN-DE-ESTUDIOS.jpg\" alt=\"\" class=\"wp-image-9706\" srcset=\"https:\/\/isfd803-chu.infd.edu.ar\/sitio\/wp-content\/uploads\/2024\/08\/PLAN-DE-ESTUDIOS.jpg 783w, https:\/\/isfd803-chu.infd.edu.ar\/sitio\/wp-content\/uploads\/2024\/08\/PLAN-DE-ESTUDIOS-768x412.jpg 768w\" sizes=\"(max-width: 783px) 100vw, 783px\" \/><\/figure><\/div>\n\n\n<h2 class=\"wp-block-heading has-text-align-center\">DOCUMENTACI\u00d3N<\/h2>\n\n\n\n<div class=\"wp-block-buttons is-content-justification-center is-layout-flex wp-container-1\">\n<div class=\"wp-block-button\"><a class=\"wp-block-button__link wp-element-button\" href=\"https:\/\/isfd803-chu.infd.edu.ar\/sitio\/wp-content\/uploads\/2024\/07\/DC-AA_POT.pdf\">DISE\u00d1O CURRICULAR<\/a><\/div>\n\n\n\n<div class=\"wp-block-button\"><a class=\"wp-block-button__link wp-element-button\" href=\"https:\/\/isfd803-chu.infd.edu.ar\/sitio\/wp-content\/uploads\/2024\/09\/RES-ME-699-24.pdf\">RESOLUCI\u00d3N MINISTERIAL PROVINCIAL<\/a><\/div>\n<\/div>\n\n\n\n<figure class=\"wp-block-table\"><table><tbody><tr><td class=\"has-text-align-center\" data-align=\"center\"><a href=\"https:\/\/isfd803-chu.infd.edu.ar\/sitio\/wp-content\/uploads\/2024\/09\/PROGRAMA-MARCO-POLITICO-EDUCATIVO-PARA-LA-CONSTRUCCION-DEL-ROL-DE-ORIENTACION-Y-TUTORIA-EN-LA-ESCUELA-SECUNDARIA.pdf\">PROGRAMA M\u00d3DULO 1<\/a> &#8211; Marco Pol\u00edtico Educativo<\/td><td class=\"has-text-align-center\" data-align=\"center\"><a href=\"https:\/\/isfd803-chu.infd.edu.ar\/sitio\/wp-content\/uploads\/2024\/09\/PROGRAMA-DIVERSIDAD-E-INCLUSION-EDUCATIVA.pdf\">PROGRAMA M\u00d3DULO 2<\/a> Diversidad e Inclusi\u00f3n Educativa<\/td><\/tr><tr><td class=\"has-text-align-center\" data-align=\"center\">PROGRAMA M\u00d3DULO 3: La funci\u00f3n de Orientaci\u00f3n y Tutor\u00eda en la Escuela Secundaria (Disponible en breve)<\/td><td class=\"has-text-align-center\" data-align=\"center\">PROGRAMA M\u00d3DULO 4: Intervenciones en el proceso de Orientaci\u00f3n y Tutoria (Disponible en breve) <\/td><\/tr><tr><td class=\"has-text-align-center\" data-align=\"center\">PROGRAMA M\u00d3DULO 4: Trabajo Final: Proyecto de Orientaci\u00f3n y Tutor\u00eda (Disponible en breve)<\/td><td class=\"has-text-align-center\" data-align=\"center\"><\/td><\/tr><\/tbody><\/table><\/figure>\n\n\n\n<div class=\"wp-block-buttons is-content-justification-center is-layout-flex wp-container-2\">\n<div class=\"wp-block-button\"><a class=\"wp-block-button__link has-text-align-center wp-element-button\" href=\"https:\/\/isfd803-chu.infd.edu.ar\/sitio\/wp-content\/uploads\/2024\/09\/MODELO-CERTIFICADO-ASISTENCIA-AA-POT.docx\">CERTIFICADO DE ASISTENCIA A VIDEOCONFERENCIA<\/a><\/div>\n\n\n\n<div class=\"wp-block-button\"><a class=\"wp-block-button__link has-text-align-center wp-element-button\" href=\"https:\/\/isfd803-chu.infd.edu.ar\/sitio\/wp-content\/uploads\/2025\/06\/MODELO-CONSTANCIA-ASISTENCIA-EXAMEN-AA-POT.docx\">CONSTANCIA DE ASISTENCIA A EXAMEN<\/a><\/div>\n\n\n\n<div class=\"wp-block-button\"><a class=\"wp-block-button__link has-text-align-center wp-element-button\" href=\"https:\/\/isfd803-chu.infd.edu.ar\/sitio\/wp-content\/uploads\/2025\/06\/constancia-de-alumno-regular-AAPOT.docx\">CONSTANCIA DE ALUMNO REGULAR<\/a><\/div>\n<\/div>\n\n\n\n<hr class=\"wp-block-separator has-alpha-channel-opacity\"\/>\n\n\n\n<h2 class=\"wp-block-heading\">DESCRIPCI\u00d3N DE LA PROPUESTA FORMATIVA<\/h2>\n\n\n\n<p><strong>. Denominaci\u00f3n:<\/strong>&nbsp;Actualizaci\u00f3n Acad\u00e9mica en Procesos de Orientaci\u00f3n y Tutor\u00eda en la Escuela Secundaria<br><strong>. Certificado a otorgar:<\/strong>&nbsp;Actualizaci\u00f3n Acad\u00e9mica en Procesos de Orientaci\u00f3n y Tutor\u00eda en la Escuela Secundaria<br><strong>. Car\u00e1cter de la oferta:<\/strong>&nbsp;Post\u00edtulo Jurisdiccional aprobado por el Ministerio de Educaci\u00f3n de la provincia de Chubut<br><strong>. Duraci\u00f3n:<\/strong>&nbsp;2 cuatrimestres<br><strong>. Carga horaria total:<\/strong>&nbsp;200 hs. reloj<\/p>\n\n\n\n<h2 class=\"wp-block-heading\">DESTINATARIOS<\/h2>\n\n\n\n<p><strong>En orden de prioridad<\/strong>:<\/p>\n\n\n\n<p>1. Docentes, con t\u00edtulo de Profesor\/a, que se encuentren en ejercicio, en funciones de Orientaci\u00f3n y Tutor\u00eda en establecimientos del Nivel Secundario de todas las modalidades del Sistema Educativo provincial.<\/p>\n\n\n\n<p>2. Docentes, con t\u00edtulo de Profesor\/a, que se encuentren en ejercicio, en funciones frente a alumnos\/as, de direcci\u00f3n, asesoramiento o supervisi\u00f3n en el Nivel Secundario de todas las modalidades del Sistema Educativo provincial.<\/p>\n\n\n\n<p>3. Profesionales con certificaci\u00f3n pedag\u00f3gica, que se desempe\u00f1en en establecimientos de Nivel Secundario de todas las modalidades del Sistema Educativo provincial.<\/p>\n\n\n\n<p>4. Docentes que se desempe\u00f1an en carreras de formaci\u00f3n docente inicial para la Educaci\u00f3n Secundaria.<\/p>\n\n\n\n<p>5. Docentes con t\u00edtulo de Profesor\/a o profesionales con certificaci\u00f3n pedag\u00f3gica, que est\u00e9n inscriptos en los listados de orden de m\u00e9rito para el acceso a la docencia.<\/p>\n\n\n\n<p><strong>El orden de prioridad define la cobertura de las vacantes disponibles para la inscripci\u00f3n a la Actualizaci\u00f3n Acad\u00e9mica. El ISFD ser\u00e1 responsable de establecer el acceso de los\/as preinscriptos\/as de acuerdo a este criterio, y hasta cubrir las vacantes.<\/strong><\/p>\n\n\n\n<p><\/p>\n\n\n\n<h2 class=\"wp-block-heading\">REQUISITOS DE ADMISI\u00d3N<\/h2>\n\n\n\n<p><strong>\u2212 Pre-inscripci\u00f3n jurisdiccional:<\/strong>&nbsp;Completar un formulario en el siguiente link (<a href=\"https:\/\/script.google.com\/a\/macros\/chubut.edu.ar\/s\/AKfycby6anExx_LObS8CBn_z0xH0MkkBeZy8LtV8bLTVTPj1HA-7Ysq7RSm8xsqqTlHtKhpt\/exec\" target=\"_blank\" rel=\"noreferrer noopener\">click aqu\u00ed<\/a>).<\/p>\n\n\n\n<p><strong>\u2212 Inscripci\u00f3n en el ISFD:<\/strong>&nbsp;Los\/as interesados deben presentar la siguiente documentaci\u00f3n:<\/p>\n\n\n\n<p>. Fotocopia de DNI<br>. Fotocopia autenticada del t\u00edtulo o constancia de t\u00edtulo en tr\u00e1mite.<br>. Constancia laboral expedida por la autoridad respectiva donde desempe\u00f1an sus tareas o constancia de inscripci\u00f3n en los listados de orden de m\u00e9rito para el acceso a la docencia.<\/p>\n\n\n\n<p>La presentaci\u00f3n de documentaci\u00f3n ser\u00e1 requisito excluyente para inscribirse en los m\u00f3dulos, a partir del segundo cuatrimestre de cursada. Los\/as cursantes que no hayan presentado el t\u00edtulo o constancia de t\u00edtulo en tr\u00e1mite tendr\u00e1n como plazo m\u00e1ximo para hacerlo hasta el momento de inscripci\u00f3n al Trabajo Final. De no hacerlo, no podr\u00e1n acreditar el post\u00edtulo; pero podr\u00e1n solicitar una certificaci\u00f3n por cada uno de los m\u00f3dulos aprobados.<\/p>\n\n\n\n<p><\/p>\n\n\n\n<h2 class=\"wp-block-heading\">+ INFO<\/h2>\n\n\n\n<p>Inicio: 03\/09\/24<\/p>\n\n\n\n<p>Modalidad: Semipresencial<\/p>\n\n\n\n<p>Duraci\u00f3n: 2 cuatrimestres<\/p>\n\n\n\n<h2 class=\"wp-block-heading has-text-align-center\"><strong><mark style=\"background-color:rgba(0, 0, 0, 0)\" class=\"has-inline-color has-accent-color\">M\u00f3dulo introductorio: 19\/08\/24 al 30\/08\/24<\/mark><\/strong><\/h2>\n\n\n\n<p>La inscripci\u00f3n se efectivizar\u00e1 con la entrega de la documentaci\u00f3n correspondiente hasta al 15\/08. Una vez finalizado el per\u00edodo de preinscripci\u00f3n, se determinar\u00e1n lxs destinatarixs seg\u00fan el orden de prioridad y se les notificar\u00e1 de su aceptaci\u00f3n.<\/p>\n\n\n\n<h2 class=\"wp-block-heading has-text-align-center\">Contacto<\/h2>\n\n\n\n<h5 class=\"wp-block-heading has-text-align-center\"><mark>postitulos803@gmail.com<\/mark><\/h5>\n\n\n\n<p><\/p>\n\n\n<div class=\"wp-block-image\">\n<figure class=\"aligncenter size-large\"><img decoding=\"async\" loading=\"lazy\" width=\"1356\" height=\"1900\" src=\"https:\/\/isfd803-chu.infd.edu.ar\/sitio\/wp-content\/uploads\/2024\/08\/tutoria-1-1356x1900.png\" alt=\"\" class=\"wp-image-9702\" srcset=\"https:\/\/isfd803-chu.infd.edu.ar\/sitio\/wp-content\/uploads\/2024\/08\/tutoria-1-1356x1900.png 1356w, https:\/\/isfd803-chu.infd.edu.ar\/sitio\/wp-content\/uploads\/2024\/08\/tutoria-1-714x1000.png 714w, https:\/\/isfd803-chu.infd.edu.ar\/sitio\/wp-content\/uploads\/2024\/08\/tutoria-1-768x1076.png 768w, https:\/\/isfd803-chu.infd.edu.ar\/sitio\/wp-content\/uploads\/2024\/08\/tutoria-1-1096x1536.png 1096w, https:\/\/isfd803-chu.infd.edu.ar\/sitio\/wp-content\/uploads\/2024\/08\/tutoria-1-1462x2048.png 1462w\" sizes=\"(max-width: 1356px) 100vw, 1356px\" \/><\/figure><\/div>","protected":false},"excerpt":{"rendered":"<p>INSCRIPCIONES CERRADAS Plan de Estudios DOCUMENTACI\u00d3N PROGRAMA M\u00d3DULO 1 &#8211; Marco Pol\u00edtico Educativo PROGRAMA M\u00d3DULO 2 Diversidad e Inclusi\u00f3n Educativa PROGRAMA M\u00d3DULO 3: La funci\u00f3n de Orientaci\u00f3n y Tutor\u00eda en la Escuela Secundaria (Disponible en breve) PROGRAMA M\u00d3DULO 4: Intervenciones en el proceso de Orientaci\u00f3n y Tutoria (Disponible en breve) PROGRAMA M\u00d3DULO 4: Trabajo Final: &#8230; <a title=\"ACTUALIZACI\u00d3N ACAD\u00c9MICA EN PROCESOS DE ORIENTACI\u00d3N Y TUTOR\u00cdA EN LA ESCUELA SECUNDARIA\" class=\"read-more\" href=\"https:\/\/isfd803-chu.infd.edu.ar\/sitio\/actualizacion-academica-en-procesos-de-orientacion-y-tutoria-en-la-escuela-secundaria\/\" aria-label=\"More on ACTUALIZACI\u00d3N ACAD\u00c9MICA EN PROCESOS DE ORIENTACI\u00d3N Y TUTOR\u00cdA EN LA ESCUELA SECUNDARIA\">[+]<\/a><\/p>\n","protected":false},"author":14,"featured_media":0,"parent":0,"menu_order":0,"comment_status":"closed","ping_status":"closed","template":"","meta":[],"acf":[],"_links":{"self":[{"href":"https:\/\/isfd803-chu.infd.edu.ar\/sitio\/wp-json\/wp\/v2\/pages\/9670"}],"collection":[{"href":"https:\/\/isfd803-chu.infd.edu.ar\/sitio\/wp-json\/wp\/v2\/pages"}],"about":[{"href":"https:\/\/isfd803-chu.infd.edu.ar\/sitio\/wp-json\/wp\/v2\/types\/page"}],"author":[{"embeddable":true,"href":"https:\/\/isfd803-chu.infd.edu.ar\/sitio\/wp-json\/wp\/v2\/users\/14"}],"replies":[{"embeddable":true,"href":"https:\/\/isfd803-chu.infd.edu.ar\/sitio\/wp-json\/wp\/v2\/comments?post=9670"}],"version-history":[{"count":21,"href":"https:\/\/isfd803-chu.infd.edu.ar\/sitio\/wp-json\/wp\/v2\/pages\/9670\/revisions"}],"predecessor-version":[{"id":10764,"href":"https:\/\/isfd803-chu.infd.edu.ar\/sitio\/wp-json\/wp\/v2\/pages\/9670\/revisions\/10764"}],"wp:attachment":[{"href":"https:\/\/isfd803-chu.infd.edu.ar\/sitio\/wp-json\/wp\/v2\/media?parent=9670"}],"curies":[{"name":"wp","href":"https:\/\/api.w.org\/{rel}","templated":true}]}}