{"id":9067,"date":"2024-04-29T11:42:38","date_gmt":"2024-04-29T14:42:38","guid":{"rendered":"https:\/\/isfd803-chu.infd.edu.ar\/sitio\/?page_id=9067"},"modified":"2025-08-12T20:02:35","modified_gmt":"2025-08-12T23:02:35","slug":"centro-de-estudiantes-forte","status":"publish","type":"page","link":"https:\/\/isfd803-chu.infd.edu.ar\/sitio\/centro-de-estudiantes-forte\/","title":{"rendered":"Centro de Estudiantes Forte"},"content":{"rendered":"\n<div class=\"wp-block-columns is-layout-flex wp-container-1\"><\/div>\n\n\n\n<div class=\"wp-block-cover alignwide\"><span aria-hidden=\"true\" class=\"wp-block-cover__background has-contrast-3-background-color has-background-dim-100 has-background-dim\"><\/span><div class=\"wp-block-cover__inner-container\">\n<h2 class=\"wp-block-heading has-text-align-center has-contrast-color has-text-color\" style=\"font-size:68px\">Centro de Estudiantes Forte<\/h2>\n\n\n<div class=\"wp-block-image\">\n<figure class=\"aligncenter size-full is-resized\"><img decoding=\"async\" loading=\"lazy\" src=\"https:\/\/isfd803-chu.infd.edu.ar\/sitio\/wp-content\/uploads\/2024\/04\/forte.png\" alt=\"\" class=\"wp-image-9073\" width=\"352\" height=\"352\" srcset=\"https:\/\/isfd803-chu.infd.edu.ar\/sitio\/wp-content\/uploads\/2024\/04\/forte.png 1179w, https:\/\/isfd803-chu.infd.edu.ar\/sitio\/wp-content\/uploads\/2024\/04\/forte-1000x1000.png 1000w, https:\/\/isfd803-chu.infd.edu.ar\/sitio\/wp-content\/uploads\/2024\/04\/forte-500x500.png 500w, https:\/\/isfd803-chu.infd.edu.ar\/sitio\/wp-content\/uploads\/2024\/04\/forte-768x768.png 768w\" sizes=\"(max-width: 352px) 100vw, 352px\" \/><\/figure><\/div>\n\n\n<p class=\"has-contrast-color has-text-color\">En esta secci\u00f3n encontrar\u00e1s toda la informaci\u00f3n relevante sobre nuestro centro de representaci\u00f3n estudiantil, donde lxs mismxs alumnxs trabajan para promover la participaci\u00f3n y el bienestar de todxs lxs estudiantes.<\/p>\n\n\n\n<p class=\"has-contrast-color has-text-color\">Aqu\u00ed podr\u00e1s conocer a sus autoridades, quienes est\u00e1n comprometidas con escuchar y representar tus ideas y necesidades. Tambi\u00e9n te presentamos las listas de delegadxs por carreras, quienes son tus compa\u00f1erxs dedicadxs a colaborar en la construcci\u00f3n de un ambiente acad\u00e9mico y social inclusivo y din\u00e1mico.<\/p>\n\n\n\n<div class=\"wp-block-group is-content-justification-center is-layout-flex wp-container-7\">\n<div class=\"wp-block-columns is-layout-flex wp-container-6\">\n<div class=\"wp-block-column is-layout-flow\">\n<figure class=\"wp-block-image size-large\"><img decoding=\"async\" loading=\"lazy\" width=\"760\" height=\"1900\" src=\"https:\/\/isfd803-chu.infd.edu.ar\/sitio\/wp-content\/uploads\/2025\/04\/1000966551-760x1900.png\" alt=\"\" class=\"wp-image-10564\" srcset=\"https:\/\/isfd803-chu.infd.edu.ar\/sitio\/wp-content\/uploads\/2025\/04\/1000966551-760x1900.png 760w, https:\/\/isfd803-chu.infd.edu.ar\/sitio\/wp-content\/uploads\/2025\/04\/1000966551-400x1000.png 400w, https:\/\/isfd803-chu.infd.edu.ar\/sitio\/wp-content\/uploads\/2025\/04\/1000966551-768x1920.png 768w, https:\/\/isfd803-chu.infd.edu.ar\/sitio\/wp-content\/uploads\/2025\/04\/1000966551-614x1536.png 614w, https:\/\/isfd803-chu.infd.edu.ar\/sitio\/wp-content\/uploads\/2025\/04\/1000966551.png 800w\" sizes=\"(max-width: 760px) 100vw, 760px\" \/><\/figure>\n\n\n\n<h2 class=\"wp-block-heading has-text-align-center\"><\/h2>\n<\/div>\n\n\n\n<div class=\"wp-block-column is-layout-flow\">\n<div class=\"wp-duotone-var--accent-var--contrast-3-3 wp-block-cover\" style=\"min-height:375px\"><span aria-hidden=\"true\" class=\"wp-block-cover__background has-base-background-color has-background-dim-100 has-background-dim\"><\/span><div class=\"wp-block-cover__inner-container\">\n<h2 class=\"wp-block-heading has-text-align-center has-contrast-color has-text-color\">Comisi\u00f3n Directiva<\/h2>\n\n\n\n<p class=\"has-contrast-color has-text-color\"><strong>PRESIDENTE<\/strong><\/p>\n\n\n\n<p class=\"has-contrast-color has-text-color\">Antonella Amoris. Profesorado de Ed. Primaria.<\/p>\n\n\n\n<p class=\"has-contrast-color has-text-color\"><strong>VICEPRESIDENTE<\/strong><\/p>\n\n\n\n<p class=\"has-contrast-color has-text-color\">Jessica Paz.&nbsp; Profesorado de Ed. Primaria.<\/p>\n\n\n\n<p class=\"has-contrast-color has-text-color\"><strong>SECRETARIA<\/strong><\/p>\n\n\n\n<p class=\"has-contrast-color has-text-color\">Abigail Gauna. Profesorado de Ed. Sec. en Historia.<\/p>\n\n\n\n<p class=\"has-contrast-color has-text-color\"><strong>TESORERA<\/strong><\/p>\n\n\n\n<p class=\"has-contrast-color has-text-color\">Ariana Figueroa. Profesorado de Ed. Primaria.<\/p>\n\n\n\n<p class=\"has-contrast-color has-text-color\"><strong>REVISOR DE CUENTAS<\/strong><\/p>\n\n\n\n<p class=\"has-contrast-color has-text-color\">Cecilia Pacheco. Profesorado de Ingl\u00e9s.<\/p>\n\n\n\n<p class=\"has-contrast-color has-text-color\"><strong>VOCALES TITULARES<\/strong><\/p>\n\n\n\n<p class=\"has-contrast-color has-text-color\">Paola Murgoitia. Prof. de Ed. Sec. Lengua y Literatura.<\/p>\n\n\n\n<p class=\"has-contrast-color has-text-color\">Esteban Jaque. Prof. Ed. Sec. de Lengua y Literatura.<\/p>\n\n\n\n<p class=\"has-contrast-color has-text-color\"><strong>VOCALES SUPLENTES<\/strong><\/p>\n\n\n\n<p class=\"has-contrast-color has-text-color\">Marlene Soler Prof. Ed. Secundaria en Historia.<\/p>\n\n\n\n<p class=\"has-contrast-color has-text-color\">Victoria Casarosa, Prof. de Ed. Sec. Legua y Literatura.<\/p>\n<\/div><\/div>\n\n\n\n<p class=\"has-contrast-color has-text-color\"><\/p>\n\n\n\n<p class=\"has-contrast-color has-text-color\">Te invitamos a explorar y participar activamente en las actividades y proyectos que iremos cargando en esta nueva p\u00e1gina, para fortalecer nuestra comunidad estudiantil.<\/p>\n\n\n\n<p><\/p>\n\n\n\n<div class=\"wp-block-buttons alignwide is-content-justification-center is-layout-flex wp-container-4\">\n<div class=\"wp-block-button\"><a class=\"wp-block-button__link has-text-align-center wp-element-button\" href=\"https:\/\/isfd803-chu.infd.edu.ar\/sitio\/wp-content\/uploads\/2024\/04\/Lista-delegados-2024-CEF-1.pdf\">Listado de delegadxs por Carrera<\/a><\/div>\n<\/div>\n<\/div>\n<\/div>\n<\/div>\n\n\n\n<h2 class=\"wp-block-heading has-text-align-center\">Correo:\u00a0\u00a0<a rel=\"noreferrer noopener\" href=\"mailto:ce.isfd803@gmail.com\" target=\"_blank\">ce.isfd803@gmail.com<\/a><br>IG: CEF ISFD 803<\/h2>\n\n\n\n<div style=\"height:100px\" aria-hidden=\"true\" class=\"wp-block-spacer\"><\/div>\n\n\n\n<div style=\"text-align:center;\"><iframe loading=\"lazy\" src=\"https:\/\/www.facebook.com\/plugins\/page.php?href=https%3A%2F%2Fwww.facebook.com%2FCEF.ISFD803&#038;tabs=timeline&#038;width=500&#038;height=500&#038;small_header=false&#038;adapt_container_width=true&#038;hide_cover=false&#038;show_facepile=true&#038;appId\" width=\"500\" height=\"500\" style=\"border:none;overflow:hidden\" scrolling=\"no\" frameborder=\"0\" allowTransparency=\"true\" allow=\"encrypted-media\"><\/iframe><\/div>\n\n\n\n<hr class=\"wp-block-separator has-alpha-channel-opacity\"\/>\n\n\n<div class=\"wp-block-image\">\n<figure class=\"aligncenter size-full\"><img decoding=\"async\" loading=\"lazy\" width=\"162\" height=\"146\" src=\"https:\/\/isfd803-chu.infd.edu.ar\/sitio\/wp-content\/uploads\/2024\/03\/40-anos-isfd-2.png\" alt=\"\" class=\"wp-image-8907\"\/><\/figure><\/div><\/div><\/div>\n","protected":false},"excerpt":{"rendered":"","protected":false},"author":14,"featured_media":0,"parent":0,"menu_order":0,"comment_status":"closed","ping_status":"closed","template":"","meta":[],"acf":[],"_links":{"self":[{"href":"https:\/\/isfd803-chu.infd.edu.ar\/sitio\/wp-json\/wp\/v2\/pages\/9067"}],"collection":[{"href":"https:\/\/isfd803-chu.infd.edu.ar\/sitio\/wp-json\/wp\/v2\/pages"}],"about":[{"href":"https:\/\/isfd803-chu.infd.edu.ar\/sitio\/wp-json\/wp\/v2\/types\/page"}],"author":[{"embeddable":true,"href":"https:\/\/isfd803-chu.infd.edu.ar\/sitio\/wp-json\/wp\/v2\/users\/14"}],"replies":[{"embeddable":true,"href":"https:\/\/isfd803-chu.infd.edu.ar\/sitio\/wp-json\/wp\/v2\/comments?post=9067"}],"version-history":[{"count":20,"href":"https:\/\/isfd803-chu.infd.edu.ar\/sitio\/wp-json\/wp\/v2\/pages\/9067\/revisions"}],"predecessor-version":[{"id":10955,"href":"https:\/\/isfd803-chu.infd.edu.ar\/sitio\/wp-json\/wp\/v2\/pages\/9067\/revisions\/10955"}],"wp:attachment":[{"href":"https:\/\/isfd803-chu.infd.edu.ar\/sitio\/wp-json\/wp\/v2\/media?parent=9067"}],"curies":[{"name":"wp","href":"https:\/\/api.w.org\/{rel}","templated":true}]}}