{"id":8874,"date":"2024-03-19T22:43:38","date_gmt":"2024-03-20T01:43:38","guid":{"rendered":"https:\/\/isfd803-chu.infd.edu.ar\/sitio\/?page_id=8874"},"modified":"2026-03-02T09:17:39","modified_gmt":"2026-03-02T12:17:39","slug":"contacto-2","status":"publish","type":"page","link":"https:\/\/isfd803-chu.infd.edu.ar\/sitio\/contacto-2\/","title":{"rendered":"Contacto"},"content":{"rendered":"\n<p><\/p>\n\n\n\n<div class=\"wp-block-cover\"><span aria-hidden=\"true\" class=\"wp-block-cover__background has-base-2-background-color has-background-dim-100 has-background-dim\"><\/span><div class=\"wp-block-cover__inner-container\">\n<p class=\"has-text-align-center has-contrast-color has-text-color has-large-font-size\">&#x1f4e7;Correos Electr\u00f3nicos ISFD N\u00b0 803 &#x1f4e7;<\/p>\n\n\n\n<p class=\"has-contrast-color has-text-color\">&#x25b6;Direcci\u00f3n: direccionisfd803@gmail.com<\/p>\n\n\n\n<p class=\"has-contrast-color has-text-color\">&#x25b6;Vicedirecci\u00f3n: isfd803vicedireccion@gmail.com<\/p>\n\n\n\n<p class=\"has-contrast-color has-text-color\">&#x25b6;Secretar\u00eda acad\u00e9mica: secreacademica803@gmail.com<\/p>\n\n\n\n<p class=\"has-contrast-color has-text-color\">&#x25b6;Secretar\u00eda administrativa: isfd803@gmail.com<\/p>\n\n\n\n<p class=\"has-contrast-color has-text-color\">&#x25b6;Bedel\u00eda: bedelesisfd803@gmail.com<\/p>\n\n\n\n<p class=\"has-contrast-color has-text-color\">&#x25b6; Biblioteca: bibisfd803@gmail.com<\/p>\n\n\n\n<p class=\"has-contrast-color has-text-color\">&#x25b6;Equipo TIC: equipotic803@gmail.com<\/p>\n\n\n\n<p class=\"has-contrast-color has-text-color\">&#x25b6;Departamente de T\u00edtulos: titulos803@gmail.com<\/p>\n\n\n\n<p class=\"has-contrast-color has-text-color\">&#x25b6;Departamente de Post\u00edtulos: postitulos803@gmail.com<\/p>\n\n\n\n<p class=\"has-contrast-color has-text-color\">&#x25b6;Pol\u00edticas estudiantiles: politicasestudiantiles803@gmail.com<\/p>\n\n\n\n<p class=\"has-contrast-color has-text-color\">&#x25b6;Coordinaci\u00f3n de Investigaci\u00f3n: investigacioneducativa803@gmail.com<\/p>\n\n\n\n<p class=\"has-contrast-color has-text-color\">&#x25b6;Coordinaci\u00f3n Prof. de Educaci\u00f3n Primaria: 803coordinacion.primaria@gmail.com<\/p>\n\n\n\n<p class=\"has-contrast-color has-text-color\">&#x25b6;Coordinaci\u00f3n Prof. de Ingl\u00e9s: rominatango@gmail.com<\/p>\n\n\n\n<p class=\"has-contrast-color has-text-color\">&#x25b6;Coordinaci\u00f3n Prof. de Lengua y Literatura: coordinacioncarreralyl@gmail.com<\/p>\n\n\n\n<p class=\"has-contrast-color has-text-color\">&#x25b6;Coordinaci\u00f3n Prof. de Educaci\u00f3n Inicial: coordinaciontnayf@gmail.com<\/p>\n\n\n\n<p class=\"has-contrast-color has-text-color\">&#x25b6;Coordinaci\u00f3n Prof. de Educaci\u00f3n Tecnol\u00f3gica: cooredutec2024@gmail.com<\/p>\n\n\n\n<p class=\"has-contrast-color has-text-color\">&#x25b6;Coordinaci\u00f3n Profesorado de Matem\u00e1tica: coordprofsecmatematica@gmail.com<\/p>\n\n\n\n<p class=\"has-contrast-color has-text-color\">&#x25b6;Coordinaci\u00f3n Profesorado de Biolog\u00eda: <strong>c<\/strong>oordinaciontnayf@gmail.com<\/p>\n\n\n\n<p class=\"has-contrast-color has-text-color\">&#x25b6;Coordinaci\u00f3n Tecnicatura Superior en Producci\u00f3n De Multimedios: coordinaciondemultimedios803@gmail.com<\/p>\n\n\n\n<p class=\"has-contrast-color has-text-color\">&#x25b6;Coordinaci\u00f3n Tecnicatura Superior en Turismo: coordinacionturismo803@gmail.com<\/p>\n\n\n\n<p class=\"has-contrast-color has-text-color\">&#x25b6;Coordinaci\u00f3n Tecnicatura Superior en Ni\u00f1ez, Adolescencia y Familia: coordinaciontnayf@gmail.com<\/p>\n\n\n\n<p><\/p>\n<\/div><\/div>\n","protected":false},"excerpt":{"rendered":"","protected":false},"author":14,"featured_media":0,"parent":0,"menu_order":0,"comment_status":"closed","ping_status":"closed","template":"","meta":[],"acf":[],"_links":{"self":[{"href":"https:\/\/isfd803-chu.infd.edu.ar\/sitio\/wp-json\/wp\/v2\/pages\/8874"}],"collection":[{"href":"https:\/\/isfd803-chu.infd.edu.ar\/sitio\/wp-json\/wp\/v2\/pages"}],"about":[{"href":"https:\/\/isfd803-chu.infd.edu.ar\/sitio\/wp-json\/wp\/v2\/types\/page"}],"author":[{"embeddable":true,"href":"https:\/\/isfd803-chu.infd.edu.ar\/sitio\/wp-json\/wp\/v2\/users\/14"}],"replies":[{"embeddable":true,"href":"https:\/\/isfd803-chu.infd.edu.ar\/sitio\/wp-json\/wp\/v2\/comments?post=8874"}],"version-history":[{"count":6,"href":"https:\/\/isfd803-chu.infd.edu.ar\/sitio\/wp-json\/wp\/v2\/pages\/8874\/revisions"}],"predecessor-version":[{"id":11484,"href":"https:\/\/isfd803-chu.infd.edu.ar\/sitio\/wp-json\/wp\/v2\/pages\/8874\/revisions\/11484"}],"wp:attachment":[{"href":"https:\/\/isfd803-chu.infd.edu.ar\/sitio\/wp-json\/wp\/v2\/media?parent=8874"}],"curies":[{"name":"wp","href":"https:\/\/api.w.org\/{rel}","templated":true}]}}