{"id":8748,"date":"2024-03-02T16:54:13","date_gmt":"2024-03-02T19:54:13","guid":{"rendered":"https:\/\/isfd803-chu.infd.edu.ar\/sitio\/?page_id=8748"},"modified":"2024-03-02T17:01:24","modified_gmt":"2024-03-02T20:01:24","slug":"pizarra-colaborativa","status":"publish","type":"page","link":"https:\/\/isfd803-chu.infd.edu.ar\/sitio\/pizarra-colaborativa\/","title":{"rendered":"Pizarra Colaborativa"},"content":{"rendered":"\n<p><strong>\u00a1Bienvenidxs al Padlet colaborativo para estudiantes de los profesorado y tecnicaturas!<\/strong><\/p>\n\n\n\n<p>Este espacio interactivo est\u00e1 dise\u00f1ado especialmente para ustedes. Aqu\u00ed podr\u00e1n escribir y conectarse, compartir recursos, armar grupos de Whatsapp, intercambiar experiencias de su viaje educativo. \u00a1Escrib\u00ed y comenz\u00e1 a explorar todo lo que este Padlet tiene para ofrecer!<\/p>\n\n\n\n<div class=\"padlet-embed\" style=\"border:1px solid rgba(0,0,0,0.1);border-radius:2px;box-sizing:border-box;overflow:hidden;position:relative;width:100%;background:#F4F4F4\"><p style=\"padding:0;margin:0\"><iframe src=\"https:\/\/padlet.com\/embed\/kwvri90eb4cv9960\" frameborder=\"0\" allow=\"camera;microphone;geolocation\" style=\"width:100%;height:608px;display:block;padding:0;margin:0\"><\/iframe><\/p><div style=\"display:flex;align-items:center;justify-content:end;margin:0;height:28px\"><a href=\"https:\/\/padlet.com?ref=embed\" style=\"display:block;flex-grow:0;margin:0;border:none;padding:0;text-decoration:none\" target=\"_blank\" rel=\"noopener\"><div style=\"display:flex;align-items:center;\"><img decoding=\"async\" loading=\"lazy\" src=\"https:\/\/padlet.net\/embeds\/made_with_padlet_2022.png\" width=\"114\" height=\"28\" style=\"padding:0;margin:0;background:0 0;border:none;box-shadow:none\" alt=\"Made with Padlet\"><\/div><\/a><\/div><\/div>\n","protected":false},"excerpt":{"rendered":"<p>\u00a1Bienvenidxs al Padlet colaborativo para estudiantes de los profesorado y tecnicaturas! Este espacio interactivo est\u00e1 dise\u00f1ado especialmente para ustedes. Aqu\u00ed podr\u00e1n escribir y conectarse, compartir recursos, armar grupos de Whatsapp, intercambiar experiencias de su viaje educativo. \u00a1Escrib\u00ed y comenz\u00e1 a explorar todo lo que este Padlet tiene para ofrecer!<\/p>\n","protected":false},"author":14,"featured_media":0,"parent":0,"menu_order":0,"comment_status":"closed","ping_status":"closed","template":"","meta":[],"acf":[],"_links":{"self":[{"href":"https:\/\/isfd803-chu.infd.edu.ar\/sitio\/wp-json\/wp\/v2\/pages\/8748"}],"collection":[{"href":"https:\/\/isfd803-chu.infd.edu.ar\/sitio\/wp-json\/wp\/v2\/pages"}],"about":[{"href":"https:\/\/isfd803-chu.infd.edu.ar\/sitio\/wp-json\/wp\/v2\/types\/page"}],"author":[{"embeddable":true,"href":"https:\/\/isfd803-chu.infd.edu.ar\/sitio\/wp-json\/wp\/v2\/users\/14"}],"replies":[{"embeddable":true,"href":"https:\/\/isfd803-chu.infd.edu.ar\/sitio\/wp-json\/wp\/v2\/comments?post=8748"}],"version-history":[{"count":4,"href":"https:\/\/isfd803-chu.infd.edu.ar\/sitio\/wp-json\/wp\/v2\/pages\/8748\/revisions"}],"predecessor-version":[{"id":8753,"href":"https:\/\/isfd803-chu.infd.edu.ar\/sitio\/wp-json\/wp\/v2\/pages\/8748\/revisions\/8753"}],"wp:attachment":[{"href":"https:\/\/isfd803-chu.infd.edu.ar\/sitio\/wp-json\/wp\/v2\/media?parent=8748"}],"curies":[{"name":"wp","href":"https:\/\/api.w.org\/{rel}","templated":true}]}}