{"id":8733,"date":"2024-03-01T18:58:46","date_gmt":"2024-03-01T21:58:46","guid":{"rendered":"https:\/\/isfd803-chu.infd.edu.ar\/sitio\/?page_id=8733"},"modified":"2025-07-30T09:42:44","modified_gmt":"2025-07-30T12:42:44","slug":"inscripcion-a-materias-2025","status":"publish","type":"page","link":"https:\/\/isfd803-chu.infd.edu.ar\/sitio\/inscripcion-a-materias-2025\/","title":{"rendered":"Inscripci\u00f3n a materias 2025"},"content":{"rendered":"\n<p>Ciclo lectivo 2025: MATERIAS DEL 2\u00b0 CUATRIMESTRE<\/p>\n\n\n\n<h2 class=\"wp-block-heading has-text-align-center\"><strong><mark style=\"background-color:rgba(0, 0, 0, 0);color:#7f1414\" class=\"has-inline-color\">Inscripci\u00f3n abierta del mi\u00e9rcoles 30\/07\/25 hasta el lunes 04\/08\/25 a las 09:00 Hs.<\/mark><\/strong><\/h2>\n\n\n\n<figure class=\"wp-block-image size-large is-resized\"><img decoding=\"async\" loading=\"lazy\" src=\"https:\/\/isfd803-chu.infd.edu.ar\/sitio\/wp-content\/uploads\/2025\/02\/Inscripcion-a-materias-2025-1900x431.jpg\" alt=\"\" class=\"wp-image-10267\" width=\"1019\" height=\"231\" srcset=\"https:\/\/isfd803-chu.infd.edu.ar\/sitio\/wp-content\/uploads\/2025\/02\/Inscripcion-a-materias-2025-1900x431.jpg 1900w, https:\/\/isfd803-chu.infd.edu.ar\/sitio\/wp-content\/uploads\/2025\/02\/Inscripcion-a-materias-2025-1000x227.jpg 1000w, https:\/\/isfd803-chu.infd.edu.ar\/sitio\/wp-content\/uploads\/2025\/02\/Inscripcion-a-materias-2025-768x174.jpg 768w, https:\/\/isfd803-chu.infd.edu.ar\/sitio\/wp-content\/uploads\/2025\/02\/Inscripcion-a-materias-2025-1536x348.jpg 1536w, https:\/\/isfd803-chu.infd.edu.ar\/sitio\/wp-content\/uploads\/2025\/02\/Inscripcion-a-materias-2025-2048x464.jpg 2048w\" sizes=\"(max-width: 1019px) 100vw, 1019px\" \/><\/figure>\n\n\n\n<h3 class=\"wp-block-heading has-accent-color has-text-color\">La inscripci\u00f3n es para ingresantes y estudiantes de todos los a\u00f1os.<\/h3>\n\n\n\n<p class=\"has-text-align-center has-background\" style=\"background-color:#f3c0c0\"><strong>IMPORTANTE:<\/strong> Les recordamos que, al momento de automatricularse, verifiquen cuidadosamente que la carrera, el a\u00f1o y las materias seleccionadas sean correctas. Esto es crucial para evitar errores y, consecuentemente, el trabajo administrativo adicional que implica dar de bajas. El per\u00edodo de inscripci\u00f3n est\u00e1 abierto para ingresantes y estudiantes de 1\u00b0 a 4\u00b0 a\u00f1o.<\/p>\n\n\n\n<ul class=\"has-contrast-3-background-color has-background\">\n<li>SI SOS DE 2\u00b0, 3\u00b0 O 4\u00b0 A\u00d1O, CORROBORAR CORRELATIVAS DE LA CARRERA (Informaci\u00f3n disponible en el Dise\u00f1o Curricular de tu Carrera)<\/li>\n\n\n\n<li>EN CASO DE INSCRIBIRTE POR ERROR EN UN ESPACIO, PODR\u00c1S PEDIR LA DESACTIVACI\u00d3N AL DOCENTE A CARGO DEL AULA.<\/li>\n<\/ul>\n\n\n\n<p>Acceder al campus <a href=\"https:\/\/isfd803-chu.infd.edu.ar\/aula\/acceso.cgi\">https:\/\/isfd803-chu.infd.edu.ar\/aula\/acceso.cgi<\/a> mediante tu usuario y contrase\u00f1a habitual.<\/p>\n\n\n\n<ul>\n<li>Click en <mark style=\"background-color:rgba(0, 0, 0, 0)\" class=\"has-inline-color has-accent-color\"><strong>Cat\u00e1logo<\/strong><\/mark>.<\/li>\n<\/ul>\n\n\n\n<figure class=\"wp-block-image size-full\"><img decoding=\"async\" loading=\"lazy\" width=\"1156\" height=\"312\" src=\"https:\/\/isfd803-chu.infd.edu.ar\/sitio\/wp-content\/uploads\/2024\/03\/1.jpg\" alt=\"\" class=\"wp-image-8734\" srcset=\"https:\/\/isfd803-chu.infd.edu.ar\/sitio\/wp-content\/uploads\/2024\/03\/1.jpg 1156w, https:\/\/isfd803-chu.infd.edu.ar\/sitio\/wp-content\/uploads\/2024\/03\/1-1000x270.jpg 1000w, https:\/\/isfd803-chu.infd.edu.ar\/sitio\/wp-content\/uploads\/2024\/03\/1-768x207.jpg 768w\" sizes=\"(max-width: 1156px) 100vw, 1156px\" \/><\/figure>\n\n\n\n<ul>\n<li>Click en <mark style=\"background-color:rgba(0, 0, 0, 0)\" class=\"has-inline-color has-accent-color\"><strong>Categor\u00edas<\/strong><\/mark> y seleccionar tu carrera, por ejemplo INGL\u00c9S<\/li>\n<\/ul>\n\n\n<div class=\"wp-block-image\">\n<figure class=\"aligncenter size-full\"><img decoding=\"async\" loading=\"lazy\" width=\"781\" height=\"349\" src=\"https:\/\/isfd803-chu.infd.edu.ar\/sitio\/wp-content\/uploads\/2025\/02\/2025-1.jpg\" alt=\"\" class=\"wp-image-10263\" srcset=\"https:\/\/isfd803-chu.infd.edu.ar\/sitio\/wp-content\/uploads\/2025\/02\/2025-1.jpg 781w, https:\/\/isfd803-chu.infd.edu.ar\/sitio\/wp-content\/uploads\/2025\/02\/2025-1-768x343.jpg 768w\" sizes=\"(max-width: 781px) 100vw, 781px\" \/><\/figure><\/div>\n\n\n<ul>\n<li>Click en <strong><mark style=\"background-color:rgba(0, 0, 0, 0)\" class=\"has-inline-color has-accent-color\">Ver detalle<\/mark><\/strong> (a partir de este paso, deber\u00e1s repetir el proceso para cada materia en la que te inscribas)<\/li>\n<\/ul>\n\n\n\n<figure class=\"wp-block-gallery has-nested-images columns-default is-cropped wp-block-gallery-1 is-layout-flex\">\n<figure class=\"wp-block-image size-large\"><img decoding=\"async\" loading=\"lazy\" width=\"908\" height=\"506\" data-id=\"10262\"  src=\"https:\/\/isfd803-chu.infd.edu.ar\/sitio\/wp-content\/uploads\/2025\/02\/2025-2.jpg\" alt=\"\" class=\"wp-image-10262\" srcset=\"https:\/\/isfd803-chu.infd.edu.ar\/sitio\/wp-content\/uploads\/2025\/02\/2025-2.jpg 908w, https:\/\/isfd803-chu.infd.edu.ar\/sitio\/wp-content\/uploads\/2025\/02\/2025-2-768x428.jpg 768w\" sizes=\"(max-width: 908px) 100vw, 908px\" \/><\/figure>\n<\/figure>\n\n\n\n<ul>\n<li>Click en<strong><mark style=\"background-color:rgba(0, 0, 0, 0)\" class=\"has-inline-color has-accent-color\"> Inscribirme<\/mark><\/strong><\/li>\n<\/ul>\n\n\n<div class=\"wp-block-image\">\n<figure class=\"aligncenter size-full\"><img decoding=\"async\" loading=\"lazy\" width=\"739\" height=\"235\" src=\"https:\/\/isfd803-chu.infd.edu.ar\/sitio\/wp-content\/uploads\/2025\/02\/2025-3.jpg\" alt=\"\" class=\"wp-image-10261\"\/><\/figure><\/div>\n\n\n<p>El sistema te devolver\u00e1 el siguiente mensaje:<\/p>\n\n\n<div class=\"wp-block-image\">\n<figure class=\"aligncenter size-full\"><img decoding=\"async\" loading=\"lazy\" width=\"566\" height=\"262\" src=\"https:\/\/isfd803-chu.infd.edu.ar\/sitio\/wp-content\/uploads\/2025\/02\/2025-4.jpg\" alt=\"\" class=\"wp-image-10260\"\/><\/figure><\/div>\n\n\n<h2 class=\"wp-block-heading has-text-align-center\"><mark style=\"background-color:rgba(0, 0, 0, 0)\" class=\"has-inline-color has-accent-color\"><strong>Repetir los pasos en cada materia a inscribirte.<\/strong><\/mark><\/h2>\n\n\n\n<p><\/p>\n\n\n\n<p>Una vez finalizado el proceso, haciendo click en Aulas, podr\u00e1s ver todas las materias en las que te anotaste<\/p>\n\n\n<div class=\"wp-block-image\">\n<figure class=\"aligncenter size-full\"><img decoding=\"async\" loading=\"lazy\" width=\"582\" height=\"139\" src=\"https:\/\/isfd803-chu.infd.edu.ar\/sitio\/wp-content\/uploads\/2024\/03\/6.jpg\" alt=\"\" class=\"wp-image-8739\"\/><\/figure><\/div>\n\n\n<div style=\"height:100px\" aria-hidden=\"true\" class=\"wp-block-spacer\"><\/div>\n\n\n\n<h2 class=\"wp-block-heading has-text-align-center\"><mark style=\"background-color:rgba(0, 0, 0, 0)\" class=\"has-inline-color has-accent-color\"><strong>Ubicaci\u00f3n cat\u00e1logo desde celular<\/strong><\/mark><\/h2>\n\n\n<div class=\"wp-block-image\">\n<figure class=\"aligncenter size-full\"><img decoding=\"async\" loading=\"lazy\" width=\"1246\" height=\"463\" src=\"https:\/\/isfd803-chu.infd.edu.ar\/sitio\/wp-content\/uploads\/2025\/04\/catalogo-celular.jpg\" alt=\"\" class=\"wp-image-10605\" srcset=\"https:\/\/isfd803-chu.infd.edu.ar\/sitio\/wp-content\/uploads\/2025\/04\/catalogo-celular.jpg 1246w, https:\/\/isfd803-chu.infd.edu.ar\/sitio\/wp-content\/uploads\/2025\/04\/catalogo-celular-1000x372.jpg 1000w, https:\/\/isfd803-chu.infd.edu.ar\/sitio\/wp-content\/uploads\/2025\/04\/catalogo-celular-768x285.jpg 768w\" sizes=\"(max-width: 1246px) 100vw, 1246px\" \/><\/figure><\/div>\n\n\n<p class=\"has-text-align-center has-base-background-color has-background\"><strong>&nbsp;Si ten\u00e9s alguna pregunta, o necesit\u00e1s m\u00e1s informaci\u00f3n, no dudes en escribirnos: <a href=\"mailto:equipotic803@gmail.com\"><mark style=\"background-color:rgba(0, 0, 0, 0)\" class=\"has-inline-color has-accent-color\">equipotic803@gmail.com<\/mark><\/a><\/strong><\/p>\n\n\n<div class=\"wp-block-image\">\n<figure class=\"aligncenter size-full is-resized\"><img decoding=\"async\" loading=\"lazy\" src=\"https:\/\/isfd803-chu.infd.edu.ar\/sitio\/wp-content\/uploads\/2022\/11\/logo-redondo-803.png\" alt=\"\" class=\"wp-image-6991\" width=\"208\" height=\"208\" srcset=\"https:\/\/isfd803-chu.infd.edu.ar\/sitio\/wp-content\/uploads\/2022\/11\/logo-redondo-803.png 1535w, https:\/\/isfd803-chu.infd.edu.ar\/sitio\/wp-content\/uploads\/2022\/11\/logo-redondo-803-1000x1000.png 1000w, https:\/\/isfd803-chu.infd.edu.ar\/sitio\/wp-content\/uploads\/2022\/11\/logo-redondo-803-500x500.png 500w, https:\/\/isfd803-chu.infd.edu.ar\/sitio\/wp-content\/uploads\/2022\/11\/logo-redondo-803-768x768.png 768w\" sizes=\"(max-width: 208px) 100vw, 208px\" \/><\/figure><\/div>","protected":false},"excerpt":{"rendered":"<p>Ciclo lectivo 2025: MATERIAS DEL 2\u00b0 CUATRIMESTRE Inscripci\u00f3n abierta del mi\u00e9rcoles 30\/07\/25 hasta el lunes 04\/08\/25 a las 09:00 Hs. La inscripci\u00f3n es para ingresantes y estudiantes de todos los a\u00f1os. IMPORTANTE: Les recordamos que, al momento de automatricularse, verifiquen cuidadosamente que la carrera, el a\u00f1o y las materias seleccionadas sean correctas. Esto es crucial &#8230; <a title=\"Inscripci\u00f3n a materias 2025\" class=\"read-more\" href=\"https:\/\/isfd803-chu.infd.edu.ar\/sitio\/inscripcion-a-materias-2025\/\" aria-label=\"More on Inscripci\u00f3n a materias 2025\">[+]<\/a><\/p>\n","protected":false},"author":14,"featured_media":0,"parent":0,"menu_order":0,"comment_status":"closed","ping_status":"closed","template":"","meta":[],"acf":[],"_links":{"self":[{"href":"https:\/\/isfd803-chu.infd.edu.ar\/sitio\/wp-json\/wp\/v2\/pages\/8733"}],"collection":[{"href":"https:\/\/isfd803-chu.infd.edu.ar\/sitio\/wp-json\/wp\/v2\/pages"}],"about":[{"href":"https:\/\/isfd803-chu.infd.edu.ar\/sitio\/wp-json\/wp\/v2\/types\/page"}],"author":[{"embeddable":true,"href":"https:\/\/isfd803-chu.infd.edu.ar\/sitio\/wp-json\/wp\/v2\/users\/14"}],"replies":[{"embeddable":true,"href":"https:\/\/isfd803-chu.infd.edu.ar\/sitio\/wp-json\/wp\/v2\/comments?post=8733"}],"version-history":[{"count":20,"href":"https:\/\/isfd803-chu.infd.edu.ar\/sitio\/wp-json\/wp\/v2\/pages\/8733\/revisions"}],"predecessor-version":[{"id":10854,"href":"https:\/\/isfd803-chu.infd.edu.ar\/sitio\/wp-json\/wp\/v2\/pages\/8733\/revisions\/10854"}],"wp:attachment":[{"href":"https:\/\/isfd803-chu.infd.edu.ar\/sitio\/wp-json\/wp\/v2\/media?parent=8733"}],"curies":[{"name":"wp","href":"https:\/\/api.w.org\/{rel}","templated":true}]}}