{"id":8433,"date":"2023-11-16T11:10:15","date_gmt":"2023-11-16T14:10:15","guid":{"rendered":"https:\/\/isfd803-chu.infd.edu.ar\/sitio\/?page_id=8433"},"modified":"2025-11-20T18:37:29","modified_gmt":"2025-11-20T21:37:29","slug":"profesorado-de-educacion-secundaria-en-historia-res-547-19","status":"publish","type":"page","link":"https:\/\/isfd803-chu.infd.edu.ar\/sitio\/profesorado-de-educacion-secundaria-en-historia-res-547-19\/","title":{"rendered":"Profesorado de Educaci\u00f3n Secundaria en Historia (Res. 547\/19)"},"content":{"rendered":"<div class=\"wp-block-image\">\n<figure class=\"aligncenter size-full is-resized\"><img decoding=\"async\" loading=\"lazy\" src=\"https:\/\/isfd803-chu.infd.edu.ar\/sitio\/wp-content\/uploads\/2024\/09\/HISTORIA-1.png\" alt=\"\" class=\"wp-image-9953\" width=\"152\" height=\"159\"\/><\/figure><\/div>\n\n<div class=\"wp-block-image\">\n<figure class=\"aligncenter size-large is-resized\"><a href=\"https:\/\/isfd803-chu.infd.edu.ar\/sitio\/wp-content\/uploads\/2023\/11\/Prof.-de-Ed.-Sec.-en-Historia-Res-MECH-547.19.pdf\"><img decoding=\"async\" loading=\"lazy\" src=\"https:\/\/isfd803-chu.infd.edu.ar\/sitio\/wp-content\/uploads\/2024\/09\/DISENO-CURRICULAR-1900x486.png\" alt=\"\" class=\"wp-image-9897\" width=\"475\" height=\"122\" srcset=\"https:\/\/isfd803-chu.infd.edu.ar\/sitio\/wp-content\/uploads\/2024\/09\/DISENO-CURRICULAR-1900x486.png 1900w, https:\/\/isfd803-chu.infd.edu.ar\/sitio\/wp-content\/uploads\/2024\/09\/DISENO-CURRICULAR-1000x256.png 1000w, https:\/\/isfd803-chu.infd.edu.ar\/sitio\/wp-content\/uploads\/2024\/09\/DISENO-CURRICULAR-768x197.png 768w, https:\/\/isfd803-chu.infd.edu.ar\/sitio\/wp-content\/uploads\/2024\/09\/DISENO-CURRICULAR-1536x393.png 1536w, https:\/\/isfd803-chu.infd.edu.ar\/sitio\/wp-content\/uploads\/2024\/09\/DISENO-CURRICULAR-2048x524.png 2048w\" sizes=\"(max-width: 475px) 100vw, 475px\" \/><\/a><\/figure><\/div>\n\n<div class=\"wp-block-image\">\n<figure class=\"aligncenter size-large is-resized\"><a href=\"https:\/\/isfd803-chu.infd.edu.ar\/sitio\/wp-content\/uploads\/2023\/11\/Estructura-curricular-Prof.-de-Ed.-Sec.-en-Historia.pdf\"><img decoding=\"async\" loading=\"lazy\" src=\"https:\/\/isfd803-chu.infd.edu.ar\/sitio\/wp-content\/uploads\/2024\/09\/ESTRUCTURA-CURRICULAR-1900x486.png\" alt=\"\" class=\"wp-image-9898\" width=\"475\" height=\"122\" srcset=\"https:\/\/isfd803-chu.infd.edu.ar\/sitio\/wp-content\/uploads\/2024\/09\/ESTRUCTURA-CURRICULAR-1900x486.png 1900w, https:\/\/isfd803-chu.infd.edu.ar\/sitio\/wp-content\/uploads\/2024\/09\/ESTRUCTURA-CURRICULAR-1000x256.png 1000w, https:\/\/isfd803-chu.infd.edu.ar\/sitio\/wp-content\/uploads\/2024\/09\/ESTRUCTURA-CURRICULAR-768x196.png 768w, https:\/\/isfd803-chu.infd.edu.ar\/sitio\/wp-content\/uploads\/2024\/09\/ESTRUCTURA-CURRICULAR-1536x393.png 1536w, https:\/\/isfd803-chu.infd.edu.ar\/sitio\/wp-content\/uploads\/2024\/09\/ESTRUCTURA-CURRICULAR-2048x524.png 2048w\" sizes=\"(max-width: 475px) 100vw, 475px\" \/><\/a><\/figure><\/div>\n\n\n<hr class=\"wp-block-separator has-alpha-channel-opacity\"\/>\n\n\n<div class=\"wp-block-image\">\n<figure class=\"aligncenter size-full is-resized\"><img decoding=\"async\" loading=\"lazy\" src=\"https:\/\/isfd803-chu.infd.edu.ar\/sitio\/wp-content\/uploads\/2024\/09\/PROGRAMAS.png\" alt=\"\" class=\"wp-image-9901\" width=\"359\" height=\"77\" srcset=\"https:\/\/isfd803-chu.infd.edu.ar\/sitio\/wp-content\/uploads\/2024\/09\/PROGRAMAS.png 1435w, https:\/\/isfd803-chu.infd.edu.ar\/sitio\/wp-content\/uploads\/2024\/09\/PROGRAMAS-1000x213.png 1000w, https:\/\/isfd803-chu.infd.edu.ar\/sitio\/wp-content\/uploads\/2024\/09\/PROGRAMAS-768x164.png 768w\" sizes=\"(max-width: 359px) 100vw, 359px\" \/><\/figure><\/div>\n\n\n<div class=\"wp-block-columns is-layout-flex wp-container-4\">\n<div class=\"wp-block-column is-vertically-aligned-top is-layout-flow\" style=\"flex-basis:100%\">\n<div class=\"wp-block-group is-content-justification-center is-nowrap is-layout-flex wp-container-1\">\n<figure class=\"wp-block-table is-style-regular\" style=\"font-style:normal;font-weight:500\"><table class=\"has-base-background-color has-background\"><tbody><tr><td colspan=\"2\"><img decoding=\"async\" loading=\"lazy\" width=\"1015\" height=\"217\" class=\"wp-image-9903\" style=\"width: 300px;\" src=\"https:\/\/isfd803-chu.infd.edu.ar\/sitio\/wp-content\/uploads\/2024\/09\/1-ANO.png\" alt=\"\" srcset=\"https:\/\/isfd803-chu.infd.edu.ar\/sitio\/wp-content\/uploads\/2024\/09\/1-ANO.png 1015w, https:\/\/isfd803-chu.infd.edu.ar\/sitio\/wp-content\/uploads\/2024\/09\/1-ANO-1000x214.png 1000w, https:\/\/isfd803-chu.infd.edu.ar\/sitio\/wp-content\/uploads\/2024\/09\/1-ANO-768x164.png 768w\" sizes=\"(max-width: 1015px) 100vw, 1015px\" \/><\/td><\/tr><tr><td>Lectura y Escritura Acad\u00e9mica<\/td><td><a href=\"https:\/\/isfd803-chu.infd.edu.ar\/sitio\/wp-content\/uploads\/2024\/06\/Lectura-y-Escritura-Academica-PROGRAMA-2024-Anahi-Mosconi-1.docx\">2024<\/a> &#8211; <a href=\"https:\/\/isfd803-chu.infd.edu.ar\/sitio\/wp-content\/uploads\/2025\/10\/Lectura-y-Escritura-Academica-PROGRAMA-2025-Anahi-Mosconi-1-1-Anahi-Mosconi-1.docx\">2025<\/a><\/td><\/tr><tr><td>Psicolog\u00eda Educacional<\/td><td><a href=\"https:\/\/isfd803-chu.infd.edu.ar\/sitio\/wp-content\/uploads\/2024\/05\/PROGRAMA-2024-Psicologia-Educacional-Prof.-de-Educacion-Secundaria-en-Lengua-y-Literatura-Renata-Castelnuovo.pdf\">2024<\/a> &#8211; <a href=\"https:\/\/isfd803-chu.infd.edu.ar\/sitio\/wp-content\/uploads\/2025\/09\/Psicologia-Educacional-Prof.-Historia-Castelnuovo-Renata-Castelnuovo-1.docx\">2025<\/a><\/td><\/tr><tr><td>Pedagog\u00eda<\/td><td><a href=\"https:\/\/isfd803-chu.infd.edu.ar\/sitio\/wp-content\/uploads\/2024\/05\/PROGRAMA-2024-PEDAGOGIA-PROF.-HISTORIA-BRENDA-LEFIMAN-Brenda-Lefiman.doc\">2024<\/a> &#8211; <a href=\"https:\/\/isfd803-chu.infd.edu.ar\/sitio\/wp-content\/uploads\/2025\/10\/Programa-2025-Ped.-Historia.docx-Brenda-Lefiman.pdf\">2025<\/a><\/td><\/tr><tr><td>Did\u00e1ctica General<\/td><td><a href=\"https:\/\/isfd803-chu.infd.edu.ar\/sitio\/wp-content\/uploads\/2025\/03\/Programa-Didactica-General-Prof.HISTORIA-Carolina-Castro.pdf\">2024<\/a><\/td><\/tr><tr><td>Introducci\u00f3n a la Historia<\/td><td><a href=\"https:\/\/isfd803-chu.infd.edu.ar\/sitio\/wp-content\/uploads\/2025\/03\/IaH_Programa2024-Gaston-Alejandro-Olivera.pdf\">2024<\/a><\/td><\/tr><tr><td>Epistem. de las Ciencias Sociales<\/td><td><a href=\"https:\/\/isfd803-chu.infd.edu.ar\/sitio\/wp-content\/uploads\/2024\/09\/Epistemologia-de-las-Ciencias-Sociales-ISFD803-PROGRAMA-2024-Gustavo-Slomka.pdf\">2024<\/a><\/td><\/tr><tr><td>Hominiz. y primeras sociedades<\/td><td><a href=\"https:\/\/isfd803-chu.infd.edu.ar\/sitio\/wp-content\/uploads\/2024\/05\/MODELO-PROGRAMA-2024-Gaston-Ballesteros.doc\">2024<\/a><\/td><\/tr><tr><td>Historia Americana I<\/td><td><\/td><\/tr><tr><td>Historia Antig\u00fca<\/td><td><a href=\"https:\/\/isfd803-chu.infd.edu.ar\/sitio\/wp-content\/uploads\/2024\/05\/PROGRAMA-HISTORIA-ANTIGUA_PROF-LUNA.docx.pdf\">2024<\/a> &#8211;<a href=\"https:\/\/isfd803-chu.infd.edu.ar\/sitio\/wp-content\/uploads\/2025\/10\/HIST.-ANTIGUA-PROGRAMA-2025-Rosario-Luna.docx-Rosario-Luna.pdf\"> 2025<\/a><\/td><\/tr><tr><td>Pr\u00e1ctica Profesional Docente I<\/td><td><a href=\"https:\/\/isfd803-chu.infd.edu.ar\/sitio\/wp-content\/uploads\/2024\/10\/PROGRAMA-PPI-2024-Juana-Pil.pdf\">2024<\/a> &#8211; <a href=\"https:\/\/isfd803-chu.infd.edu.ar\/sitio\/wp-content\/uploads\/2025\/10\/2025-PPDI-PROF.-HISTORIA-PIL-DUARTE-Juana-Pil.pdf\">2025<\/a><\/td><\/tr><\/tbody><\/table><\/figure>\n<\/div>\n\n\n\n<div class=\"wp-block-group is-content-justification-center is-nowrap is-layout-flex wp-container-2\">\n<figure class=\"wp-block-table is-style-regular\" style=\"font-style:normal;font-weight:500\"><table class=\"has-base-background-color has-background\"><tbody><tr><td class=\"has-text-align-center\" data-align=\"center\" colspan=\"2\"><img decoding=\"async\" loading=\"lazy\" width=\"1016\" height=\"217\" class=\"wp-image-9929\" style=\"width: 300px;\" src=\"https:\/\/isfd803-chu.infd.edu.ar\/sitio\/wp-content\/uploads\/2024\/09\/2-ANO.png\" alt=\"\" srcset=\"https:\/\/isfd803-chu.infd.edu.ar\/sitio\/wp-content\/uploads\/2024\/09\/2-ANO.png 1016w, https:\/\/isfd803-chu.infd.edu.ar\/sitio\/wp-content\/uploads\/2024\/09\/2-ANO-1000x214.png 1000w, https:\/\/isfd803-chu.infd.edu.ar\/sitio\/wp-content\/uploads\/2024\/09\/2-ANO-768x164.png 768w\" sizes=\"(max-width: 1016px) 100vw, 1016px\" \/><\/td><\/tr><tr><td class=\"has-text-align-center\" data-align=\"center\">Historia y Pol\u00edtica de la Educaci\u00f3n Argentina<\/td><td><a href=\"https:\/\/isfd803-chu.infd.edu.ar\/sitio\/wp-content\/uploads\/2025\/11\/PROGRAMA-HPED-2025-P-HISTORIA-ALDAZORO-JORGE-ALDAZORO.pdf\">2025<\/a><\/td><\/tr><tr><td class=\"has-text-align-center\" data-align=\"center\">Educaci\u00f3n Sexual Integral<\/td><td><a href=\"https:\/\/isfd803-chu.infd.edu.ar\/sitio\/wp-content\/uploads\/2025\/10\/PROGRAMA-TALLER-ESI-2025-Gaston-Ballesteros.docx\">2025<\/a><\/td><\/tr><tr><td class=\"has-text-align-center\" data-align=\"center\">Educaci\u00f3n y TIC<\/td><td><a href=\"https:\/\/isfd803-chu.infd.edu.ar\/sitio\/wp-content\/uploads\/2025\/10\/Educacion-y-TIC-Historia-Monteros-Marcos-Monteros.doc\">2025<\/a><\/td><\/tr><tr><td class=\"has-text-align-center\" data-align=\"center\">Historia Argentina I<\/td><td><\/td><\/tr><tr><td class=\"has-text-align-center\" data-align=\"center\">Historia Americana II<\/td><td><a href=\"https:\/\/isfd803-chu.infd.edu.ar\/sitio\/wp-content\/uploads\/2025\/11\/PROGRAMA-DE-HISTORIA-AMERCIANA-II-2025-JORGE-ALDAZORO.pdf\">2025<\/a><\/td><\/tr><tr><td class=\"has-text-align-center\" data-align=\"center\">Historia Medieval y Moderna<\/td><td><a href=\"https:\/\/isfd803-chu.infd.edu.ar\/sitio\/wp-content\/uploads\/2025\/10\/Programa-Hist.-Medieval-y-Moderna_2do-Ano_Prof.-Historia_-Rosario-Luna.docx-Rosario-Luna.pdf\">2025<\/a><\/td><\/tr><tr><td class=\"has-text-align-center\" data-align=\"center\">Did\u00e1ctica de las Ciencias Sociales<\/td><td><\/td><\/tr><tr><td class=\"has-text-align-center\" data-align=\"center\">Sujetos del Aprendizaje<\/td><td><\/td><\/tr><tr><td class=\"has-text-align-center\" data-align=\"center\">Pr\u00e1ctica Profesional Docente II<\/td><td><a href=\"https:\/\/isfd803-chu.infd.edu.ar\/sitio\/wp-content\/uploads\/2025\/10\/2025-PROGRAMA-PPDII-HISTORIA-PIL-DUARTE-Juana-Pil.pdf\">2025<\/a><\/td><\/tr><\/tbody><\/table><\/figure>\n<\/div>\n<\/div>\n<\/div>\n","protected":false},"excerpt":{"rendered":"<p>Lectura y Escritura Acad\u00e9mica 2024 &#8211; 2025 Psicolog\u00eda Educacional 2024 &#8211; 2025 Pedagog\u00eda 2024 &#8211; 2025 Did\u00e1ctica General 2024 Introducci\u00f3n a la Historia 2024 Epistem. de las Ciencias Sociales 2024 Hominiz. y primeras sociedades 2024 Historia Americana I Historia Antig\u00fca 2024 &#8211; 2025 Pr\u00e1ctica Profesional Docente I 2024 &#8211; 2025 Historia y Pol\u00edtica de la &#8230; <a title=\"Profesorado de Educaci\u00f3n Secundaria en Historia (Res. 547\/19)\" class=\"read-more\" href=\"https:\/\/isfd803-chu.infd.edu.ar\/sitio\/profesorado-de-educacion-secundaria-en-historia-res-547-19\/\" aria-label=\"More on Profesorado de Educaci\u00f3n Secundaria en Historia (Res. 547\/19)\">[+]<\/a><\/p>\n","protected":false},"author":14,"featured_media":0,"parent":0,"menu_order":0,"comment_status":"closed","ping_status":"closed","template":"","meta":[],"acf":[],"_links":{"self":[{"href":"https:\/\/isfd803-chu.infd.edu.ar\/sitio\/wp-json\/wp\/v2\/pages\/8433"}],"collection":[{"href":"https:\/\/isfd803-chu.infd.edu.ar\/sitio\/wp-json\/wp\/v2\/pages"}],"about":[{"href":"https:\/\/isfd803-chu.infd.edu.ar\/sitio\/wp-json\/wp\/v2\/types\/page"}],"author":[{"embeddable":true,"href":"https:\/\/isfd803-chu.infd.edu.ar\/sitio\/wp-json\/wp\/v2\/users\/14"}],"replies":[{"embeddable":true,"href":"https:\/\/isfd803-chu.infd.edu.ar\/sitio\/wp-json\/wp\/v2\/comments?post=8433"}],"version-history":[{"count":26,"href":"https:\/\/isfd803-chu.infd.edu.ar\/sitio\/wp-json\/wp\/v2\/pages\/8433\/revisions"}],"predecessor-version":[{"id":11375,"href":"https:\/\/isfd803-chu.infd.edu.ar\/sitio\/wp-json\/wp\/v2\/pages\/8433\/revisions\/11375"}],"wp:attachment":[{"href":"https:\/\/isfd803-chu.infd.edu.ar\/sitio\/wp-json\/wp\/v2\/media?parent=8433"}],"curies":[{"name":"wp","href":"https:\/\/api.w.org\/{rel}","templated":true}]}}