{"id":8387,"date":"2023-11-07T22:29:42","date_gmt":"2023-11-08T01:29:42","guid":{"rendered":"https:\/\/isfd803-chu.infd.edu.ar\/sitio\/?page_id=8387"},"modified":"2025-03-27T18:20:39","modified_gmt":"2025-03-27T21:20:39","slug":"ingresantes-2025","status":"publish","type":"page","link":"https:\/\/isfd803-chu.infd.edu.ar\/sitio\/ingresantes-2025\/","title":{"rendered":"Ingresantes 2025"},"content":{"rendered":"\n<hr class=\"wp-block-separator has-alpha-channel-opacity\"\/>\n\n\n<div class=\"wp-block-image\">\n<figure class=\"aligncenter size-large is-resized\"><img decoding=\"async\" loading=\"lazy\" src=\"https:\/\/isfd803-chu.infd.edu.ar\/sitio\/wp-content\/uploads\/2024\/10\/2025-1297x1900.jpg\" alt=\"\" class=\"wp-image-10110\" width=\"739\" height=\"1082\" srcset=\"https:\/\/isfd803-chu.infd.edu.ar\/sitio\/wp-content\/uploads\/2024\/10\/2025-1297x1900.jpg 1297w, https:\/\/isfd803-chu.infd.edu.ar\/sitio\/wp-content\/uploads\/2024\/10\/2025-683x1000.jpg 683w, https:\/\/isfd803-chu.infd.edu.ar\/sitio\/wp-content\/uploads\/2024\/10\/2025-768x1125.jpg 768w, https:\/\/isfd803-chu.infd.edu.ar\/sitio\/wp-content\/uploads\/2024\/10\/2025-1049x1536.jpg 1049w, https:\/\/isfd803-chu.infd.edu.ar\/sitio\/wp-content\/uploads\/2024\/10\/2025-1398x2048.jpg 1398w, https:\/\/isfd803-chu.infd.edu.ar\/sitio\/wp-content\/uploads\/2024\/10\/2025.jpg 1747w\" sizes=\"(max-width: 739px) 100vw, 739px\" \/><\/figure><\/div>\n\n\n<div class=\"wp-block-buttons is-content-justification-center is-layout-flex wp-container-1\"><\/div>\n\n\n\n<hr class=\"wp-block-separator has-alpha-channel-opacity\"\/>\n\n\n<div class=\"wp-block-image\">\n<figure class=\"aligncenter size-full is-resized\"><img decoding=\"async\" loading=\"lazy\" src=\"https:\/\/isfd803-chu.infd.edu.ar\/sitio\/wp-content\/uploads\/2024\/10\/ingresantes-2025.jpg\" alt=\"\" class=\"wp-image-10111\" width=\"743\" height=\"246\" srcset=\"https:\/\/isfd803-chu.infd.edu.ar\/sitio\/wp-content\/uploads\/2024\/10\/ingresantes-2025.jpg 1748w, https:\/\/isfd803-chu.infd.edu.ar\/sitio\/wp-content\/uploads\/2024\/10\/ingresantes-2025-1000x332.jpg 1000w, https:\/\/isfd803-chu.infd.edu.ar\/sitio\/wp-content\/uploads\/2024\/10\/ingresantes-2025-768x255.jpg 768w, https:\/\/isfd803-chu.infd.edu.ar\/sitio\/wp-content\/uploads\/2024\/10\/ingresantes-2025-1536x511.jpg 1536w\" sizes=\"(max-width: 743px) 100vw, 743px\" \/><\/figure><\/div>\n\n\n<h2 class=\"wp-block-heading has-text-align-center\">Inscripci\u00f3n a materias:<\/h2>\n\n\n\n<p class=\"has-text-align-center\">Hasta el d\u00eda 28 de febrero a las 23:00 Hs.<\/p>\n\n\n\n<figure class=\"wp-block-embed aligncenter is-type-wp-embed is-provider-instituto-superior-de-formacion-docente-n-803 wp-block-embed-instituto-superior-de-formacion-docente-n-803\"><div class=\"wp-block-embed__wrapper\">\n<blockquote class=\"wp-embedded-content\" data-secret=\"sZgd20k65H\"><a href=\"https:\/\/isfd803-chu.infd.edu.ar\/sitio\/inscripcion-a-materias-2025\/\">Inscripci\u00f3n a materias 2025<\/a><\/blockquote><iframe class=\"wp-embedded-content\" sandbox=\"allow-scripts\" security=\"restricted\" style=\"position: absolute; clip: rect(1px, 1px, 1px, 1px);\" title=\"\u00abInscripci\u00f3n a materias 2025\u00bb \u2014 INSTITUTO SUPERIOR DE FORMACI\u00d3N DOCENTE N\u00ba 803\" src=\"https:\/\/isfd803-chu.infd.edu.ar\/sitio\/inscripcion-a-materias-2025\/embed\/#?secret=GEINAyJU50#?secret=sZgd20k65H\" data-secret=\"sZgd20k65H\" width=\"600\" height=\"338\" frameborder=\"0\" marginwidth=\"0\" marginheight=\"0\" scrolling=\"no\"><\/iframe>\n<\/div><\/figure>\n\n\n\n<h2 class=\"wp-block-heading has-text-align-center\">Recepci\u00f3n de Documentaci\u00f3n:<\/h2>\n\n\n\n<p class=\"has-text-align-center\">Desde el d\u00eda 24 de febrero de 2025 hasta el d\u00eda 14 de marzo del 2025 <\/p>\n\n\n\n<p class=\"has-text-align-center\">De lunes a viernes de 19:30 a 21:30 hs <\/p>\n\n\n\n<p class=\"has-text-align-center\">Oficina de Estudiantes del ISFD N\u00b0 803<\/p>\n\n\n\n<p class=\"has-text-align-center has-base-background-color has-background\"><strong>IMPORTANTE: se recibir\u00e1 \u00fanicamente documentaci\u00f3n&nbsp;COMPLETA<\/strong><\/p>\n\n\n\n<h2 class=\"wp-block-heading has-text-align-center\">Documentaci\u00f3n a Presentar:<\/h2>\n\n\n\n<div class=\"wp-block-buttons is-content-justification-center is-layout-flex wp-container-2\">\n<div class=\"wp-block-button\"><a class=\"wp-block-button__link has-text-align-center wp-element-button\" href=\"https:\/\/isfd803-chu.infd.edu.ar\/sitio\/wp-content\/uploads\/2024\/12\/ficha-de-inscripcion-2025.docx\">PLANILLA DE INSCRIPCI\u00d3N 2025<\/a><\/div>\n<\/div>\n\n\n\n<ul>\n<li>Fotocopia del T\u00edtulo de Nivel Medio y\/o Polimodal (o constancia de T\u00edtulo en tr\u00e1mite) AUTENTICADA (FIRMADA LA COPIA POR ALGUN DIRECTIVO ESCOLAR) <strong>(En caso de adeudar materias, el alumno\/a tendr\u00e1 tiempo para acreditar la finalizaci\u00f3n&nbsp;del Nivel Secundario hasta el 31\/10\/2025 (seg\u00fan Res. N\u00b0 236\/20 del MECH) Hasta entonces, ser\u00e1 alumno de car\u00e1cter condicional. De no acreditar para entonces la finalizaci\u00f3n del Secundario, perder\u00e1 lo aprobado y cursado hasta esa fecha.)<\/strong><\/li>\n\n\n\n<li>Planilla de Inscripci\u00f3n (<a href=\"https:\/\/isfd803-chu.infd.edu.ar\/sitio\/wp-content\/uploads\/2024\/10\/ficha-de-inscripcion-2025.docx\">DESCARGAR AQU\u00cd<\/a><a href=\"https:\/\/isfd803-chu.infd.edu.ar\/sitio\/wp-content\/uploads\/2024\/12\/ficha-de-inscripcion-2025.docx\">https:\/\/isfd803-chu.infd.edu.ar\/sitio\/wp-content\/uploads\/2024\/12\/ficha-de-inscripcion-2025.docx<\/a>)<\/li>\n\n\n\n<li>Fotocopia Certificado de Nacimiento.&nbsp;<\/li>\n\n\n\n<li>Fotocopia del DNI, 1\u00b0 y 2\u00b0 hoja.&nbsp;<\/li>\n\n\n\n<li>4 Fotos&nbsp; 4&#215;4<\/li>\n\n\n\n<li>Certificado de Aptitud (Certificado Psicol\u00f3gico,&nbsp; Certificado Cl\u00ednico e Informe Fonoaudiol\u00f3gico -extendido por Profesional de la Salud \u2013 Hospital \u2013 Centro de Salud o Particular)<\/li>\n\n\n\n<li>Constancia de CUIL<\/li>\n\n\n\n<li>Documentaci\u00f3n a presentar &nbsp;en carpeta colgante&nbsp;OFICIO con 2 folios tama\u00f1o oficio, color seg\u00fan carrera:\n<ul>\n<li>Prof. de Lengua y Literatura: Rojo<\/li>\n\n\n\n<li>Prof. de Ingl\u00e9s: Celeste<\/li>\n\n\n\n<li>Prof. de Matem\u00e1tica: Rojo<\/li>\n\n\n\n<li>Prof. Primaria: Violeta <\/li>\n\n\n\n<li>Prof. de Historia: Verde<\/li>\n\n\n\n<li>Prof. de Biolog\u00eda: Naranja<\/li>\n\n\n\n<li>Prof. de Educaci\u00f3n Tecnol\u00f3gica: Amarillo<\/li>\n<\/ul>\n<\/li>\n\n\n\n<li>Colaboraci\u00f3n Anual a la Fundaci\u00f3n de Apoyo ISFD N\u00b0 803 (Res. N\u00b0 105\/05): $5.000 (cinco mil)<\/li>\n<\/ul>\n\n\n\n<p><\/p>\n\n\n\n<div class=\"wp-block-group is-vertical is-layout-flex wp-container-3\">\n<p class=\"has-contrast-2-color has-text-color\"><\/p>\n<\/div>\n\n\n\n<h2 class=\"wp-block-heading has-text-align-center has-accent-color has-text-color\">Consultas: bedelesisfd803@gmail.com<\/h2>\n\n\n\n<h2 class=\"wp-block-heading\"><\/h2>\n","protected":false},"excerpt":{"rendered":"<p>Inscripci\u00f3n a materias: Hasta el d\u00eda 28 de febrero a las 23:00 Hs. Recepci\u00f3n de Documentaci\u00f3n: Desde el d\u00eda 24 de febrero de 2025 hasta el d\u00eda 14 de marzo del 2025 De lunes a viernes de 19:30 a 21:30 hs Oficina de Estudiantes del ISFD N\u00b0 803 IMPORTANTE: se recibir\u00e1 \u00fanicamente documentaci\u00f3n&nbsp;COMPLETA Documentaci\u00f3n a &#8230; <a title=\"Ingresantes 2025\" class=\"read-more\" href=\"https:\/\/isfd803-chu.infd.edu.ar\/sitio\/ingresantes-2025\/\" aria-label=\"More on Ingresantes 2025\">[+]<\/a><\/p>\n","protected":false},"author":14,"featured_media":0,"parent":0,"menu_order":0,"comment_status":"closed","ping_status":"closed","template":"","meta":[],"acf":[],"_links":{"self":[{"href":"https:\/\/isfd803-chu.infd.edu.ar\/sitio\/wp-json\/wp\/v2\/pages\/8387"}],"collection":[{"href":"https:\/\/isfd803-chu.infd.edu.ar\/sitio\/wp-json\/wp\/v2\/pages"}],"about":[{"href":"https:\/\/isfd803-chu.infd.edu.ar\/sitio\/wp-json\/wp\/v2\/types\/page"}],"author":[{"embeddable":true,"href":"https:\/\/isfd803-chu.infd.edu.ar\/sitio\/wp-json\/wp\/v2\/users\/14"}],"replies":[{"embeddable":true,"href":"https:\/\/isfd803-chu.infd.edu.ar\/sitio\/wp-json\/wp\/v2\/comments?post=8387"}],"version-history":[{"count":43,"href":"https:\/\/isfd803-chu.infd.edu.ar\/sitio\/wp-json\/wp\/v2\/pages\/8387\/revisions"}],"predecessor-version":[{"id":10543,"href":"https:\/\/isfd803-chu.infd.edu.ar\/sitio\/wp-json\/wp\/v2\/pages\/8387\/revisions\/10543"}],"wp:attachment":[{"href":"https:\/\/isfd803-chu.infd.edu.ar\/sitio\/wp-json\/wp\/v2\/media?parent=8387"}],"curies":[{"name":"wp","href":"https:\/\/api.w.org\/{rel}","templated":true}]}}