{"id":8036,"date":"2023-09-01T22:00:48","date_gmt":"2023-09-02T01:00:48","guid":{"rendered":"https:\/\/isfd803-chu.infd.edu.ar\/sitio\/?page_id=8036"},"modified":"2025-10-24T09:19:44","modified_gmt":"2025-10-24T12:19:44","slug":"coordinacion-de-desarrollo-profesional-y-acompanamiento-pedagogico","status":"publish","type":"page","link":"https:\/\/isfd803-chu.infd.edu.ar\/sitio\/coordinacion-de-desarrollo-profesional-y-acompanamiento-pedagogico\/","title":{"rendered":"<strong>Coordinaci\u00f3n de Desarrollo Profesional y Acompa\u00f1amiento Pedag\u00f3gico<\/strong>"},"content":{"rendered":"\n<h2 class=\"wp-block-heading\"><\/h2>\n\n\n\n<p><\/p>\n\n\n\n<p><strong>Coordinadora de Desarrollo Profesional y acompa\u00f1amiento pedag\u00f3gico: Prof: Nora E. Bartolo<\/strong><\/p>\n\n\n\n<p>Los docentes se forman en Instituciones de nivel superior p\u00fablicas o privadas, con distintos or\u00edgenes e historia, con trayectorias y cultura acad\u00e9mica. Estos institutos promueven la construcci\u00f3n de una identidad docente basada en la autonom\u00eda profesional, el v\u00ednculo con la cultura y la sociedad, el trabajo en equipo, el compromiso con la inclusi\u00f3n y la confianza en las posibilidades de aprendizaje, continuo y permanente.<\/p>\n\n\n\n<p>Es responsabilidad de la L\u00ednea de Desarrollo Profesional involucrar a la formaci\u00f3n continua de docentes y t\u00e9cnicos superiores; as\u00ed como el Acompa\u00f1amiento Pedag\u00f3gico a las Escuelas y\/u otras instituciones asociadas.<\/p>\n\n\n\n<p>Las acciones espec\u00edficas sobre la coordinaci\u00f3n, seg\u00fan lo establecido en el reglamento acad\u00e9mico marco (ROM) Art. 49 y 50) son las siguientes:&nbsp;<\/p>\n\n\n\n<p><strong><u>LINEAMIENTOS Y FUNCIONES<\/u><\/strong><strong>:<\/strong><\/p>\n\n\n\n<ul>\n<li>Participar de la elaboraci\u00f3n del proyecto educativo institucional y su evaluaci\u00f3n.<\/li>\n\n\n\n<li>Participar del Equipo Jurisdiccional de Coordinaci\u00f3n de Desarrollo Profesional y Acompa\u00f1amiento Pedag\u00f3gico.<\/li>\n\n\n\n<li>Participar del planeamiento jurisdiccional de la oferta educativa en lo relativo a su \u00e1rea de incumbencia y en virtud de las prioridades explicitadas por la DGES.<\/li>\n\n\n\n<li>Planificar, acompa\u00f1ar, monitorear la implementacion y evaluar las propuestas institucionales de desarrollo profesional.<\/li>\n\n\n\n<li>Gestionar ante la DGES la solicitud de auspicio y\/o Inter\u00e9s Educativo Ministerial.&nbsp;<\/li>\n\n\n\n<li>Participar en instancia de articulaci\u00f3n con las otras \u00e1reas de coordinaci\u00f3n&nbsp; y con el\/la secretaria\/o&nbsp; Acad\u00e9mico\/a<\/li>\n\n\n\n<li>&nbsp;Realizar el relevamiento de necesidades de formaci\u00f3n en la zona de influencia de su IES, a partir de instancias de articulaci\u00f3n con supervisores y direcciones de niveles destinos, con \u00e1mbitos municipales, universidades, ONG y otras instituciones locales.<\/li>\n\n\n\n<li>Asesorar al Consejo Institucional en su \u00e1rea de incumbencia y en la evaluaci\u00f3n de los proyectos institucionales de Desarrollo Profesional, Acompa\u00f1amiento Pedag\u00f3gico y Extensi\u00f3n.<\/li>\n\n\n\n<li>Asesorar a los y las docentes en la elaboraci\u00f3n y desarrollo de proyectos de desarrollo profesional y de acompa\u00f1amiento pedag\u00f3gico en el marco de la propuesta institucional.<\/li>\n\n\n\n<li>Promover, dar visibilidad y difundir el programa de desarrollo profesional intra e interinstitucionalmente.<\/li>\n\n\n\n<li>Presentar al\/a la Secretario\/a Acad\u00e9mico\/a informes anuales de sus tareas.<\/li>\n\n\n\n<li>Elaborar el cronograma anual de actividades seg\u00fan calendario escolar, en articulaci\u00f3n con las otras coordinaciones.<\/li>\n\n\n\n<li>Promover acuerdos interinstitucionales, en el marco de los objetivos y prioridades institucionales y jurisdiccionales.<\/li>\n\n\n\n<li>Planificar y desarrollar acciones para el fortalecimiento de la formaci\u00f3n permanente de los y las docentes del IES.<\/li>\n<\/ul>\n\n\n\n<p><\/p>\n\n\n\n<hr class=\"wp-block-separator has-alpha-channel-opacity\"\/>\n\n\n\n<h2 class=\"wp-block-heading has-accent-color has-text-color\"><strong>PLAN DE ALFABETIZACI\u00d3N NACIONAL<\/strong><\/h2>\n\n\n\n<p>En el marco del Plan Provincial Integral de Alfabetizaci\u00f3n, se invita a todos\/as los y las docentes a participar de propuestas de intervenci\u00f3n situada.&nbsp;<em>Se busca incentivar y motivar la autonom\u00eda institucional para la elaboraci\u00f3n de propuestas contextualizadas enmarcadas en esta l\u00ednea de pol\u00edtica educativa prioritaria.&nbsp;<\/em><\/p>\n\n\n\n<p><em>Los&nbsp;<\/em>\u00abposibles\u00bb<em>&nbsp;ejes propuestos desde el Nivel son:&nbsp;<\/em><\/p>\n\n\n\n<p><strong><em>1-La investigaci\u00f3n educativa&nbsp;<\/em><\/strong><\/p>\n\n\n\n<p><strong><em>2-Articulaci\u00f3n de los ISFD, con los niveles obligatorios<\/em><\/strong><\/p>\n\n\n\n<p><strong><em>3-La formaci\u00f3n espec\u00edfica en los ISFD de inicial, primaria, especial y Profesorados de Lengua\/ literatura y Matem\u00e1tica.&nbsp;<\/em><\/strong><\/p>\n\n\n\n<p><em>Estos ejes valoran y reconocen el quehacer de los Institutos de Formaci\u00f3n Docente a partir de las funciones que cada integrante de este nivel tiene en el sistema formador.<\/em><\/p>\n\n\n\n<p>Adjuntamos un enlace&nbsp; donde tendr\u00e1n acceso a tres carpetas para explorar el material adjunto.<\/p>\n\n\n\n<p>La Propuesta para el Nivel Superior se encuadra en la Resoluci\u00f3n 3\/24 y aborda la Alfabetizaci\u00f3n desde los marcos te\u00f3ricos y metodol\u00f3gicos que propone el Plan Integral Provincial de Alfabetizaci\u00f3n.&nbsp;&nbsp;<\/p>\n\n\n\n<p><a href=\"https:\/\/drive.google.com\/drive\/folders\/1y6LR_lpzgYD97B79DoN0S0V0rtaagqzb?usp=drive_link\">https:\/\/drive.google.com\/drive\/folders\/1y6LR_lpzgYD97B79DoN0S0V0rtaagqzb?usp=drive_link<\/a><\/p>\n\n\n\n<hr class=\"wp-block-separator has-alpha-channel-opacity\"\/>\n\n\n\n<h2 class=\"wp-block-heading\"><mark style=\"background-color:rgba(0, 0, 0, 0)\" class=\"has-inline-color has-accent-color\">PRESENTACI\u00d3N DE PROYECTOS DE DESARROLLO PROFESIONAL DOCENTE 2025:\u00a0<\/mark><\/h2>\n\n\n\n<p>1\u00b0 instancia: enero, febrero y marzo.<\/p>\n\n\n\n<p>2\u00b0 instancia: junio,&nbsp; julio y&nbsp; agosto<\/p>\n\n\n\n<hr class=\"wp-block-separator has-alpha-channel-opacity\"\/>\n\n\n\n<p><strong>CONTACTO:<\/strong><strong><\/strong><\/p>\n\n\n\n<p><a href=\"mailto:803desarrolloprofesional@gmail.com\"><strong>803desarrolloprofesional@gmail.com<\/strong><\/a><strong><\/strong><\/p>\n\n\n\n<p><strong>HORARIOS de ATENCION:<\/strong><\/p>\n\n\n\n<p>MARTES de 18:00 a 21:30<\/p>\n\n\n\n<p> MI\u00c9RCOLES&nbsp; de 18:30 a 20:00&nbsp;&nbsp;<\/p>\n\n\n\n<hr class=\"wp-block-separator has-alpha-channel-opacity\"\/>\n\n\n\n<p><strong>DOCUMENTOS<\/strong><\/p>\n\n\n\n<ul>\n<li><a href=\"https:\/\/isfd803-chu.infd.edu.ar\/sitio\/wp-content\/uploads\/2025\/08\/guia_presentacion_proyectos.pdf\">Gu\u00eda orientadora para la presentaci\u00f3n de Proyectos 2025<\/a><\/li>\n\n\n\n<li><a href=\"https:\/\/isfd803-chu.infd.edu.ar\/sitio\/wp-content\/uploads\/2025\/08\/CV-abreviado-2025.docx\">Modelo CV<\/a><\/li>\n\n\n\n<li><a href=\"https:\/\/isfd803-chu.infd.edu.ar\/sitio\/wp-content\/uploads\/2024\/03\/CATDR-ABIER-2024FORMACION-CONTINUA.pdf\">C\u00e1tedra abierta<\/a><\/li>\n\n\n\n<li><a href=\"https:\/\/isfd803-chu.infd.edu.ar\/sitio\/wp-content\/uploads\/2024\/04\/GUIA-de-presentac-proy-catdra-abierta-2024-1.pdf\">Gu\u00eda de presentaci\u00f3n de C\u00e1tedra abierta<\/a><\/li>\n\n\n\n<li><a href=\"https:\/\/isfd803-chu.infd.edu.ar\/sitio\/wp-content\/uploads\/2024\/04\/PUNTAJE-DOCENTE.pdf\">Puntaje Docente<\/a><\/li>\n\n\n\n<li><a href=\"https:\/\/isfd803-chu.infd.edu.ar\/sitio\/wp-content\/uploads\/2025\/10\/Planilla-co-formadora2025.docx\">Planilla de Co-Formadoras<\/a><\/li>\n<\/ul>\n\n\n\n<p><\/p>\n","protected":false},"excerpt":{"rendered":"<p>Coordinadora de Desarrollo Profesional y acompa\u00f1amiento pedag\u00f3gico: Prof: Nora E. Bartolo Los docentes se forman en Instituciones de nivel superior p\u00fablicas o privadas, con distintos or\u00edgenes e historia, con trayectorias y cultura acad\u00e9mica. Estos institutos promueven la construcci\u00f3n de una identidad docente basada en la autonom\u00eda profesional, el v\u00ednculo con la cultura y la sociedad, &#8230; <a title=\"Coordinaci\u00f3n de Desarrollo Profesional y Acompa\u00f1amiento Pedag\u00f3gico\" class=\"read-more\" href=\"https:\/\/isfd803-chu.infd.edu.ar\/sitio\/coordinacion-de-desarrollo-profesional-y-acompanamiento-pedagogico\/\" aria-label=\"More on Coordinaci\u00f3n de Desarrollo Profesional y Acompa\u00f1amiento Pedag\u00f3gico\">[+]<\/a><\/p>\n","protected":false},"author":14,"featured_media":0,"parent":0,"menu_order":0,"comment_status":"closed","ping_status":"closed","template":"","meta":[],"acf":[],"_links":{"self":[{"href":"https:\/\/isfd803-chu.infd.edu.ar\/sitio\/wp-json\/wp\/v2\/pages\/8036"}],"collection":[{"href":"https:\/\/isfd803-chu.infd.edu.ar\/sitio\/wp-json\/wp\/v2\/pages"}],"about":[{"href":"https:\/\/isfd803-chu.infd.edu.ar\/sitio\/wp-json\/wp\/v2\/types\/page"}],"author":[{"embeddable":true,"href":"https:\/\/isfd803-chu.infd.edu.ar\/sitio\/wp-json\/wp\/v2\/users\/14"}],"replies":[{"embeddable":true,"href":"https:\/\/isfd803-chu.infd.edu.ar\/sitio\/wp-json\/wp\/v2\/comments?post=8036"}],"version-history":[{"count":14,"href":"https:\/\/isfd803-chu.infd.edu.ar\/sitio\/wp-json\/wp\/v2\/pages\/8036\/revisions"}],"predecessor-version":[{"id":11249,"href":"https:\/\/isfd803-chu.infd.edu.ar\/sitio\/wp-json\/wp\/v2\/pages\/8036\/revisions\/11249"}],"wp:attachment":[{"href":"https:\/\/isfd803-chu.infd.edu.ar\/sitio\/wp-json\/wp\/v2\/media?parent=8036"}],"curies":[{"name":"wp","href":"https:\/\/api.w.org\/{rel}","templated":true}]}}