{"id":7077,"date":"2022-11-25T20:07:11","date_gmt":"2022-11-25T23:07:11","guid":{"rendered":"https:\/\/isfd803-chu.infd.edu.ar\/sitio\/?page_id=7077"},"modified":"2024-04-15T09:46:42","modified_gmt":"2024-04-15T12:46:42","slug":"postitulos-infod","status":"publish","type":"page","link":"https:\/\/isfd803-chu.infd.edu.ar\/sitio\/postitulos-infod\/","title":{"rendered":"Post\u00edtulos"},"content":{"rendered":"\n<hr class=\"wp-block-separator has-alpha-channel-opacity\"\/>\n\n\n<div class=\"wp-block-image is-style-default\">\n<figure class=\"aligncenter size-large\"><img decoding=\"async\" loading=\"lazy\" width=\"780\" height=\"156\" src=\"https:\/\/isfd803-chu.infd.edu.ar\/sitio\/wp-content\/uploads\/2022\/11\/cropped-logo-completo.png\" alt=\"\" class=\"wp-image-7078\" srcset=\"https:\/\/isfd803-chu.infd.edu.ar\/sitio\/wp-content\/uploads\/2022\/11\/cropped-logo-completo.png 780w, https:\/\/isfd803-chu.infd.edu.ar\/sitio\/wp-content\/uploads\/2022\/11\/cropped-logo-completo-768x154.png 768w\" sizes=\"(max-width: 780px) 100vw, 780px\" \/><\/figure><\/div>\n\n\n<pre class=\"wp-block-preformatted\">                                                                                                                                                                                                                                                                                       \n<p style=\"text-align: justify;\">Las<strong>&nbsp;actualizaciones acad\u00e9micas&nbsp;<\/strong>son post\u00edtulos docentes orientados a fortalecer la formaci\u00f3n vinculada con la renovaci\u00f3n de las pr\u00e1cticas de ense\u00f1anza y evaluaci\u00f3n en el contexto de pospandemia. Se proponen brindar una actualizaci\u00f3n sistem\u00e1tica que permita profundizar la formaci\u00f3n disciplinar, interdisciplinar y did\u00e1ctica en concordancia con las orientaciones y definiciones establecidas por las normativas del CFE y de las jurisdicciones. Tienen una carga horaria de 210 horas y se cursan en forma virtual a lo largo de tres trimestres. La cursada combina lectura de clases y bibliograf\u00eda, an\u00e1lisis de material audiovisual, producci\u00f3n de trabajos pr\u00e1cticos individuales o grupales, participaci\u00f3n en foros de debate y encuentros virtuales sincr\u00f3nicos. La estructura curricular de las actualizaciones est\u00e1 organizada en 5 m\u00f3dulos tem\u00e1ticos de 40 horas cada uno y un trabajo final integrador.&nbsp;<\/p><\/pre>\n\n\n\n<p>   <\/p>\n\n\n\n<p><strong>La propuesta en Sede I.S.F.D. N\u00b0 803 (a\u00f1o 2023) incluye las siguientes actualizaciones<\/strong>:<\/p>\n\n\n\n<ol>\n<li>AA en Primeras infancias<\/li>\n\n\n\n<li>AA en Nuevas perspectivas para la ense\u00f1anza de las Ciencias Naturales en las escuelas primarias<\/li>\n\n\n\n<li>AA en Ense\u00f1anza de la lectura y la escritura en la escuela primaria<\/li>\n\n\n\n<li>AA en Ense\u00f1anza de la lectura y la escritura en la escuela secundaria<\/li>\n\n\n\n<li>AA en Ense\u00f1ar y aprender matem\u00e1tica en el nivel primario<\/li>\n\n\n\n<li>AA en Ense\u00f1ar y aprender matem\u00e1tica en la escuela secundaria<\/li>\n\n\n\n<li>AA en Educaci\u00f3n y Tecnolog\u00edas Digitales para el nivel primario<\/li>\n\n\n\n<li>AA en Educaci\u00f3n y Tecnolog\u00edas Digitales para el nivel secundario<\/li>\n\n\n\n<li>AA en el Abordaje Educativo de estudiantes con discapacidad<\/li>\n\n\n\n<li>AA en Educaci\u00f3n F\u00edsica desde la perspectiva de derechos<\/li>\n\n\n\n<li>AA Educaci\u00f3n Intercultural\/ Educaci\u00f3n Intercultural Biling\u00fce<\/li>\n\n\n\n<li>AA en Nuevas perspectivas sobre la pr\u00e1ctica docente en primarias rurales<\/li>\n\n\n\n<li>AA en Pedagog\u00eda de las experiencias socioeducativas<\/li>\n\n\n\n<li>AA en Ense\u00f1anza de Educaci\u00f3n Tecnol\u00f3gica con foco en programaci\u00f3n<\/li>\n\n\n\n<li>AA en la Ense\u00f1anza de las Ciencias Sociales en la escuela primaria<\/li>\n\n\n\n<li>AA Actualizaci\u00f3n Acad\u00e9mica en Educaci\u00f3n Domiciliaria y Hospitalaria<\/li>\n<\/ol>\n\n\n\n<hr class=\"wp-block-separator has-css-opacity\"\/>\n\n\n\n<h2 class=\"wp-block-heading\"><strong>M\u00e1s informaci\u00f3n e inscripci\u00f3n:&nbsp;<\/strong><\/h2>\n\n\n\n<figure class=\"wp-block-embed is-type-wp-embed is-provider-incrustado wp-block-embed-incrustado\"><div class=\"wp-block-embed__wrapper\">\n<blockquote class=\"wp-embedded-content\" data-secret=\"v4vBvMiqAA\"><a href=\"https:\/\/red.infd.edu.ar\/actualizaciones\/\">Actualizaciones<\/a><\/blockquote><iframe class=\"wp-embedded-content\" sandbox=\"allow-scripts\" security=\"restricted\" style=\"position: absolute; clip: rect(1px, 1px, 1px, 1px);\" title=\"\u00abActualizaciones\u00bb \u2014 \" src=\"https:\/\/red.infd.edu.ar\/actualizaciones\/embed\/#?secret=PCeDnIGYnu#?secret=v4vBvMiqAA\" data-secret=\"v4vBvMiqAA\" width=\"600\" height=\"338\" frameborder=\"0\" marginwidth=\"0\" marginheight=\"0\" scrolling=\"no\"><\/iframe>\n<\/div><\/figure>\n\n\n\n<p>Se recomienda&nbsp;leer con atenci\u00f3n cu\u00e1les son las personas destinatarias de cada propuesta.<\/p>\n\n\n\n<h2 class=\"wp-block-heading\">PREGUNTAS FRECUENTES<\/h2>\n\n\n\n<ol>\n<li><strong>\u00bfQu\u00e9 es una actualizaci\u00f3n acad\u00e9mica?&nbsp;<\/strong>Las actualizaciones acad\u00e9micas son ofertas de formaci\u00f3n para el estudio de nuevos aportes te\u00f3ricos o instrumentales&nbsp;provenientes de los avances cient\u00edficos y tecnol\u00f3gicos o de la revisi\u00f3n de las pr\u00e1cticas pedag\u00f3gicas. Tienen una duraci\u00f3n de 210 horas reloj.&nbsp;<\/li>\n\n\n\n<li><strong>\u00bfTienen costo las actualizaciones?&nbsp;<\/strong>Son gratuitas.&nbsp;<\/li>\n\n\n\n<li><strong>\u00bfD\u00f3nde encuentro informaci\u00f3n espec\u00edfica de cada oferta?&nbsp;<\/strong>En la plataforma INFoD encontrar\u00e1s m\u00e1s informaci\u00f3n sobre&nbsp;cada una de las actualizaciones acad\u00e9micas que se iniciar\u00e1n&nbsp;en 2022:&nbsp;<a href=\"https:\/\/red.infd.edu.ar\/programa-nacional-de-formacion-permanente\/\">https:\/\/red.infd.edu.ar\/programa-nacional-de-formacion-permanente\/<\/a>.<\/li>\n\n\n\n<li><strong>\u00bfA qui\u00e9nes est\u00e1n destinadas las actualizaciones?&nbsp;<\/strong>Estas ofertas est\u00e1n destinadas a formadores\/as y docentes pertenecientes al sistema educativo argentino.&nbsp;Dentro de la informaci\u00f3n espec\u00edfica de cada actualizaci\u00f3n, en la secci\u00f3n Destinatarios\/as, se detallan los requisitos de cada una. Es condici\u00f3n reunir todos los requisitos indicados para ser considerado\/a destinatario\/a de una actualizaci\u00f3n.<\/li>\n\n\n\n<li><strong>\u00bfQui\u00e9n recibe el certificado de actualizaci\u00f3n acad\u00e9mica?<\/strong><br>Al finalizar la cursada, quienes sean destinatarias\/os de la actualizaci\u00f3n y tengan t\u00edtulo docente de base, recibir\u00e1n&nbsp;el certificado de actualizaci\u00f3n acad\u00e9mica. Quienes sean destinatarias\/os de la actualizaci\u00f3n y no tengan t\u00edtulo docente de base, una vez aprobado todo el recorrido formativo, recibir\u00e1n la certificaci\u00f3n individual de cada uno de los espacios curriculares. No se entregan certificaciones parciales.<\/li>\n\n\n\n<li><strong>\u00bfOtorga puntaje para la carrera docente?&nbsp;<\/strong>La asignaci\u00f3n de puntaje se establece seg\u00fan lo dispuesto por cada jurisdicci\u00f3n.<\/li>\n\n\n\n<li><strong>\u00bfSe pueden cursar actualizaciones acad\u00e9micas en todas las provincias del pa\u00eds?&nbsp;<\/strong>Dentro de la informaci\u00f3n espec\u00edfica de cada actualizaci\u00f3n acad\u00e9mica, bajo el t\u00edtulo \u00abProvincias participantes\u00bb, se detalla el listado de jurisdicciones que adhieren en cada caso.<\/li>\n\n\n\n<li><strong>\u00bfSe puede cursar una actualizaci\u00f3n en simult\u00e1neo con los cursos que dicta&nbsp;el INFoD cada semestre?&nbsp;<\/strong>No hay impedimentos para inscribirse en una actualizaci\u00f3n y dos cursos en simult\u00e1neo. Sin embargo, se debe evaluar la capacidad de avanzar con las cursadas en simult\u00e1neo, teniendo en cuenta las condiciones y los tiempos de formaci\u00f3n requeridos de cada propuesta formativa.<\/li>\n\n\n\n<li><strong>\u00bfMe puedo inscribir en las dos actualizaciones acad\u00e9micas que propone&nbsp;el INFoD y cursarlas en simult\u00e1neo?&nbsp;<\/strong>No es posible inscribirse en ambas actualizaciones acad\u00e9micas para cursarlas en simult\u00e1neo.&nbsp;<\/li>\n\n\n\n<li><strong>\u00bfC\u00f3mo me inscribo?&nbsp;&nbsp;<\/strong>En primera instancia se debe completar un formulario de preinscripci\u00f3n en l\u00ednea. Con posterioridad, el\/la interesado\/a ser\u00e1&nbsp;contactado\/a&nbsp;desde su instituto\/sede asignado\/a con el fin de&nbsp;hacer la presentaci\u00f3n formal de documentaci\u00f3n; corroborar que se cumplan los requisitos para ser destinatario\/a;&nbsp;y realizar la inscripci\u00f3n definitiva. La presentaci\u00f3n de la documentaci\u00f3n en el instituto o en la sede es requisito fundamental para completar la inscripci\u00f3n y ser considerado\/a&nbsp;cursante de la oferta. Dentro de la informaci\u00f3n espec\u00edfica de cada actualizaci\u00f3n acad\u00e9mica, se encuentra&nbsp;la secci\u00f3n Inscripci\u00f3n&nbsp;con el acceso al formulario de preinscripci\u00f3n y el detalle de la documentaci\u00f3n requerida de cada oferta.<\/li>\n\n\n\n<li><strong>\u00bfTengo que tener usuario en la plataforma? &nbsp;<\/strong>S\u00ed, para acceder al formulario de preinscripci\u00f3n es preciso contar con un usuario registrado en la plataforma.<\/li>\n\n\n\n<li><strong>Si ya estoy registrada\/o&nbsp;pero no puedo acceder, \u00bfqu\u00e9 puedo hacer?&nbsp;<\/strong>Si ya cont\u00e1s con un usuario pero no pudiste acceder, ponete en contacto con la&nbsp;<a href=\"https:\/\/conectarigualdad.edu.ar\/contacto%C2%A0\">Mesa de Ayuda<\/a>.<\/li>\n\n\n\n<li><strong>\u00bfQu\u00e9 requerimientos t\u00e9cnicos debo tener en cuenta para participar de la cursada?&nbsp;<\/strong>Se debe contar con una PC y\/o celular y acceso a internet<\/li>\n\n\n\n<li><strong>A\u00fan tengo dudas, \u00bfcon qui\u00e9n puedo contactarme?&nbsp;<\/strong>Para dudas referidas a estas ofertas, escrib\u00ed un correo a la Mesa de Ayuda de las Actualizaciones del INFoD:&nbsp;<a href=\"mailto:actualizaciones@infd.edu.ar\">actualizaciones@infd.edu.ar<\/a>.<\/li>\n<\/ol>\n\n\n\n<hr class=\"wp-block-separator has-css-opacity aligncenter\"\/>\n\n\n\n<h2 class=\"wp-block-heading has-text-align-center\">Contacto<\/h2>\n\n\n\n<h5 class=\"wp-block-heading has-text-align-center\"><mark style=\"background-color:rgba(0, 0, 0, 0)\" class=\"has-inline-color has-vivid-cyan-blue-color\">postitulos803@gmail.com<\/mark><\/h5>\n\n\n<div class=\"wp-block-image\">\n<figure class=\"aligncenter size-large is-resized\"><img decoding=\"async\" loading=\"lazy\" src=\"https:\/\/isfd803-chu.infd.edu.ar\/sitio\/wp-content\/uploads\/2022\/11\/firma.jpg\" alt=\"\" class=\"wp-image-7028\" width=\"417\" height=\"49\" srcset=\"https:\/\/isfd803-chu.infd.edu.ar\/sitio\/wp-content\/uploads\/2022\/11\/firma.jpg 1600w, https:\/\/isfd803-chu.infd.edu.ar\/sitio\/wp-content\/uploads\/2022\/11\/firma-1000x118.jpg 1000w, https:\/\/isfd803-chu.infd.edu.ar\/sitio\/wp-content\/uploads\/2022\/11\/firma-768x91.jpg 768w, https:\/\/isfd803-chu.infd.edu.ar\/sitio\/wp-content\/uploads\/2022\/11\/firma-1536x181.jpg 1536w\" sizes=\"(max-width: 417px) 100vw, 417px\" \/><\/figure><\/div>\n\n\n<p><\/p>\n","protected":false},"excerpt":{"rendered":"<p>Las&nbsp;actualizaciones acad\u00e9micas&nbsp;son post\u00edtulos docentes orientados a fortalecer la formaci\u00f3n vinculada con la renovaci\u00f3n de las pr\u00e1cticas de ense\u00f1anza y evaluaci\u00f3n en el contexto de pospandemia. Se proponen brindar una actualizaci\u00f3n sistem\u00e1tica que permita profundizar la formaci\u00f3n disciplinar, interdisciplinar y did\u00e1ctica en concordancia con las orientaciones y definiciones establecidas por las normativas del CFE y de &#8230; <a title=\"Post\u00edtulos\" class=\"read-more\" href=\"https:\/\/isfd803-chu.infd.edu.ar\/sitio\/postitulos-infod\/\" aria-label=\"More on Post\u00edtulos\">[+]<\/a><\/p>\n","protected":false},"author":14,"featured_media":0,"parent":0,"menu_order":0,"comment_status":"closed","ping_status":"closed","template":"","meta":[],"acf":[],"_links":{"self":[{"href":"https:\/\/isfd803-chu.infd.edu.ar\/sitio\/wp-json\/wp\/v2\/pages\/7077"}],"collection":[{"href":"https:\/\/isfd803-chu.infd.edu.ar\/sitio\/wp-json\/wp\/v2\/pages"}],"about":[{"href":"https:\/\/isfd803-chu.infd.edu.ar\/sitio\/wp-json\/wp\/v2\/types\/page"}],"author":[{"embeddable":true,"href":"https:\/\/isfd803-chu.infd.edu.ar\/sitio\/wp-json\/wp\/v2\/users\/14"}],"replies":[{"embeddable":true,"href":"https:\/\/isfd803-chu.infd.edu.ar\/sitio\/wp-json\/wp\/v2\/comments?post=7077"}],"version-history":[{"count":19,"href":"https:\/\/isfd803-chu.infd.edu.ar\/sitio\/wp-json\/wp\/v2\/pages\/7077\/revisions"}],"predecessor-version":[{"id":8995,"href":"https:\/\/isfd803-chu.infd.edu.ar\/sitio\/wp-json\/wp\/v2\/pages\/7077\/revisions\/8995"}],"wp:attachment":[{"href":"https:\/\/isfd803-chu.infd.edu.ar\/sitio\/wp-json\/wp\/v2\/media?parent=7077"}],"curies":[{"name":"wp","href":"https:\/\/api.w.org\/{rel}","templated":true}]}}