{"id":7064,"date":"2022-11-23T19:58:34","date_gmt":"2022-11-23T22:58:34","guid":{"rendered":"https:\/\/isfd803-chu.infd.edu.ar\/sitio\/?page_id=7064"},"modified":"2025-11-04T19:53:03","modified_gmt":"2025-11-04T22:53:03","slug":"tecnicatura-superior-en-turismo-res-588-22","status":"publish","type":"page","link":"https:\/\/isfd803-chu.infd.edu.ar\/sitio\/tecnicatura-superior-en-turismo-res-588-22\/","title":{"rendered":"Tecnicatura Superior en Turismo (Res. 588\/22)"},"content":{"rendered":"\n<p><a href=\"https:\/\/isfd803-chu.infd.edu.ar\/sitio\/wp-content\/uploads\/2022\/11\/Tec.-Sup.-en-Turismo-588-22-1-18.pdf\"><img decoding=\"async\" loading=\"lazy\" width=\"153\" height=\"153\" class=\"wp-image-6248\" style=\"width: 60px;\" src=\"https:\/\/isfd803-chu.infd.edu.ar\/sitio\/wp-content\/uploads\/2022\/03\/pdf_icono.jpg\" alt=\"\">Dise\u00f1o Curricular Jurisdiccional Res. 588\/22 PARTE 1 <\/a><\/p>\n\n\n\n<p><a href=\"https:\/\/isfd803-chu.infd.edu.ar\/sitio\/wp-content\/uploads\/2022\/11\/Tec.-Sup.-en-Turismo-588-22-19-38.pdf\"><img decoding=\"async\" loading=\"lazy\" width=\"153\" height=\"153\" class=\"wp-image-6248\" style=\"width: 60px;\" src=\"https:\/\/isfd803-chu.infd.edu.ar\/sitio\/wp-content\/uploads\/2022\/03\/pdf_icono.jpg\" alt=\"\">Dise\u00f1o Curricular Jurisdiccional Res. 588\/22 PARTE 2<\/a><\/p>\n\n\n\n<p><a href=\"https:\/\/isfd803-chu.infd.edu.ar\/sitio\/wp-content\/uploads\/2022\/11\/Tec.-Sup.-en-Turismo-588-22-CAJA-CURRICULAR.pdf\"><img decoding=\"async\" loading=\"lazy\" width=\"153\" height=\"153\" class=\"wp-image-6248\" style=\"width: 60px;\" src=\"https:\/\/isfd803-chu.infd.edu.ar\/sitio\/wp-content\/uploads\/2022\/03\/pdf_icono.jpg\" alt=\"\">Estructura Curricular &#8211; Plan de Estudios<\/a><\/p>\n\n\n\n<figure class=\"wp-block-table aligncenter\"><table><tbody><tr><td><strong>PRIMER A\u00d1O<\/strong><\/td><td><strong>A\u00f1o<\/strong><\/td><\/tr><tr><td>Gesti\u00f3n de las Organizaciones<\/td><td><a href=\"https:\/\/isfd803-chu.infd.edu.ar\/sitio\/wp-content\/uploads\/2024\/05\/Programa-Gestion-de-las-Organizaciones-2023-Saravi-Julian-Saravi-1.pdf\">2023<\/a><\/td><\/tr><tr><td>Matem\u00e1tica aplicada con Orientaci\u00f3n Financiera<\/td><td><\/td><\/tr><tr><td>Costos y Presupuestos<\/td><td><a href=\"https:\/\/isfd803-chu.infd.edu.ar\/sitio\/wp-content\/uploads\/2023\/09\/PROGRAMA-COSTOS-Y-PRESUPUESTOS-TURISMO-Surya-Garcia-Surya-Garcia.pdf\">2023<\/a><\/td><\/tr><tr><td>Ambiente y Patrimonio<\/td><td><a href=\"https:\/\/isfd803-chu.infd.edu.ar\/sitio\/wp-content\/uploads\/2023\/08\/PROGRAMA_AmbienteyTurismo_2023_Turismo_Nancufil-Daniela-Belen-Nancufil.pdf\">2023<\/a><\/td><\/tr><tr><td>Introducci\u00f3n al Turismo<\/td><td><a href=\"https:\/\/isfd803-chu.infd.edu.ar\/sitio\/wp-content\/uploads\/2023\/08\/PROGRAMA-INTRODUCCION-AL-TURISMO-Gissela-Huayquimilla.pdf\">2023<\/a><\/td><\/tr><tr><td>Ingl\u00e9s Tur\u00edstico I<\/td><td><\/td><\/tr><tr><td>Legislaci\u00f3n Tur\u00edstica<\/td><td><a href=\"https:\/\/isfd803-chu.infd.edu.ar\/sitio\/wp-content\/uploads\/2023\/08\/PROGRAMA_LegislacionTuristica_2023_Turismo_Nancufil-Daniela-Belen-Nancufil.pdf\">2023<\/a><\/td><\/tr><tr><td>Turismo con Identidad<\/td><td><a href=\"https:\/\/isfd803-chu.infd.edu.ar\/sitio\/wp-content\/uploads\/2023\/08\/PROGRAMA_TurismoConIdentidad_2023_Turismo_Nancufil-Daniela-Belen-Nancufil.pdf\">2023<\/a><\/td><\/tr><tr><td>Pr\u00e1cticas Profesionales I<\/td><td><a href=\"https:\/\/isfd803-chu.infd.edu.ar\/sitio\/wp-content\/uploads\/2024\/05\/MODELO-PROGRAMA-2023-priscila-nunez.pdf\">2023<\/a><\/td><\/tr><\/tbody><\/table><\/figure>\n\n\n\n<figure class=\"wp-block-table aligncenter\"><table><tbody><tr><td><strong>SEGUNDO A\u00d1O<\/strong><\/td><td><strong>A\u00f1o<\/strong><\/td><\/tr><tr><td>Pol\u00edticas P\u00fablicas y Desarrollo Local<\/td><td><a href=\"https:\/\/isfd803-chu.infd.edu.ar\/sitio\/wp-content\/uploads\/2024\/09\/PROGRAMA-POLITICAS-PUBLICAS-Y-DESARROLLO-LOCAL-2024_TURISMO_Gissela-Huayquimilla-Gissela-Huayquimilla.pdf\">2024<\/a><\/td><\/tr><tr><td>Patrimonio Natural<\/td><td><a href=\"https:\/\/isfd803-chu.infd.edu.ar\/sitio\/wp-content\/uploads\/2024\/06\/Programa_Patrimonio_Natural_Turismo-2024_Nancufil-Daniela-Nancufil.pdf\">2024<\/a><\/td><\/tr><tr><td>Patrimonio Cultural<\/td><td><a href=\"https:\/\/isfd803-chu.infd.edu.ar\/sitio\/wp-content\/uploads\/2024\/06\/Programa_Turismo_Patrimonio_Cultural_2024-Daniela-Nancufil.pdf\">2024<\/a><\/td><\/tr><tr><td>Tecnolog\u00edas de la Informaci\u00f3n y Comunicaci\u00f3n<\/td><td><a href=\"https:\/\/isfd803-chu.infd.edu.ar\/sitio\/wp-content\/uploads\/2024\/05\/Educacion-y-TIC-Matematica-Monteros-Marcos-Monteros-1.doc\">2024<\/a><\/td><\/tr><tr><td>Servicios Tur\u00edsticos<\/td><td><a href=\"https:\/\/isfd803-chu.infd.edu.ar\/sitio\/wp-content\/uploads\/2024\/09\/PROGRAMA-SERVICIOS-TURISTICOS-2024-TURISMO-Gissela-Huayquimilla-Gissela-Huayquimilla.pdf\">2024<\/a><\/td><\/tr><tr><td>Ingl\u00e9s Tur\u00edstico II<\/td><td><a href=\"https:\/\/isfd803-chu.infd.edu.ar\/sitio\/wp-content\/uploads\/2024\/10\/PROGRAMA_TECNICATURA-EN-TURISMO_-Ingles-Tecnico-II_-Flavia-Avalos-2024-Flavia-I-Avalos.pdf\">2024<\/a><\/td><\/tr><tr><td>Estad\u00edstica Aplicada al Turismo<\/td><td><a href=\"https:\/\/isfd803-chu.infd.edu.ar\/sitio\/wp-content\/uploads\/2025\/03\/PROGRAMA-turismo-Martin-Del-Brio.docx\">2024<\/a><\/td><\/tr><tr><td>Programaci\u00f3n de Circuitos Tur\u00edsticos<\/td><td><a href=\"https:\/\/isfd803-chu.infd.edu.ar\/sitio\/wp-content\/uploads\/2024\/08\/Programa-Programacion-de-Circuitos-Turisticos-Federico-Abbondio-Federico-Abbondio.pdf\">2024<\/a><\/td><\/tr><tr><td>Pr\u00e1cticas Profesionales II<\/td><td><a href=\"https:\/\/isfd803-chu.infd.edu.ar\/sitio\/wp-content\/uploads\/2024\/05\/Programa-Practicas-Profesionales-II-Turismo-Rodriguez-Adrian-Adrian-Eraldo-Rodriguez.docx\">2024<\/a> &#8211; <a href=\"https:\/\/isfd803-chu.infd.edu.ar\/sitio\/wp-content\/uploads\/2025\/04\/Programa-Practicas-Profesionales-II-Turismo-2024-2025-Adrian-Rodriguez-Adrian-Eraldo-Rodriguez.pdf\">2025<\/a><\/td><\/tr><\/tbody><\/table><\/figure>\n\n\n\n<figure class=\"wp-block-table aligncenter\"><table><tbody><tr><td><strong>TERCER A\u00d1O<\/strong><\/td><td><strong>A\u00f1o<\/strong><\/td><\/tr><tr><td>Gesti\u00f3n de la Calidad<\/td><td><a href=\"https:\/\/isfd803-chu.infd.edu.ar\/sitio\/wp-content\/uploads\/2025\/04\/PROGRAMA-GESTION-DE-LA-CALIDAD-TURISMO-HUAYQUIMILLA-Gissela-Huayquimilla.pdf\">2025<\/a><\/td><\/tr><tr><td>\u00c9tica y Deontolog\u00eda Profesional<\/td><td><\/td><\/tr><tr><td>Patrimonio Cultural de la Patagonia<\/td><td><a href=\"https:\/\/isfd803-chu.infd.edu.ar\/sitio\/wp-content\/uploads\/2025\/04\/Programa-2025-Patrimonio-Elsa-Rojas.pdf\">2025<\/a><\/td><\/tr><tr><td>Aspectos Pol\u00edticos y Socioecon\u00f3micos de la Patagona<\/td><td><\/td><\/tr><tr><td>Marketing y Turismo<\/td><td><a href=\"https:\/\/isfd803-chu.infd.edu.ar\/sitio\/wp-content\/uploads\/2025\/04\/Marketing-y-Turismo_-programa-Emy-Argenti.pdf\">2025<\/a><\/td><\/tr><tr><td>Portugu\u00e9s<\/td><td><a href=\"https:\/\/isfd803-chu.infd.edu.ar\/sitio\/wp-content\/uploads\/2025\/11\/ISFD-803-Portugues-2025-Martin-Madryn.pdf\">2025<\/a><\/td><\/tr><tr><td>Proyecto Empresarial<\/td><td><a href=\"https:\/\/isfd803-chu.infd.edu.ar\/sitio\/wp-content\/uploads\/2025\/10\/PROGRAMA-Turismo-Proyecto-Empresarial_2025-Nancufil-Daniela.docx-Daniela-Belen-Nancufil.pdf\">2025<\/a><\/td><\/tr><tr><td>Turismo de Reuniones<\/td><td><a href=\"https:\/\/isfd803-chu.infd.edu.ar\/sitio\/wp-content\/uploads\/2025\/10\/PROGRAMA-Turismo-Reuniones-2025-Nancufil-Daniela.docx-Daniela-Belen-Nancufil.pdf\">2025<\/a><\/td><\/tr><tr><td>Gesti\u00f3n de los Recursos Humanos<\/td><td><a href=\"https:\/\/isfd803-chu.infd.edu.ar\/sitio\/wp-content\/uploads\/2025\/11\/Programa_de_Gestion_de_RRHH-Emy-Argenti.pdf\">2025<\/a><\/td><\/tr><tr><td>Pr\u00e1cticas Profesionales III C)<\/td><td><\/td><\/tr><\/tbody><\/table><\/figure>\n\n\n\n<p><\/p>\n","protected":false},"excerpt":{"rendered":"<p>Dise\u00f1o Curricular Jurisdiccional Res. 588\/22 PARTE 1 Dise\u00f1o Curricular Jurisdiccional Res. 588\/22 PARTE 2 Estructura Curricular &#8211; Plan de Estudios PRIMER A\u00d1O A\u00f1o Gesti\u00f3n de las Organizaciones 2023 Matem\u00e1tica aplicada con Orientaci\u00f3n Financiera Costos y Presupuestos 2023 Ambiente y Patrimonio 2023 Introducci\u00f3n al Turismo 2023 Ingl\u00e9s Tur\u00edstico I Legislaci\u00f3n Tur\u00edstica 2023 Turismo con Identidad 2023 &#8230; <a title=\"Tecnicatura Superior en Turismo (Res. 588\/22)\" class=\"read-more\" href=\"https:\/\/isfd803-chu.infd.edu.ar\/sitio\/tecnicatura-superior-en-turismo-res-588-22\/\" aria-label=\"More on Tecnicatura Superior en Turismo (Res. 588\/22)\">[+]<\/a><\/p>\n","protected":false},"author":14,"featured_media":0,"parent":0,"menu_order":0,"comment_status":"closed","ping_status":"closed","template":"","meta":[],"acf":[],"_links":{"self":[{"href":"https:\/\/isfd803-chu.infd.edu.ar\/sitio\/wp-json\/wp\/v2\/pages\/7064"}],"collection":[{"href":"https:\/\/isfd803-chu.infd.edu.ar\/sitio\/wp-json\/wp\/v2\/pages"}],"about":[{"href":"https:\/\/isfd803-chu.infd.edu.ar\/sitio\/wp-json\/wp\/v2\/types\/page"}],"author":[{"embeddable":true,"href":"https:\/\/isfd803-chu.infd.edu.ar\/sitio\/wp-json\/wp\/v2\/users\/14"}],"replies":[{"embeddable":true,"href":"https:\/\/isfd803-chu.infd.edu.ar\/sitio\/wp-json\/wp\/v2\/comments?post=7064"}],"version-history":[{"count":24,"href":"https:\/\/isfd803-chu.infd.edu.ar\/sitio\/wp-json\/wp\/v2\/pages\/7064\/revisions"}],"predecessor-version":[{"id":11282,"href":"https:\/\/isfd803-chu.infd.edu.ar\/sitio\/wp-json\/wp\/v2\/pages\/7064\/revisions\/11282"}],"wp:attachment":[{"href":"https:\/\/isfd803-chu.infd.edu.ar\/sitio\/wp-json\/wp\/v2\/media?parent=7064"}],"curies":[{"name":"wp","href":"https:\/\/api.w.org\/{rel}","templated":true}]}}