{"id":7054,"date":"2022-11-23T19:33:30","date_gmt":"2022-11-23T22:33:30","guid":{"rendered":"https:\/\/isfd803-chu.infd.edu.ar\/sitio\/?page_id=7054"},"modified":"2025-11-20T18:34:59","modified_gmt":"2025-11-20T21:34:59","slug":"tecnicatura-superior-en-produccion-de-multimedios-res-828-22","status":"publish","type":"page","link":"https:\/\/isfd803-chu.infd.edu.ar\/sitio\/tecnicatura-superior-en-produccion-de-multimedios-res-828-22\/","title":{"rendered":"Tecnicatura Superior en Producci\u00f3n de Multimedios (Res. 828\/22)"},"content":{"rendered":"\n<p><a href=\"https:\/\/isfd803-chu.infd.edu.ar\/sitio\/wp-content\/uploads\/2022\/11\/TECNICATURA-SUPERIOR-EN-MULTIMEDIOS-RES-ME-828-22.pdf\"><img decoding=\"async\" loading=\"lazy\" width=\"153\" height=\"153\" class=\"wp-image-6248\" style=\"width: 60px;\" src=\"https:\/\/isfd803-chu.infd.edu.ar\/sitio\/wp-content\/uploads\/2022\/03\/pdf_icono.jpg\" alt=\"\">Dise\u00f1o Curricular Jurisdiccional Res. 828\/22<\/a><\/p>\n\n\n\n<p><\/p>\n\n\n\n<p><a href=\"https:\/\/isfd803-chu.infd.edu.ar\/sitio\/wp-content\/uploads\/2022\/11\/TECNICATURA-SUPERIOR-EN-MULTIMEDIOS-RES-ME-828-22-14.pdf\"><img decoding=\"async\" loading=\"lazy\" width=\"153\" height=\"153\" class=\"wp-image-6248\" style=\"width: 60px;\" src=\"https:\/\/isfd803-chu.infd.edu.ar\/sitio\/wp-content\/uploads\/2022\/03\/pdf_icono.jpg\" alt=\"\">Estructura Curricular &#8211; Plan de Estudios<\/a><\/p>\n\n\n\n<h2 class=\"wp-block-heading\">1\u00b0 A\u00f1o<\/h2>\n\n\n\n<p><\/p>\n\n\n\n<figure class=\"wp-block-table aligncenter\"><table><tbody><tr><td>Pol\u00edtica y Derecho a la Comunicaci\u00f3n<\/td><td><\/td><\/tr><tr><td>Psicolog\u00eda de la Comunicaci\u00f3n<\/td><td><a href=\"https:\/\/isfd803-chu.infd.edu.ar\/sitio\/wp-content\/uploads\/2023\/09\/Programa-Psicoologia-de-la-comunicacion-Juan-Duarte.pdf\">2023<\/a><\/td><\/tr><tr><td>Historia de los Medios y Sistemas de Comunicaci\u00f3n<\/td><td><a href=\"https:\/\/isfd803-chu.infd.edu.ar\/sitio\/wp-content\/uploads\/2024\/05\/Tec-Multimedios-Historia-de-los-Medios-de-Com-Facundo-Martinez-Facundo-Martinez.doc\">2024<\/a><\/td><\/tr><tr><td>Redacci\u00f3n y Lenguaje Digital<\/td><td><a href=\"https:\/\/isfd803-chu.infd.edu.ar\/sitio\/wp-content\/uploads\/2024\/05\/Programa-Redaccion-y-Lng-Digital-Facundo-Martinez.doc\">2024<\/a><\/td><\/tr><tr><td>G\u00e9neros Radiales y Televisivos<\/td><td><\/td><\/tr><tr><td>Introducci\u00f3n a los Multimedios<\/td><td><a href=\"https:\/\/isfd803-chu.infd.edu.ar\/sitio\/wp-content\/uploads\/2023\/09\/PROGRAMA-Introduccion-a-los-Multimedios-TSPM-Lara-Bramati-Lara-Bramati-Rosanigo.doc\">2023<\/a><\/td><\/tr><tr><td>Realizaci\u00f3n Audiovisual<\/td><td><a href=\"https:\/\/isfd803-chu.infd.edu.ar\/sitio\/wp-content\/uploads\/2023\/09\/PROGRAMA-Realizacion-Audiovisual-2023-TSPM.doc-Viviana-Johnson.pdf\">2023<\/a><\/td><\/tr><\/tbody><\/table><\/figure>\n\n\n\n<h2 class=\"wp-block-heading\">2\u00b0 A\u00f1o<\/h2>\n\n\n\n<figure class=\"wp-block-table aligncenter\"><table><tbody><tr><td>Ingl\u00e9s T\u00e9cnico<\/td><td><\/td><\/tr><tr><td>T\u00e9cnica de Investigaci\u00f3n en la Producci\u00f3n de Multimedios<\/td><td><a href=\"https:\/\/isfd803-chu.infd.edu.ar\/sitio\/wp-content\/uploads\/2024\/05\/Tec-Multimedios-Tecnicas-Investigacion-en-Multimedios-Facundo-Martinez-Facundo-Martinez.doc\">2024<\/a><\/td><\/tr><tr><td>Lenguaje Radiof\u00f3nico<\/td><td><a href=\"https:\/\/isfd803-chu.infd.edu.ar\/sitio\/wp-content\/uploads\/2024\/05\/PROGRAMA-Lenguaje-Radiofonico-Facundo-Martinez.doc\">2024<\/a> &#8211; <a href=\"https:\/\/isfd803-chu.infd.edu.ar\/sitio\/wp-content\/uploads\/2025\/10\/PROGRAMA-Lenguaje-Radiofonico-2025-Facundo-Martinez.pdf\">2025<\/a><\/td><\/tr><tr><td>Medios interactivos<\/td><td><a href=\"https:\/\/isfd803-chu.infd.edu.ar\/sitio\/wp-content\/uploads\/2024\/05\/Medios-Interactivos-PROGRAMA-2024-Jimena-Esteves.pdf\">2024<\/a> &#8211; <a href=\"https:\/\/isfd803-chu.infd.edu.ar\/sitio\/wp-content\/uploads\/2025\/10\/Medios-Interactivos-TM-PROGRAMA-2025-Jimena-Esteves.pdf\">2025<\/a><\/td><\/tr><tr><td>Lenguaje, Edici\u00f3n y Montaje Audiovisual<\/td><td><a href=\"https:\/\/isfd803-chu.infd.edu.ar\/sitio\/wp-content\/uploads\/2024\/06\/Tec.-Sup.-en-Prod.-de-Multimedios-Lenguaje-Edicion-y-Montaje-Audiovisual-Negron-Facundo-Negron.pdf\">2024<\/a><\/td><\/tr><tr><td>Fotograf\u00eda e Imagen Digital<\/td><td><a href=\"https:\/\/isfd803-chu.infd.edu.ar\/sitio\/wp-content\/uploads\/2024\/06\/Tec.-Sup.-en-Prod.-de-Multimedios-Fotografia-e-Imagen-Digital-Negron-Facundo-Negron.pdf\">2024<\/a><\/td><\/tr><tr><td>Expresi\u00f3n Oral y Doblaje<\/td><td><\/td><\/tr><\/tbody><\/table><\/figure>\n\n\n\n<h2 class=\"wp-block-heading\">3\u00b0 A\u00f1o<\/h2>\n\n\n\n<figure class=\"wp-block-table aligncenter\"><table><tbody><tr><td>Gesti\u00f3n y Estrategias Comunicacionales<\/td><td><\/td><\/tr><tr><td>Periodismo Digital<\/td><td><\/td><\/tr><tr><td>Dise\u00f1o Gr\u00e1fico<\/td><td><a href=\"https:\/\/isfd803-chu.infd.edu.ar\/sitio\/wp-content\/uploads\/2025\/11\/PROGRAMA-DISENO-GRAFICO-1-CUATRIMESTRE-guzst-Kande.pdf\">2025<\/a><\/td><\/tr><tr><td>Producciones Audiovisuales<\/td><td><\/td><\/tr><tr><td>Marketing y Publicidad Digital<\/td><td><\/td><\/tr><tr><td>Pr\u00e1ctica Profesional Integral<\/td><td><\/td><\/tr><tr><td><\/td><td><\/td><\/tr><\/tbody><\/table><\/figure>\n","protected":false},"excerpt":{"rendered":"<p>Dise\u00f1o Curricular Jurisdiccional Res. 828\/22 Estructura Curricular &#8211; Plan de Estudios 1\u00b0 A\u00f1o Pol\u00edtica y Derecho a la Comunicaci\u00f3n Psicolog\u00eda de la Comunicaci\u00f3n 2023 Historia de los Medios y Sistemas de Comunicaci\u00f3n 2024 Redacci\u00f3n y Lenguaje Digital 2024 G\u00e9neros Radiales y Televisivos Introducci\u00f3n a los Multimedios 2023 Realizaci\u00f3n Audiovisual 2023 2\u00b0 A\u00f1o Ingl\u00e9s T\u00e9cnico T\u00e9cnica &#8230; <a title=\"Tecnicatura Superior en Producci\u00f3n de Multimedios (Res. 828\/22)\" class=\"read-more\" href=\"https:\/\/isfd803-chu.infd.edu.ar\/sitio\/tecnicatura-superior-en-produccion-de-multimedios-res-828-22\/\" aria-label=\"More on Tecnicatura Superior en Producci\u00f3n de Multimedios (Res. 828\/22)\">[+]<\/a><\/p>\n","protected":false},"author":14,"featured_media":0,"parent":0,"menu_order":0,"comment_status":"closed","ping_status":"closed","template":"","meta":[],"acf":[],"_links":{"self":[{"href":"https:\/\/isfd803-chu.infd.edu.ar\/sitio\/wp-json\/wp\/v2\/pages\/7054"}],"collection":[{"href":"https:\/\/isfd803-chu.infd.edu.ar\/sitio\/wp-json\/wp\/v2\/pages"}],"about":[{"href":"https:\/\/isfd803-chu.infd.edu.ar\/sitio\/wp-json\/wp\/v2\/types\/page"}],"author":[{"embeddable":true,"href":"https:\/\/isfd803-chu.infd.edu.ar\/sitio\/wp-json\/wp\/v2\/users\/14"}],"replies":[{"embeddable":true,"href":"https:\/\/isfd803-chu.infd.edu.ar\/sitio\/wp-json\/wp\/v2\/comments?post=7054"}],"version-history":[{"count":15,"href":"https:\/\/isfd803-chu.infd.edu.ar\/sitio\/wp-json\/wp\/v2\/pages\/7054\/revisions"}],"predecessor-version":[{"id":11372,"href":"https:\/\/isfd803-chu.infd.edu.ar\/sitio\/wp-json\/wp\/v2\/pages\/7054\/revisions\/11372"}],"wp:attachment":[{"href":"https:\/\/isfd803-chu.infd.edu.ar\/sitio\/wp-json\/wp\/v2\/media?parent=7054"}],"curies":[{"name":"wp","href":"https:\/\/api.w.org\/{rel}","templated":true}]}}