{"id":7048,"date":"2022-11-23T18:48:08","date_gmt":"2022-11-23T21:48:08","guid":{"rendered":"https:\/\/isfd803-chu.infd.edu.ar\/sitio\/?page_id=7048"},"modified":"2025-11-28T11:45:42","modified_gmt":"2025-11-28T14:45:42","slug":"profesorado-de-educacion-secundaria-en-matematica-res-543-19","status":"publish","type":"page","link":"https:\/\/isfd803-chu.infd.edu.ar\/sitio\/profesorado-de-educacion-secundaria-en-matematica-res-543-19\/","title":{"rendered":"Profesorado de Educaci\u00f3n Secundaria en Matem\u00e1tica (Res. 543\/19)"},"content":{"rendered":"<div class=\"wp-block-image\">\n<figure class=\"aligncenter size-full is-resized\"><img decoding=\"async\" loading=\"lazy\" src=\"https:\/\/isfd803-chu.infd.edu.ar\/sitio\/wp-content\/uploads\/2024\/09\/MATEMATICA.png\" alt=\"\" class=\"wp-image-9988\" width=\"152\" height=\"159\"\/><\/figure><\/div>\n\n<div class=\"wp-block-image\">\n<figure class=\"aligncenter size-large is-resized\"><a href=\"https:\/\/isfd803-chu.infd.edu.ar\/sitio\/wp-content\/uploads\/2022\/11\/Profesorado-Matematica-543-19.pdf\"><img decoding=\"async\" loading=\"lazy\" src=\"https:\/\/isfd803-chu.infd.edu.ar\/sitio\/wp-content\/uploads\/2024\/09\/DISENO-CURRICULAR-1900x486.png\" alt=\"\" class=\"wp-image-9897\" width=\"475\" height=\"122\" srcset=\"https:\/\/isfd803-chu.infd.edu.ar\/sitio\/wp-content\/uploads\/2024\/09\/DISENO-CURRICULAR-1900x486.png 1900w, https:\/\/isfd803-chu.infd.edu.ar\/sitio\/wp-content\/uploads\/2024\/09\/DISENO-CURRICULAR-1000x256.png 1000w, https:\/\/isfd803-chu.infd.edu.ar\/sitio\/wp-content\/uploads\/2024\/09\/DISENO-CURRICULAR-768x197.png 768w, https:\/\/isfd803-chu.infd.edu.ar\/sitio\/wp-content\/uploads\/2024\/09\/DISENO-CURRICULAR-1536x393.png 1536w, https:\/\/isfd803-chu.infd.edu.ar\/sitio\/wp-content\/uploads\/2024\/09\/DISENO-CURRICULAR-2048x524.png 2048w\" sizes=\"(max-width: 475px) 100vw, 475px\" \/><\/a><\/figure><\/div>\n\n<div class=\"wp-block-image\">\n<figure class=\"aligncenter size-large is-resized\"><a href=\"https:\/\/isfd803-chu.infd.edu.ar\/sitio\/wp-content\/uploads\/2022\/11\/Profesorado-Matematica-543-19-21.pdf\"><img decoding=\"async\" loading=\"lazy\" src=\"https:\/\/isfd803-chu.infd.edu.ar\/sitio\/wp-content\/uploads\/2024\/09\/ESTRUCTURA-CURRICULAR-1900x486.png\" alt=\"\" class=\"wp-image-9898\" width=\"475\" height=\"122\" srcset=\"https:\/\/isfd803-chu.infd.edu.ar\/sitio\/wp-content\/uploads\/2024\/09\/ESTRUCTURA-CURRICULAR-1900x486.png 1900w, https:\/\/isfd803-chu.infd.edu.ar\/sitio\/wp-content\/uploads\/2024\/09\/ESTRUCTURA-CURRICULAR-1000x256.png 1000w, https:\/\/isfd803-chu.infd.edu.ar\/sitio\/wp-content\/uploads\/2024\/09\/ESTRUCTURA-CURRICULAR-768x196.png 768w, https:\/\/isfd803-chu.infd.edu.ar\/sitio\/wp-content\/uploads\/2024\/09\/ESTRUCTURA-CURRICULAR-1536x393.png 1536w, https:\/\/isfd803-chu.infd.edu.ar\/sitio\/wp-content\/uploads\/2024\/09\/ESTRUCTURA-CURRICULAR-2048x524.png 2048w\" sizes=\"(max-width: 475px) 100vw, 475px\" \/><\/a><\/figure><\/div>\n\n\n<hr class=\"wp-block-separator has-alpha-channel-opacity\"\/>\n\n\n<div class=\"wp-block-image\">\n<figure class=\"aligncenter size-full is-resized\"><img decoding=\"async\" loading=\"lazy\" src=\"https:\/\/isfd803-chu.infd.edu.ar\/sitio\/wp-content\/uploads\/2024\/09\/PROGRAMAS.png\" alt=\"\" class=\"wp-image-9901\" width=\"359\" height=\"77\" srcset=\"https:\/\/isfd803-chu.infd.edu.ar\/sitio\/wp-content\/uploads\/2024\/09\/PROGRAMAS.png 1435w, https:\/\/isfd803-chu.infd.edu.ar\/sitio\/wp-content\/uploads\/2024\/09\/PROGRAMAS-1000x213.png 1000w, https:\/\/isfd803-chu.infd.edu.ar\/sitio\/wp-content\/uploads\/2024\/09\/PROGRAMAS-768x164.png 768w\" sizes=\"(max-width: 359px) 100vw, 359px\" \/><\/figure><\/div>\n\n\n<figure class=\"wp-block-table aligncenter\" style=\"font-style:normal;font-weight:500\"><table class=\"has-base-background-color has-background\"><tbody><tr><td class=\"has-text-align-center\" data-align=\"center\" colspan=\"2\"><img decoding=\"async\" loading=\"lazy\" width=\"1015\" height=\"217\" class=\"wp-image-9903\" style=\"width: 300px;\" src=\"https:\/\/isfd803-chu.infd.edu.ar\/sitio\/wp-content\/uploads\/2024\/09\/1-ANO.png\" alt=\"\" srcset=\"https:\/\/isfd803-chu.infd.edu.ar\/sitio\/wp-content\/uploads\/2024\/09\/1-ANO.png 1015w, https:\/\/isfd803-chu.infd.edu.ar\/sitio\/wp-content\/uploads\/2024\/09\/1-ANO-1000x214.png 1000w, https:\/\/isfd803-chu.infd.edu.ar\/sitio\/wp-content\/uploads\/2024\/09\/1-ANO-768x164.png 768w\" sizes=\"(max-width: 1015px) 100vw, 1015px\" \/><\/td><\/tr><tr><td>Lectura y Escritura Acad\u00e9mica<\/td><td><a href=\"https:\/\/isfd803-chu.infd.edu.ar\/sitio\/wp-content\/uploads\/2023\/09\/PROGRAMA-2023-LYEA-MATEMATICA-Anahi-Mosconi.docx\">2023<\/a> &#8211; <a href=\"https:\/\/isfd803-chu.infd.edu.ar\/sitio\/wp-content\/uploads\/2024\/06\/Lectura-y-escritura-academica-PROGRAMA-2024-Anahi-Mosconi-2.docx\">2024<\/a> &#8211; <a href=\"https:\/\/isfd803-chu.infd.edu.ar\/sitio\/wp-content\/uploads\/2025\/10\/Lectura-y-escritura-academica-PROGRAMA-2025-Anahi-Mosconi-MATEMATICA-Anahi-Mosconi-1.docx\">2025<\/a><\/td><\/tr><tr><td>Psicolog\u00eda Educacional<\/td><td><a href=\"https:\/\/isfd803-chu.infd.edu.ar\/sitio\/wp-content\/uploads\/2023\/09\/PROGRAMA-psicologia-educacional-matematica-2023-Pablo-Reiss.doc\">2023<\/a> &#8211; <a href=\"https:\/\/isfd803-chu.infd.edu.ar\/sitio\/wp-content\/uploads\/2024\/05\/PROGRAMA-PSICOLOGIA-EDUCACIONAL-MATEMATICA-Pablo-Reiss.doc\">2024<\/a><\/td><\/tr><tr><td>Pedagog\u00eda<\/td><td><a href=\"https:\/\/isfd803-chu.infd.edu.ar\/sitio\/wp-content\/uploads\/2024\/05\/programa-de-pedagogia-matematicas-Sergio-Baranuik.doc\">2024<\/a><\/td><\/tr><tr><td>Did\u00e1ctica General<\/td><td><\/td><\/tr><tr><td>El Quehacer Matem\u00e1tico<\/td><td><a href=\"https:\/\/isfd803-chu.infd.edu.ar\/sitio\/wp-content\/uploads\/2023\/09\/PROGRAMA-2023-QUEHACER-MATEMATICO-Teresa-Viviana-Juarez.pdf\">2023<\/a><\/td><\/tr><tr><td>Introducci\u00f3n al An\u00e1lisis de Funciones<\/td><td><a href=\"https:\/\/isfd803-chu.infd.edu.ar\/sitio\/wp-content\/uploads\/2023\/12\/PROGRAMA-INTRODUCCION-AL-ANALISIS-DE-FUNCIONES-Molina-Marina-Marina-Molina.doc\">2023<\/a> &#8211; <a href=\"https:\/\/isfd803-chu.infd.edu.ar\/sitio\/wp-content\/uploads\/2024\/05\/Programa-Introduccion-al-Analisis-de-las-funciones-Molina-Marina-Molina.doc\">2024<\/a> &#8211;<a href=\"https:\/\/isfd803-chu.infd.edu.ar\/sitio\/wp-content\/uploads\/2025\/10\/Introduccion-al-Analisis-de-las-funciones-2025-Molina-Marina-Molina.doc\"> 2025<\/a><\/td><\/tr><tr><td>\u00c1lgebra de los Conjuntos Num\u00e9ricos<\/td><td><a href=\"https:\/\/isfd803-chu.infd.edu.ar\/sitio\/wp-content\/uploads\/2023\/12\/PROGRAMA-ALGEBRA-DE-LOS-CONJUNTOS-NUMERICOS-Molina-Marina-Marina-Molina.doc\">2023<\/a> &#8211; <a href=\"https:\/\/isfd803-chu.infd.edu.ar\/sitio\/wp-content\/uploads\/2024\/05\/Programa-Algebra-de-los-Conjuntos-Numericos-Molina-Marina-Molina.doc\">2024<\/a> &#8211; <a href=\"https:\/\/isfd803-chu.infd.edu.ar\/sitio\/wp-content\/uploads\/2025\/10\/Algebra-de-los-Conjuntos-Numericos-2025-Molina-Marina-Molina.doc\">2025<\/a><\/td><\/tr><tr><td>Geometr\u00eda del Plano<\/td><td><a href=\"https:\/\/isfd803-chu.infd.edu.ar\/sitio\/wp-content\/uploads\/2023\/09\/PROGRAMA-DE-GEOMETRIA-EN-EL-PLANO-Teresa-Viviana-Juarez.pdf\">2023<\/a><\/td><\/tr><tr><td>Pr\u00e1ctica Profesional Docente I<\/td><td><a href=\"https:\/\/isfd803-chu.infd.edu.ar\/sitio\/wp-content\/uploads\/2024\/05\/2024-PROGRAMA-PPDI.-PROF.-MATEMATICA-PIL-LOPEZ-Juana-Pil.pdf\">2024<\/a> &#8211;<a href=\"https:\/\/isfd803-chu.infd.edu.ar\/sitio\/wp-content\/uploads\/2025\/10\/2025-PPDI-PROF.-MATEMATICA-PIL-LOPEZ-Juana-Pil.pdf\"> 2025<\/a><\/td><\/tr><\/tbody><\/table><\/figure>\n\n\n\n<figure class=\"wp-block-table aligncenter\" style=\"font-style:normal;font-weight:500\"><table class=\"has-base-background-color has-background\"><tbody><tr><td class=\"has-text-align-center\" data-align=\"center\" colspan=\"2\"><img decoding=\"async\" loading=\"lazy\" width=\"1016\" height=\"217\" class=\"wp-image-9929\" style=\"width: 300px;\" src=\"https:\/\/isfd803-chu.infd.edu.ar\/sitio\/wp-content\/uploads\/2024\/09\/2-ANO.png\" alt=\"\" srcset=\"https:\/\/isfd803-chu.infd.edu.ar\/sitio\/wp-content\/uploads\/2024\/09\/2-ANO.png 1016w, https:\/\/isfd803-chu.infd.edu.ar\/sitio\/wp-content\/uploads\/2024\/09\/2-ANO-1000x214.png 1000w, https:\/\/isfd803-chu.infd.edu.ar\/sitio\/wp-content\/uploads\/2024\/09\/2-ANO-768x164.png 768w\" sizes=\"(max-width: 1016px) 100vw, 1016px\" \/><\/td><\/tr><tr><td>Historia y Pol\u00edtica de la Educaci\u00f3n Argentina<\/td><td><\/td><\/tr><tr><td>Educaci\u00f3n Sexual Integral<\/td><td><\/td><\/tr><tr><td>Educaci\u00f3n y TIC<\/td><td><a href=\"https:\/\/isfd803-chu.infd.edu.ar\/sitio\/wp-content\/uploads\/2024\/05\/Educacion-y-TIC-Matematica-Monteros-Marcos-Monteros.doc\">2024<\/a> &#8211; <a href=\"https:\/\/isfd803-chu.infd.edu.ar\/sitio\/wp-content\/uploads\/2025\/10\/Educacion-y-TIC-Matematica-Monteros-Marcos-Monteros.doc\">2025<\/a><\/td><\/tr><tr><td>Did\u00e1ctica de la Matem\u00e1tica I<\/td><td><\/td><\/tr><tr><td>An\u00e1lisis Matem\u00e1tico<\/td><td><a href=\"https:\/\/isfd803-chu.infd.edu.ar\/sitio\/wp-content\/uploads\/2025\/10\/2024_Programa_Analisis-Matematico_Matematica_Suarez-Mariela-Mariela-Suarez.docx\">2024<\/a> &#8211; <a href=\"https:\/\/isfd803-chu.infd.edu.ar\/sitio\/wp-content\/uploads\/2025\/10\/Programa-Analisis-Matematico-I_Prof-de-Matematica_Suarez-Mariela-Mariela-Suarez.doc\">2025<\/a><\/td><\/tr><tr><td>\u00c1lgebra Lineal<\/td><td><a href=\"https:\/\/isfd803-chu.infd.edu.ar\/sitio\/wp-content\/uploads\/2025\/10\/2024_Programa_Algebra-Lineal_Matematica_Suarez-Mariela-Mariela-Suarez.docx\">2024<\/a> &#8211; <a href=\"https:\/\/isfd803-chu.infd.edu.ar\/sitio\/wp-content\/uploads\/2025\/10\/Programa-Algebra-Lineal_Prof-de-Matematica_Suarez-Mariela-Mariela-Suarez-1.doc\">2025<\/a><\/td><\/tr><tr><td>Geometr\u00eda del Espacio Eucl\u00eddeo y No Eucl\u00eddeo<\/td><td><a href=\"https:\/\/isfd803-chu.infd.edu.ar\/sitio\/wp-content\/uploads\/2024\/05\/Programa-Geometria-del-Espacio-Euclideo-y-No-Euclideo-Molina-Marina-Molina.doc\">2024<\/a> &#8211; <a href=\"https:\/\/isfd803-chu.infd.edu.ar\/sitio\/wp-content\/uploads\/2025\/10\/Geometria-del-Espacio-Euclideo-y-No-Euclideo-2025-Molina-Marina-Molina.doc\">2025<\/a><\/td><\/tr><tr><td>Sujetos del Aprendizaje<\/td><td><a href=\"https:\/\/isfd803-chu.infd.edu.ar\/sitio\/wp-content\/uploads\/2024\/05\/PROGRAMA-SUJETOS-DEL-APRENDIZAJE-matematica-2024-Pablo-Reiss.doc\">2024<\/a><\/td><\/tr><tr><td>Pr\u00e1ctica Profesional Docente II<\/td><td><a href=\"https:\/\/isfd803-chu.infd.edu.ar\/sitio\/wp-content\/uploads\/2024\/05\/2024-PROGRAMA-PPDII-PROF.-MATEMATICA-.-PIL-SUAREZ-Juana-Pil.pdf\">2024<\/a> &#8211; <a href=\"https:\/\/isfd803-chu.infd.edu.ar\/sitio\/wp-content\/uploads\/2025\/10\/2025-PROGRAMA-PPDII-PROF.-MATEMATICA-.-PIL-PARRA-Juana-Pil.pdf\">2025<\/a><\/td><\/tr><\/tbody><\/table><\/figure>\n\n\n\n<figure class=\"wp-block-table aligncenter\" style=\"font-style:normal;font-weight:500\"><table class=\"has-base-background-color has-background\"><tbody><tr><td class=\"has-text-align-center\" data-align=\"center\" colspan=\"2\"><img decoding=\"async\" loading=\"lazy\" width=\"1015\" height=\"217\" class=\"wp-image-9928\" style=\"width: 300px;\" src=\"https:\/\/isfd803-chu.infd.edu.ar\/sitio\/wp-content\/uploads\/2024\/09\/3-ANO.png\" alt=\"\" srcset=\"https:\/\/isfd803-chu.infd.edu.ar\/sitio\/wp-content\/uploads\/2024\/09\/3-ANO.png 1015w, https:\/\/isfd803-chu.infd.edu.ar\/sitio\/wp-content\/uploads\/2024\/09\/3-ANO-1000x214.png 1000w, https:\/\/isfd803-chu.infd.edu.ar\/sitio\/wp-content\/uploads\/2024\/09\/3-ANO-768x164.png 768w\" sizes=\"(max-width: 1015px) 100vw, 1015px\" \/><\/td><\/tr><tr><td>Investigaci\u00f3n Educativa<\/td><td><\/td><\/tr><tr><td>Sociolog\u00eda de la Educaci\u00f3n<\/td><td><a href=\"https:\/\/isfd803-chu.infd.edu.ar\/sitio\/wp-content\/uploads\/2025\/10\/Programa-PM-2025-Sociologia-de-la-Educacion-Jessica-Murphy.doc\">2025<\/a><\/td><\/tr><tr><td>An\u00e1lisis y Tratamiento de la Informaci\u00f3n<\/td><td><a href=\"https:\/\/isfd803-chu.infd.edu.ar\/sitio\/wp-content\/uploads\/2025\/11\/PROGRAMA-ANALISIS-Y-TRATAMIENTO-DE-LA-INFORMACION-Fabian-Makaruk-Galduin.pdf\">2025<\/a><\/td><\/tr><tr><td>Did\u00e1ctica de la Matem\u00e1tica II<\/td><td><\/td><\/tr><tr><td>An\u00e1lisis Matem\u00e1tico en varias Variables<\/td><td><a href=\"https:\/\/isfd803-chu.infd.edu.ar\/sitio\/wp-content\/uploads\/2025\/10\/Analisis-Matematico-en-varias-variables-2025-Molina-Marina-Molina.doc\">2025<\/a><\/td><\/tr><tr><td>Estructuras Algebraicas<\/td><td><a href=\"https:\/\/isfd803-chu.infd.edu.ar\/sitio\/wp-content\/uploads\/2025\/11\/PROGRAMA-ESTRUCTURAS-ALGEBRAICAS-Fabian-Makaruk-Galduin.pdf\">2025<\/a><\/td><\/tr><tr><td>El Lenguaje Algebraico en la Geometr\u00eda<\/td><td><\/td><\/tr><tr><td>Resoluci\u00f3n de Problemas mediados por TIC<\/td><td><a href=\"https:\/\/isfd803-chu.infd.edu.ar\/sitio\/wp-content\/uploads\/2025\/11\/PROGRAMA-RESOLUCION-DE-PROBLEMAS-MEDIADOS-POR-TIC-Fabian-Makaruk-Galduin.pdf\">2025<\/a><\/td><\/tr><tr><td>Pr\u00e1ctica Profesional Docente III<\/td><td><a href=\"https:\/\/isfd803-chu.infd.edu.ar\/sitio\/wp-content\/uploads\/2025\/10\/PROGRAMAtematica-2025-Nora-Bartolo.pdf\">2025<\/a><\/td><\/tr><\/tbody><\/table><\/figure>\n","protected":false},"excerpt":{"rendered":"<p>Lectura y Escritura Acad\u00e9mica 2023 &#8211; 2024 &#8211; 2025 Psicolog\u00eda Educacional 2023 &#8211; 2024 Pedagog\u00eda 2024 Did\u00e1ctica General El Quehacer Matem\u00e1tico 2023 Introducci\u00f3n al An\u00e1lisis de Funciones 2023 &#8211; 2024 &#8211; 2025 \u00c1lgebra de los Conjuntos Num\u00e9ricos 2023 &#8211; 2024 &#8211; 2025 Geometr\u00eda del Plano 2023 Pr\u00e1ctica Profesional Docente I 2024 &#8211; 2025 Historia y &#8230; <a title=\"Profesorado de Educaci\u00f3n Secundaria en Matem\u00e1tica (Res. 543\/19)\" class=\"read-more\" href=\"https:\/\/isfd803-chu.infd.edu.ar\/sitio\/profesorado-de-educacion-secundaria-en-matematica-res-543-19\/\" aria-label=\"More on Profesorado de Educaci\u00f3n Secundaria en Matem\u00e1tica (Res. 543\/19)\">[+]<\/a><\/p>\n","protected":false},"author":14,"featured_media":0,"parent":0,"menu_order":0,"comment_status":"closed","ping_status":"closed","template":"","meta":[],"acf":[],"_links":{"self":[{"href":"https:\/\/isfd803-chu.infd.edu.ar\/sitio\/wp-json\/wp\/v2\/pages\/7048"}],"collection":[{"href":"https:\/\/isfd803-chu.infd.edu.ar\/sitio\/wp-json\/wp\/v2\/pages"}],"about":[{"href":"https:\/\/isfd803-chu.infd.edu.ar\/sitio\/wp-json\/wp\/v2\/types\/page"}],"author":[{"embeddable":true,"href":"https:\/\/isfd803-chu.infd.edu.ar\/sitio\/wp-json\/wp\/v2\/users\/14"}],"replies":[{"embeddable":true,"href":"https:\/\/isfd803-chu.infd.edu.ar\/sitio\/wp-json\/wp\/v2\/comments?post=7048"}],"version-history":[{"count":25,"href":"https:\/\/isfd803-chu.infd.edu.ar\/sitio\/wp-json\/wp\/v2\/pages\/7048\/revisions"}],"predecessor-version":[{"id":11406,"href":"https:\/\/isfd803-chu.infd.edu.ar\/sitio\/wp-json\/wp\/v2\/pages\/7048\/revisions\/11406"}],"wp:attachment":[{"href":"https:\/\/isfd803-chu.infd.edu.ar\/sitio\/wp-json\/wp\/v2\/media?parent=7048"}],"curies":[{"name":"wp","href":"https:\/\/api.w.org\/{rel}","templated":true}]}}