{"id":6989,"date":"2022-11-08T19:44:28","date_gmt":"2022-11-08T22:44:28","guid":{"rendered":"https:\/\/isfd803-chu.infd.edu.ar\/sitio\/?page_id=6989"},"modified":"2024-03-04T12:10:04","modified_gmt":"2024-03-04T15:10:04","slug":"oficina-de-estudiantes","status":"publish","type":"page","link":"https:\/\/isfd803-chu.infd.edu.ar\/sitio\/oficina-de-estudiantes\/","title":{"rendered":"Oficina de Estudiantes"},"content":{"rendered":"<div class=\"wp-block-image\">\n<figure class=\"aligncenter size-large is-resized\"><img decoding=\"async\" loading=\"lazy\" src=\"https:\/\/isfd803-chu.infd.edu.ar\/sitio\/wp-content\/uploads\/2022\/11\/OFICINA-ESTUDIANTES-1900x1900-1-1900x1900.jpg\" alt=\"\" class=\"wp-image-6993\" width=\"312\" height=\"312\" srcset=\"https:\/\/isfd803-chu.infd.edu.ar\/sitio\/wp-content\/uploads\/2022\/11\/OFICINA-ESTUDIANTES-1900x1900-1.jpg 1900w, https:\/\/isfd803-chu.infd.edu.ar\/sitio\/wp-content\/uploads\/2022\/11\/OFICINA-ESTUDIANTES-1900x1900-1-1000x1000.jpg 1000w, https:\/\/isfd803-chu.infd.edu.ar\/sitio\/wp-content\/uploads\/2022\/11\/OFICINA-ESTUDIANTES-1900x1900-1-500x500.jpg 500w, https:\/\/isfd803-chu.infd.edu.ar\/sitio\/wp-content\/uploads\/2022\/11\/OFICINA-ESTUDIANTES-1900x1900-1-768x768.jpg 768w, https:\/\/isfd803-chu.infd.edu.ar\/sitio\/wp-content\/uploads\/2022\/11\/OFICINA-ESTUDIANTES-1900x1900-1-1536x1536.jpg 1536w\" sizes=\"(max-width: 312px) 100vw, 312px\" \/><\/figure><\/div>\n\n\n<p>Funciona bajo dependencia conjunta de la Vicedirecci\u00f3n y de la Secretar\u00eda Acad\u00e9mica.<\/p>\n\n\n\n<p>Conforma el \u00e1rea estudiantil y est\u00e1 integrada por la Coordinaci\u00f3n de Pol\u00edticas Estudiantiles y la Bedel\u00eda.<\/p>\n\n\n\n<p>Es el \u00e1rea responsable de gestionar administrativamente las trayectorias formativas de los estudiantes, promover acciones y acompa\u00f1ar estas trayectorias para fortalecer los procesos de ingreso, permanencia y egreso<\/p>\n\n\n\n<p><\/p>\n\n\n\n<p><\/p>\n\n\n\n<figure class=\"wp-block-table is-style-regular\"><table><tbody><tr><td><strong>Miembros<\/strong><\/td><td><strong>Nombre y apellido<\/strong> <\/td><td><strong>E-Mail<\/strong><\/td><td><strong>Horario<\/strong><\/td><\/tr><tr><td>Vicedirectora<\/td><td>Erica Hughes<\/td><td>isfd803vicedireccion@gmail.com<\/td><td> De lunes a viernes de 18 a 23 hs<\/td><\/tr><tr><td>Secretaria Acad\u00e9mica<\/td><td>Clara Rosas<\/td><td>secreacademica803@gmail.com<\/td><td>De lunes a viernes de 18 a 23 hs<\/td><\/tr><tr><td>Coordinadora Institucional de Pol\u00edticas Estudiantiles (CIPE)<\/td><td>Patricia Bigliardi<\/td><td>politicasestudiantiles803@gmail.com<\/td><td>De lunes a viernes de 18 a 22 hs<\/td><\/tr><tr><td>Bedeles<\/td><td>Elizabeth Espinoza, Gisela Garc\u00eda, Cintia Yanelli<\/td><td>bedelesisfd803@gmail.com<\/td><td>De lunes a viernes de 18 a 22 hs<\/td><\/tr><\/tbody><\/table><\/figure>\n","protected":false},"excerpt":{"rendered":"<p>Funciona bajo dependencia conjunta de la Vicedirecci\u00f3n y de la Secretar\u00eda Acad\u00e9mica. Conforma el \u00e1rea estudiantil y est\u00e1 integrada por la Coordinaci\u00f3n de Pol\u00edticas Estudiantiles y la Bedel\u00eda. Es el \u00e1rea responsable de gestionar administrativamente las trayectorias formativas de los estudiantes, promover acciones y acompa\u00f1ar estas trayectorias para fortalecer los procesos de ingreso, permanencia y &#8230; <a title=\"Oficina de Estudiantes\" class=\"read-more\" href=\"https:\/\/isfd803-chu.infd.edu.ar\/sitio\/oficina-de-estudiantes\/\" aria-label=\"More on Oficina de Estudiantes\">[+]<\/a><\/p>\n","protected":false},"author":14,"featured_media":0,"parent":0,"menu_order":0,"comment_status":"closed","ping_status":"closed","template":"","meta":[],"acf":[],"_links":{"self":[{"href":"https:\/\/isfd803-chu.infd.edu.ar\/sitio\/wp-json\/wp\/v2\/pages\/6989"}],"collection":[{"href":"https:\/\/isfd803-chu.infd.edu.ar\/sitio\/wp-json\/wp\/v2\/pages"}],"about":[{"href":"https:\/\/isfd803-chu.infd.edu.ar\/sitio\/wp-json\/wp\/v2\/types\/page"}],"author":[{"embeddable":true,"href":"https:\/\/isfd803-chu.infd.edu.ar\/sitio\/wp-json\/wp\/v2\/users\/14"}],"replies":[{"embeddable":true,"href":"https:\/\/isfd803-chu.infd.edu.ar\/sitio\/wp-json\/wp\/v2\/comments?post=6989"}],"version-history":[{"count":5,"href":"https:\/\/isfd803-chu.infd.edu.ar\/sitio\/wp-json\/wp\/v2\/pages\/6989\/revisions"}],"predecessor-version":[{"id":8756,"href":"https:\/\/isfd803-chu.infd.edu.ar\/sitio\/wp-json\/wp\/v2\/pages\/6989\/revisions\/8756"}],"wp:attachment":[{"href":"https:\/\/isfd803-chu.infd.edu.ar\/sitio\/wp-json\/wp\/v2\/media?parent=6989"}],"curies":[{"name":"wp","href":"https:\/\/api.w.org\/{rel}","templated":true}]}}