{"id":6315,"date":"2022-03-18T21:41:12","date_gmt":"2022-03-19T00:41:12","guid":{"rendered":"https:\/\/isfd803-chu.infd.edu.ar\/sitio\/?page_id=6315"},"modified":"2026-03-05T21:17:57","modified_gmt":"2026-03-06T00:17:57","slug":"horarios-generales","status":"publish","type":"page","link":"https:\/\/isfd803-chu.infd.edu.ar\/sitio\/horarios-generales\/","title":{"rendered":"Horarios 2026"},"content":{"rendered":"\n<p><\/p>\n\n\n<div class=\"wp-block-image\">\n<figure class=\"aligncenter size-full is-resized\"><img decoding=\"async\" loading=\"lazy\" src=\"https:\/\/isfd803-chu.infd.edu.ar\/sitio\/wp-content\/uploads\/2023\/03\/time-schedule-icon-vector.webp\" alt=\"\" class=\"wp-image-7286\" width=\"152\" height=\"152\" srcset=\"https:\/\/isfd803-chu.infd.edu.ar\/sitio\/wp-content\/uploads\/2023\/03\/time-schedule-icon-vector.webp 980w, https:\/\/isfd803-chu.infd.edu.ar\/sitio\/wp-content\/uploads\/2023\/03\/time-schedule-icon-vector-500x500.webp 500w, https:\/\/isfd803-chu.infd.edu.ar\/sitio\/wp-content\/uploads\/2023\/03\/time-schedule-icon-vector-768x768.webp 768w\" sizes=\"(max-width: 152px) 100vw, 152px\" \/><\/figure><\/div>\n\n\n<div class=\"wp-block-buttons is-content-justification-center is-layout-flex wp-container-1\"><\/div>\n\n\n\n<p class=\"has-text-align-center\">El archivo tiene una pesta\u00f1a para cada Carrera <\/p>\n\n\n\n<p>Leyenda \u00ab<strong><mark style=\"background-color:rgba(0, 0, 0, 0);color:#ff0000\" class=\"has-inline-color\">a designar<\/mark><\/strong>\u00ab:  Esto indica que a\u00fan no se ha definido el\/la docente responsable de ese espacio curricular, por lo cual no tienen clases. La informaci\u00f3n se actualizar\u00e1 en cuanto se concrete la designaci\u00f3n correspondiente.<\/p>\n\n\n\n<iframe loading=\"lazy\" \n  src=\"https:\/\/docs.google.com\/spreadsheets\/d\/1up50Q6OwM1QaSCdlG0Vg_uHMQFh_cGYC\/edit?usp=sharing_eip&#038;rtpof=true&#038;sd=true&#038;ts=69a24adc\nwidget=true&amp;headers=false\" \n  width=\"100%\" \n  height=\"800\" \n  style=\"border: none;\">\n<\/iframe>\n\n<p style=\"text-align: center; margin-top: 10px;\">\n  <a href=\"https:\/\/docs.google.com\/spreadsheets\/d\/1up50Q6OwM1QaSCdlG0Vg_uHMQFh_cGYC\/edit?usp=sharing&#038;ouid=105440016783085621210&#038;rtpof=true&#038;sd=true\" download>Descargar archivo<\/a>\n<\/p>\n\n\n\n<hr class=\"wp-block-separator has-alpha-channel-opacity\"\/>\n\n\n\n<p><\/p>\n\n\n\n<h2 class=\"wp-block-heading\">Carreras que cursan en I.S.F.D. N\u00b0 803 (Escuela N\u00b0 42)<\/h2>\n\n\n\n<div class=\"wp-block-columns is-layout-flex wp-container-5\">\n<div class=\"wp-block-column is-layout-flow\">\n<ul>\n<li>Profesorado de Ed. Primaria<\/li>\n\n\n\n<li>Prof. de Ed. Secundaria en Lengua y Literatura<\/li>\n\n\n\n<li>Prof. de Ed. Secundaria en Matem\u00e1tica<\/li>\n\n\n\n<li>Prof. de Ed. Secundaria en F\u00edsica<\/li>\n\n\n\n<li>Tecnicatura Sup. en Turismo<\/li>\n\n\n\n<li>Profesorado de Ed. Secundaria en F\u00edsica<\/li>\n\n\n\n<li>Profesorado de Ed. Especial<\/li>\n\n\n\n<li>Tecnicatura Sup. en Prod. de Multimedios<\/li>\n<\/ul>\n<\/div>\n\n\n\n<div class=\"wp-block-column is-layout-flow\">\n<div class=\"wp-block-buttons is-layout-flex\">\n\n<\/div>\n<\/div>\n<\/div>\n\n\n\n<hr class=\"wp-block-separator has-css-opacity\"\/>\n\n\n\n<h2 class=\"wp-block-heading\">Carreras que cursan en Extensi\u00f3n \u00e1ulica (Escuela N\u00b0 124)<\/h2>\n\n\n\n<div class=\"wp-block-columns is-layout-flex wp-container-7\">\n<div class=\"wp-block-column is-layout-flow\">\n<ul>\n<li>Profesorado de Ed. Secundaria en Historia<\/li>\n\n\n\n<li>Profesorado de Ed. Secundaria en Biolog\u00eda<\/li>\n\n\n\n<li>Profesorado de Educaci\u00f3n Tecnol\u00f3gica<\/li>\n\n\n\n<li>Profesorado de Nivel Inicial<\/li>\n\n\n\n<li>Profesorado de Ingl\u00e9s<\/li>\n\n\n\n<li>Tec. Sup. en Ni\u00f1ez, adolescencia y familia<\/li>\n<\/ul>\n<\/div>\n<\/div>\n\n\n\n<div class=\"wp-block-buttons is-layout-flex\"><\/div>\n\n\n\n<hr class=\"wp-block-separator has-css-opacity\"\/>\n\n\n\n<div class=\"wp-block-buttons is-layout-flex\"><\/div>\n","protected":false},"excerpt":{"rendered":"<p>El archivo tiene una pesta\u00f1a para cada Carrera Leyenda \u00aba designar\u00ab: Esto indica que a\u00fan no se ha definido el\/la docente responsable de ese espacio curricular, por lo cual no tienen clases. La informaci\u00f3n se actualizar\u00e1 en cuanto se concrete la designaci\u00f3n correspondiente. Descargar archivo Carreras que cursan en I.S.F.D. N\u00b0 803 (Escuela N\u00b0 42) &#8230; <a title=\"Horarios 2026\" class=\"read-more\" href=\"https:\/\/isfd803-chu.infd.edu.ar\/sitio\/horarios-generales\/\" aria-label=\"More on Horarios 2026\">[+]<\/a><\/p>\n","protected":false},"author":14,"featured_media":0,"parent":0,"menu_order":0,"comment_status":"closed","ping_status":"closed","template":"","meta":[],"acf":[],"_links":{"self":[{"href":"https:\/\/isfd803-chu.infd.edu.ar\/sitio\/wp-json\/wp\/v2\/pages\/6315"}],"collection":[{"href":"https:\/\/isfd803-chu.infd.edu.ar\/sitio\/wp-json\/wp\/v2\/pages"}],"about":[{"href":"https:\/\/isfd803-chu.infd.edu.ar\/sitio\/wp-json\/wp\/v2\/types\/page"}],"author":[{"embeddable":true,"href":"https:\/\/isfd803-chu.infd.edu.ar\/sitio\/wp-json\/wp\/v2\/users\/14"}],"replies":[{"embeddable":true,"href":"https:\/\/isfd803-chu.infd.edu.ar\/sitio\/wp-json\/wp\/v2\/comments?post=6315"}],"version-history":[{"count":188,"href":"https:\/\/isfd803-chu.infd.edu.ar\/sitio\/wp-json\/wp\/v2\/pages\/6315\/revisions"}],"predecessor-version":[{"id":11522,"href":"https:\/\/isfd803-chu.infd.edu.ar\/sitio\/wp-json\/wp\/v2\/pages\/6315\/revisions\/11522"}],"wp:attachment":[{"href":"https:\/\/isfd803-chu.infd.edu.ar\/sitio\/wp-json\/wp\/v2\/media?parent=6315"}],"curies":[{"name":"wp","href":"https:\/\/api.w.org\/{rel}","templated":true}]}}