{"id":6268,"date":"2022-03-11T21:24:39","date_gmt":"2022-03-12T00:24:39","guid":{"rendered":"https:\/\/isfd803-chu.infd.edu.ar\/sitio\/?page_id=6268"},"modified":"2025-11-04T20:09:21","modified_gmt":"2025-11-04T23:09:21","slug":"profesorado-de-educacion-inicial-2022-res-en-tramite","status":"publish","type":"page","link":"https:\/\/isfd803-chu.infd.edu.ar\/sitio\/profesorado-de-educacion-inicial-2022-res-en-tramite\/","title":{"rendered":"Profesorado de Educaci\u00f3n Inicial 2022 (Res. 327\/22)"},"content":{"rendered":"\n<h1 class=\"wp-block-heading\">DOCUMENTOS<\/h1>\n\n\n\n<p><a href=\"upload\/Res._311-14_Educacion_Tecnologica_1.pdf\" target=\"_blank\" rel=\"noreferrer noopener\"><\/a><\/p>\n\n\n\n<p><a href=\"https:\/\/isfd803-chu.infd.edu.ar\/sitio\/wp-content\/uploads\/2022\/03\/DC-PEI2022.pdf\"><img decoding=\"async\" loading=\"lazy\" width=\"153\" height=\"153\" class=\"wp-image-6248\" style=\"width: 60px;\" src=\"https:\/\/isfd803-chu.infd.edu.ar\/sitio\/wp-content\/uploads\/2022\/03\/pdf_icono.jpg\" alt=\"\"><\/a>Dise\u00f1o Curricular Jurisdiccional&nbsp;(Res. 327\/22) <a href=\"https:\/\/isfd803-chu.infd.edu.ar\/sitio\/wp-content\/uploads\/2022\/05\/res_327_22-Prof-Educ-Inicial-1-45.pdf\">Parte 1<\/a> <a href=\"https:\/\/isfd803-chu.infd.edu.ar\/sitio\/wp-content\/uploads\/2022\/05\/res_327_22-Prof-Educ-Inicial-46-93.pdf\">Parte 2<\/a><\/p>\n\n\n\n<p><a href=\"https:\/\/isfd803-chu.infd.edu.ar\/sitio\/wp-content\/uploads\/2022\/03\/DC-PEI2022.pdf\"><img decoding=\"async\" loading=\"lazy\" width=\"153\" height=\"153\" class=\"wp-image-6248\" style=\"width: 60px;\" src=\"https:\/\/isfd803-chu.infd.edu.ar\/sitio\/wp-content\/uploads\/2022\/03\/pdf_icono.jpg\" alt=\"\">Dise\u00f1o Curricular Jurisdiccional&nbsp;(Para descarga)<\/a><\/p>\n\n\n\n<p><a href=\"https:\/\/isfd803-chu.infd.edu.ar\/sitio\/wp-content\/uploads\/2022\/03\/ESTRUCTURA-CURRICULAR-PLAN-DE-ESTUDIOS-PET-2022.pdf\"><img decoding=\"async\" loading=\"lazy\" width=\"153\" height=\"153\" class=\"wp-image-6248\" style=\"width: 60px;\" src=\"https:\/\/isfd803-chu.infd.edu.ar\/sitio\/wp-content\/uploads\/2022\/03\/pdf_icono.jpg\" alt=\"\"><\/a><a href=\"https:\/\/isfd803-chu.infd.edu.ar\/sitio\/wp-content\/uploads\/2022\/05\/ESTRUCTURA-INICIAL-2022.pdf\" target=\"_blank\" rel=\"noreferrer noopener\">Estructura Curricular &#8211; Plan de Estudios<\/a><\/p>\n\n\n\n<h2 class=\"wp-block-heading has-large-font-size\">PROGRAMAS<\/h2>\n\n\n\n<h4 class=\"wp-block-heading\">1\u00b0 a\u00f1o<\/h4>\n\n\n\n<figure class=\"wp-block-table aligncenter\"><table><tbody><tr><td>Lectura y Escritura Acad\u00e9mica<\/td><td><a href=\"https:\/\/isfd803-chu.infd.edu.ar\/sitio\/wp-content\/uploads\/2022\/05\/LyEA-Prof.-Inicial-2022.doc\">2022<\/a><\/td><\/tr><tr><td>Psicolog\u00eda Educacional<\/td><td><a href=\"https:\/\/isfd803-chu.infd.edu.ar\/sitio\/wp-content\/uploads\/2022\/11\/Programa-2022-Psicologia-Educacional-Prof-Nivel-Inicial-2022.docx.pdf\">2022<\/a> &#8211; <a href=\"https:\/\/isfd803-chu.infd.edu.ar\/sitio\/wp-content\/uploads\/2023\/09\/Programa-Psicologia-Educativa-2023-Vanesa-Evans.pdf\">2023<\/a><\/td><\/tr><tr><td>Pedagog\u00eda<\/td><td><\/td><\/tr><tr><td>Did\u00e1ctica General<\/td><td><a href=\"https:\/\/isfd803-chu.infd.edu.ar\/sitio\/wp-content\/uploads\/2023\/09\/PROGRAMA-DIDACTICA-GENERAL-2023-Ines-Asorey.pdf\">2023<\/a><\/td><\/tr><tr><td>Educaci\u00f3n Digital<\/td><td><\/td><\/tr><tr><td>Corporeidad<\/td><td><\/td><\/tr><tr><td>Juego<\/td><td><\/td><\/tr><tr><td>Problem\u00e1ticas de la Educaci\u00f3n Inicial<\/td><td><\/td><\/tr><tr><td>Literatura Infantil<\/td><td><\/td><\/tr><tr><td>Pr\u00e1ctica Profesional Docente I<\/td><td><a href=\"https:\/\/isfd803-chu.infd.edu.ar\/sitio\/wp-content\/uploads\/2023\/09\/Programa-PPD-I-PEI-2023-Ines-Asorey.pdf\">2023<\/a><\/td><\/tr><\/tbody><\/table><\/figure>\n\n\n\n<p><\/p>\n\n\n\n<h4 class=\"wp-block-heading\">2\u00b0 a\u00f1o<\/h4>\n\n\n\n<figure class=\"wp-block-table aligncenter\"><table><tbody><tr><td>Historia y Pol\u00edtica de la Educaci\u00f3n Argentina<\/td><td><\/td><\/tr><tr><td>Educaci\u00f3n Sexual Integral<\/td><td><\/td><\/tr><tr><td>Psicolog\u00eda del Desarrollo<\/td><td><a href=\"https:\/\/isfd803-chu.infd.edu.ar\/sitio\/wp-content\/uploads\/2024\/06\/MODELO-PROGRAMA-2024-Sergio-Baranuik.doc\">2024<\/a><\/td><\/tr><tr><td>Did\u00e1ctica del Jard\u00edn Maternal<\/td><td><\/td><\/tr><tr><td>Lenguajes Art\u00edsticos I<\/td><td><a href=\"https:\/\/isfd803-chu.infd.edu.ar\/sitio\/wp-content\/uploads\/2024\/07\/PEI-LENART-I-PROGRAMA-2024-Gisell-Ferraggine.doc\">2024<\/a><\/td><\/tr><tr><td>Pr\u00e1cticas del Lenguaje y su Did\u00e1ctica<\/td><td><a href=\"https:\/\/isfd803-chu.infd.edu.ar\/sitio\/wp-content\/uploads\/2023\/09\/Programa-Practicas-del-lenguaje-inicial-Garcia-Maciorowski-Fernanda-Maciorowski.docx\">2023<\/a><\/td><\/tr><tr><td>Matem\u00e1tica y su Did\u00e1ctica<\/td><td><a href=\"https:\/\/isfd803-chu.infd.edu.ar\/sitio\/wp-content\/uploads\/2023\/09\/Programa-de-Matematica-y-su-Didactica-2023-Inicial-Sandra-Rodriguez.docx\">2023<\/a><\/td><\/tr><tr><td>Sujetos de la Educaci\u00f3n Inicial<\/td><td><a href=\"https:\/\/isfd803-chu.infd.edu.ar\/sitio\/wp-content\/uploads\/2023\/09\/PROGRAMA-SUJETOS-EDUC-INICIAL-INICIAL-CASTRO-y-GARCIA-Marlene-Garcia.docx\">2023<\/a><\/td><\/tr><tr><td>Pr\u00e1ctica Profesional Docente II<\/td><td><\/td><\/tr><\/tbody><\/table><\/figure>\n\n\n\n<h4 class=\"wp-block-heading\">3\u00b0 a\u00f1o<\/h4>\n\n\n\n<figure class=\"wp-block-table aligncenter\"><table><tbody><tr><td>Derechos Humanos y Ciudadan\u00eda<\/td><td><\/td><\/tr><tr><td>Sociolog\u00eda de la Educaci\u00f3n<\/td><td><a href=\"https:\/\/isfd803-chu.infd.edu.ar\/sitio\/wp-content\/uploads\/2024\/05\/PROGRAMA-SOCIOLOGIA-DE-LA-EDUCACION-INICIAL-Murphy-Jessica-Jessica-Murphy.pdf\">2024<\/a> &#8211; <a href=\"https:\/\/isfd803-chu.infd.edu.ar\/sitio\/wp-content\/uploads\/2025\/10\/Sociologia-de-la-Educacion-PEI-Murphy-Jessica-Jessica-Murphy.doc\">2025<\/a><\/td><\/tr><tr><td>Producci\u00f3n de Recursos Did\u00e1cticos para el Nivel Inicial<\/td><td><a href=\"https:\/\/isfd803-chu.infd.edu.ar\/sitio\/wp-content\/uploads\/2024\/05\/PROGRAMA-PRODUCCION-DE-RECURSOS-DIDACTICOS-2024-Vanesa-Bariffuzza.doc\">2024<\/a><\/td><\/tr><tr><td>Alfabetizaci\u00f3n Inicial<\/td><td><\/td><\/tr><tr><td>Did\u00e1ctica del Jard\u00edn de Infantes<\/td><td><a href=\"https:\/\/isfd803-chu.infd.edu.ar\/sitio\/wp-content\/uploads\/2024\/05\/PROGRAMA-DIDACTICA-JARDIN-DE-INFANTES-Maria-Agustina-Varas.pdf\">2024<\/a><\/td><\/tr><tr><td>Lenguajes Art\u00edsticos II<\/td><td><a href=\"https:\/\/isfd803-chu.infd.edu.ar\/sitio\/wp-content\/uploads\/2024\/05\/MODELO-PROGRAMA-2024-Caro-Soto-Conti.doc\">2024<\/a><\/td><\/tr><tr><td>Ciencias Naturales y su Did\u00e1ctica<\/td><td><a href=\"https:\/\/isfd803-chu.infd.edu.ar\/sitio\/wp-content\/uploads\/2024\/08\/Promagrama-2024-ISFD-803-Mauricio-Osvaldo-Gonzalez.docx\">2024<\/a><\/td><\/tr><tr><td>Ciencias Sociales y su Did\u00e1ctica<\/td><td><\/td><\/tr><tr><td>Pr\u00e1ctica Profesional Docente III y Residencia<\/td><td><\/td><\/tr><\/tbody><\/table><\/figure>\n\n\n\n<h4 class=\"wp-block-heading\">4\u00b0 a\u00f1o<\/h4>\n\n\n\n<figure class=\"wp-block-table aligncenter\"><table><tbody><tr><td>Filosof\u00eda de la Educaci\u00f3n<\/td><td><a href=\"https:\/\/isfd803-chu.infd.edu.ar\/sitio\/wp-content\/uploads\/2025\/11\/PROGRAMA-FILOSOFIA-DE-LA-EDUC.-INICIAL-Navarro-Leonel-Leonel-Navarro.pdf\">2025<\/a><\/td><\/tr><tr><td>Sistematizaci\u00f3n de Experiencias Pedag\u00f3gicas<\/td><td><a href=\"https:\/\/isfd803-chu.infd.edu.ar\/sitio\/wp-content\/uploads\/2024\/05\/PROGRAMA-SOCIOLOGIA-DE-LA-EDUCACION-INICIAL-Murphy-Jessica-Jessica-Murphy.pdf\">2024<\/a> &#8211; <a href=\"https:\/\/isfd803-chu.infd.edu.ar\/sitio\/wp-content\/uploads\/2025\/10\/Sist._Experiencias_Pedagogicas_INICIAL-Weinstock-Garcia-Weinstock-Ana-Mariel.docx\">2025<\/a><\/td><\/tr><tr><td>UDI del CFG<\/td><td><\/td><\/tr><tr><td>UDI del CFE<\/td><td><\/td><\/tr><tr><td>Educaci\u00f3n Tecnol\u00f3gica y su Did\u00e1ctica<\/td><td><a href=\"https:\/\/isfd803-chu.infd.edu.ar\/sitio\/wp-content\/uploads\/2024\/05\/Programa-Ed-Tecnologica-y-su-didactica-2024-Maria-Agustina-Varas.pdf\">2024<\/a> &#8211; <a href=\"https:\/\/isfd803-chu.infd.edu.ar\/sitio\/wp-content\/uploads\/2025\/03\/PROGRAMA_Ed._Tecnologica_y_su_didactica_2025-Maria-Agustina-Varas.pdf\">2025<\/a><\/td><\/tr><tr><td>Educaci\u00f3n Art\u00edstica y su Did\u00e1ctica<\/td><td><\/td><\/tr><tr><td>Pr\u00e1ctica Profesional Docente IV y Residencia<\/td><td><a href=\"https:\/\/isfd803-chu.infd.edu.ar\/sitio\/wp-content\/uploads\/2025\/10\/PROGRAMA-2025.docx-Practica-y-Residencia-IV-Ed.-Inicial.pdf\">2025<\/a><\/td><\/tr><\/tbody><\/table><\/figure>\n","protected":false},"excerpt":{"rendered":"<p>DOCUMENTOS Dise\u00f1o Curricular Jurisdiccional&nbsp;(Res. 327\/22) Parte 1 Parte 2 Dise\u00f1o Curricular Jurisdiccional&nbsp;(Para descarga) Estructura Curricular &#8211; Plan de Estudios PROGRAMAS 1\u00b0 a\u00f1o Lectura y Escritura Acad\u00e9mica 2022 Psicolog\u00eda Educacional 2022 &#8211; 2023 Pedagog\u00eda Did\u00e1ctica General 2023 Educaci\u00f3n Digital Corporeidad Juego Problem\u00e1ticas de la Educaci\u00f3n Inicial Literatura Infantil Pr\u00e1ctica Profesional Docente I 2023 2\u00b0 a\u00f1o Historia &#8230; <a title=\"Profesorado de Educaci\u00f3n Inicial 2022 (Res. 327\/22)\" class=\"read-more\" href=\"https:\/\/isfd803-chu.infd.edu.ar\/sitio\/profesorado-de-educacion-inicial-2022-res-en-tramite\/\" aria-label=\"More on Profesorado de Educaci\u00f3n Inicial 2022 (Res. 327\/22)\">[+]<\/a><\/p>\n","protected":false},"author":14,"featured_media":0,"parent":0,"menu_order":0,"comment_status":"closed","ping_status":"closed","template":"","meta":[],"acf":[],"_links":{"self":[{"href":"https:\/\/isfd803-chu.infd.edu.ar\/sitio\/wp-json\/wp\/v2\/pages\/6268"}],"collection":[{"href":"https:\/\/isfd803-chu.infd.edu.ar\/sitio\/wp-json\/wp\/v2\/pages"}],"about":[{"href":"https:\/\/isfd803-chu.infd.edu.ar\/sitio\/wp-json\/wp\/v2\/types\/page"}],"author":[{"embeddable":true,"href":"https:\/\/isfd803-chu.infd.edu.ar\/sitio\/wp-json\/wp\/v2\/users\/14"}],"replies":[{"embeddable":true,"href":"https:\/\/isfd803-chu.infd.edu.ar\/sitio\/wp-json\/wp\/v2\/comments?post=6268"}],"version-history":[{"count":29,"href":"https:\/\/isfd803-chu.infd.edu.ar\/sitio\/wp-json\/wp\/v2\/pages\/6268\/revisions"}],"predecessor-version":[{"id":11290,"href":"https:\/\/isfd803-chu.infd.edu.ar\/sitio\/wp-json\/wp\/v2\/pages\/6268\/revisions\/11290"}],"wp:attachment":[{"href":"https:\/\/isfd803-chu.infd.edu.ar\/sitio\/wp-json\/wp\/v2\/media?parent=6268"}],"curies":[{"name":"wp","href":"https:\/\/api.w.org\/{rel}","templated":true}]}}