{"id":6264,"date":"2022-03-11T21:17:37","date_gmt":"2022-03-12T00:17:37","guid":{"rendered":"https:\/\/isfd803-chu.infd.edu.ar\/sitio\/?page_id=6264"},"modified":"2025-11-28T11:42:44","modified_gmt":"2025-11-28T14:42:44","slug":"profesorado-de-ingles-2022-res-326-22","status":"publish","type":"page","link":"https:\/\/isfd803-chu.infd.edu.ar\/sitio\/profesorado-de-ingles-2022-res-326-22\/","title":{"rendered":"Profesorado de Ingl\u00e9s Res. 326\/22"},"content":{"rendered":"\n<p><a href=\"upload\/Res._311-14_Educacion_Tecnologica_1.pdf\" target=\"_blank\" rel=\"noreferrer noopener\"><\/a><\/p>\n\n\n<div class=\"wp-block-image\">\n<figure class=\"aligncenter size-full is-resized\"><img decoding=\"async\" loading=\"lazy\" src=\"https:\/\/isfd803-chu.infd.edu.ar\/sitio\/wp-content\/uploads\/2024\/09\/INGLES.png\" alt=\"\" class=\"wp-image-9970\" width=\"152\" height=\"159\"\/><\/figure><\/div>\n\n<div class=\"wp-block-image\">\n<figure class=\"aligncenter size-large is-resized\"><a href=\"https:\/\/isfd803-chu.infd.edu.ar\/sitio\/wp-content\/uploads\/2022\/03\/DC-PI2022.pdf\"><img decoding=\"async\" loading=\"lazy\" src=\"https:\/\/isfd803-chu.infd.edu.ar\/sitio\/wp-content\/uploads\/2024\/09\/DISENO-CURRICULAR-1900x486.png\" alt=\"\" class=\"wp-image-9897\" width=\"475\" height=\"122\" srcset=\"https:\/\/isfd803-chu.infd.edu.ar\/sitio\/wp-content\/uploads\/2024\/09\/DISENO-CURRICULAR-1900x486.png 1900w, https:\/\/isfd803-chu.infd.edu.ar\/sitio\/wp-content\/uploads\/2024\/09\/DISENO-CURRICULAR-1000x256.png 1000w, https:\/\/isfd803-chu.infd.edu.ar\/sitio\/wp-content\/uploads\/2024\/09\/DISENO-CURRICULAR-768x197.png 768w, https:\/\/isfd803-chu.infd.edu.ar\/sitio\/wp-content\/uploads\/2024\/09\/DISENO-CURRICULAR-1536x393.png 1536w, https:\/\/isfd803-chu.infd.edu.ar\/sitio\/wp-content\/uploads\/2024\/09\/DISENO-CURRICULAR-2048x524.png 2048w\" sizes=\"(max-width: 475px) 100vw, 475px\" \/><\/a><\/figure><\/div>\n\n<div class=\"wp-block-image\">\n<figure class=\"aligncenter size-large is-resized\"><a href=\"https:\/\/isfd803-chu.infd.edu.ar\/sitio\/wp-content\/uploads\/2022\/03\/ESTRUCTURA-CURRICULAR-PLAN-DE-ESTUDIOS-PI-2022.pdf\"><img decoding=\"async\" loading=\"lazy\" src=\"https:\/\/isfd803-chu.infd.edu.ar\/sitio\/wp-content\/uploads\/2024\/09\/ESTRUCTURA-CURRICULAR-1900x486.png\" alt=\"\" class=\"wp-image-9898\" width=\"475\" height=\"122\" srcset=\"https:\/\/isfd803-chu.infd.edu.ar\/sitio\/wp-content\/uploads\/2024\/09\/ESTRUCTURA-CURRICULAR-1900x486.png 1900w, https:\/\/isfd803-chu.infd.edu.ar\/sitio\/wp-content\/uploads\/2024\/09\/ESTRUCTURA-CURRICULAR-1000x256.png 1000w, https:\/\/isfd803-chu.infd.edu.ar\/sitio\/wp-content\/uploads\/2024\/09\/ESTRUCTURA-CURRICULAR-768x196.png 768w, https:\/\/isfd803-chu.infd.edu.ar\/sitio\/wp-content\/uploads\/2024\/09\/ESTRUCTURA-CURRICULAR-1536x393.png 1536w, https:\/\/isfd803-chu.infd.edu.ar\/sitio\/wp-content\/uploads\/2024\/09\/ESTRUCTURA-CURRICULAR-2048x524.png 2048w\" sizes=\"(max-width: 475px) 100vw, 475px\" \/><\/a><\/figure><\/div>\n\n\n<p class=\"has-text-align-center\"><a href=\"https:\/\/isfd803-chu.infd.edu.ar\/sitio\/wp-content\/uploads\/2022\/05\/DC_Prof-de-Ingles_326_22_CORRELATIVAS.pdf\">R\u00e9gimen de Correlatividades<\/a><\/p>\n\n\n\n<hr class=\"wp-block-separator has-alpha-channel-opacity\"\/>\n\n\n<div class=\"wp-block-image\">\n<figure class=\"aligncenter size-full is-resized\"><img decoding=\"async\" loading=\"lazy\" src=\"https:\/\/isfd803-chu.infd.edu.ar\/sitio\/wp-content\/uploads\/2024\/09\/PROGRAMAS.png\" alt=\"\" class=\"wp-image-9901\" width=\"359\" height=\"77\" srcset=\"https:\/\/isfd803-chu.infd.edu.ar\/sitio\/wp-content\/uploads\/2024\/09\/PROGRAMAS.png 1435w, https:\/\/isfd803-chu.infd.edu.ar\/sitio\/wp-content\/uploads\/2024\/09\/PROGRAMAS-1000x213.png 1000w, https:\/\/isfd803-chu.infd.edu.ar\/sitio\/wp-content\/uploads\/2024\/09\/PROGRAMAS-768x164.png 768w\" sizes=\"(max-width: 359px) 100vw, 359px\" \/><\/figure><\/div>\n\n\n<figure class=\"wp-block-table aligncenter\" style=\"font-style:normal;font-weight:500\"><table class=\"has-base-background-color has-background\"><tbody><tr><td class=\"has-text-align-center\" data-align=\"center\" colspan=\"2\"><img decoding=\"async\" loading=\"lazy\" width=\"1015\" height=\"217\" class=\"wp-image-9903\" style=\"width: 300px;\" src=\"https:\/\/isfd803-chu.infd.edu.ar\/sitio\/wp-content\/uploads\/2024\/09\/1-ANO.png\" alt=\"\" srcset=\"https:\/\/isfd803-chu.infd.edu.ar\/sitio\/wp-content\/uploads\/2024\/09\/1-ANO.png 1015w, https:\/\/isfd803-chu.infd.edu.ar\/sitio\/wp-content\/uploads\/2024\/09\/1-ANO-1000x214.png 1000w, https:\/\/isfd803-chu.infd.edu.ar\/sitio\/wp-content\/uploads\/2024\/09\/1-ANO-768x164.png 768w\" sizes=\"(max-width: 1015px) 100vw, 1015px\" \/><\/td><\/tr><tr><td class=\"has-text-align-center\" data-align=\"center\">Lectura y Escritura Acad\u00e9mica <\/td><td class=\"has-text-align-center\" data-align=\"center\"><a href=\"https:\/\/isfd803-chu.infd.edu.ar\/sitio\/wp-content\/uploads\/2022\/05\/LyEA-Prof.-Ingles-2022.doc\">2022<\/a> &#8211; <a href=\"https:\/\/isfd803-chu.infd.edu.ar\/sitio\/wp-content\/uploads\/2023\/08\/Programa-Lect-Esc-Academ-INGLES-Diego-Agustin-Cacciavillani.doc\">2023<\/a> &#8211; <a href=\"https:\/\/isfd803-chu.infd.edu.ar\/sitio\/wp-content\/uploads\/2024\/05\/PROGRAMA-2024-LEA.-Prof-de-Ingles-Patricia-Fernandez-Cordoba.doc\">2024<\/a><\/td><\/tr><tr><td class=\"has-text-align-center\" data-align=\"center\">Psicolog\u00eda Educacional<\/td><td class=\"has-text-align-center\" data-align=\"center\"><a href=\"https:\/\/isfd803-chu.infd.edu.ar\/sitio\/wp-content\/uploads\/2022\/05\/Programa-de-Psicologia-Educacional-2022-Ingles.pdf\">2022<\/a> &#8211;<a href=\"https:\/\/isfd803-chu.infd.edu.ar\/sitio\/wp-content\/uploads\/2024\/06\/Programa-de-Psicologia-Educacional-2024-Ingles-Roberto-Garcia-Manino-Roberto-Garcia-Manino.pdf\"> 2024<\/a> &#8211; <a href=\"https:\/\/isfd803-chu.infd.edu.ar\/sitio\/wp-content\/uploads\/2025\/11\/PROGRAMA-2025-psicologia-educacional.-Castillo-Angela-Daniela-Castillo.pdf\">2025<\/a><\/td><\/tr><tr><td class=\"has-text-align-center\" data-align=\"center\">Pedagog\u00eda<\/td><td class=\"has-text-align-center\" data-align=\"center\"><a href=\"https:\/\/isfd803-chu.infd.edu.ar\/sitio\/wp-content\/uploads\/2023\/08\/PROGRAMA-PEDAGOGIA-INGLES-2023.pdf\">2023<\/a> &#8211; <a href=\"https:\/\/isfd803-chu.infd.edu.ar\/sitio\/wp-content\/uploads\/2025\/11\/PROGRAMA-DE-PEDAGOGIA-ALDAZORO-2024-2025-JORGE-ALDAZORO.pdf\">2025<\/a><\/td><\/tr><tr><td class=\"has-text-align-center\" data-align=\"center\">Did\u00e1ctica General<\/td><td class=\"has-text-align-center\" data-align=\"center\"><a href=\"https:\/\/isfd803-chu.infd.edu.ar\/sitio\/wp-content\/uploads\/2022\/10\/Programa-Didactica.-profesorado-de-Ingles.pdf\">2022&nbsp;<\/a>&#8211; <a href=\"https:\/\/isfd803-chu.infd.edu.ar\/sitio\/wp-content\/uploads\/2024\/06\/programa-2024-Carolina-Castro.pdf\">2024<\/a><\/td><\/tr><tr><td class=\"has-text-align-center\" data-align=\"center\">Educaci\u00f3n Digital<\/td><td class=\"has-text-align-center\" data-align=\"center\"><a href=\"https:\/\/isfd803-chu.infd.edu.ar\/sitio\/wp-content\/uploads\/2023\/08\/Programa-Educacion-Digital.doc\">&nbsp;2023<\/a> &#8211; <a href=\"https:\/\/isfd803-chu.infd.edu.ar\/sitio\/wp-content\/uploads\/2024\/05\/Educacion-Digital-Ingles-Monteros-Marcos-Monteros.doc\">2024<\/a> &#8211; <a href=\"https:\/\/isfd803-chu.infd.edu.ar\/sitio\/wp-content\/uploads\/2025\/04\/Educacion-Digital-Ingles-Monteros-Marcos-Monteros.pdf\">2025<\/a><\/td><\/tr><tr><td class=\"has-text-align-center\" data-align=\"center\">Lengua Inglesa e Interculturalidad I<\/td><td class=\"has-text-align-center\" data-align=\"center\"><a href=\"https:\/\/isfd803-chu.infd.edu.ar\/sitio\/wp-content\/uploads\/2022\/05\/Programa-de-Lengua-e-Interculturalidad-I-2022.pdf\">2022&nbsp;<\/a>&#8211; <a href=\"https:\/\/isfd803-chu.infd.edu.ar\/sitio\/wp-content\/uploads\/2025\/06\/Programa-de-Lengua-e-Interculturalidad-2023.doc\">2023<\/a><\/td><\/tr><tr><td class=\"has-text-align-center\" data-align=\"center\">Fon\u00e9tica, Fonolog\u00eda y Dicci\u00f3n Inglesa I<\/td><td class=\"has-text-align-center\" data-align=\"center\"><a href=\"https:\/\/isfd803-chu.infd.edu.ar\/sitio\/wp-content\/uploads\/2025\/06\/Programa-de-Fonetica-fonologia-y-Diccion-I-2023-1.docx\"> <\/a><a href=\"https:\/\/isfd803-chu.infd.edu.ar\/sitio\/wp-content\/uploads\/2022\/05\/Programa-de-Fonetica-fonologia-y-Diccion-I-2022.pdf\">2022<\/a> &#8211; <a href=\"https:\/\/isfd803-chu.infd.edu.ar\/sitio\/wp-content\/uploads\/2025\/06\/Programa-de-Fonetica-fonologia-y-Diccion-I-2023-1.docx\">2023<\/a> &#8211; <a href=\"https:\/\/isfd803-chu.infd.edu.ar\/sitio\/wp-content\/uploads\/2025\/10\/Programa_Fonetica_I_PI_Hahn-Romina-Hahn.pdf\">2025<\/a><\/td><\/tr><tr><td class=\"has-text-align-center\" data-align=\"center\">Gram\u00e1tica Inglesa I<\/td><td class=\"has-text-align-center\" data-align=\"center\"><a href=\"https:\/\/isfd803-chu.infd.edu.ar\/sitio\/wp-content\/uploads\/2022\/07\/GRAMATICA_I-PROGRAMA_2022.pdf\">&nbsp;2022<\/a> &#8211; <a href=\"https:\/\/isfd803-chu.infd.edu.ar\/sitio\/wp-content\/uploads\/2023\/09\/programa-English-Grammar-1-Alejandra-Nicolini.docx\">2023<\/a> &#8211; <a href=\"https:\/\/isfd803-chu.infd.edu.ar\/sitio\/wp-content\/uploads\/2024\/05\/PROGRAMA-GRAMATICA-INGLESA-I-2024-.docx\">2024<\/a> &#8211; <a href=\"https:\/\/isfd803-chu.infd.edu.ar\/sitio\/wp-content\/uploads\/2025\/04\/GRAMATICA-INGLESA-I-Prof-de-Ingles-NAZAR-Cecilia-PROGRAMA-2025-pina-phillis.pdf\">2025<\/a><\/td><\/tr><tr><td class=\"has-text-align-center\" data-align=\"center\">Pr\u00e1ctica Profesional Docente I<\/td><td class=\"has-text-align-center\" data-align=\"center\"><a href=\"https:\/\/isfd803-chu.infd.edu.ar\/sitio\/wp-content\/uploads\/2025\/10\/2025-Programa-PPD1.docx-Brenda-Lefiman.pdf\">2025&nbsp;<\/a><\/td><\/tr><\/tbody><\/table><\/figure>\n\n\n\n<figure class=\"wp-block-table aligncenter\" style=\"font-style:normal;font-weight:500\"><table class=\"has-base-background-color has-background\"><tbody><tr><td class=\"has-text-align-center\" data-align=\"center\" colspan=\"2\"><img decoding=\"async\" loading=\"lazy\" width=\"1016\" height=\"217\" class=\"wp-image-9929\" style=\"width: 300px;\" src=\"https:\/\/isfd803-chu.infd.edu.ar\/sitio\/wp-content\/uploads\/2024\/09\/2-ANO.png\" alt=\"\" srcset=\"https:\/\/isfd803-chu.infd.edu.ar\/sitio\/wp-content\/uploads\/2024\/09\/2-ANO.png 1016w, https:\/\/isfd803-chu.infd.edu.ar\/sitio\/wp-content\/uploads\/2024\/09\/2-ANO-1000x214.png 1000w, https:\/\/isfd803-chu.infd.edu.ar\/sitio\/wp-content\/uploads\/2024\/09\/2-ANO-768x164.png 768w\" sizes=\"(max-width: 1016px) 100vw, 1016px\" \/><\/td><\/tr><tr><td>Historia y Pol\u00edtica de la Educaci\u00f3n Argentina <\/td><td class=\"has-text-align-center\" data-align=\"center\"><a href=\"https:\/\/isfd803-chu.infd.edu.ar\/sitio\/wp-content\/uploads\/2025\/11\/PROGRAMA-P-INGLES-HIST-POLI-EDUC-ARGENTINA-2024-2025-JORGE-ALDAZORO.pdf\">2025<\/a><\/td><\/tr><tr><td>Educaci\u00f3n Sexual Integral<\/td><td class=\"has-text-align-center\" data-align=\"center\"><\/td><\/tr><tr><td>Sujetos del Aprendizaje<\/td><td class=\"has-text-align-center\" data-align=\"center\"><\/td><\/tr><tr><td>Did\u00e1ctica de la Leng. Ing. para los N. Inic. y Primario<\/td><td class=\"has-text-align-center\" data-align=\"center\"><a href=\"https:\/\/isfd803-chu.infd.edu.ar\/sitio\/wp-content\/uploads\/2024\/05\/Didactica-NI-y-P-MODELO-PROGRAMA-2024-Sonia-Perez.doc\">2024<\/a><a href=\"https:\/\/isfd803-chu.infd.edu.ar\/sitio\/wp-content\/uploads\/2022\/10\/Programa-Didactica.-profesorado-de-Ingles.pdf\">&nbsp;<\/a>&#8211; <a href=\"https:\/\/isfd803-chu.infd.edu.ar\/sitio\/wp-content\/uploads\/2025\/10\/Didactica-NI-y-P-PROGRAMA-2025-Sol-Falcon.pdf\">2025<\/a><\/td><\/tr><tr><td>Educaci\u00f3n Digital<\/td><td class=\"has-text-align-center\" data-align=\"center\"><a href=\"https:\/\/isfd803-chu.infd.edu.ar\/sitio\/wp-content\/uploads\/2023\/08\/Programa-Educacion-Digital.doc\">&nbsp;2023<\/a><\/td><\/tr><tr><td>Lengua Inglesa e Interculturalidad I<\/td><td class=\"has-text-align-center\" data-align=\"center\"><a href=\"https:\/\/isfd803-chu.infd.edu.ar\/sitio\/wp-content\/uploads\/2022\/05\/Programa-de-Lengua-e-Interculturalidad-I-2022.pdf\">2022&nbsp;<\/a><\/td><\/tr><tr><td>Fon\u00e9tica, Fonolog\u00eda y Dicci\u00f3n Inglesa I<\/td><td class=\"has-text-align-center\" data-align=\"center\"><a href=\"https:\/\/isfd803-chu.infd.edu.ar\/sitio\/wp-content\/uploads\/2022\/05\/Programa-de-Fonetica-fonologia-y-Diccion-I-2022.pdf\">2022<\/a><\/td><\/tr><tr><td>Gram\u00e1tica Inglesa II<\/td><td class=\"has-text-align-center\" data-align=\"center\"><a href=\"https:\/\/isfd803-chu.infd.edu.ar\/sitio\/wp-content\/uploads\/2022\/07\/GRAMATICA_I-PROGRAMA_2022.pdf\">&nbsp;<\/a><\/td><\/tr><tr><td>Introducci\u00f3n a la Ling\u00fc\u00edstica<\/td><td class=\"has-text-align-center\" data-align=\"center\">&nbsp;<\/td><\/tr><tr><td>Lengua Inglesa e Interculturalidad II<\/td><td class=\"has-text-align-center\" data-align=\"center\"><\/td><\/tr><tr><td>Fon\u00e9tica, Fonolog\u00eda y Dicci\u00f3n Inglesa II<\/td><td class=\"has-text-align-center\" data-align=\"center\"><\/td><\/tr><tr><td>Gram\u00e1tica Inglesa II<\/td><td class=\"has-text-align-center\" data-align=\"center\">&nbsp;<\/td><\/tr><tr><td>Pr\u00e1ctica Prof. Docente II<\/td><td class=\"has-text-align-center\" data-align=\"center\">&nbsp;<a href=\"https:\/\/isfd803-chu.infd.edu.ar\/sitio\/wp-content\/uploads\/2023\/09\/PROGRAMA-PPD-II-2023-Alejandra-Nicolini.docx\">2023<\/a> &#8211; <a href=\"https:\/\/isfd803-chu.infd.edu.ar\/sitio\/wp-content\/uploads\/2024\/06\/profesorado-de-ingles-PRACTICA-PROFESIONAL-DOCENTE-II-2024-Alejandra-Nicolini.pdf\">2024<\/a> &#8211; <a href=\"https:\/\/isfd803-chu.infd.edu.ar\/sitio\/wp-content\/uploads\/2025\/10\/PROGRAMA-2025.-PRACTICA-PD-2.-PROF.-INGLES-ESPINDOLA-VELAZQUEZ-Micaela.pdf\">2025<\/a><\/td><\/tr><\/tbody><\/table><\/figure>\n\n\n\n<figure class=\"wp-block-table aligncenter\" style=\"font-style:normal;font-weight:500\"><table class=\"has-base-background-color has-background\"><tbody><tr><td class=\"has-text-align-center\" data-align=\"center\" colspan=\"2\"><img decoding=\"async\" src=\"https:\/\/isfd803-chu.infd.edu.ar\/sitio\/wp-content\/uploads\/2024\/09\/3-ANO.png\" alt=\"\" style=\"width: 300px;\"><\/td><\/tr><tr><td>Investigaci\u00f3n Educativa<\/td><td class=\"has-text-align-center\" data-align=\"center\"><a href=\"https:\/\/isfd803-chu.infd.edu.ar\/sitio\/wp-content\/uploads\/2025\/04\/Investigacion-Educativa-INGLES-Weinstock-Weinstock-Ana-Mariel.pdf\">2024<\/a> &#8211; <a href=\"https:\/\/isfd803-chu.infd.edu.ar\/sitio\/wp-content\/uploads\/2025\/11\/programa-Investigacion-Educativa-Ingles-2025-Weinstock-Ana-Mariel.pdf\">2025<\/a><\/td><\/tr><tr><td>Sociolog\u00eda de la Educaci\u00f3n<\/td><td class=\"has-text-align-center\" data-align=\"center\"><a href=\"https:\/\/isfd803-chu.infd.edu.ar\/sitio\/wp-content\/uploads\/2025\/10\/PROGRAMA-SOCIOLOGIA-DE-LA-EDUCACION-INGLES-SARAVI-JULIAN-2024-Julian-Saravi.pdf\">2024<\/a> &#8211; <a href=\"https:\/\/isfd803-chu.infd.edu.ar\/sitio\/wp-content\/uploads\/2025\/10\/PROGRAMA-SOCIOLOGIA-DE-LA-EDUCACION-INGLES-SARAVI-JULIAN-2025-Julian-Saravi.pdf\">2025<\/a><\/td><\/tr><tr><td>Psicoling\u00fc\u00edstica<\/td><td class=\"has-text-align-center\" data-align=\"center\"><a href=\"https:\/\/isfd803-chu.infd.edu.ar\/sitio\/wp-content\/uploads\/2025\/10\/PROGRAMA_Psicolinguistica_PI_Hahn-Romina-Hahn.pdf\">2025<\/a><\/td><\/tr><tr><td>Estudio Literario y Cultural en Lengua Inglesa I<\/td><td class=\"has-text-align-center\" data-align=\"center\"><a href=\"https:\/\/isfd803-chu.infd.edu.ar\/sitio\/wp-content\/uploads\/2025\/11\/Estudio-Literario-y-Cultural-en-Lengua-Inglesa-l-Nancy-Sheppard-pdf-Nancy-Sheppard.pdf\">2025<\/a><\/td><\/tr><tr><td>Did\u00e1ctica de la Lengua Inglesa para Nivel Secundario<\/td><td class=\"has-text-align-center\" data-align=\"center\"><\/td><\/tr><tr><td>Lengua Inglesa e Interculturalidad III<\/td><td class=\"has-text-align-center\" data-align=\"center\"><a href=\"https:\/\/isfd803-chu.infd.edu.ar\/sitio\/wp-content\/uploads\/2022\/05\/Programa-de-Lengua-e-Interculturalidad-I-2022.pdf\">&nbsp;<\/a><\/td><\/tr><tr><td>Fon\u00e9tica, Fonolog\u00eda y Dicci\u00f3n Inglesa III<\/td><td class=\"has-text-align-center\" data-align=\"center\"><\/td><\/tr><tr><td>Pr\u00e1ctica Prof. Docente III<\/td><td class=\"has-text-align-center\" data-align=\"center\"><a href=\"https:\/\/isfd803-chu.infd.edu.ar\/sitio\/wp-content\/uploads\/2024\/06\/PROGRAMA-ingles-2024-Angeles-Lagier.doc\">2024<\/a><\/td><\/tr><\/tbody><\/table><\/figure>\n\n\n\n<figure class=\"wp-block-table aligncenter\" style=\"font-style:normal;font-weight:500\"><table class=\"has-base-background-color has-background\"><tbody><tr><td class=\"has-text-align-center\" data-align=\"center\" colspan=\"2\"><img decoding=\"async\" loading=\"lazy\" width=\"1016\" height=\"217\" class=\"wp-image-9927\" style=\"width: 300px;\" src=\"https:\/\/isfd803-chu.infd.edu.ar\/sitio\/wp-content\/uploads\/2024\/09\/4-ANO.png\" alt=\"\" srcset=\"https:\/\/isfd803-chu.infd.edu.ar\/sitio\/wp-content\/uploads\/2024\/09\/4-ANO.png 1016w, https:\/\/isfd803-chu.infd.edu.ar\/sitio\/wp-content\/uploads\/2024\/09\/4-ANO-1000x214.png 1000w, https:\/\/isfd803-chu.infd.edu.ar\/sitio\/wp-content\/uploads\/2024\/09\/4-ANO-768x164.png 768w\" sizes=\"(max-width: 1016px) 100vw, 1016px\" \/><\/td><\/tr><tr><td>Filosof\u00eda de la Educaci\u00f3n<\/td><td class=\"has-text-align-center\" data-align=\"center\"><a href=\"https:\/\/isfd803-chu.infd.edu.ar\/sitio\/wp-content\/uploads\/2025\/11\/PROGRAMA-Filosofia-de-la-Educacion-Prif.-Ingles-Navarro-Leonel-Leonel-Navarro.pdf\">2025<\/a><\/td><\/tr><tr><td>UDI I del CFG<\/td><td class=\"has-text-align-center\" data-align=\"center\"><\/td><\/tr><tr><td>UDI II del CFG<\/td><td class=\"has-text-align-center\" data-align=\"center\"><\/td><\/tr><tr><td>Estudio Literario y Culturalen Lengua Inglesa II<\/td><td class=\"has-text-align-center\" data-align=\"center\"><\/td><\/tr><tr><td>Investigaci\u00f3n en Ense\u00f1anza del Ingles<\/td><td class=\"has-text-align-center\" data-align=\"center\"><a href=\"https:\/\/isfd803-chu.infd.edu.ar\/sitio\/wp-content\/uploads\/2025\/10\/PROGRAMA-INVESTIGACIO\u0301N-ENSEN\u0303ANZA-DEL-INGLE\u0301S_PI_Hahn-Romina-Hahn.pdf\">2025<\/a><\/td><\/tr><tr><td>Lengua Inglesa y An\u00e1lisis del Discurso<\/td><td class=\"has-text-align-center\" data-align=\"center\"><a href=\"https:\/\/isfd803-chu.infd.edu.ar\/sitio\/wp-content\/uploads\/2022\/05\/Programa-de-Lengua-e-Interculturalidad-I-2022.pdf\">&nbsp;<\/a><\/td><\/tr><tr><td>Socioling\u00fc\u00edstica<\/td><td class=\"has-text-align-center\" data-align=\"center\"><a href=\"https:\/\/isfd803-chu.infd.edu.ar\/sitio\/wp-content\/uploads\/2024\/10\/Programa-Sociolinguistica-2024-pina-phillis.pdf\">2024<\/a><\/td><\/tr><tr><td>Pr\u00e1ctica Prof. Docente IV y Residencia<\/td><td class=\"has-text-align-center\" data-align=\"center\"><a href=\"https:\/\/isfd803-chu.infd.edu.ar\/sitio\/wp-content\/uploads\/2024\/06\/Practica-Profesional-Docente-IV-programa-2024-Sonia-Perez.doc\">2024<\/a><\/td><\/tr><\/tbody><\/table><\/figure>\n","protected":false},"excerpt":{"rendered":"<p>R\u00e9gimen de Correlatividades Lectura y Escritura Acad\u00e9mica 2022 &#8211; 2023 &#8211; 2024 Psicolog\u00eda Educacional 2022 &#8211; 2024 &#8211; 2025 Pedagog\u00eda 2023 &#8211; 2025 Did\u00e1ctica General 2022&nbsp;&#8211; 2024 Educaci\u00f3n Digital &nbsp;2023 &#8211; 2024 &#8211; 2025 Lengua Inglesa e Interculturalidad I 2022&nbsp;&#8211; 2023 Fon\u00e9tica, Fonolog\u00eda y Dicci\u00f3n Inglesa I 2022 &#8211; 2023 &#8211; 2025 Gram\u00e1tica Inglesa I &#8230; <a title=\"Profesorado de Ingl\u00e9s Res. 326\/22\" class=\"read-more\" href=\"https:\/\/isfd803-chu.infd.edu.ar\/sitio\/profesorado-de-ingles-2022-res-326-22\/\" aria-label=\"More on Profesorado de Ingl\u00e9s Res. 326\/22\">[+]<\/a><\/p>\n","protected":false},"author":14,"featured_media":0,"parent":0,"menu_order":0,"comment_status":"closed","ping_status":"closed","template":"","meta":[],"acf":[],"_links":{"self":[{"href":"https:\/\/isfd803-chu.infd.edu.ar\/sitio\/wp-json\/wp\/v2\/pages\/6264"}],"collection":[{"href":"https:\/\/isfd803-chu.infd.edu.ar\/sitio\/wp-json\/wp\/v2\/pages"}],"about":[{"href":"https:\/\/isfd803-chu.infd.edu.ar\/sitio\/wp-json\/wp\/v2\/types\/page"}],"author":[{"embeddable":true,"href":"https:\/\/isfd803-chu.infd.edu.ar\/sitio\/wp-json\/wp\/v2\/users\/14"}],"replies":[{"embeddable":true,"href":"https:\/\/isfd803-chu.infd.edu.ar\/sitio\/wp-json\/wp\/v2\/comments?post=6264"}],"version-history":[{"count":50,"href":"https:\/\/isfd803-chu.infd.edu.ar\/sitio\/wp-json\/wp\/v2\/pages\/6264\/revisions"}],"predecessor-version":[{"id":11401,"href":"https:\/\/isfd803-chu.infd.edu.ar\/sitio\/wp-json\/wp\/v2\/pages\/6264\/revisions\/11401"}],"wp:attachment":[{"href":"https:\/\/isfd803-chu.infd.edu.ar\/sitio\/wp-json\/wp\/v2\/media?parent=6264"}],"curies":[{"name":"wp","href":"https:\/\/api.w.org\/{rel}","templated":true}]}}