{"id":6257,"date":"2022-03-11T21:10:44","date_gmt":"2022-03-12T00:10:44","guid":{"rendered":"https:\/\/isfd803-chu.infd.edu.ar\/sitio\/?page_id=6257"},"modified":"2025-11-20T18:19:43","modified_gmt":"2025-11-20T21:19:43","slug":"profesorado-de-educacion-primaria-2020-res-en-tramite","status":"publish","type":"page","link":"https:\/\/isfd803-chu.infd.edu.ar\/sitio\/profesorado-de-educacion-primaria-2020-res-en-tramite\/","title":{"rendered":"Profesorado de Educaci\u00f3n Primaria (Res. 328\/22)"},"content":{"rendered":"<div class=\"wp-block-image\">\n<figure class=\"aligncenter size-full is-resized\"><img decoding=\"async\" loading=\"lazy\" src=\"https:\/\/isfd803-chu.infd.edu.ar\/sitio\/wp-content\/uploads\/2024\/09\/PRIMARIA.jpg\" alt=\"\" class=\"wp-image-9948\" width=\"152\" height=\"159\"\/><\/figure><\/div>\n\n<div class=\"wp-block-image\">\n<figure class=\"aligncenter size-large is-resized\"><a href=\"https:\/\/isfd803-chu.infd.edu.ar\/sitio\/wp-content\/uploads\/2022\/03\/DC-PEP2022.pdf\"><img decoding=\"async\" loading=\"lazy\" src=\"https:\/\/isfd803-chu.infd.edu.ar\/sitio\/wp-content\/uploads\/2024\/09\/DISENO-CURRICULAR-1900x486.png\" alt=\"\" class=\"wp-image-9897\" width=\"475\" height=\"122\" srcset=\"https:\/\/isfd803-chu.infd.edu.ar\/sitio\/wp-content\/uploads\/2024\/09\/DISENO-CURRICULAR-1900x486.png 1900w, https:\/\/isfd803-chu.infd.edu.ar\/sitio\/wp-content\/uploads\/2024\/09\/DISENO-CURRICULAR-1000x256.png 1000w, https:\/\/isfd803-chu.infd.edu.ar\/sitio\/wp-content\/uploads\/2024\/09\/DISENO-CURRICULAR-768x197.png 768w, https:\/\/isfd803-chu.infd.edu.ar\/sitio\/wp-content\/uploads\/2024\/09\/DISENO-CURRICULAR-1536x393.png 1536w, https:\/\/isfd803-chu.infd.edu.ar\/sitio\/wp-content\/uploads\/2024\/09\/DISENO-CURRICULAR-2048x524.png 2048w\" sizes=\"(max-width: 475px) 100vw, 475px\" \/><\/a><\/figure><\/div>\n\n<div class=\"wp-block-image\">\n<figure class=\"aligncenter size-large is-resized\"><a href=\"https:\/\/isfd803-chu.infd.edu.ar\/sitio\/wp-content\/uploads\/2022\/03\/ESTRUCTURA-CURRICULAR-PLAN-DE-ESTUDIOS-PEP-2022.pdf\"><img decoding=\"async\" loading=\"lazy\" src=\"https:\/\/isfd803-chu.infd.edu.ar\/sitio\/wp-content\/uploads\/2024\/09\/ESTRUCTURA-CURRICULAR-1900x486.png\" alt=\"\" class=\"wp-image-9898\" width=\"475\" height=\"122\" srcset=\"https:\/\/isfd803-chu.infd.edu.ar\/sitio\/wp-content\/uploads\/2024\/09\/ESTRUCTURA-CURRICULAR-1900x486.png 1900w, https:\/\/isfd803-chu.infd.edu.ar\/sitio\/wp-content\/uploads\/2024\/09\/ESTRUCTURA-CURRICULAR-1000x256.png 1000w, https:\/\/isfd803-chu.infd.edu.ar\/sitio\/wp-content\/uploads\/2024\/09\/ESTRUCTURA-CURRICULAR-768x196.png 768w, https:\/\/isfd803-chu.infd.edu.ar\/sitio\/wp-content\/uploads\/2024\/09\/ESTRUCTURA-CURRICULAR-1536x393.png 1536w, https:\/\/isfd803-chu.infd.edu.ar\/sitio\/wp-content\/uploads\/2024\/09\/ESTRUCTURA-CURRICULAR-2048x524.png 2048w\" sizes=\"(max-width: 475px) 100vw, 475px\" \/><\/a><\/figure><\/div>\n\n\n<p><a href=\"upload\/Res._311-14_Educacion_Tecnologica_1.pdf\" target=\"_blank\" rel=\"noreferrer noopener\"><\/a><\/p>\n\n\n\n<div class=\"wp-block-columns is-layout-flex wp-container-4\">\n<div class=\"wp-block-column is-layout-flow\" style=\"flex-basis:100%\">\n<div class=\"wp-block-columns is-layout-flex wp-container-2\">\n<div class=\"wp-block-column is-layout-flow\" style=\"flex-basis:100%\">\n<figure class=\"wp-block-table aligncenter\" style=\"font-style:normal;font-weight:500\"><table class=\"has-base-background-color has-background\"><tbody><tr><td class=\"has-text-align-center\" data-align=\"center\" colspan=\"2\"><img decoding=\"async\" loading=\"lazy\" width=\"1015\" height=\"217\" class=\"wp-image-9903\" style=\"width: 300px;\" src=\"https:\/\/isfd803-chu.infd.edu.ar\/sitio\/wp-content\/uploads\/2024\/09\/1-ANO.png\" alt=\"\" srcset=\"https:\/\/isfd803-chu.infd.edu.ar\/sitio\/wp-content\/uploads\/2024\/09\/1-ANO.png 1015w, https:\/\/isfd803-chu.infd.edu.ar\/sitio\/wp-content\/uploads\/2024\/09\/1-ANO-1000x214.png 1000w, https:\/\/isfd803-chu.infd.edu.ar\/sitio\/wp-content\/uploads\/2024\/09\/1-ANO-768x164.png 768w\" sizes=\"(max-width: 1015px) 100vw, 1015px\" \/><\/td><\/tr><tr><td class=\"has-text-align-center\" data-align=\"center\">Lectura y Escritura Acad\u00e9mica<\/td><td class=\"has-text-align-center\" data-align=\"center\"><a href=\"https:\/\/isfd803-chu.infd.edu.ar\/sitio\/wp-content\/uploads\/2022\/05\/PROGRAMA-L-y-EA-.-CACCIAVILLANI.doc\">2022<\/a><\/td><\/tr><tr><td class=\"has-text-align-center\" data-align=\"center\">Psicolog\u00eda Educacional<\/td><td class=\"has-text-align-center\" data-align=\"center\"><a href=\"https:\/\/isfd803-chu.infd.edu.ar\/sitio\/wp-content\/uploads\/2023\/08\/PROGRAMA-PSICOLOGIA-EDUCACIONAL-PRIMARIA-Pablo-Reiss.doc\">2023<\/a><\/td><\/tr><tr><td class=\"has-text-align-center\" data-align=\"center\">Pedagog\u00eda<\/td><td class=\"has-text-align-center\" data-align=\"center\"><a href=\"https:\/\/isfd803-chu.infd.edu.ar\/sitio\/wp-content\/uploads\/2022\/05\/PROGRAMA-PEDAGOGIA-PRIMARIA-2022-GOMEZ-HAISS.doc\">2022<\/a> &#8211; <a href=\"https:\/\/isfd803-chu.infd.edu.ar\/sitio\/wp-content\/uploads\/2023\/04\/PROGRAMA-PEDAGOGIA-PRIMARIA-2023.doc\">2023<\/a> &#8211; <a href=\"https:\/\/isfd803-chu.infd.edu.ar\/sitio\/wp-content\/uploads\/2024\/05\/PROGRAMA-PEDAGOGIA-2024-MGTER.-JUANA-PIL-Juana-Pil.pdf\">2024<\/a> &#8211; <a href=\"https:\/\/isfd803-chu.infd.edu.ar\/sitio\/wp-content\/uploads\/2025\/10\/2025-PEDAGOGIA-PEP-MGTER-JUANA-PIL-Juana-Pil.pdf\">2025<\/a><\/td><\/tr><tr><td class=\"has-text-align-center\" data-align=\"center\">Did\u00e1ctica General<\/td><td class=\"has-text-align-center\" data-align=\"center\"><a href=\"https:\/\/isfd803-chu.infd.edu.ar\/sitio\/wp-content\/uploads\/2022\/05\/2022.-PROGRAMA-DIDACTICA-GENERAL-803-PIL.docx\">2022<\/a> &#8211; <a href=\"https:\/\/isfd803-chu.infd.edu.ar\/sitio\/wp-content\/uploads\/2024\/05\/2024-PROGRAMA-DIDACTICA-GENERAL-MGTER-JUANA-PIL-Juana-Pil-1.pdf\">2024<\/a> &#8211; <a href=\"https:\/\/isfd803-chu.infd.edu.ar\/sitio\/wp-content\/uploads\/2025\/10\/2025-_PROGRAMA_DIDACTICA_GENERAL-PEP-MG.-JUANA-PIL-Juana-Pil.pdf\">2025<\/a><\/td><\/tr><tr><td class=\"has-text-align-center\" data-align=\"center\">Matem\u00e1tica<\/td><td class=\"has-text-align-center\" data-align=\"center\"><a href=\"https:\/\/isfd803-chu.infd.edu.ar\/sitio\/wp-content\/uploads\/2023\/09\/PROGRAMA-DE-MATEMATICA-2023-Teresa-Viviana-Juarez.pdf\">2023<\/a><\/td><\/tr><tr><td class=\"has-text-align-center\" data-align=\"center\">Lengua y Literatura<\/td><td class=\"has-text-align-center\" data-align=\"center\"><a href=\"https:\/\/isfd803-chu.infd.edu.ar\/sitio\/wp-content\/uploads\/2023\/08\/Programa-Lengua-y-Literatura-PNP-2023-Arroyo-Liliana-Arroyo.docx\">2023<\/a> &#8211;<a href=\"https:\/\/isfd803-chu.infd.edu.ar\/sitio\/wp-content\/uploads\/2024\/06\/Lengua-y-Literatura-Programa-2024-Anahi-Mosconi-1.docx\"> 2024<\/a> &#8211; <a href=\"https:\/\/isfd803-chu.infd.edu.ar\/sitio\/wp-content\/uploads\/2025\/10\/Lengua-y-Literatura-Programa-2025-Anahi-Mosconi-1-Anahi-Mosconi-1.docx\">2025<\/a> &#8211; <a href=\"https:\/\/isfd803-chu.infd.edu.ar\/sitio\/wp-content\/uploads\/2025\/11\/Reformulacion-del-programa-2025-Lengua-y-Literatura-Andrea-Zanette.pdf\">2025<\/a><\/td><\/tr><tr><td class=\"has-text-align-center\" data-align=\"center\">Ciencias Naturales<\/td><td class=\"has-text-align-center\" data-align=\"center\"><a href=\"https:\/\/isfd803-chu.infd.edu.ar\/sitio\/wp-content\/uploads\/2022\/05\/Ciencias-naturales-programa-y-contrato-2022-DUNGER-PAGANI.docx\">2022<\/a>, <a href=\"https:\/\/isfd803-chu.infd.edu.ar\/sitio\/wp-content\/uploads\/2023\/08\/1er-ano-C.N-programa-y-contrato-2023-Gisela-Dunger.docx\">2023<\/a> &#8211; <a href=\"https:\/\/isfd803-chu.infd.edu.ar\/sitio\/wp-content\/uploads\/2024\/05\/PROGRAMA-Cs.-Naturales-1-Prof.-Ed.-Primaria-Res.328-222024_DUNGER-MARTINEZ-GODOY-Ma.-Soledad-Martinez-Godoy.pdf\">2024<\/a><\/td><\/tr><tr><td class=\"has-text-align-center\" data-align=\"center\">Ciencias Sociales<\/td><td class=\"has-text-align-center\" data-align=\"center\"><a href=\"https:\/\/isfd803-chu.infd.edu.ar\/sitio\/wp-content\/uploads\/2024\/06\/CS-SOCIALES.ED-PRIMARIA.BERTUZZI-CORONEL-Paola-Coronel.doc\">2024<\/a><\/td><\/tr><tr><td class=\"has-text-align-center\" data-align=\"center\">Corporeidad y Juego<\/td><td class=\"has-text-align-center\" data-align=\"center\"><a href=\"https:\/\/isfd803-chu.infd.edu.ar\/sitio\/wp-content\/uploads\/2023\/08\/Programa_Corporeidad_y_Juego_Primaria-_Barbero-Borralleras_1-MARCE.pdf\">2023<\/a> &#8211; <a href=\"https:\/\/isfd803-chu.infd.edu.ar\/sitio\/wp-content\/uploads\/2024\/06\/PROGRAMA-CORPOREIDAD-Y-JUEGO-PRIMARIA-BarberoP-Borralleras-M-Paola-Barbero.doc\">2024<\/a><\/td><\/tr><tr><td class=\"has-text-align-center\" data-align=\"center\">Pr\u00e1ctica Profesional Docente I<\/td><td class=\"has-text-align-center\" data-align=\"center\"><a href=\"https:\/\/isfd803-chu.infd.edu.ar\/sitio\/wp-content\/uploads\/2022\/05\/Programa-PPD1-2022-MARTINEZ-MANOCHIO-MIERES.pdf\">2022<\/a> &#8211; <a href=\"https:\/\/isfd803-chu.infd.edu.ar\/sitio\/wp-content\/uploads\/2023\/09\/Programa-PPD1-2023-Julieta-Mieres.pdf\">2023<\/a><\/td><\/tr><\/tbody><\/table><\/figure>\n\n\n\n<figure class=\"wp-block-table aligncenter\" style=\"font-style:normal;font-weight:500\"><table class=\"has-base-background-color has-background\"><tbody><tr><td class=\"has-text-align-center\" data-align=\"center\" colspan=\"2\"><img decoding=\"async\" loading=\"lazy\" width=\"1016\" height=\"217\" class=\"wp-image-9929\" style=\"width: 300px;\" src=\"https:\/\/isfd803-chu.infd.edu.ar\/sitio\/wp-content\/uploads\/2024\/09\/2-ANO.png\" alt=\"\" srcset=\"https:\/\/isfd803-chu.infd.edu.ar\/sitio\/wp-content\/uploads\/2024\/09\/2-ANO.png 1016w, https:\/\/isfd803-chu.infd.edu.ar\/sitio\/wp-content\/uploads\/2024\/09\/2-ANO-1000x214.png 1000w, https:\/\/isfd803-chu.infd.edu.ar\/sitio\/wp-content\/uploads\/2024\/09\/2-ANO-768x164.png 768w\" sizes=\"(max-width: 1016px) 100vw, 1016px\" \/><\/td><\/tr><tr><td class=\"has-text-align-center\" data-align=\"center\">Historia y Pol\u00edtica de la Educaci\u00f3n Argentina<\/td><td class=\"has-text-align-center\" data-align=\"center\"><a href=\"https:\/\/isfd803-chu.infd.edu.ar\/sitio\/wp-content\/uploads\/2024\/05\/Programa_historia_y_politica_2024-Primaria-R.-Luna.pdf\">2024<\/a> &#8211; <a href=\"https:\/\/isfd803-chu.infd.edu.ar\/sitio\/wp-content\/uploads\/2025\/10\/Programa-Historia-y-Politica-Ed.-Arg-Prof.-Primaria-2025-R.-Luna.docx-Rosario-Luna.pdf\">2025<\/a><\/td><\/tr><tr><td class=\"has-text-align-center\" data-align=\"center\">Educaci\u00f3n Sexual Integral<\/td><td class=\"has-text-align-center\" data-align=\"center\"><a href=\"https:\/\/isfd803-chu.infd.edu.ar\/sitio\/wp-content\/uploads\/2024\/09\/Programa-ESI-profesorado-primaria-Maria-Cristina-Abrany.docx\">2024<\/a><\/td><\/tr><tr><td class=\"has-text-align-center\" data-align=\"center\">Alfabetizaci\u00f3n Inicial<\/td><td class=\"has-text-align-center\" data-align=\"center\"><a href=\"https:\/\/isfd803-chu.infd.edu.ar\/sitio\/wp-content\/uploads\/2024\/05\/alfabetizacion-inicial-primaria-Alvarez-Maciorowski-Fernanda-Maciorowski.doc\">2024<\/a> &#8211; <a href=\"https:\/\/isfd803-chu.infd.edu.ar\/sitio\/wp-content\/uploads\/2025\/10\/Programa-Alfabetizacion-Inicial-2do-PEP-Alvarez-Maciorowski-2025-final-Fernanda-Maciorowski.doc\">2025<\/a><\/td><\/tr><tr><td class=\"has-text-align-center\" data-align=\"center\">Educaci\u00f3n Tecnol\u00f3gica<\/td><td class=\"has-text-align-center\" data-align=\"center\"><\/td><\/tr><tr><td class=\"has-text-align-center\" data-align=\"center\">Did\u00e1ctica de la Matem\u00e1tica en el 1\u00b0 Ciclo<\/td><td class=\"has-text-align-center\" data-align=\"center\"><a href=\"https:\/\/isfd803-chu.infd.edu.ar\/sitio\/wp-content\/uploads\/2023\/09\/PROGRAMA-2023-Teresa-Viviana-Juarez.pdf\">2023<\/a> &#8211; <a href=\"https:\/\/isfd803-chu.infd.edu.ar\/sitio\/wp-content\/uploads\/2025\/11\/Reformulacion-de-Programa-Didactica-de-la-lengua-y-la-literatura-Andrea-Zanette.pdf\">2025<\/a><\/td><\/tr><tr><td class=\"has-text-align-center\" data-align=\"center\">Did\u00e1ctica de la Lengua y la Literatura en el 1\u00b0 Ciclo<\/td><td class=\"has-text-align-center\" data-align=\"center\"><a href=\"https:\/\/isfd803-chu.infd.edu.ar\/sitio\/wp-content\/uploads\/2024\/06\/DLYL-de-Pirmer-ciclo-Primaria-PROGRAMA-2024-Anahi-Mosconi.doc\">2024<\/a> &#8211; <a href=\"https:\/\/isfd803-chu.infd.edu.ar\/sitio\/wp-content\/uploads\/2025\/10\/DLYL-de-Pirmer-ciclo-Primaria-PROGRAMA-2025.docx-Anahi-Mosconi-1.pdf\">2025<\/a><\/td><\/tr><tr><td class=\"has-text-align-center\" data-align=\"center\">Did\u00e1ctica de las Ciencias Naturales en el 1\u00b0 Ciclo<\/td><td class=\"has-text-align-center\" data-align=\"center\"><a href=\"https:\/\/isfd803-chu.infd.edu.ar\/sitio\/wp-content\/uploads\/2024\/05\/PROGRAMA-2024-Mariela-Calcagni.pdf\">2024<\/a> &#8211; <a href=\"https:\/\/isfd803-chu.infd.edu.ar\/sitio\/wp-content\/uploads\/2025\/10\/PROGRAMA-2025-Mariela-Calcagni.doc\">2025<\/a><\/td><\/tr><tr><td class=\"has-text-align-center\" data-align=\"center\">Did\u00e1ctica de las Ciencias Sociales en el 1\u00b0 Ciclo<\/td><td class=\"has-text-align-center\" data-align=\"center\"><a href=\"https:\/\/isfd803-chu.infd.edu.ar\/sitio\/wp-content\/uploads\/2024\/06\/DIDACTICA-DE-LAS-CS-SOCIALES-1\u00b0-CICLO.ED-PRIMARIA.-BERTUZZI-CORONEL-Paola-Coronel.doc\">2024<\/a><\/td><\/tr><tr><td class=\"has-text-align-center\" data-align=\"center\">Sujetos de la Educaci\u00f3n Primaria<\/td><td class=\"has-text-align-center\" data-align=\"center\"><a href=\"https:\/\/isfd803-chu.infd.edu.ar\/sitio\/wp-content\/uploads\/2024\/05\/PROGRAMA-SUJETOS-DE-LA-EDUCACION-PRIMARIA-2DO-ANO-2024-Pablo-Reiss.doc\">2024<\/a><\/td><\/tr><tr><td class=\"has-text-align-center\" data-align=\"center\">Pr\u00e1ctica Profesional Docente II<\/td><td class=\"has-text-align-center\" data-align=\"center\"><a href=\"https:\/\/isfd803-chu.infd.edu.ar\/sitio\/wp-content\/uploads\/2024\/09\/PROGRAMA-2024_Practica-Profesional-Docente-2_-Prof.-Primaria-Res.328.22_Mieres-Martinez-Godoy-y-Ritter-Llanos.docx-Gabriela-Llanos.pdf\">2024<\/a> &#8211; <a href=\"https:\/\/isfd803-chu.infd.edu.ar\/sitio\/wp-content\/uploads\/2025\/10\/PDII_Prof.EducPrimaria_Fernandez_GonzalezLebas_Heck-Luz-Fernandez.pdf\">2025<\/a><\/td><\/tr><\/tbody><\/table><\/figure>\n\n\n\n<figure class=\"wp-block-table aligncenter\" style=\"font-style:normal;font-weight:500\"><table class=\"has-base-background-color has-background\"><tbody><tr><td class=\"has-text-align-center\" data-align=\"center\" colspan=\"2\"><img decoding=\"async\" loading=\"lazy\" width=\"1015\" height=\"217\" class=\"wp-image-9928\" style=\"width: 300px;\" src=\"https:\/\/isfd803-chu.infd.edu.ar\/sitio\/wp-content\/uploads\/2024\/09\/3-ANO.png\" alt=\"\" srcset=\"https:\/\/isfd803-chu.infd.edu.ar\/sitio\/wp-content\/uploads\/2024\/09\/3-ANO.png 1015w, https:\/\/isfd803-chu.infd.edu.ar\/sitio\/wp-content\/uploads\/2024\/09\/3-ANO-1000x214.png 1000w, https:\/\/isfd803-chu.infd.edu.ar\/sitio\/wp-content\/uploads\/2024\/09\/3-ANO-768x164.png 768w\" sizes=\"(max-width: 1015px) 100vw, 1015px\" \/><\/td><\/tr><tr><td class=\"has-text-align-center\" data-align=\"center\">Derechos Humanos y Ciudadan\u00eda<\/td><td class=\"has-text-align-center\" data-align=\"center\"><\/td><\/tr><tr><td class=\"has-text-align-center\" data-align=\"center\">Sociolog\u00eda de la Educaci\u00f3n<\/td><td class=\"has-text-align-center\" data-align=\"center\"><a href=\"https:\/\/isfd803-chu.infd.edu.ar\/sitio\/wp-content\/uploads\/2024\/05\/PROGRAMA-SOCIOLOGIA-DE-LA-EDUCACION-PRIMARIA-Jessica-Murphy-Jessica-Murphy.pdf\">2024<\/a> &#8211; <a href=\"https:\/\/isfd803-chu.infd.edu.ar\/sitio\/wp-content\/uploads\/2025\/10\/PROGRAMA-SOCIOLOGIA-DE-LA-EDUCACION-PRIMARIA-Jessica-Murphy-Jessica-Murphy.doc\">2025<\/a><\/td><\/tr><tr><td class=\"has-text-align-center\" data-align=\"center\">Educaci\u00f3n Digital<\/td><td class=\"has-text-align-center\" data-align=\"center\"><a href=\"https:\/\/isfd803-chu.infd.edu.ar\/sitio\/wp-content\/uploads\/2024\/08\/Programa-EDUCACION-DIGITAL-2024-Tania-Galindo.pdf\">2024<\/a> &#8211; <a href=\"https:\/\/isfd803-chu.infd.edu.ar\/sitio\/wp-content\/uploads\/2025\/10\/PROGRAMA-EDUCACION-DIGITAL-2025-Tania-Galindo.pdf\">2025<\/a><\/td><\/tr><tr><td class=\"has-text-align-center\" data-align=\"center\">Did\u00e1ctica de la Educaci\u00f3n Tecnol\u00f3gica<\/td><td class=\"has-text-align-center\" data-align=\"center\"><\/td><\/tr><tr><td class=\"has-text-align-center\" data-align=\"center\">Did\u00e1ctica de la Matem\u00e1tica en el 2\u00b0 Ciclo<\/td><td class=\"has-text-align-center\" data-align=\"center\"><a href=\"https:\/\/isfd803-chu.infd.edu.ar\/sitio\/wp-content\/uploads\/2024\/05\/Programa-Didactica-de-la-matematica-para-el-2do-ciclo-Molina-y-Nunez-Marina-Molina.doc\">2024<\/a> &#8211; <a href=\"https:\/\/isfd803-chu.infd.edu.ar\/sitio\/wp-content\/uploads\/2025\/10\/Didactica-de-la-matematica-para-el-2do-ciclo-2025-Molina-y-Nunez-Marina-Molina.doc\">2025<\/a><\/td><\/tr><tr><td class=\"has-text-align-center\" data-align=\"center\">Did\u00e1ctica de la Lengua y la Literatura en el 2\u00b0 Ciclo<\/td><td class=\"has-text-align-center\" data-align=\"center\"><a href=\"https:\/\/isfd803-chu.infd.edu.ar\/sitio\/wp-content\/uploads\/2024\/06\/didactica-de-la-lengua-y-la-lit-2do-ciclo-Lemos_-Maciorowski-Fernanda-Maciorowski.doc\">2024<\/a> &#8211; <a href=\"https:\/\/isfd803-chu.infd.edu.ar\/sitio\/wp-content\/uploads\/2025\/10\/didactica-de-la-lengua-y-la-lit-2do-ciclo-Lemos_-Maciorowski-1-Fernanda-Maciorowski.doc\">2025<\/a><\/td><\/tr><tr><td class=\"has-text-align-center\" data-align=\"center\">Did\u00e1ctica de las Ciencias Naturales en el 2\u00b0 Ciclo<\/td><td class=\"has-text-align-center\" data-align=\"center\"><a href=\"https:\/\/isfd803-chu.infd.edu.ar\/sitio\/wp-content\/uploads\/2023\/12\/PROGRAMA-Didactica-de-las-Ciencias-Naturales-para-el-Segundo-Ciclo_Profesorado-de-Primaria_Calcagni-Larreguy-Cecilia-Larreguy.doc\">2023<\/a><\/td><\/tr><tr><td class=\"has-text-align-center\" data-align=\"center\">Did\u00e1ctica de las Ciencias Sociales en el 2\u00b0 Ciclo<\/td><td class=\"has-text-align-center\" data-align=\"center\"><a href=\"https:\/\/isfd803-chu.infd.edu.ar\/sitio\/wp-content\/uploads\/2024\/05\/Programa-Did.-Cs.-Sociales-2do-ciclo-2024-PRIMARIA-Prof.-Luna-Villegas.docx.pdf\">2024<\/a> &#8211; <a href=\"https:\/\/isfd803-chu.infd.edu.ar\/sitio\/wp-content\/uploads\/2025\/10\/Programa-Did.-Cs.-Sociales-2do-ciclo-PEP-2025_-LUNA-y-VILLEGAS.docx-Rosario-Luna.pdf\">2025<\/a><\/td><\/tr><tr><td class=\"has-text-align-center\" data-align=\"center\">Pr\u00e1ctica Profesional Docente III y Residencia<\/td><td class=\"has-text-align-center\" data-align=\"center\"><a href=\"https:\/\/isfd803-chu.infd.edu.ar\/sitio\/wp-content\/uploads\/2025\/03\/Programa-PPD3-2024-patricia-gaete.pdf\">2024 <\/a>&#8211; <a href=\"https:\/\/isfd803-chu.infd.edu.ar\/sitio\/wp-content\/uploads\/2025\/03\/Programa-2025.docx-patricia-gaete.pdf\">2025<\/a><\/td><\/tr><\/tbody><\/table><\/figure>\n\n\n\n<figure class=\"wp-block-table aligncenter\" style=\"font-style:normal;font-weight:500\"><table class=\"has-base-background-color has-background\"><tbody><tr><td class=\"has-text-align-center\" data-align=\"center\" colspan=\"2\"><img decoding=\"async\" loading=\"lazy\" width=\"1016\" height=\"217\" class=\"wp-image-9927\" style=\"width: 300px;\" src=\"https:\/\/isfd803-chu.infd.edu.ar\/sitio\/wp-content\/uploads\/2024\/09\/4-ANO.png\" alt=\"\" srcset=\"https:\/\/isfd803-chu.infd.edu.ar\/sitio\/wp-content\/uploads\/2024\/09\/4-ANO.png 1016w, https:\/\/isfd803-chu.infd.edu.ar\/sitio\/wp-content\/uploads\/2024\/09\/4-ANO-1000x214.png 1000w, https:\/\/isfd803-chu.infd.edu.ar\/sitio\/wp-content\/uploads\/2024\/09\/4-ANO-768x164.png 768w\" sizes=\"(max-width: 1016px) 100vw, 1016px\" \/><\/td><\/tr><tr><td class=\"has-text-align-center\" data-align=\"center\">Filosof\u00eda de la Educaci\u00f3n<\/td><td class=\"has-text-align-center\" data-align=\"center\"><a href=\"https:\/\/isfd803-chu.infd.edu.ar\/sitio\/wp-content\/uploads\/2025\/11\/PROGRAMA-FILOSOFIA-DE-LA-EDUC.-PRIMARIA-Navarro-Leonel-Leonel-Navarro.pdf\">2025<\/a><\/td><\/tr><tr><td class=\"has-text-align-center\" data-align=\"center\">Sistematizaci\u00f3n de Experiencias Pedag\u00f3gicas<\/td><td class=\"has-text-align-center\" data-align=\"center\"><a href=\"https:\/\/isfd803-chu.infd.edu.ar\/sitio\/wp-content\/uploads\/2025\/10\/Sist.-Experiencias_Pedagogicas_PRIMARIA_-Weinstock-Alfaro-Weinstock-Ana-Mariel.docx\">2025<\/a><\/td><\/tr><tr><td class=\"has-text-align-center\" data-align=\"center\">UDI del CFG<\/td><td class=\"has-text-align-center\" data-align=\"center\"><\/td><\/tr><tr><td class=\"has-text-align-center\" data-align=\"center\">Literatura<\/td><td class=\"has-text-align-center\" data-align=\"center\"><\/td><\/tr><tr><td class=\"has-text-align-center\" data-align=\"center\">Problem\u00e1ticas de la Educaci\u00f3n Primaria<\/td><td class=\"has-text-align-center\" data-align=\"center\"><\/td><\/tr><tr><td class=\"has-text-align-center\" data-align=\"center\">Construcci\u00f3n Ciudadana y su Ense\u00f1anza<\/td><td class=\"has-text-align-center\" data-align=\"center\"><\/td><\/tr><tr><td class=\"has-text-align-center\" data-align=\"center\">Expresi\u00f3n Art\u00edstica<\/td><td class=\"has-text-align-center\" data-align=\"center\"><a href=\"https:\/\/isfd803-chu.infd.edu.ar\/sitio\/wp-content\/uploads\/2025\/10\/PROGRAMA-EXPRESION-ARTISTICA-lourdes-irupe-barrera.docx\">2025<\/a><\/td><\/tr><tr><td class=\"has-text-align-center\" data-align=\"center\">Pr\u00e1ctica Profesional<br>Docente IV y Residencia<\/td><td class=\"has-text-align-center\" data-align=\"center\"><\/td><\/tr><\/tbody><\/table><\/figure>\n<\/div>\n<\/div>\n<\/div>\n<\/div>\n\n\n\n<p><\/p>\n\n\n\n<p><\/p>\n\n\n\n<p><\/p>\n\n\n\n<p><\/p>\n\n\n\n<p><\/p>\n\n\n\n<p><\/p>\n","protected":false},"excerpt":{"rendered":"<p>Lectura y Escritura Acad\u00e9mica 2022 Psicolog\u00eda Educacional 2023 Pedagog\u00eda 2022 &#8211; 2023 &#8211; 2024 &#8211; 2025 Did\u00e1ctica General 2022 &#8211; 2024 &#8211; 2025 Matem\u00e1tica 2023 Lengua y Literatura 2023 &#8211; 2024 &#8211; 2025 &#8211; 2025 Ciencias Naturales 2022, 2023 &#8211; 2024 Ciencias Sociales 2024 Corporeidad y Juego 2023 &#8211; 2024 Pr\u00e1ctica Profesional Docente I 2022 &#8230; <a title=\"Profesorado de Educaci\u00f3n Primaria (Res. 328\/22)\" class=\"read-more\" href=\"https:\/\/isfd803-chu.infd.edu.ar\/sitio\/profesorado-de-educacion-primaria-2020-res-en-tramite\/\" aria-label=\"More on Profesorado de Educaci\u00f3n Primaria (Res. 328\/22)\">[+]<\/a><\/p>\n","protected":false},"author":14,"featured_media":0,"parent":0,"menu_order":0,"comment_status":"closed","ping_status":"closed","template":"","meta":[],"acf":[],"_links":{"self":[{"href":"https:\/\/isfd803-chu.infd.edu.ar\/sitio\/wp-json\/wp\/v2\/pages\/6257"}],"collection":[{"href":"https:\/\/isfd803-chu.infd.edu.ar\/sitio\/wp-json\/wp\/v2\/pages"}],"about":[{"href":"https:\/\/isfd803-chu.infd.edu.ar\/sitio\/wp-json\/wp\/v2\/types\/page"}],"author":[{"embeddable":true,"href":"https:\/\/isfd803-chu.infd.edu.ar\/sitio\/wp-json\/wp\/v2\/users\/14"}],"replies":[{"embeddable":true,"href":"https:\/\/isfd803-chu.infd.edu.ar\/sitio\/wp-json\/wp\/v2\/comments?post=6257"}],"version-history":[{"count":51,"href":"https:\/\/isfd803-chu.infd.edu.ar\/sitio\/wp-json\/wp\/v2\/pages\/6257\/revisions"}],"predecessor-version":[{"id":11354,"href":"https:\/\/isfd803-chu.infd.edu.ar\/sitio\/wp-json\/wp\/v2\/pages\/6257\/revisions\/11354"}],"wp:attachment":[{"href":"https:\/\/isfd803-chu.infd.edu.ar\/sitio\/wp-json\/wp\/v2\/media?parent=6257"}],"curies":[{"name":"wp","href":"https:\/\/api.w.org\/{rel}","templated":true}]}}