{"id":6245,"date":"2022-03-11T20:35:54","date_gmt":"2022-03-11T23:35:54","guid":{"rendered":"https:\/\/isfd803-chu.infd.edu.ar\/sitio\/?page_id=6245"},"modified":"2025-11-20T18:11:39","modified_gmt":"2025-11-20T21:11:39","slug":"profesorado-de-educacion-tecnologica-2022-res-329-22","status":"publish","type":"page","link":"https:\/\/isfd803-chu.infd.edu.ar\/sitio\/profesorado-de-educacion-tecnologica-2022-res-329-22\/","title":{"rendered":"Profesorado de Educaci\u00f3n Tecnol\u00f3gica (Res. 329\/22)"},"content":{"rendered":"\n<h1 class=\"wp-block-heading\">DOCUMENTOS<\/h1>\n\n\n\n<p><a href=\"upload\/Res._311-14_Educacion_Tecnologica_1.pdf\" target=\"_blank\" rel=\"noreferrer noopener\"><\/a><\/p>\n\n\n\n<p><a href=\"https:\/\/isfd803-chu.infd.edu.ar\/sitio\/wp-content\/uploads\/2022\/03\/DC-PET2022.pdf\"><img decoding=\"async\" loading=\"lazy\" width=\"153\" height=\"153\" class=\"wp-image-6248\" style=\"width: 60px;\" src=\"https:\/\/isfd803-chu.infd.edu.ar\/sitio\/wp-content\/uploads\/2022\/03\/pdf_icono.jpg\" alt=\"\">Dise\u00f1o Curricular Jurisdiccional&nbsp;(Res. 329\/22)<\/a><\/p>\n\n\n\n<p><a href=\"https:\/\/isfd803-chu.infd.edu.ar\/sitio\/wp-content\/uploads\/2022\/03\/DC-PET2022.pdf\"><img decoding=\"async\" loading=\"lazy\" width=\"153\" height=\"153\" class=\"wp-image-6248\" style=\"width: 60px;\" src=\"https:\/\/isfd803-chu.infd.edu.ar\/sitio\/wp-content\/uploads\/2022\/03\/pdf_icono.jpg\" alt=\"\">Dise\u00f1o Curricular Jurisdiccional <\/a>(Para descarga)<\/p>\n\n\n\n<p><a href=\"https:\/\/isfd803-chu.infd.edu.ar\/sitio\/wp-content\/uploads\/2022\/03\/ESTRUCTURA-CURRICULAR-PLAN-DE-ESTUDIOS-PET-2022.pdf\"><img decoding=\"async\" loading=\"lazy\" width=\"153\" height=\"153\" class=\"wp-image-6248\" style=\"width: 60px;\" src=\"https:\/\/isfd803-chu.infd.edu.ar\/sitio\/wp-content\/uploads\/2022\/03\/pdf_icono.jpg\" alt=\"\">Estructura Curricular &#8211; Plan de Estudios<\/a><\/p>\n\n\n\n<figure class=\"wp-block-table aligncenter\"><table class=\"has-base-background-color has-background\"><tbody><tr><td>  &nbsp;<img decoding=\"async\" loading=\"lazy\" width=\"1015\" height=\"217\" class=\"wp-image-9903\" style=\"width: 300px;\" src=\"https:\/\/isfd803-chu.infd.edu.ar\/sitio\/wp-content\/uploads\/2024\/09\/1-ANO.png\" alt=\"\" srcset=\"https:\/\/isfd803-chu.infd.edu.ar\/sitio\/wp-content\/uploads\/2024\/09\/1-ANO.png 1015w, https:\/\/isfd803-chu.infd.edu.ar\/sitio\/wp-content\/uploads\/2024\/09\/1-ANO-1000x214.png 1000w, https:\/\/isfd803-chu.infd.edu.ar\/sitio\/wp-content\/uploads\/2024\/09\/1-ANO-768x164.png 768w\" sizes=\"(max-width: 1015px) 100vw, 1015px\" \/> &nbsp; <\/td><td class=\"has-text-align-center\" data-align=\"center\"><\/td><\/tr><tr><td>Lectura y Escritura Acad\u00e9mica<\/td><td class=\"has-text-align-center\" data-align=\"center\"><a href=\"https:\/\/isfd803-chu.infd.edu.ar\/sitio\/wp-content\/uploads\/2023\/09\/PROGRAMA-2023-LYEA-Tecnologia-Anahi-Mosconi.docx\">2023<\/a> &#8211;<a href=\"https:\/\/isfd803-chu.infd.edu.ar\/sitio\/wp-content\/uploads\/2024\/06\/Lectura-y-escritura-academica-PROGRAMA-2024-Anahi-Mosconi.docx\"> 2024<\/a> &#8211; <a href=\"https:\/\/isfd803-chu.infd.edu.ar\/sitio\/wp-content\/uploads\/2025\/10\/Lectura-y-escritura-academica-PROGRAMA-2025-Anahi-Mosconi-Tecnologia-Anahi-Mosconi-2.docx\">2025<\/a><\/td><\/tr><tr><td>Psicolog\u00eda Educacional<\/td><td class=\"has-text-align-center\" data-align=\"center\"><a href=\"https:\/\/isfd803-chu.infd.edu.ar\/sitio\/wp-content\/uploads\/2022\/11\/PROGRAMA-PSICOLOGIA-EDUCACIONAL-EDUCACION-TECNOLOGICA-2022.doc\">2022<\/a> &#8211; <a href=\"https:\/\/isfd803-chu.infd.edu.ar\/sitio\/wp-content\/uploads\/2023\/04\/PROGRAMA-PSICOLOGIA-EDUCACIONAL-EDUCACION-TECNOLOGICA-2023.doc\">2023<\/a> &#8211; <a href=\"https:\/\/isfd803-chu.infd.edu.ar\/sitio\/wp-content\/uploads\/2025\/11\/Psicologia-Educacional-Prof.-Educ-Tecnologica-Castelnuovo-Renata-Castelnuovo.pdf\">2025<\/a><\/td><\/tr><tr><td>Pedagog\u00eda<\/td><td class=\"has-text-align-center\" data-align=\"center\"><a href=\"https:\/\/isfd803-chu.infd.edu.ar\/sitio\/wp-content\/uploads\/2022\/11\/PROGRAMA-PEDAGOGIA-EDUCACION-TECNOLOGICA-2022.doc\">2022<\/a> &#8211; <a href=\"https:\/\/isfd803-chu.infd.edu.ar\/sitio\/wp-content\/uploads\/2023\/04\/PROGRAMA-PEDAGOGIA-TECNOLOGIA-2023.doc\">2023<\/a> &#8211; <a href=\"https:\/\/isfd803-chu.infd.edu.ar\/sitio\/wp-content\/uploads\/2025\/10\/Programa-2025_Ped.ET_.docx-Brenda-Lefiman.pdf\">2025<\/a><\/td><\/tr><tr><td>Did\u00e1ctica General<\/td><td class=\"has-text-align-center\" data-align=\"center\"><a href=\"https:\/\/isfd803-chu.infd.edu.ar\/sitio\/wp-content\/uploads\/2022\/11\/Programa.-Didactica-General-ED-TEC.pdf\">2022<\/a><\/td><\/tr><tr><td>Educaci\u00f3n Tecnol\u00f3gica<\/td><td class=\"has-text-align-center\" data-align=\"center\"><a href=\"https:\/\/isfd803-chu.infd.edu.ar\/sitio\/wp-content\/uploads\/2025\/10\/PROGRAMA_Educacion-Tecnologica_Prof-Educacion-Tecnologica_Pedro-Flores_2025-arnaldo-flores.pdf\">2025<\/a><\/td><\/tr><tr><td>Estudios sobre Filosof\u00eda de la T\u00e9cnica y la Tecnolog\u00eda<\/td><td class=\"has-text-align-center\" data-align=\"center\"><\/td><\/tr><tr><td>Historia de la Tecnolog\u00eda<\/td><td class=\"has-text-align-center\" data-align=\"center\"><a href=\"https:\/\/isfd803-chu.infd.edu.ar\/sitio\/wp-content\/uploads\/2022\/11\/Programa-de-Historia-de-la-Tecnologia-Prof.-Oyarzabal.pdf\">2022 &#8211; <\/a><a href=\"https:\/\/isfd803-chu.infd.edu.ar\/sitio\/wp-content\/uploads\/2023\/10\/H.dlT_.-Programa-2023.docx\">2023<\/a><\/td><\/tr><tr><td>Dise\u00f1o Industrial<\/td><td class=\"has-text-align-center\" data-align=\"center\"><a href=\"https:\/\/isfd803-chu.infd.edu.ar\/sitio\/wp-content\/uploads\/2025\/10\/Disen\u0303o-Industrial-PET-PROGRAMA-2025-Jimena-Esteves.pdf\">2025<\/a><\/td><\/tr><tr><td>Pr\u00e1ctica Profesional Docente I<\/td><td class=\"has-text-align-center\" data-align=\"center\"><a href=\"https:\/\/isfd803-chu.infd.edu.ar\/sitio\/wp-content\/uploads\/2024\/05\/2024-PPDI-PET-PIL-OJEDA-Juana-Pil-1.pdf\">2024<\/a> &#8211; <a href=\"https:\/\/isfd803-chu.infd.edu.ar\/sitio\/wp-content\/uploads\/2025\/10\/2025-PROG.-PPDI-ET-PIL-OJEDA-Juana-Pil.pdf\">2025<\/a><\/td><\/tr><\/tbody><\/table><\/figure>\n\n\n\n<figure class=\"wp-block-table aligncenter\"><table class=\"has-base-background-color has-background\"><tbody><tr><td>&nbsp; <img decoding=\"async\" loading=\"lazy\" width=\"1016\" height=\"217\" class=\"wp-image-9929\" style=\"width: 300px;\" src=\"https:\/\/isfd803-chu.infd.edu.ar\/sitio\/wp-content\/uploads\/2024\/09\/2-ANO.png\" alt=\"\" srcset=\"https:\/\/isfd803-chu.infd.edu.ar\/sitio\/wp-content\/uploads\/2024\/09\/2-ANO.png 1016w, https:\/\/isfd803-chu.infd.edu.ar\/sitio\/wp-content\/uploads\/2024\/09\/2-ANO-1000x214.png 1000w, https:\/\/isfd803-chu.infd.edu.ar\/sitio\/wp-content\/uploads\/2024\/09\/2-ANO-768x164.png 768w\" sizes=\"(max-width: 1016px) 100vw, 1016px\" \/><\/td><td class=\"has-text-align-center\" data-align=\"center\"><\/td><\/tr><tr><td>Historia y Pol\u00edtica de la Educaci\u00f3n Argentina<\/td><td class=\"has-text-align-center\" data-align=\"center\"><a href=\"https:\/\/isfd803-chu.infd.edu.ar\/sitio\/wp-content\/uploads\/2025\/11\/PROGRAMA-EDUC-TECNO-2025-ALDAZORO-JORGE-HPEA-JORGE-ALDAZORO.pdf\">2025<\/a><\/td><\/tr><tr><td>Educaci\u00f3n Digital<\/td><td class=\"has-text-align-center\" data-align=\"center\"><a href=\"https:\/\/isfd803-chu.infd.edu.ar\/sitio\/wp-content\/uploads\/2023\/09\/Programa-2023-Educacion-Digital-PT-2-Jimena-Esteves.pdf\">2023<\/a> &#8211; <a href=\"https:\/\/isfd803-chu.infd.edu.ar\/sitio\/wp-content\/uploads\/2024\/05\/Educacion-Digital-PET-PROGRAMA-2024-Jimena-Esteves.pdf\">2024<\/a> &#8211; <a href=\"https:\/\/isfd803-chu.infd.edu.ar\/sitio\/wp-content\/uploads\/2025\/10\/Tecnologias-de-la-Informacion-y-la-Comunicacion-Educacion-Tecnologica-Monteros-Marcos-Monteros.doc\">2025<\/a> &#8211; <a href=\"https:\/\/isfd803-chu.infd.edu.ar\/sitio\/wp-content\/uploads\/2025\/10\/Educacion-Digital-PET-PROGRAMA-2025-Jimena-Esteves.pdf\">2025<\/a><\/td><\/tr><tr><td>Educaci\u00f3n Sexual Integral<\/td><td class=\"has-text-align-center\" data-align=\"center\"><\/td><\/tr><tr><td>Sujetos del Aprendizaje I<\/td><td class=\"has-text-align-center\" data-align=\"center\"><a href=\"https:\/\/isfd803-chu.infd.edu.ar\/sitio\/wp-content\/uploads\/2024\/07\/PROGRAMA-Prof.-Educacion.-Tecnologica_-Flores.Pedro_Jedrzejewski.Antonieta-Antonieta-Jedrzejewski.pdf\">2024<\/a><\/td><\/tr><tr><td>Did\u00e1ctica de la Educaci\u00f3n Tecnol\u00f3gica I<\/td><td class=\"has-text-align-center\" data-align=\"center\"><a href=\"https:\/\/isfd803-chu.infd.edu.ar\/sitio\/wp-content\/uploads\/2024\/06\/Didactica-de-la-Educacion-Tecnologica-I_Profesorado-de-Educacion-Tecnologica_Flores-Pedro_Molina-Marcela-arnaldo-flores-1.pdf\">2024<\/a><\/td><\/tr><tr><td>Estudios sobre Antropolog\u00eda de la T\u00e9cnica y la Tecnolog\u00eda<\/td><td class=\"has-text-align-center\" data-align=\"center\"><a href=\"https:\/\/isfd803-chu.infd.edu.ar\/sitio\/wp-content\/uploads\/2023\/12\/Programa-Estudios-sobre-Antropologia-de-la-Tecnica-y-la-Teconologia-2022.pdf\">2022<\/a><\/td><\/tr><tr><td>Tecnolog\u00edas de Gesti\u00f3n<\/td><td class=\"has-text-align-center\" data-align=\"center\"><a href=\"https:\/\/isfd803-chu.infd.edu.ar\/sitio\/wp-content\/uploads\/2024\/10\/Programa_TEC_GES_PET_329_22_2024-Gonzalo-Ojeda.pdf\">2024<\/a> &#8211; <a href=\"https:\/\/isfd803-chu.infd.edu.ar\/sitio\/wp-content\/uploads\/2025\/11\/Programa_TEC_GES_PET_329_22_2025-Gonzalo-Ojeda-Gonzalo-Ojeda.pdf\">2025<\/a><\/td><\/tr><tr><td>Tecnolog\u00eda y Mediaci\u00f3n T\u00e9cnica sobre los Materiales<\/td><td class=\"has-text-align-center\" data-align=\"center\"><\/td><\/tr><tr><td>Tecnolog\u00eda y Mediaci\u00f3n T\u00e9cnica sobre la Energ\u00eda<\/td><td class=\"has-text-align-center\" data-align=\"center\"><\/td><\/tr><tr><td>Pr\u00e1ctica Profesional Docente II<\/td><td class=\"has-text-align-center\" data-align=\"center\"><a href=\"https:\/\/isfd803-chu.infd.edu.ar\/sitio\/wp-content\/uploads\/2024\/07\/PET-PPD-II-PROGRAMA-2024-Gisell-Ferraggine.doc\">2024<\/a><\/td><\/tr><\/tbody><\/table><\/figure>\n\n\n\n<figure class=\"wp-block-table aligncenter\"><table class=\"has-base-background-color has-background\"><tbody><tr><td> &nbsp;<img decoding=\"async\" loading=\"lazy\" width=\"1015\" height=\"217\" class=\"wp-image-9928\" style=\"width: 300px;\" src=\"https:\/\/isfd803-chu.infd.edu.ar\/sitio\/wp-content\/uploads\/2024\/09\/3-ANO.png\" alt=\"\" srcset=\"https:\/\/isfd803-chu.infd.edu.ar\/sitio\/wp-content\/uploads\/2024\/09\/3-ANO.png 1015w, https:\/\/isfd803-chu.infd.edu.ar\/sitio\/wp-content\/uploads\/2024\/09\/3-ANO-1000x214.png 1000w, https:\/\/isfd803-chu.infd.edu.ar\/sitio\/wp-content\/uploads\/2024\/09\/3-ANO-768x164.png 768w\" sizes=\"(max-width: 1015px) 100vw, 1015px\" \/> &nbsp; <\/td><td class=\"has-text-align-center\" data-align=\"center\"><\/td><\/tr><tr><td>Investigaci\u00f3n Educativa<\/td><td class=\"has-text-align-center\" data-align=\"center\"><a href=\"https:\/\/isfd803-chu.infd.edu.ar\/sitio\/wp-content\/uploads\/2024\/07\/PET-IE-PROGRAMA-2024-Gisell-Ferraggine.doc\">2024<\/a> &#8211; <a href=\"https:\/\/isfd803-chu.infd.edu.ar\/sitio\/wp-content\/uploads\/2025\/10\/Investigacion-Educativa-PET-Weinstock-Ferraggine-Weinstock-Ana-Mariel.doc\">2025<\/a><\/td><\/tr><tr><td>Estudios sobre Sociolog\u00eda de la T\u00e9cnica y la Tecnolog\u00eda<\/td><td class=\"has-text-align-center\" data-align=\"center\"><a href=\"https:\/\/isfd803-chu.infd.edu.ar\/sitio\/wp-content\/uploads\/2025\/04\/PROGRAMA-ESTUDIO-SOBRE-SOCIOLOGIA-DE-LA-TECNICA-Y-LA-TECNOLOGIA-2024-laura-Larranaga.docx\">2024<\/a> &#8211; <a href=\"https:\/\/isfd803-chu.infd.edu.ar\/sitio\/wp-content\/uploads\/2025\/04\/PROGRAMA-ESTUDIO-SOBRE-LA-SOCIOLOGIA-DE-LA-TECNICA-Y-LA-TECNOLOGIA-2025-laura-Larranaga.docx\">2025<\/a><\/td><\/tr><tr><td>Sociolog\u00eda de la Educaci\u00f3n<\/td><td class=\"has-text-align-center\" data-align=\"center\"><\/td><\/tr><tr><td>Sujetos del Aprendizaje II<\/td><td class=\"has-text-align-center\" data-align=\"center\"><a href=\"https:\/\/isfd803-chu.infd.edu.ar\/sitio\/wp-content\/uploads\/2025\/10\/Sujetos-del-Aprendizaje-II-Prof.-Ed.-Tecnologica-Schvembler-Corvalan-Carro-Betina-Corvalan.pdf\">2025<\/a><\/td><\/tr><tr><td>Did\u00e1ctica de la Educaci\u00f3n Tecnol\u00f3gica II<\/td><td class=\"has-text-align-center\" data-align=\"center\"><\/td><\/tr><tr><td>Organizaci\u00f3n Industrial<\/td><td class=\"has-text-align-center\" data-align=\"center\"><a href=\"https:\/\/isfd803-chu.infd.edu.ar\/sitio\/wp-content\/uploads\/2025\/03\/Programa-Organizacion-Industrial-PET-2025-Natalia-Castia-NC-consultora.doc\">2025<\/a><\/td><\/tr><tr><td>Tecnolog\u00edas de la Informaci\u00f3n y la Comunicaci\u00f3n<\/td><td class=\"has-text-align-center\" data-align=\"center\"><\/td><\/tr><tr><td>Sistemas de Control<\/td><td class=\"has-text-align-center\" data-align=\"center\"><\/td><\/tr><tr><td>Pr\u00e1ctica Profesional Docente III y Residencia<\/td><td class=\"has-text-align-center\" data-align=\"center\"><\/td><\/tr><\/tbody><\/table><\/figure>\n\n\n\n<figure class=\"wp-block-table aligncenter\"><table class=\"has-base-background-color has-background\"><tbody><tr><td><img decoding=\"async\" loading=\"lazy\" width=\"1016\" height=\"217\" class=\"wp-image-9927\" style=\"width: 300px;\" src=\"https:\/\/isfd803-chu.infd.edu.ar\/sitio\/wp-content\/uploads\/2024\/09\/4-ANO.png\" alt=\"\" srcset=\"https:\/\/isfd803-chu.infd.edu.ar\/sitio\/wp-content\/uploads\/2024\/09\/4-ANO.png 1016w, https:\/\/isfd803-chu.infd.edu.ar\/sitio\/wp-content\/uploads\/2024\/09\/4-ANO-1000x214.png 1000w, https:\/\/isfd803-chu.infd.edu.ar\/sitio\/wp-content\/uploads\/2024\/09\/4-ANO-768x164.png 768w\" sizes=\"(max-width: 1016px) 100vw, 1016px\" \/>  &nbsp; &nbsp; <\/td><td class=\"has-text-align-center\" data-align=\"center\"><\/td><\/tr><tr><td>Filosof\u00eda de la Educaci\u00f3n<\/td><td class=\"has-text-align-center\" data-align=\"center\"><a href=\"https:\/\/isfd803-chu.infd.edu.ar\/sitio\/wp-content\/uploads\/2024\/05\/PROGRAMA-Filosofia-de-la-Educacion-Prof.-Educ.-Tecnologica-Navarro-Leonel-Leonel-Navarro.doc\">2024<\/a> &#8211; <a href=\"https:\/\/isfd803-chu.infd.edu.ar\/sitio\/wp-content\/uploads\/2025\/11\/PROGRAMA-FILOSOFIA-DE-LA-EDUC.-EDUC.-TECNOLOGICA-Navarro-Leonel-Leonel-Navarro.pdf\">2025<\/a><\/td><\/tr><tr><td>UDI I del CFG<\/td><td class=\"has-text-align-center\" data-align=\"center\"><a href=\"https:\/\/isfd803-chu.infd.edu.ar\/sitio\/wp-content\/uploads\/2024\/05\/PROGRAMA-UDI-LSA-ED-TECNOLOGICA_Natalia-Gonzalez-Lebas-Natalia-Lebas.pdf\">2024<\/a><\/td><\/tr><tr><td>Sociolog\u00eda de la Educaci\u00f3n<\/td><td class=\"has-text-align-center\" data-align=\"center\"><a href=\"https:\/\/isfd803-chu.infd.edu.ar\/sitio\/wp-content\/uploads\/2025\/10\/Sociologia-de-la-Educacion-PET-Murphy-Jessica-2025-Jessica-Murphy.doc\">2025<\/a><\/td><\/tr><tr><td>Sujetos del Aprendizaje II<\/td><td class=\"has-text-align-center\" data-align=\"center\"><\/td><\/tr><tr><td>UDI II del CFG<\/td><td class=\"has-text-align-center\" data-align=\"center\"><\/td><\/tr><tr><td>Sistemas T\u00e9cnicos, sus conjuntos y redes<\/td><td class=\"has-text-align-center\" data-align=\"center\"><a href=\"https:\/\/isfd803-chu.infd.edu.ar\/sitio\/wp-content\/uploads\/2024\/06\/Sistemas-Tecnicos-sus-conjuntos-y-redes_Profesorado-de-Educacion-Tecnologica_Flores-Pedro-arnaldo-flores.pdf\">2024<\/a><\/td><\/tr><tr><td>Tecnolog\u00edas de la Informaci\u00f3n y la Comunicaci\u00f3n<\/td><td class=\"has-text-align-center\" data-align=\"center\"><\/td><\/tr><tr><td>Sistemas de Control<\/td><td class=\"has-text-align-center\" data-align=\"center\"><\/td><\/tr><tr><td>Investigaci\u00f3n e Innovaci\u00f3n Tecnol\u00f3gica<\/td><td class=\"has-text-align-center\" data-align=\"center\"><a href=\"https:\/\/isfd803-chu.infd.edu.ar\/sitio\/wp-content\/uploads\/2025\/11\/Investigacion-e-Innovacion-tecnologica-Ed.Tecnologica-Losada-Sofia-Sofia-Losada.pdf\">2025<\/a><\/td><\/tr><tr><td>Did\u00e1ctica de la Educaci\u00f3n Tecnol\u00f3gica III<\/td><td class=\"has-text-align-center\" data-align=\"center\"><\/td><\/tr><tr><td>Actualizaci\u00f3n en Tecnolog\u00edas<\/td><td class=\"has-text-align-center\" data-align=\"center\"><\/td><\/tr><tr><td>UDI del CFE<\/td><td class=\"has-text-align-center\" data-align=\"center\"><\/td><\/tr><tr><td>Reflexi\u00f3n sobre el Conocimiento Tecnol\u00f3gico<\/td><td class=\"has-text-align-center\" data-align=\"center\"><a href=\"https:\/\/isfd803-chu.infd.edu.ar\/sitio\/wp-content\/uploads\/2025\/10\/PROGRAMA-Reflexion-Conocimiento-Tecnologico-Weinstock-Weinstock-Ana-Mariel.pdf\">2025<\/a><\/td><\/tr><tr><td>Pr\u00e1ctica Profesional Docente IV y Residencia<\/td><td class=\"has-text-align-center\" data-align=\"center\"><a href=\"https:\/\/isfd803-chu.infd.edu.ar\/sitio\/wp-content\/uploads\/2024\/06\/Practica-Profesional-Docente-IV-y-Residencia_Profesorado-de-Educacion-Tecnologica_Flores_Morel-arnaldo-flores.pdf\">2024<\/a><\/td><\/tr><\/tbody><\/table><\/figure>\n\n\n\n<p><\/p>\n\n\n\n<p><\/p>\n","protected":false},"excerpt":{"rendered":"<p>DOCUMENTOS Dise\u00f1o Curricular Jurisdiccional&nbsp;(Res. 329\/22) Dise\u00f1o Curricular Jurisdiccional (Para descarga) Estructura Curricular &#8211; Plan de Estudios &nbsp; &nbsp; Lectura y Escritura Acad\u00e9mica 2023 &#8211; 2024 &#8211; 2025 Psicolog\u00eda Educacional 2022 &#8211; 2023 &#8211; 2025 Pedagog\u00eda 2022 &#8211; 2023 &#8211; 2025 Did\u00e1ctica General 2022 Educaci\u00f3n Tecnol\u00f3gica 2025 Estudios sobre Filosof\u00eda de la T\u00e9cnica y la Tecnolog\u00eda &#8230; <a title=\"Profesorado de Educaci\u00f3n Tecnol\u00f3gica (Res. 329\/22)\" class=\"read-more\" href=\"https:\/\/isfd803-chu.infd.edu.ar\/sitio\/profesorado-de-educacion-tecnologica-2022-res-329-22\/\" aria-label=\"More on Profesorado de Educaci\u00f3n Tecnol\u00f3gica (Res. 329\/22)\">[+]<\/a><\/p>\n","protected":false},"author":14,"featured_media":0,"parent":0,"menu_order":0,"comment_status":"closed","ping_status":"closed","template":"","meta":[],"acf":[],"_links":{"self":[{"href":"https:\/\/isfd803-chu.infd.edu.ar\/sitio\/wp-json\/wp\/v2\/pages\/6245"}],"collection":[{"href":"https:\/\/isfd803-chu.infd.edu.ar\/sitio\/wp-json\/wp\/v2\/pages"}],"about":[{"href":"https:\/\/isfd803-chu.infd.edu.ar\/sitio\/wp-json\/wp\/v2\/types\/page"}],"author":[{"embeddable":true,"href":"https:\/\/isfd803-chu.infd.edu.ar\/sitio\/wp-json\/wp\/v2\/users\/14"}],"replies":[{"embeddable":true,"href":"https:\/\/isfd803-chu.infd.edu.ar\/sitio\/wp-json\/wp\/v2\/comments?post=6245"}],"version-history":[{"count":43,"href":"https:\/\/isfd803-chu.infd.edu.ar\/sitio\/wp-json\/wp\/v2\/pages\/6245\/revisions"}],"predecessor-version":[{"id":11347,"href":"https:\/\/isfd803-chu.infd.edu.ar\/sitio\/wp-json\/wp\/v2\/pages\/6245\/revisions\/11347"}],"wp:attachment":[{"href":"https:\/\/isfd803-chu.infd.edu.ar\/sitio\/wp-json\/wp\/v2\/media?parent=6245"}],"curies":[{"name":"wp","href":"https:\/\/api.w.org\/{rel}","templated":true}]}}