{"id":6240,"date":"2022-03-10T18:19:03","date_gmt":"2022-03-10T21:19:03","guid":{"rendered":"https:\/\/isfd803-chu.infd.edu.ar\/sitio\/?page_id=6240"},"modified":"2022-04-11T13:51:14","modified_gmt":"2022-04-11T16:51:14","slug":"informacion","status":"publish","type":"page","link":"https:\/\/isfd803-chu.infd.edu.ar\/sitio\/informacion\/","title":{"rendered":"Elecciones 2022"},"content":{"rendered":"\n<h2 class=\"wp-block-heading\">Padrones Definitivos<\/h2>\n\n\n\n<div class=\"wp-block-buttons is-layout-flex\">\n<div class=\"wp-block-button\"><a class=\"wp-block-button__link\" href=\"https:\/\/isfd803-chu.infd.edu.ar\/sitio\/wp-content\/uploads\/2022\/04\/MESA-1.pdf\">MESA 1 ESTUDIANTES (A-C)<\/a><\/div>\n\n\n\n<div class=\"wp-block-button\"><a class=\"wp-block-button__link\" href=\"https:\/\/isfd803-chu.infd.edu.ar\/sitio\/wp-content\/uploads\/2022\/04\/MESAS2.pdf\">MESA 2 ESTUDIANTES (C-G)<\/a><\/div>\n\n\n\n<div class=\"wp-block-button\"><a class=\"wp-block-button__link\" href=\"https:\/\/isfd803-chu.infd.edu.ar\/sitio\/wp-content\/uploads\/2022\/04\/MESA-3.pdf\">MESA 3 ESTUDIANTES (G-M)<\/a><\/div>\n\n\n\n<div class=\"wp-block-button\"><a class=\"wp-block-button__link\" href=\"https:\/\/isfd803-chu.infd.edu.ar\/sitio\/wp-content\/uploads\/2022\/04\/MESA-4.pdf\">MESA 4 ESTUDIANTES (M-R)<\/a><\/div>\n\n\n\n<div class=\"wp-block-button\"><a class=\"wp-block-button__link\" href=\"https:\/\/isfd803-chu.infd.edu.ar\/sitio\/wp-content\/uploads\/2022\/04\/MESA-5.pdf\">MESA 5 ESTUDIANTES (R-Z)<\/a><\/div>\n<\/div>\n\n\n\n<hr class=\"wp-block-separator\"\/>\n\n\n\n<div class=\"wp-block-buttons is-layout-flex\">\n<div class=\"wp-block-button\"><a class=\"wp-block-button__link\" href=\"https:\/\/isfd803-chu.infd.edu.ar\/sitio\/wp-content\/uploads\/2022\/04\/mesa-auxiliares.pdf\">MESA 6 AUXILIARES <\/a><\/div>\n\n\n\n<div class=\"wp-block-button\"><a class=\"wp-block-button__link\" href=\"https:\/\/isfd803-chu.infd.edu.ar\/sitio\/wp-content\/uploads\/2022\/04\/MESA-7-GRADUADOS.pdf\">MESA 7 GRADUADOS<\/a><\/div>\n\n\n\n<div class=\"wp-block-button\"><a class=\"wp-block-button__link\" href=\"https:\/\/isfd803-chu.infd.edu.ar\/sitio\/wp-content\/uploads\/2022\/04\/DOCENTES-MESA-8-ABR-GUTT.pdf\">MESA 8 DOCENTES (A-G)<\/a><\/div>\n\n\n\n<div class=\"wp-block-button\"><a class=\"wp-block-button__link\" href=\"https:\/\/isfd803-chu.infd.edu.ar\/sitio\/wp-content\/uploads\/2022\/04\/DOCENTES-MESA-9-HAH-Z.pdf\">MESA 9 DOCENTES (H-Z)<\/a><\/div>\n<\/div>\n\n\n\n<hr class=\"wp-block-separator is-style-wide\"\/>\n\n\n\n<p><\/p>\n\n\n\n<p><\/p>\n\n\n\n<h2 class=\"wp-block-heading\">Listas<\/h2>\n\n\n\n<p>Estimada comunidad educativa: informamos a Uds. que en el d\u00eda de ayer se ha procedido a la apertura del \u00fanico sobre con postulaciones para los cargos de Equipo Directivo. Una vez constatado el cumplimiento de los requisitos, se acept\u00f3 la candidatura de:<\/p>\n\n\n\n<p>&nbsp;<strong>LISTA VERDE- N\u00b0 217<\/strong>&nbsp;(Apoderada: Bibliot. Cecilia Calfuquir)<\/p>\n\n\n\n<p>CANDIDATAS:<\/p>\n\n\n\n<p>Directora: MARTA ADAM<\/p>\n\n\n\n<p>Vicedirectora: ERICA HUGHES<\/p>\n\n\n\n<p>Secretar\u00eda Acad\u00e9mica: GISELA GARC\u00cdA<\/p>\n\n\n\n<p>Suplente:&nbsp; CLARA ROSAS<\/p>\n\n\n\n<p>Recordamos prestar atenci\u00f3n al cronograma electoral.<\/p>\n\n\n\n<p>Atentamente,<\/p>\n\n\n\n<p>Junta Electoral- ISFD N\u00b0 803<\/p>\n","protected":false},"excerpt":{"rendered":"<p>Padrones Definitivos Listas Estimada comunidad educativa: informamos a Uds. que en el d\u00eda de ayer se ha procedido a la apertura del \u00fanico sobre con postulaciones para los cargos de Equipo Directivo. Una vez constatado el cumplimiento de los requisitos, se acept\u00f3 la candidatura de: &nbsp;LISTA VERDE- N\u00b0 217&nbsp;(Apoderada: Bibliot. Cecilia Calfuquir) CANDIDATAS: Directora: MARTA &#8230; <a title=\"Elecciones 2022\" class=\"read-more\" href=\"https:\/\/isfd803-chu.infd.edu.ar\/sitio\/informacion\/\" aria-label=\"More on Elecciones 2022\">[+]<\/a><\/p>\n","protected":false},"author":14,"featured_media":0,"parent":0,"menu_order":0,"comment_status":"closed","ping_status":"closed","template":"","meta":[],"acf":[],"_links":{"self":[{"href":"https:\/\/isfd803-chu.infd.edu.ar\/sitio\/wp-json\/wp\/v2\/pages\/6240"}],"collection":[{"href":"https:\/\/isfd803-chu.infd.edu.ar\/sitio\/wp-json\/wp\/v2\/pages"}],"about":[{"href":"https:\/\/isfd803-chu.infd.edu.ar\/sitio\/wp-json\/wp\/v2\/types\/page"}],"author":[{"embeddable":true,"href":"https:\/\/isfd803-chu.infd.edu.ar\/sitio\/wp-json\/wp\/v2\/users\/14"}],"replies":[{"embeddable":true,"href":"https:\/\/isfd803-chu.infd.edu.ar\/sitio\/wp-json\/wp\/v2\/comments?post=6240"}],"version-history":[{"count":12,"href":"https:\/\/isfd803-chu.infd.edu.ar\/sitio\/wp-json\/wp\/v2\/pages\/6240\/revisions"}],"predecessor-version":[{"id":6379,"href":"https:\/\/isfd803-chu.infd.edu.ar\/sitio\/wp-json\/wp\/v2\/pages\/6240\/revisions\/6379"}],"wp:attachment":[{"href":"https:\/\/isfd803-chu.infd.edu.ar\/sitio\/wp-json\/wp\/v2\/media?parent=6240"}],"curies":[{"name":"wp","href":"https:\/\/api.w.org\/{rel}","templated":true}]}}