{"id":6214,"date":"2022-02-24T18:56:45","date_gmt":"2022-02-24T21:56:45","guid":{"rendered":"https:\/\/isfd803-chu.infd.edu.ar\/sitio\/?page_id=6214"},"modified":"2023-09-01T19:50:59","modified_gmt":"2023-09-01T22:50:59","slug":"docentes-2","status":"publish","type":"page","link":"https:\/\/isfd803-chu.infd.edu.ar\/sitio\/docentes-2\/","title":{"rendered":"Docentes"},"content":{"rendered":"\n<h2 class=\"wp-block-heading\">Aprende a usar el Aula virtual<\/h2>\n\n\n\n<p>Hemos preparado este espacio espec\u00edficamente para brindarte apoyo en tu proceso de ingreso por primera vez a las aulas virtuales.<\/p>\n\n\n\n<p>Una vez que el Responsable Tic haya habilitado tu acceso al aula virtual, el sistema te enviar\u00e1 un usuario y una contrase\u00f1a personalizados, necesarios para que puedas ingresar.<\/p>\n\n\n\n<p>Para una experiencia a\u00fan m\u00e1s fluida, te recomendamos descargar la aplicaci\u00f3n del campus haciendo clic <a href=\"https:\/\/tic.infd.edu.ar\/campus-virtual-infd-en-tu-movil\/\">AQUI<\/a><\/p>\n\n\n\n<p>En caso de no haber recibido ning\u00fan mensaje o si consideras que ha habido alg\u00fan error en el proceso, no dudes en ponerte en contacto con nosotros a trav\u00e9s de <a href=\"mailto:equipotic803@gmail.com\">equipotic803@gmail.com<\/a>.<\/p>\n\n\n<div class=\"wp-block-image\">\n<figure class=\"aligncenter is-resized\"><a href=\"https:\/\/isfd803-chu.infd.edu.ar\/sitio\/tutoriales\/\"><img decoding=\"async\" loading=\"lazy\" src=\"https:\/\/isfd803-chu.infd.edu.ar\/sitio\/wp-content\/uploads\/2020\/05\/images.png\" alt=\"\" class=\"wp-image-4735\" width=\"600\" height=\"381\"\/><\/a><\/figure><\/div>","protected":false},"excerpt":{"rendered":"<p>Aprende a usar el Aula virtual Hemos preparado este espacio espec\u00edficamente para brindarte apoyo en tu proceso de ingreso por primera vez a las aulas virtuales. Una vez que el Responsable Tic haya habilitado tu acceso al aula virtual, el sistema te enviar\u00e1 un usuario y una contrase\u00f1a personalizados, necesarios para que puedas ingresar. Para &#8230; <a title=\"Docentes\" class=\"read-more\" href=\"https:\/\/isfd803-chu.infd.edu.ar\/sitio\/docentes-2\/\" aria-label=\"More on Docentes\">[+]<\/a><\/p>\n","protected":false},"author":14,"featured_media":0,"parent":0,"menu_order":0,"comment_status":"closed","ping_status":"closed","template":"","meta":[],"acf":[],"_links":{"self":[{"href":"https:\/\/isfd803-chu.infd.edu.ar\/sitio\/wp-json\/wp\/v2\/pages\/6214"}],"collection":[{"href":"https:\/\/isfd803-chu.infd.edu.ar\/sitio\/wp-json\/wp\/v2\/pages"}],"about":[{"href":"https:\/\/isfd803-chu.infd.edu.ar\/sitio\/wp-json\/wp\/v2\/types\/page"}],"author":[{"embeddable":true,"href":"https:\/\/isfd803-chu.infd.edu.ar\/sitio\/wp-json\/wp\/v2\/users\/14"}],"replies":[{"embeddable":true,"href":"https:\/\/isfd803-chu.infd.edu.ar\/sitio\/wp-json\/wp\/v2\/comments?post=6214"}],"version-history":[{"count":4,"href":"https:\/\/isfd803-chu.infd.edu.ar\/sitio\/wp-json\/wp\/v2\/pages\/6214\/revisions"}],"predecessor-version":[{"id":8035,"href":"https:\/\/isfd803-chu.infd.edu.ar\/sitio\/wp-json\/wp\/v2\/pages\/6214\/revisions\/8035"}],"wp:attachment":[{"href":"https:\/\/isfd803-chu.infd.edu.ar\/sitio\/wp-json\/wp\/v2\/media?parent=6214"}],"curies":[{"name":"wp","href":"https:\/\/api.w.org\/{rel}","templated":true}]}}