{"id":6195,"date":"2022-02-23T21:11:51","date_gmt":"2022-02-24T00:11:51","guid":{"rendered":"https:\/\/isfd803-chu.infd.edu.ar\/sitio\/?page_id=6195"},"modified":"2026-03-02T19:25:36","modified_gmt":"2026-03-02T22:25:36","slug":"formularios-estudiantes","status":"publish","type":"page","link":"https:\/\/isfd803-chu.infd.edu.ar\/sitio\/formularios-estudiantes\/","title":{"rendered":"Formularios Estudiantes"},"content":{"rendered":"\n<div class=\"wp-block-columns is-layout-flex wp-container-3\">\n<div class=\"wp-block-column is-layout-flow\">\n<div class=\"wp-block-buttons is-layout-flex\">\n<div class=\"wp-block-button\"><a class=\"wp-block-button__link wp-element-button\" href=\"https:\/\/isfd803-chu.infd.edu.ar\/sitio\/wp-content\/uploads\/2022\/06\/CONSTANCIA-DE-ASISTENCIA-A-EXAMEN.pdf\">CONSTANCIA DE ASISTENCIA A EXAMEN<\/a><\/div>\n\n\n\n<div class=\"wp-block-button\"><a class=\"wp-block-button__link wp-element-button\" href=\"https:\/\/isfd803-chu.infd.edu.ar\/sitio\/wp-content\/uploads\/2026\/03\/Certificado-de-alumno-regular.pdf\">CONSTANCIA DE ALUMNO REGULAR<\/a><\/div>\n<\/div>\n<\/div>\n<\/div>\n\n\n\n<div class=\"wp-block-buttons is-layout-flex\"><\/div>\n\n\n\n<div class=\"wp-block-buttons is-layout-flex\"><\/div>\n\n\n\n<hr class=\"wp-block-separator has-alpha-channel-opacity\"\/>\n\n\n\n<h2 class=\"wp-block-heading\">Formularios online solicitud de certificado anal\u00edtico incompleto<\/h2>\n\n\n\n<p>Luego de completar el formulario, presentarse en Bedel\u00eda para corroborar las notas.<br>El Certificado no se confeccionar\u00e1 si se omite este paso.<\/p>\n\n\n\n<div style=\"text-align:center;\">\n    <iframe loading=\"lazy\" src=\"https:\/\/docs.google.com\/forms\/d\/e\/1FAIpQLSfVOdDc9k2MAY3Pm2ELHcnphGX1lvmCUyZ4NHj2f8izMZOBrQ\/viewform?embedded=true\" width=\"640\" height=\"1900\" frameborder=\"0\" marginheight=\"0\" marginwidth=\"0\">Cargando\u2026<\/iframe>\n<\/div>\n","protected":false},"excerpt":{"rendered":"<p>Formularios online solicitud de certificado anal\u00edtico incompleto Luego de completar el formulario, presentarse en Bedel\u00eda para corroborar las notas.El Certificado no se confeccionar\u00e1 si se omite este paso. Cargando\u2026<\/p>\n","protected":false},"author":14,"featured_media":0,"parent":0,"menu_order":0,"comment_status":"closed","ping_status":"closed","template":"","meta":[],"acf":[],"_links":{"self":[{"href":"https:\/\/isfd803-chu.infd.edu.ar\/sitio\/wp-json\/wp\/v2\/pages\/6195"}],"collection":[{"href":"https:\/\/isfd803-chu.infd.edu.ar\/sitio\/wp-json\/wp\/v2\/pages"}],"about":[{"href":"https:\/\/isfd803-chu.infd.edu.ar\/sitio\/wp-json\/wp\/v2\/types\/page"}],"author":[{"embeddable":true,"href":"https:\/\/isfd803-chu.infd.edu.ar\/sitio\/wp-json\/wp\/v2\/users\/14"}],"replies":[{"embeddable":true,"href":"https:\/\/isfd803-chu.infd.edu.ar\/sitio\/wp-json\/wp\/v2\/comments?post=6195"}],"version-history":[{"count":25,"href":"https:\/\/isfd803-chu.infd.edu.ar\/sitio\/wp-json\/wp\/v2\/pages\/6195\/revisions"}],"predecessor-version":[{"id":11515,"href":"https:\/\/isfd803-chu.infd.edu.ar\/sitio\/wp-json\/wp\/v2\/pages\/6195\/revisions\/11515"}],"wp:attachment":[{"href":"https:\/\/isfd803-chu.infd.edu.ar\/sitio\/wp-json\/wp\/v2\/media?parent=6195"}],"curies":[{"name":"wp","href":"https:\/\/api.w.org\/{rel}","templated":true}]}}