{"id":5965,"date":"2021-09-27T18:02:54","date_gmt":"2021-09-27T21:02:54","guid":{"rendered":"https:\/\/isfd803-chu.infd.edu.ar\/sitio\/?page_id=5965"},"modified":"2021-10-04T08:41:52","modified_gmt":"2021-10-04T11:41:52","slug":"jornada-institucional-escritura-y-formacion-situada","status":"publish","type":"page","link":"https:\/\/isfd803-chu.infd.edu.ar\/sitio\/jornada-institucional-escritura-y-formacion-situada\/","title":{"rendered":"Jornada Institucional: Escritura y Formaci\u00f3n Situada"},"content":{"rendered":"\n<figure class=\"wp-block-image\" id=\"block-f768752f-b559-4ae1-8f59-7984c1366dba\"><img decoding=\"async\" src=\"https:\/\/isfd803-chu.infd.edu.ar\/sitio\/wp-content\/uploads\/2021\/09\/Anadir-un-titulo-1343x1900.jpg\" alt=\"La imagen tiene un atributo ALT vac\u00edo; su nombre de archivo es Anadir-un-titulo-1343x1900.jpg\"\/><\/figure>\n\n\n\n<div class=\"wp-block-file\"><a href=\"https:\/\/isfd803-chu.infd.edu.ar\/sitio\/wp-content\/uploads\/2021\/09\/CRONOGRAMA-para-Facebook.docx\">CRONOGRAMA <\/a><a href=\"https:\/\/isfd803-chu.infd.edu.ar\/sitio\/wp-content\/uploads\/2021\/09\/CRONOGRAMA-para-Facebook.docx\" class=\"wp-block-file__button\" download>Descarga<\/a><\/div>\n\n\n\n<p id=\"block-07eed1c3-e22b-402a-a6de-0b71a8a77381\">La Coordinaci\u00f3n de Investigaci\u00f3n del ISFD N\u00b0 803 organiza la jornada institucional de debate \u201cEscritura y formaci\u00f3n situada\u201d el<strong><span class=\"has-inline-color has-luminous-vivid-orange-color\"> lunes 18 de octubre a las 18.30 hs.<\/span><\/strong> All\u00ed, estudiantes y docentes socializar\u00e1n sus relatos pedag\u00f3gicos y proyectos de investigaci\u00f3n.<\/p>\n\n\n\n<p id=\"block-d85bbdba-ade7-4622-9ba1-446a8d849c2e\">Si te interesa conocer sus producciones, pod\u00e9s asistir presencialmente al SUM o seguirlo por la transmisi\u00f3n en vivo del Facebook ISFD 803 (con posibilidad de participar con preguntas y comentarios).Ser\u00e1 una buena oportunidad para interactuar y aprender con les autores, poniendo de manifiesto los encuentros y contrastes entre la narrativa y la investigaci\u00f3n educativas.<\/p>\n\n\n\n<p id=\"block-9718e843-a41b-4411-bf8d-a433c6453d24\">Te esperamos!<\/p>\n\n\n\n<p id=\"block-8057ad3e-1653-48f2-a275-d97b68c8a852\">Consultas: investigacionydesarrollo803@gmail.com<\/p>\n","protected":false},"excerpt":{"rendered":"<p>La Coordinaci\u00f3n de Investigaci\u00f3n del ISFD N\u00b0 803 organiza la jornada institucional de debate \u201cEscritura y formaci\u00f3n situada\u201d el lunes 18 de octubre a las 18.30 hs. All\u00ed, estudiantes y docentes socializar\u00e1n sus relatos pedag\u00f3gicos y proyectos de investigaci\u00f3n. Si te interesa conocer sus producciones, pod\u00e9s asistir presencialmente al SUM o seguirlo por la transmisi\u00f3n &#8230; <a title=\"Jornada Institucional: Escritura y Formaci\u00f3n Situada\" class=\"read-more\" href=\"https:\/\/isfd803-chu.infd.edu.ar\/sitio\/jornada-institucional-escritura-y-formacion-situada\/\" aria-label=\"More on Jornada Institucional: Escritura y Formaci\u00f3n Situada\">[+]<\/a><\/p>\n","protected":false},"author":14,"featured_media":0,"parent":0,"menu_order":0,"comment_status":"closed","ping_status":"closed","template":"","meta":[],"acf":[],"_links":{"self":[{"href":"https:\/\/isfd803-chu.infd.edu.ar\/sitio\/wp-json\/wp\/v2\/pages\/5965"}],"collection":[{"href":"https:\/\/isfd803-chu.infd.edu.ar\/sitio\/wp-json\/wp\/v2\/pages"}],"about":[{"href":"https:\/\/isfd803-chu.infd.edu.ar\/sitio\/wp-json\/wp\/v2\/types\/page"}],"author":[{"embeddable":true,"href":"https:\/\/isfd803-chu.infd.edu.ar\/sitio\/wp-json\/wp\/v2\/users\/14"}],"replies":[{"embeddable":true,"href":"https:\/\/isfd803-chu.infd.edu.ar\/sitio\/wp-json\/wp\/v2\/comments?post=5965"}],"version-history":[{"count":2,"href":"https:\/\/isfd803-chu.infd.edu.ar\/sitio\/wp-json\/wp\/v2\/pages\/5965\/revisions"}],"predecessor-version":[{"id":5977,"href":"https:\/\/isfd803-chu.infd.edu.ar\/sitio\/wp-json\/wp\/v2\/pages\/5965\/revisions\/5977"}],"wp:attachment":[{"href":"https:\/\/isfd803-chu.infd.edu.ar\/sitio\/wp-json\/wp\/v2\/media?parent=5965"}],"curies":[{"name":"wp","href":"https:\/\/api.w.org\/{rel}","templated":true}]}}