{"id":4736,"date":"2020-05-09T11:52:13","date_gmt":"2020-05-09T14:52:13","guid":{"rendered":"https:\/\/isfd803-chu.infd.edu.ar\/sitio\/?page_id=4736"},"modified":"2021-06-12T09:39:39","modified_gmt":"2021-06-12T12:39:39","slug":"tutoriales","status":"publish","type":"page","link":"https:\/\/isfd803-chu.infd.edu.ar\/sitio\/tutoriales\/","title":{"rendered":"Tutoriales"},"content":{"rendered":"<p>APP del campus del Instituto &#8211; para descargarla hace click <a href=\"https:\/\/tic.infd.edu.ar\/campus-virtual-infd-en-tu-movil\/\">AQUI<\/a><\/p>\n<p><a href=\"https:\/\/isfd803-chu.infd.edu.ar\/sitio\/wp-content\/uploads\/2021\/05\/Tutorial-para-descargar-y-habilitar-la-App-de-la-plataforma-del-Instituto.pdf\">Tutorial para descargar y habilitar la App de la plataforma del Instituto<\/a><\/p>\n<div  class=\"lgc-column lgc-grid-parent lgc-grid-50 lgc-tablet-grid-50 lgc-mobile-grid-100 lgc-equal-heights \"><div  class=\"inside-grid-column\">\n<p><strong>Tutoriales para el Alumno<\/strong><\/p>\n<p><a href=\"https:\/\/www.loom.com\/share\/23d2e171f8ae429d971403586d773da8\">Como ingresar al aula virtual<\/a><\/p>\n<p><a href=\"https:\/\/www.loom.com\/share\/d25ae9edf8724bb79e2e0ac4d6e281a8\">Como poner mi foto de perfil<\/a><\/p>\n<p><a href=\"https:\/\/www.loom.com\/share\/6313738b62254694b107f479c6a1c2ad\">Como realizar una actividad en el aula virtual<\/a><\/p>\n<p><a href=\"https:\/\/www.loom.com\/share\/9e4cb6031b9e4bf5af265853089a3336\">Como descargar los archivos de un aula virtual<\/a><\/p>\n<p><a href=\"https:\/\/www.loom.com\/share\/85d58e8bb4294739bc2393d0484b66b4\">Como realizar una evaluaci\u00f3n<\/a><\/p>\n<p><a href=\"https:\/\/www.loom.com\/share\/fd02411698204c26be96dff28a1f5c63\">Como veo mis calificaciones en el aula virtual del ISFD 803<\/a><\/p>\n<p><a href=\"https:\/\/www.loom.com\/share\/13863fffcb164f01bd379bfd10ba7337\">Como cargar mi portafolio digital<\/a><\/p>\n<p><a href=\"https:\/\/www.loom.com\/share\/cfabfa5b921d45dd9259985f4b956cb8\">Como participar en un tema de debate<\/a><\/p>\n<div style=\"position: relative; padding-bottom: 53.90625%; height: 0;\"><\/div><\/div><\/div><div  class=\"lgc-column lgc-grid-parent lgc-grid-50 lgc-tablet-grid-50 lgc-mobile-grid-100 lgc-equal-heights \"><div  class=\"inside-grid-column\"><strong>Tutoriales para el docente<\/strong><\/div>\n<div><a href=\"https:\/\/youtu.be\/i6sYvYW75UY\">Como cargar informaci\u00f3n en la secci\u00f3n de presentaci\u00f3n<\/a><\/div>\n<div><a href=\"https:\/\/www.loom.com\/share\/1d5c6da7126a4e76bf9e412cc8d8566b\">Como crear una clase en el aula virtual<\/a><\/div>\n<div><a href=\"https:\/\/www.loom.com\/share\/0436fdc0cbe14e93bc6f936f1f281f76\">Como armar diferentes textos en una clase<\/a><\/div>\n<div><a href=\"https:\/\/www.loom.com\/share\/b34b82f090f04164ab6805965d0723f9\">Como cargar un archivo en una clase<\/a><\/div>\n<div><a href=\"https:\/\/www.loom.com\/share\/e231731815be4846bf79fadeff42c9c1\">Como cargar un ppt en una clase<\/a><\/div>\n<div><a href=\"https:\/\/www.loom.com\/share\/f27c3e3dd844448983188a80c40a630d\">Como crear una actividad dentro de una clase<\/a><\/div>\n<div><a href=\"https:\/\/www.loom.com\/share\/6d3753f2cb634f60b86bb1d66a9b035b\">Como corregir una actividad<\/a><\/div>\n<div><a href=\"https:\/\/www.loom.com\/share\/6318779efb234a7d9fb68362798af35e\">Como ocultar o desactivar una clase<\/a><\/div>\n<div><a href=\"https:\/\/www.loom.com\/share\/d8a4f964f02a4fd3a8edaa33e73b556f\">Como trabajar en una clase oculta<\/a><\/div>\n<div><a href=\"https:\/\/youtu.be\/jK54NpW3WSM\">Como grabar un video en una clase<\/a><\/div>\n<div><a href=\"https:\/\/www.loom.com\/share\/580f2cd1dd4e41c3b7f24b32071d8e18\">Como incrustar un video de youtube en una clase<\/a><\/div>\n<div style=\"position: relative; padding-bottom: 53.90625%; height: 0;\">\n<div>\n<div style=\"position: relative; padding-bottom: 53.90625%; height: 0;\"><a href=\"https:\/\/www.loom.com\/share\/4be59172fa1d48358619f1649f05abb2\">Como armar una evaluaci\u00f3n en el aula &#8211; parte A<\/a><br \/>\n<a href=\"https:\/\/www.loom.com\/share\/f2be6db9900d4ea9930f25d58ff4422b\">Como armar una evaluaci\u00f3n en el aula &#8211; parte B<\/a><br \/>\n<a href=\"https:\/\/www.loom.com\/share\/6ae8019904784d3c83ae64f3a8a655e9\">Como armar una evaluaci\u00f3n en el aula &#8211; parte C<\/a><br \/>\n<a href=\"https:\/\/www.loom.com\/share\/6f95b92edb8e496b8d1f20de45cfea02\">Como armar una evaluaci\u00f3n en el aula &#8211; parte D<\/a><br \/>\n<a href=\"https:\/\/www.loom.com\/share\/606136fcdf7545f2b21a65fb85e9b9b5\">Como armar una evaluaci\u00f3n en el aula &#8211; parte E<\/a><br \/>\n<a href=\"https:\/\/www.loom.com\/share\/5966fbf0578f41a2aebee45c1c2ccd7e\">Como armar preguntas desde afuera de una evaluaci\u00f3n<\/a><br \/>\n<a href=\"https:\/\/www.loom.com\/share\/d6a0e228ea3a4b2ab4d0e305342b7738\">Como armar una evaluaci\u00f3n con preguntas ya dise\u00f1adas<\/a><br \/>\n<a href=\"https:\/\/www.loom.com\/share\/85d58e8bb4294739bc2393d0484b66b4\">Como ve el\/la estudiante una evaluaci\u00f3n<\/a><br \/>\n<a href=\"https:\/\/www.loom.com\/share\/901e677d821e409ab1dc5ed3e51e7052\">Planilla de calificaciones del Aula virtual<\/a><br \/>\n<a href=\"https:\/\/www.loom.com\/share\/41366ea800794113ad38713f0597a79f\">Como eliminar una intervenci\u00f3n de un Foro<\/a><br \/>\n<a href=\"https:\/\/www.loom.com\/share\/d651787e05ad42a5a022d97124ec20c8\">Como trabajar con portafolio digital<\/a><br \/>\n<a href=\"https:\/\/www.loom.com\/share\/63a89b34dd5e4eb998fb0c426fd0a831\">Como agregar una calificaci\u00f3n manualmente<\/a><strong><br \/>\nM\u00e1s tutoriales en\u00a0<a href=\"https:\/\/red.infd.edu.ar\/tutoriales\/\">https:\/\/red.infd.edu.ar\/tutoriales\/<\/a><\/strong><\/div>\n<\/div>\n<div><\/div>\n<div>\n<div><\/div>\n<div><\/div>\n<div><\/div>\n<div><\/div>\n<div><\/div>\n<div><\/div>\n<div><\/div>\n<div><\/div>\n<div><\/div>\n<div><\/div>\n<div><\/div>\n<div><\/div>\n<div><\/div>\n<\/div>\n<div><\/div>\n<div><\/div>\n<div><\/div>\n<p>&nbsp;<\/p>\n<p><\/p><\/div><\/div>\n<\/div>\n","protected":false},"excerpt":{"rendered":"<p>APP del campus del Instituto &#8211; para descargarla hace click AQUI Tutorial para descargar y habilitar la App de la plataforma del Instituto<\/p>\n","protected":false},"author":1315,"featured_media":0,"parent":0,"menu_order":0,"comment_status":"closed","ping_status":"closed","template":"","meta":[],"acf":[],"_links":{"self":[{"href":"https:\/\/isfd803-chu.infd.edu.ar\/sitio\/wp-json\/wp\/v2\/pages\/4736"}],"collection":[{"href":"https:\/\/isfd803-chu.infd.edu.ar\/sitio\/wp-json\/wp\/v2\/pages"}],"about":[{"href":"https:\/\/isfd803-chu.infd.edu.ar\/sitio\/wp-json\/wp\/v2\/types\/page"}],"author":[{"embeddable":true,"href":"https:\/\/isfd803-chu.infd.edu.ar\/sitio\/wp-json\/wp\/v2\/users\/1315"}],"replies":[{"embeddable":true,"href":"https:\/\/isfd803-chu.infd.edu.ar\/sitio\/wp-json\/wp\/v2\/comments?post=4736"}],"version-history":[{"count":44,"href":"https:\/\/isfd803-chu.infd.edu.ar\/sitio\/wp-json\/wp\/v2\/pages\/4736\/revisions"}],"predecessor-version":[{"id":5647,"href":"https:\/\/isfd803-chu.infd.edu.ar\/sitio\/wp-json\/wp\/v2\/pages\/4736\/revisions\/5647"}],"wp:attachment":[{"href":"https:\/\/isfd803-chu.infd.edu.ar\/sitio\/wp-json\/wp\/v2\/media?parent=4736"}],"curies":[{"name":"wp","href":"https:\/\/api.w.org\/{rel}","templated":true}]}}