{"id":4567,"date":"2020-04-18T13:29:57","date_gmt":"2020-04-18T16:29:57","guid":{"rendered":"https:\/\/isfd803-chu.infd.edu.ar\/sitio\/?page_id=4567"},"modified":"2023-09-01T19:48:49","modified_gmt":"2023-09-01T22:48:49","slug":"cursada-virtual-2021","status":"publish","type":"page","link":"https:\/\/isfd803-chu.infd.edu.ar\/sitio\/cursada-virtual-2021\/","title":{"rendered":"Aprende a usar el Aula virtual"},"content":{"rendered":"<p>Hemos preparado este espacio espec\u00edficamente para brindarte apoyo en tu proceso de ingreso por primera vez a las aulas virtuales.<\/p>\n<p>Una vez que el Responsable Tic haya habilitado tu acceso al aula virtual, el sistema te enviar\u00e1 un usuario y una contrase\u00f1a personalizados, necesarios para que puedas ingresar.<\/p>\n<p>Para una experiencia a\u00fan m\u00e1s fluida, te recomendamos descargar la aplicaci\u00f3n del campus haciendo clic <a href=\"https:\/\/tic.infd.edu.ar\/campus-virtual-infd-en-tu-movil\/\">AQUI<\/a><\/p>\n<p>En caso de no haber recibido ning\u00fan mensaje o si consideras que ha habido alg\u00fan error en el proceso, no dudes en ponerte en contacto con nosotros a trav\u00e9s de <a href=\"mailto:equipotic803@gmail.com\" target=\"_new\" rel=\"noopener\">equipotic803@gmail.com<\/a>.<\/p>\n<p><a href=\"https:\/\/isfd803-chu.infd.edu.ar\/sitio\/tutoriales\/\"><img decoding=\"async\" loading=\"lazy\" class=\" wp-image-4735 aligncenter\" src=\"https:\/\/isfd803-chu.infd.edu.ar\/sitio\/wp-content\/uploads\/2020\/05\/images.png\" alt=\"\" width=\"667\" height=\"423\" \/><\/a><\/p>\n<h4><\/h4>\n","protected":false},"excerpt":{"rendered":"<p>Hemos preparado este espacio espec\u00edficamente para brindarte apoyo en tu proceso de ingreso por primera vez a las aulas virtuales. Una vez que el Responsable Tic haya habilitado tu acceso al aula virtual, el sistema te enviar\u00e1 un usuario y una contrase\u00f1a personalizados, necesarios para que puedas ingresar. Para una experiencia a\u00fan m\u00e1s fluida, te &#8230; <a title=\"Aprende a usar el Aula virtual\" class=\"read-more\" href=\"https:\/\/isfd803-chu.infd.edu.ar\/sitio\/cursada-virtual-2021\/\" aria-label=\"More on Aprende a usar el Aula virtual\">[+]<\/a><\/p>\n","protected":false},"author":1315,"featured_media":0,"parent":0,"menu_order":0,"comment_status":"closed","ping_status":"closed","template":"","meta":[],"acf":[],"_links":{"self":[{"href":"https:\/\/isfd803-chu.infd.edu.ar\/sitio\/wp-json\/wp\/v2\/pages\/4567"}],"collection":[{"href":"https:\/\/isfd803-chu.infd.edu.ar\/sitio\/wp-json\/wp\/v2\/pages"}],"about":[{"href":"https:\/\/isfd803-chu.infd.edu.ar\/sitio\/wp-json\/wp\/v2\/types\/page"}],"author":[{"embeddable":true,"href":"https:\/\/isfd803-chu.infd.edu.ar\/sitio\/wp-json\/wp\/v2\/users\/1315"}],"replies":[{"embeddable":true,"href":"https:\/\/isfd803-chu.infd.edu.ar\/sitio\/wp-json\/wp\/v2\/comments?post=4567"}],"version-history":[{"count":34,"href":"https:\/\/isfd803-chu.infd.edu.ar\/sitio\/wp-json\/wp\/v2\/pages\/4567\/revisions"}],"predecessor-version":[{"id":8032,"href":"https:\/\/isfd803-chu.infd.edu.ar\/sitio\/wp-json\/wp\/v2\/pages\/4567\/revisions\/8032"}],"wp:attachment":[{"href":"https:\/\/isfd803-chu.infd.edu.ar\/sitio\/wp-json\/wp\/v2\/media?parent=4567"}],"curies":[{"name":"wp","href":"https:\/\/api.w.org\/{rel}","templated":true}]}}