{"id":4065,"date":"2019-04-08T16:23:25","date_gmt":"2019-04-08T19:23:25","guid":{"rendered":"https:\/\/isfd803-chu.infd.edu.ar\/sitio\/?page_id=4065"},"modified":"2026-03-13T23:45:43","modified_gmt":"2026-03-14T02:45:43","slug":"dispositivo-mayores-de-25-2026","status":"publish","type":"page","link":"https:\/\/isfd803-chu.infd.edu.ar\/sitio\/dispositivo-mayores-de-25-2026\/","title":{"rendered":"Dispositivo Mayores de 25 a\u00f1os &#8211; 2026"},"content":{"rendered":"\n<p><\/p>\n\n\n\n<h2 class=\"wp-block-heading has-text-align-center has-accent-color has-text-color\"><mark style=\"background-color:rgba(0, 0, 0, 0)\" class=\"has-inline-color has-accent-color\"><strong>INSCRIPCIONES <\/strong>ABIERTAS A PARTIR DEL 16\/03\/26 AL 27\/03\/26<\/mark> por DINO<\/h2>\n\n\n\n<figure class=\"wp-block-image size-full\"><img decoding=\"async\" loading=\"lazy\" width=\"1536\" height=\"1272\" src=\"https:\/\/isfd803-chu.infd.edu.ar\/sitio\/wp-content\/uploads\/2026\/03\/Carteles2.jpg\" alt=\"\" class=\"wp-image-11547\" srcset=\"https:\/\/isfd803-chu.infd.edu.ar\/sitio\/wp-content\/uploads\/2026\/03\/Carteles2.jpg 1536w, https:\/\/isfd803-chu.infd.edu.ar\/sitio\/wp-content\/uploads\/2026\/03\/Carteles2-1000x828.jpg 1000w, https:\/\/isfd803-chu.infd.edu.ar\/sitio\/wp-content\/uploads\/2026\/03\/Carteles2-768x636.jpg 768w\" sizes=\"(max-width: 1536px) 100vw, 1536px\" \/><\/figure>\n\n\n<div class=\"x11i5rnm xat24cr x1mh8g0r x1vvkbs xdj266r x126k92a\">\n<div dir=\"auto\"><span style=\"font-size: revert;\">_________________________________________<\/span><\/div>\n<div dir=\"auto\">\n<div class=\"x11i5rnm xat24cr x1mh8g0r x1vvkbs xtlvy1s x126k92a\">\n<div dir=\"auto\">\n<div class=\"x11i5rnm xat24cr x1mh8g0r x1vvkbs xtlvy1s x126k92a\">\n<div dir=\"auto\">La evaluaci\u00f3n anual a mayores de 25 a\u00f1os, se desarrolla en Chubut desde 2001 hasta la actualidad. El examen permite el ingreso a Institutos de Educaci\u00f3n Superior a mayores de 25 a\u00f1os sin estudios de Nivel Secundario, Medio y\/o Polimodal.<\/div>\n<\/div>\n<div class=\"x11i5rnm xat24cr x1mh8g0r x1vvkbs xtlvy1s x126k92a\">\n<div dir=\"auto\">Esta instancia se enmarca en lo establecido en la Ley Nacional de Educaci\u00f3n N\u00ba 26.206 y la Ley Nacional de Educaci\u00f3n Superior N\u00ba 24.521, el examen no proporciona un t\u00edtulo secundario sino que abre la puerta para iniciar una carrera superior y profesionalizarse.<\/div>\n<\/div>\n<div class=\"x11i5rnm xat24cr x1mh8g0r x1vvkbs xtlvy1s x126k92a\">\n<div dir=\"auto\">En Chubut, a trav\u00e9s del Ministerio de Educaci\u00f3n, la evaluaci\u00f3n est\u00e1 a cargo de la Direcci\u00f3n General de Educaci\u00f3n Superior en conjunto con la Direcci\u00f3n General de Educaci\u00f3n Privada, es por ello que las instituciones bajo sus dependencias deben incluirla en su vida institucional.<\/div>\n<\/div>\n<div class=\"x11i5rnm xat24cr x1mh8g0r x1vvkbs xtlvy1s x126k92a\">\n<div dir=\"auto\">Para que el examen sea m\u00e1s constructivo y abarque a muchas personas m\u00e1s, y se convierta en algo m\u00e1s que una instancia evaluativa, se establecieron cinco sedes provinciales donde referirse y acceder a apoyo escolar, gu\u00eda y materiales de estudio, como as\u00ed tambi\u00e9n contenci\u00f3n y orientaci\u00f3n vocacional.<\/div>\n<div dir=\"auto\">\u00a0<\/div>\n<\/div>\n<\/div>\n<\/div>\n<div class=\"x11i5rnm xat24cr x1mh8g0r x1vvkbs xtlvy1s x126k92a\">\n<div dir=\"auto\">\u00a0<\/div>\n<\/div>\n<\/div>\n<div dir=\"auto\">\n<div dir=\"auto\">\n<p><img decoding=\"async\" loading=\"lazy\" class=\"an1\" draggable=\"false\" src=\"https:\/\/fonts.gstatic.com\/s\/e\/notoemoji\/17.0\/1f4cc\/72.png\" alt=\"&#x1f4cc;\" width=\"28\" height=\"28\" data-emoji=\"&#x1f4cc;\" aria-label=\"&#x1f4cc;\" \/><strong>Preinscripci\u00f3n por DINO del 16\/03\/26 al 27\/03\/26:<\/strong> \u00a0Se realiza enviando un mensaje al\u00a0<strong>280 460-3466<\/strong>\u00a0con el texto\u00a0<em>\u201cHola, quiero preinscribirme al programa 25+\u201d<\/em> (seleccionar ISFD N\u00b0 803) o completando el formulario en <a href=\"http:\/\/chb.gob.ar\/Programa25+\" target=\"_blank\" rel=\"noopener noreferrer\" data-saferedirecturl=\"https:\/\/www.google.com\/url?q=http:\/\/chb.gob.ar\/Programa25%2B&amp;source=gmail&amp;ust=1773269545547000&amp;usg=AOvVaw22qgaOPbCRRnPlFOczuF6M\">chb.gob.ar\/Programa25+<\/a>\u00a0<\/p>\n<\/div>\n<\/div>\n<div dir=\"auto\"><strong>Requisitos:<\/strong><\/div>\n<div dir=\"auto\">Ser mayor de 25 a\u00f1os. Ser argentino\/a o naturalizado\/a.\u00a0 Tener certificado de estudios primarios completos.\u00a0 Residir en Chubut.<\/div>\n<div dir=\"auto\">\u00a0<\/div>\n<div dir=\"auto\"><strong>Documentaci\u00f3n a presentar del 27\/03\/26 al 01\/04\/26:<\/strong><\/div>\n<div dir=\"auto\">&#x25b6; Ficha de inscripci\u00f3n emitida por la plataforma DINO<br \/>&#x25b6; Fotocopia del DNI<\/div>\n<div dir=\"auto\">&#x25b6; Fotocopia de partida de nacimento<br \/>&#x25b6; Fotocopia del certificado de Educaci\u00f3n Primaria completa.<\/div>\n<div dir=\"auto\">\u00a0<\/div>\n<div dir=\"auto\"><strong>Se deja expresamente establecido que en caso de no cumplir con la documentaci\u00f3n requerida, el aspirante no podr\u00e1 incorporarse ni formar parte de la matricula del dispositivo.<\/strong><\/div>\n<div dir=\"auto\">\u00a0<\/div>\n<\/div>\n<div class=\"x11i5rnm xat24cr x1mh8g0r x1vvkbs xdj266r x126k92a\">\n<div dir=\"auto\"><strong>Lugar de entrega de documentaci\u00f3n:<\/strong><\/div>\n<div dir=\"auto\">Entrepiso ISFD N\u00b0 803 sede Esc. N\u00b0 42 del <strong>27\/03\/26 al 01\/04\/26<\/strong> de 18:30 a 21:30 hs.<\/div>\n<\/div>\n<div class=\"x11i5rnm xat24cr x1mh8g0r x1vvkbs xtlvy1s x126k92a\">\n<div dir=\"auto\">\u00a0<\/div>\n<\/div>\n<p style=\"text-align: center;\">\u00a0<\/p>\n<h1 style=\"text-align: center;\"><span style=\"color: #ff6600;\"><strong><u>Consultas:<\/u><\/strong><\/span><\/h1>\n<p style=\"text-align: center;\"><strong><a href=\"mailto:dispositivomayoresde25dges@educacionvirtual.chubut.edu.ar\" target=\"_blank\" rel=\"noopener\">dispositivomayoresde25dges@<wbr \/>educacionvirtual.chubut.edu.ar<\/a><\/strong><\/p>\n\n\n<div class=\"wp-block-buttons is-layout-flex\"><\/div>\n","protected":false},"excerpt":{"rendered":"<p>INSCRIPCIONES ABIERTAS A PARTIR DEL 16\/03\/26 AL 27\/03\/26 por DINO _________________________________________ La evaluaci\u00f3n anual a mayores de 25 a\u00f1os, se desarrolla en Chubut desde 2001 hasta la actualidad. El examen permite el ingreso a Institutos de Educaci\u00f3n Superior a mayores de 25 a\u00f1os sin estudios de Nivel Secundario, Medio y\/o Polimodal. Esta instancia se enmarca &#8230; <a title=\"Dispositivo Mayores de 25 a\u00f1os &#8211; 2026\" class=\"read-more\" href=\"https:\/\/isfd803-chu.infd.edu.ar\/sitio\/dispositivo-mayores-de-25-2026\/\" aria-label=\"More on Dispositivo Mayores de 25 a\u00f1os &#8211; 2026\">[+]<\/a><\/p>\n","protected":false},"author":14,"featured_media":0,"parent":0,"menu_order":0,"comment_status":"closed","ping_status":"closed","template":"","meta":[],"acf":[],"_links":{"self":[{"href":"https:\/\/isfd803-chu.infd.edu.ar\/sitio\/wp-json\/wp\/v2\/pages\/4065"}],"collection":[{"href":"https:\/\/isfd803-chu.infd.edu.ar\/sitio\/wp-json\/wp\/v2\/pages"}],"about":[{"href":"https:\/\/isfd803-chu.infd.edu.ar\/sitio\/wp-json\/wp\/v2\/types\/page"}],"author":[{"embeddable":true,"href":"https:\/\/isfd803-chu.infd.edu.ar\/sitio\/wp-json\/wp\/v2\/users\/14"}],"replies":[{"embeddable":true,"href":"https:\/\/isfd803-chu.infd.edu.ar\/sitio\/wp-json\/wp\/v2\/comments?post=4065"}],"version-history":[{"count":59,"href":"https:\/\/isfd803-chu.infd.edu.ar\/sitio\/wp-json\/wp\/v2\/pages\/4065\/revisions"}],"predecessor-version":[{"id":11548,"href":"https:\/\/isfd803-chu.infd.edu.ar\/sitio\/wp-json\/wp\/v2\/pages\/4065\/revisions\/11548"}],"wp:attachment":[{"href":"https:\/\/isfd803-chu.infd.edu.ar\/sitio\/wp-json\/wp\/v2\/media?parent=4065"}],"curies":[{"name":"wp","href":"https:\/\/api.w.org\/{rel}","templated":true}]}}