{"id":1442,"date":"2018-07-02T19:10:29","date_gmt":"2018-07-02T22:10:29","guid":{"rendered":"https:\/\/isfd803-chu.infd.edu.ar\/sitio\/servicios\/"},"modified":"2021-04-20T19:18:48","modified_gmt":"2021-04-20T22:18:48","slug":"servicios","status":"publish","type":"page","link":"https:\/\/isfd803-chu.infd.edu.ar\/sitio\/servicios\/","title":{"rendered":"Servicios"},"content":{"rendered":"<p>El Centro de Informaci\u00f3n y Documentaci\u00f3n dispone de los siguientes servicios:<\/p>\n<ul>\n<li><strong>CONSULTA EN SALA:<\/strong><\/li>\n<\/ul>\n<p style=\"text-align: justify;\">Servicio disponible para estudiantes, docentes y personal institucional; para la consulta, la lectura, la realizaci\u00f3n de tareas de investigaci\u00f3n y de estudio en forma individual y\/o grupal.<\/p>\n<ul>\n<li><strong>PR\u00c9STAMOS EN SALA DE BIBLIOTECA<\/strong>:<\/li>\n<\/ul>\n<p style=\"text-align: justify;\">El fondo documental de la biblioteca se encuentra disponible para los estudiantes, docentes y personal institucional; \u00a0su consulta se realiza en la sala de lectura o para el dictado de clases en aulas. (Ver reglamento)<\/p>\n<ul>\n<li><strong>PR\u00c9STAMOS PARA AULA<\/strong>:<\/li>\n<\/ul>\n<p>El fondo documental de la biblioteca se encuentra disponible para los estudiantes, docentes y personal institucional;\u00a0 para el dictado de clases en aulas.<\/p>\n<ul>\n<li><strong>PR\u00c9STAMOS A DOMICILIO<\/strong>:<\/li>\n<\/ul>\n<p style=\"text-align: justify;\">El fondo documental de la biblioteca se dispone para el pr\u00e9stamo domiciliario, destinado a los estudiantes, docentes y personal institucional, definidos como socios\/as del mismo. (Ver reglamento)<\/p>\n<p>No se disponen para el pr\u00e9stamo domiciliario, los siguientes documentos:<\/p>\n<ul>\n<li>Obras de referencia: diccionarios, enciclopedias.<\/li>\n<li>Documentos oficiales de organismos locales y nacionales: resoluciones ministeriales, dise\u00f1os curriculares, etc.<\/li>\n<\/ul>\n<p>La biblioteca se reserva el derecho de modificar el plazo de pr\u00e9stamo a domicilio ante bibliograf\u00eda muy demandada, a los efectos de facilitar la circulaci\u00f3n de la misma. En tales casos, se establecer\u00e1n plazos menores de tiempo para la devoluci\u00f3n.<\/p>\n<ul>\n<li><strong>PR\u00c9STAMOS INTERBIBLIOTECARIOS<\/strong>:<\/li>\n<\/ul>\n<p>Servicio disponible para diversas bibliotecas e instituciones locales.<\/p>\n<p>No se disponen para el pr\u00e9stamo inter-bibliotecario, los siguientes documentos:<\/p>\n<ul>\n<li>Obras de referencia: diccionarios, enciclopedias.<\/li>\n<li>Documentos oficiales de organismos locales y nacionales: resoluciones ministeriales, dise\u00f1os curriculares, etc.<\/li>\n<li>Documentos cuyo ejemplar sea \u00fanico y\/o muy solicitado por socios\/as de la biblioteca.<\/li>\n<\/ul>\n<p>Personal bibliotecario en conjunto con la instituci\u00f3n o biblioteca solicitante, acordar\u00e1n el plazo del pr\u00e9stamo, con previa presentaci\u00f3n de nota de solicitud y posterior acta de acuerdo de pr\u00e9stamo inter-bibliotecario.<\/p>\n<p>Ante bibliograf\u00eda muy demandada, a los efectos de facilitar la circulaci\u00f3n de la misma, se establecer\u00e1n plazos menores de tiempo para la devoluci\u00f3n.<\/p>\n<ul>\n<li><strong>REFERENCIA:<\/strong><\/li>\n<\/ul>\n<p>Servicio que orienta en la b\u00fasqueda de informaci\u00f3n\u00a0 y de recursos varios.<\/p>\n<p>A trav\u00e9s del siguiente correo electr\u00f3nico, se responder\u00e1 a la consulta: bibisfd803@gmail.com<\/p>\n<ul>\n<li><strong>ASESORAMIENTO<\/strong><\/li>\n<\/ul>\n<p>Bibliotecol\u00f3gico a quienes lo requieran.<\/p>\n<ul>\n<li><strong>FORMACION DE USUARIOS<\/strong><\/li>\n<\/ul>\n<p>Servicio dirigido especialmente a estudiantes ingresantes de todas las carreras del ISFD N\u00b0 803, a quienes se les informa sobre los servicios, recursos, personal y medios de comunicaci\u00f3n propios de la biblioteca; con el objetivo de establecer mejor conocimiento y aprovechamiento de los recursos disponibles.<\/p>\n","protected":false},"excerpt":{"rendered":"<p>El Centro de Informaci\u00f3n y Documentaci\u00f3n dispone de los siguientes servicios: CONSULTA EN SALA: Servicio disponible para estudiantes, docentes y personal institucional; para la consulta, la lectura, la realizaci\u00f3n de tareas de investigaci\u00f3n y de estudio en forma individual y\/o grupal. PR\u00c9STAMOS EN SALA DE BIBLIOTECA: El fondo documental de la biblioteca se encuentra disponible &#8230; <a title=\"Servicios\" class=\"read-more\" href=\"https:\/\/isfd803-chu.infd.edu.ar\/sitio\/servicios\/\" aria-label=\"More on Servicios\">[+]<\/a><\/p>\n","protected":false},"author":1315,"featured_media":0,"parent":0,"menu_order":0,"comment_status":"closed","ping_status":"closed","template":"","meta":[],"acf":[],"_links":{"self":[{"href":"https:\/\/isfd803-chu.infd.edu.ar\/sitio\/wp-json\/wp\/v2\/pages\/1442"}],"collection":[{"href":"https:\/\/isfd803-chu.infd.edu.ar\/sitio\/wp-json\/wp\/v2\/pages"}],"about":[{"href":"https:\/\/isfd803-chu.infd.edu.ar\/sitio\/wp-json\/wp\/v2\/types\/page"}],"author":[{"embeddable":true,"href":"https:\/\/isfd803-chu.infd.edu.ar\/sitio\/wp-json\/wp\/v2\/users\/1315"}],"replies":[{"embeddable":true,"href":"https:\/\/isfd803-chu.infd.edu.ar\/sitio\/wp-json\/wp\/v2\/comments?post=1442"}],"version-history":[{"count":4,"href":"https:\/\/isfd803-chu.infd.edu.ar\/sitio\/wp-json\/wp\/v2\/pages\/1442\/revisions"}],"predecessor-version":[{"id":5469,"href":"https:\/\/isfd803-chu.infd.edu.ar\/sitio\/wp-json\/wp\/v2\/pages\/1442\/revisions\/5469"}],"wp:attachment":[{"href":"https:\/\/isfd803-chu.infd.edu.ar\/sitio\/wp-json\/wp\/v2\/media?parent=1442"}],"curies":[{"name":"wp","href":"https:\/\/api.w.org\/{rel}","templated":true}]}}