{"id":1440,"date":"2018-07-02T19:10:29","date_gmt":"2018-07-02T22:10:29","guid":{"rendered":"https:\/\/isfd803-chu.infd.edu.ar\/sitio\/acceso-y-disponibilidad\/"},"modified":"2021-04-20T19:19:42","modified_gmt":"2021-04-20T22:19:42","slug":"acceso-y-disponibilidad","status":"publish","type":"page","link":"https:\/\/isfd803-chu.infd.edu.ar\/sitio\/acceso-y-disponibilidad\/","title":{"rendered":"Recursos, accesos y disponibilidad"},"content":{"rendered":"<ul>\n<li><strong>SISTEMA DE ESTANTERIA ABIERTA:\u00a0<\/strong>Permite conocer la ubicaci\u00f3n f\u00edsica del material.<\/li>\n<li><strong>HEMEROTECA:\u00a0<\/strong><strong>revistas<\/strong> especializada en Educaci\u00f3n.<\/li>\n<li><strong>VIDEOTECA:\u00a0<\/strong>Videos, Audio, Pel\u00edculas.<\/li>\n<li><strong>EQUIPOS MULTIMEDIA:\u00a0<\/strong>Se resguardan y disponen diversos recursos tecnol\u00f3gicos para apoyar el dictado de clases, conferencias, talleres y cursos de capacitaci\u00f3n institucional.<\/li>\n<li><strong>COMPUTADORAS, IMPRESORAS<\/strong>: Exclusivos para tareas de estudios y capacitaci\u00f3n profesional.<\/li>\n<li><strong>MATERIALES CURRICULARES Y RECURSOS DID\u00c1CTICOS:\u00a0<\/strong>Proporcionar a docentes, estudiantes e investigadores, materiales en diversos soportes para el proceso de ense\u00f1anza-aprendizaje.<\/li>\n<li><strong>ACTIVIDADES CULTURALES, DE EXTENSI\u00d3N Y CAPACITACI\u00d3N<\/strong>: Apoya y promueve diversas actividades como charlas, conferencias, talleres, jornadas de investigaci\u00f3n, etc.<\/li>\n<li><strong>ACCESO A INTERNET<\/strong>: Recurso para acceder a las nuevas tecnolog\u00edas facilitando la b\u00fasqueda y elaboraci\u00f3n de la informaci\u00f3n.<\/li>\n<li><strong>CORREO ELECTR\u00d3NICO<\/strong>: Herramienta de comunicaci\u00f3n que proporciona un eficiente y eficaz soporte did\u00e1ctico (P\/consultas, listas tem\u00e1ticas, experiencias, etc.).<\/li>\n<li><strong>CARNET<\/strong>personalizado para acceder a todos los servicios.<\/li>\n<\/ul>\n","protected":false},"excerpt":{"rendered":"<p>SISTEMA DE ESTANTERIA ABIERTA:\u00a0Permite conocer la ubicaci\u00f3n f\u00edsica del material. HEMEROTECA:\u00a0revistas especializada en Educaci\u00f3n. VIDEOTECA:\u00a0Videos, Audio, Pel\u00edculas. EQUIPOS MULTIMEDIA:\u00a0Se resguardan y disponen diversos recursos tecnol\u00f3gicos para apoyar el dictado de clases, conferencias, talleres y cursos de capacitaci\u00f3n institucional. COMPUTADORAS, IMPRESORAS: Exclusivos para tareas de estudios y capacitaci\u00f3n profesional. MATERIALES CURRICULARES Y RECURSOS DID\u00c1CTICOS:\u00a0Proporcionar a docentes, &#8230; <a title=\"Recursos, accesos y disponibilidad\" class=\"read-more\" href=\"https:\/\/isfd803-chu.infd.edu.ar\/sitio\/acceso-y-disponibilidad\/\" aria-label=\"More on Recursos, accesos y disponibilidad\">[+]<\/a><\/p>\n","protected":false},"author":1315,"featured_media":0,"parent":0,"menu_order":0,"comment_status":"closed","ping_status":"closed","template":"","meta":[],"acf":[],"_links":{"self":[{"href":"https:\/\/isfd803-chu.infd.edu.ar\/sitio\/wp-json\/wp\/v2\/pages\/1440"}],"collection":[{"href":"https:\/\/isfd803-chu.infd.edu.ar\/sitio\/wp-json\/wp\/v2\/pages"}],"about":[{"href":"https:\/\/isfd803-chu.infd.edu.ar\/sitio\/wp-json\/wp\/v2\/types\/page"}],"author":[{"embeddable":true,"href":"https:\/\/isfd803-chu.infd.edu.ar\/sitio\/wp-json\/wp\/v2\/users\/1315"}],"replies":[{"embeddable":true,"href":"https:\/\/isfd803-chu.infd.edu.ar\/sitio\/wp-json\/wp\/v2\/comments?post=1440"}],"version-history":[{"count":5,"href":"https:\/\/isfd803-chu.infd.edu.ar\/sitio\/wp-json\/wp\/v2\/pages\/1440\/revisions"}],"predecessor-version":[{"id":5470,"href":"https:\/\/isfd803-chu.infd.edu.ar\/sitio\/wp-json\/wp\/v2\/pages\/1440\/revisions\/5470"}],"wp:attachment":[{"href":"https:\/\/isfd803-chu.infd.edu.ar\/sitio\/wp-json\/wp\/v2\/media?parent=1440"}],"curies":[{"name":"wp","href":"https:\/\/api.w.org\/{rel}","templated":true}]}}