{"id":1438,"date":"2018-07-02T19:10:28","date_gmt":"2018-07-02T22:10:28","guid":{"rendered":"https:\/\/isfd803-chu.infd.edu.ar\/sitio\/horarios\/"},"modified":"2024-10-09T18:23:34","modified_gmt":"2024-10-09T21:23:34","slug":"horarios","status":"publish","type":"page","link":"https:\/\/isfd803-chu.infd.edu.ar\/sitio\/horarios\/","title":{"rendered":"Horarios"},"content":{"rendered":"<p style=\"font-weight: 400;\">El Centro de Informaci\u00f3n y Documentaci\u00f3n presta sus servicios y atenci\u00f3n a estudiantes, docentes y comunidad en general, en los siguientes d\u00edas y horarios:<\/p>\n<p style=\"font-weight: 400;\"><u>LUNES A VIERNES:<\/u><\/p>\n<ul style=\"font-weight: 400;\">\n<li>Turno Ma\u00f1ana: 10:15 a 12 hs.<\/li>\n<li>Turno tarde y vespertino: 13:15 a 22 hs.<\/li>\n<\/ul>\n<p style=\"font-weight: 400;\"><u>Accesos:<\/u><\/p>\n<ul style=\"font-weight: 400;\">\n<li>Desde \u00a010:15 a 17:55 hs por la puerta de acceso propio (25 de Mayo y Moreno: esquina con mural)<\/li>\n<li>Desde \u00a018:00 a 22:00 hs por el acceso principal al Instituto (25 de Mayo N\u00b0 1090)<\/li>\n<\/ul>\n<p style=\"font-weight: 400;\">Para contactarse:\u00a0\u00a0<a href=\"mailto:bibisfd803@gmail.com\">bibisfd803@gmail.com<\/a><\/p>\n<p style=\"text-align: center;\">\n","protected":false},"excerpt":{"rendered":"<p>El Centro de Informaci\u00f3n y Documentaci\u00f3n presta sus servicios y atenci\u00f3n a estudiantes, docentes y comunidad en general, en los siguientes d\u00edas y horarios: LUNES A VIERNES: Turno Ma\u00f1ana: 10:15 a 12 hs. Turno tarde y vespertino: 13:15 a 22 hs. Accesos: Desde \u00a010:15 a 17:55 hs por la puerta de acceso propio (25 de &#8230; <a title=\"Horarios\" class=\"read-more\" href=\"https:\/\/isfd803-chu.infd.edu.ar\/sitio\/horarios\/\" aria-label=\"More on Horarios\">[+]<\/a><\/p>\n","protected":false},"author":1315,"featured_media":0,"parent":0,"menu_order":0,"comment_status":"closed","ping_status":"closed","template":"","meta":[],"acf":[],"_links":{"self":[{"href":"https:\/\/isfd803-chu.infd.edu.ar\/sitio\/wp-json\/wp\/v2\/pages\/1438"}],"collection":[{"href":"https:\/\/isfd803-chu.infd.edu.ar\/sitio\/wp-json\/wp\/v2\/pages"}],"about":[{"href":"https:\/\/isfd803-chu.infd.edu.ar\/sitio\/wp-json\/wp\/v2\/types\/page"}],"author":[{"embeddable":true,"href":"https:\/\/isfd803-chu.infd.edu.ar\/sitio\/wp-json\/wp\/v2\/users\/1315"}],"replies":[{"embeddable":true,"href":"https:\/\/isfd803-chu.infd.edu.ar\/sitio\/wp-json\/wp\/v2\/comments?post=1438"}],"version-history":[{"count":8,"href":"https:\/\/isfd803-chu.infd.edu.ar\/sitio\/wp-json\/wp\/v2\/pages\/1438\/revisions"}],"predecessor-version":[{"id":10068,"href":"https:\/\/isfd803-chu.infd.edu.ar\/sitio\/wp-json\/wp\/v2\/pages\/1438\/revisions\/10068"}],"wp:attachment":[{"href":"https:\/\/isfd803-chu.infd.edu.ar\/sitio\/wp-json\/wp\/v2\/media?parent=1438"}],"curies":[{"name":"wp","href":"https:\/\/api.w.org\/{rel}","templated":true}]}}