{"id":1434,"date":"2018-07-02T19:10:27","date_gmt":"2018-07-02T22:10:27","guid":{"rendered":"https:\/\/isfd803-chu.infd.edu.ar\/sitio\/reglamento\/"},"modified":"2021-04-20T19:35:45","modified_gmt":"2021-04-20T22:35:45","slug":"reglamento","status":"publish","type":"page","link":"https:\/\/isfd803-chu.infd.edu.ar\/sitio\/reglamento\/","title":{"rendered":"Reglamento"},"content":{"rendered":"<p>Los\/as socios\/as acceder\u00e1n a los servicios y recursos del Centro de Informaci\u00f3n y Documentaci\u00f3n, cumpliendo con los siguientes requisitos:<\/p>\n<ul>\n<li>Presentaci\u00f3n del CARNET DE SOCIO\/A. Este carnet es un documento de uso personal e intransferible.<\/li>\n<li>El CARNET DE SOCIO\/A, debe ser presentado por el\/la titular al personal bibliotecario ante cada consulta y\/o solicitud de servicio.<\/li>\n<li>Para tener validez, el CARNET DE SOCIO\/A debe estar actualizado, correspondiendo al a\u00f1o en curso.<\/li>\n<\/ul>\n<p>&nbsp;<\/p>\n<p>PARA PR\u00c9STAMOS A DOMICILIOS:<\/p>\n<ul>\n<li>Cantidad m\u00e1xima de textos generales: 2 (dos)<\/li>\n<li>Cantidad m\u00e1xima de textos de literatura infantil: 2 (dos)<\/li>\n<li>Los pr\u00e9stamos se hacen por el m\u00e1ximo de 3 d\u00edas.<\/li>\n<li>S\u00f3lo se realizar\u00e1n pr\u00e9stamos al\/a la titular del carnet.<\/li>\n<li>Realizar la devoluci\u00f3n del material en tiempo y forma.<\/li>\n<li>En caso de p\u00e9rdida y\/o da\u00f1o del material, el\/la usuario\/a, deber\u00e1 reponerlo en el menor tiempo posible.<\/li>\n<li>Los pr\u00e9stamos se realizar\u00e1n en el horario de 10:15 a 20:30 hs.<\/li>\n<\/ul>\n","protected":false},"excerpt":{"rendered":"<p>Los\/as socios\/as acceder\u00e1n a los servicios y recursos del Centro de Informaci\u00f3n y Documentaci\u00f3n, cumpliendo con los siguientes requisitos: Presentaci\u00f3n del CARNET DE SOCIO\/A. Este carnet es un documento de uso personal e intransferible. El CARNET DE SOCIO\/A, debe ser presentado por el\/la titular al personal bibliotecario ante cada consulta y\/o solicitud de servicio. Para &#8230; <a title=\"Reglamento\" class=\"read-more\" href=\"https:\/\/isfd803-chu.infd.edu.ar\/sitio\/reglamento\/\" aria-label=\"More on Reglamento\">[+]<\/a><\/p>\n","protected":false},"author":1315,"featured_media":0,"parent":0,"menu_order":0,"comment_status":"closed","ping_status":"closed","template":"","meta":[],"acf":[],"_links":{"self":[{"href":"https:\/\/isfd803-chu.infd.edu.ar\/sitio\/wp-json\/wp\/v2\/pages\/1434"}],"collection":[{"href":"https:\/\/isfd803-chu.infd.edu.ar\/sitio\/wp-json\/wp\/v2\/pages"}],"about":[{"href":"https:\/\/isfd803-chu.infd.edu.ar\/sitio\/wp-json\/wp\/v2\/types\/page"}],"author":[{"embeddable":true,"href":"https:\/\/isfd803-chu.infd.edu.ar\/sitio\/wp-json\/wp\/v2\/users\/1315"}],"replies":[{"embeddable":true,"href":"https:\/\/isfd803-chu.infd.edu.ar\/sitio\/wp-json\/wp\/v2\/comments?post=1434"}],"version-history":[{"count":2,"href":"https:\/\/isfd803-chu.infd.edu.ar\/sitio\/wp-json\/wp\/v2\/pages\/1434\/revisions"}],"predecessor-version":[{"id":5478,"href":"https:\/\/isfd803-chu.infd.edu.ar\/sitio\/wp-json\/wp\/v2\/pages\/1434\/revisions\/5478"}],"wp:attachment":[{"href":"https:\/\/isfd803-chu.infd.edu.ar\/sitio\/wp-json\/wp\/v2\/media?parent=1434"}],"curies":[{"name":"wp","href":"https:\/\/api.w.org\/{rel}","templated":true}]}}