{"id":1432,"date":"2018-07-02T19:10:26","date_gmt":"2018-07-02T22:10:26","guid":{"rendered":"https:\/\/isfd803-chu.infd.edu.ar\/sitio\/consultas-e-informes\/"},"modified":"2021-03-23T19:38:06","modified_gmt":"2021-03-23T22:38:06","slug":"consultas-e-informes","status":"publish","type":"page","link":"https:\/\/isfd803-chu.infd.edu.ar\/sitio\/consultas-e-informes\/","title":{"rendered":"Consultas e informes"},"content":{"rendered":"<p><strong><u>CENTRO DE INFORMACI\u00d6N Y DOCUMENTACI\u00d2N<\/u><\/strong><\/p>\n<p>&nbsp;<\/p>\n<p><u>Direcci\u00f3n:<\/u><\/p>\n<p>25 DE MAYO\u00a0 1090<\/p>\n<p>PUERTO MADRYN\u2013 CHUBUT<\/p>\n<p>(C.P: 9120)<\/p>\n<p><u>\u00a0<\/u><\/p>\n<p><u>Tel\u00e9fono:<\/u><\/p>\n<p>0280\u20144455486<\/p>\n<p>RED:\u00a0 6486<\/p>\n<p><u>\u00a0<\/u><\/p>\n<p><u>Correo electr\u00f3nico<\/u><\/p>\n<p><a href=\"mailto:Bibisfd803@gmail.com\">Bibisfd803@gmail.com<\/a><\/p>\n<p>Facebook: <a href=\"https:\/\/www.facebook.com\/Biblioteca-803-109825204035072\">@Biblioteca 803<\/a><\/p>\n<p><u>P\u00e1gina \/ Direcci\u00f3n virtual:<\/u><\/p>\n<p><a href=\"https:\/\/isfd803-chu.infd.edu.ar\/sitio\/consultas-e-informes\/index.cgi?wid_seccion=18\">http:\/\/isfd803.chu.infd.edu.ar\/sitio\/index.cgi?wid_seccion=18<\/a><\/p>\n","protected":false},"excerpt":{"rendered":"<p>CENTRO DE INFORMACI\u00d6N Y DOCUMENTACI\u00d2N &nbsp; Direcci\u00f3n: 25 DE MAYO\u00a0 1090 PUERTO MADRYN\u2013 CHUBUT (C.P: 9120) \u00a0 Tel\u00e9fono: 0280\u20144455486 RED:\u00a0 6486 \u00a0 Correo electr\u00f3nico Bibisfd803@gmail.com Facebook: @Biblioteca 803 P\u00e1gina \/ Direcci\u00f3n virtual: http:\/\/isfd803.chu.infd.edu.ar\/sitio\/index.cgi?wid_seccion=18<\/p>\n","protected":false},"author":1315,"featured_media":0,"parent":0,"menu_order":0,"comment_status":"closed","ping_status":"closed","template":"","meta":[],"acf":[],"_links":{"self":[{"href":"https:\/\/isfd803-chu.infd.edu.ar\/sitio\/wp-json\/wp\/v2\/pages\/1432"}],"collection":[{"href":"https:\/\/isfd803-chu.infd.edu.ar\/sitio\/wp-json\/wp\/v2\/pages"}],"about":[{"href":"https:\/\/isfd803-chu.infd.edu.ar\/sitio\/wp-json\/wp\/v2\/types\/page"}],"author":[{"embeddable":true,"href":"https:\/\/isfd803-chu.infd.edu.ar\/sitio\/wp-json\/wp\/v2\/users\/1315"}],"replies":[{"embeddable":true,"href":"https:\/\/isfd803-chu.infd.edu.ar\/sitio\/wp-json\/wp\/v2\/comments?post=1432"}],"version-history":[{"count":2,"href":"https:\/\/isfd803-chu.infd.edu.ar\/sitio\/wp-json\/wp\/v2\/pages\/1432\/revisions"}],"predecessor-version":[{"id":5375,"href":"https:\/\/isfd803-chu.infd.edu.ar\/sitio\/wp-json\/wp\/v2\/pages\/1432\/revisions\/5375"}],"wp:attachment":[{"href":"https:\/\/isfd803-chu.infd.edu.ar\/sitio\/wp-json\/wp\/v2\/media?parent=1432"}],"curies":[{"name":"wp","href":"https:\/\/api.w.org\/{rel}","templated":true}]}}