{"id":1430,"date":"2018-07-02T19:10:25","date_gmt":"2018-07-02T22:10:25","guid":{"rendered":"https:\/\/isfd803-chu.infd.edu.ar\/sitio\/mision\/"},"modified":"2021-04-20T19:17:03","modified_gmt":"2021-04-20T22:17:03","slug":"mision","status":"publish","type":"page","link":"https:\/\/isfd803-chu.infd.edu.ar\/sitio\/mision\/","title":{"rendered":"Misi\u00f3n"},"content":{"rendered":"<p><img decoding=\"async\" loading=\"lazy\" src=\"https:\/\/isfd803-chu.infd.edu.ar\/sitio\/wp-content\/uploads\/2018\/07\/banner_biblio_MISION.png\" width=\"511\" height=\"117\" border=\"0\" \/><\/p>\n<p>El Centro de Informaci\u00f3n y Documentaci\u00f3n del Instituto Superior de Formaci\u00f3n Docente N\u00ba 803, especializada en educaci\u00f3n y ciencias afines, tiene como <span style=\"text-decoration: underline;\">misi\u00f3n<\/span>:<\/p>\n<p>\u00b7\u00a0Facilitar el proceso de adquisici\u00f3n del conocimiento convirti\u00e9ndose en un mediador entre los usuarios y los sistemas de acceso.<\/p>\n<p>\u00b7\u00a0Orientar al usuario en la consulta de las bases de datos y en la selecci\u00f3n del\u00a0 material bibliogr\u00e1fico en diversos soportes.<\/p>\n<p>\u00b7\u00a0Democratizar el acceso a la informaci\u00f3n y a la difusi\u00f3n del uso de nuevas tecnolog\u00edas.<\/p>\n<p>&nbsp;<\/p>\n<h1><strong>OBJETIVOS<\/strong><\/h1>\n<p>El Centro de Informaci\u00f3n y Documentaci\u00f3n del ISFD N\u00b0 803, especializada en educaci\u00f3n y ciencias afines, tiene como OBJETIVOS:<\/p>\n<ul>\n<li>Facilitar el proceso de ense\u00f1anza-aprendizaje, asistiendo a los\/as usuarios en el acceso y utilizaci\u00f3n de diferentes fuentes de informaci\u00f3n.<\/li>\n<li>Actualizar el material bibliogr\u00e1fico, documental y diversos recursos de acuerdo a las necesidades.<\/li>\n<li>Difundir los servicios y recursos disponibles para la comunidad educativa.<\/li>\n<li>Brindar apoyo a propuestas de ense\u00f1anza-aprendizaje, a trav\u00e9s de diferentes recursos.<\/li>\n<li>Colaborar en \u00a0actividades institucionales a trav\u00e9s de diversos recursos.<\/li>\n<li>Promover en los\/as usuarios\/as el desarrollo de la autonom\u00eda para el uso de los recursos y servicios.<\/li>\n<li>Promover la lectura como medio de informaci\u00f3n.<\/li>\n<li>Promover y sostener actividades de extensi\u00f3n, colaborativas y\/o comunitarias con diversos centros e instituciones locales, a los fines de promover la lectura, actualizar la base documental y poder realizar los asesoramientos pertinentes.<\/li>\n<\/ul>\n","protected":false},"excerpt":{"rendered":"<p>El Centro de Informaci\u00f3n y Documentaci\u00f3n del Instituto Superior de Formaci\u00f3n Docente N\u00ba 803, especializada en educaci\u00f3n y ciencias afines, tiene como misi\u00f3n: \u00b7\u00a0Facilitar el proceso de adquisici\u00f3n del conocimiento convirti\u00e9ndose en un mediador entre los usuarios y los sistemas de acceso. \u00b7\u00a0Orientar al usuario en la consulta de las bases de datos y en &#8230; <a title=\"Misi\u00f3n\" class=\"read-more\" href=\"https:\/\/isfd803-chu.infd.edu.ar\/sitio\/mision\/\" aria-label=\"More on Misi\u00f3n\">[+]<\/a><\/p>\n","protected":false},"author":1315,"featured_media":0,"parent":0,"menu_order":0,"comment_status":"closed","ping_status":"closed","template":"","meta":[],"acf":[],"_links":{"self":[{"href":"https:\/\/isfd803-chu.infd.edu.ar\/sitio\/wp-json\/wp\/v2\/pages\/1430"}],"collection":[{"href":"https:\/\/isfd803-chu.infd.edu.ar\/sitio\/wp-json\/wp\/v2\/pages"}],"about":[{"href":"https:\/\/isfd803-chu.infd.edu.ar\/sitio\/wp-json\/wp\/v2\/types\/page"}],"author":[{"embeddable":true,"href":"https:\/\/isfd803-chu.infd.edu.ar\/sitio\/wp-json\/wp\/v2\/users\/1315"}],"replies":[{"embeddable":true,"href":"https:\/\/isfd803-chu.infd.edu.ar\/sitio\/wp-json\/wp\/v2\/comments?post=1430"}],"version-history":[{"count":3,"href":"https:\/\/isfd803-chu.infd.edu.ar\/sitio\/wp-json\/wp\/v2\/pages\/1430\/revisions"}],"predecessor-version":[{"id":5467,"href":"https:\/\/isfd803-chu.infd.edu.ar\/sitio\/wp-json\/wp\/v2\/pages\/1430\/revisions\/5467"}],"wp:attachment":[{"href":"https:\/\/isfd803-chu.infd.edu.ar\/sitio\/wp-json\/wp\/v2\/media?parent=1430"}],"curies":[{"name":"wp","href":"https:\/\/api.w.org\/{rel}","templated":true}]}}