{"id":1412,"date":"2018-07-02T19:10:15","date_gmt":"2018-07-02T22:10:15","guid":{"rendered":"https:\/\/isfd803-chu.infd.edu.ar\/sitio\/certificacion-docente-en-pedagogia-y-ensenanza-para-la-educacion-secundaria\/"},"modified":"2021-12-06T21:16:26","modified_gmt":"2021-12-07T00:16:26","slug":"certificacion-docente-en-pedagogia-y-ensenanza-para-la-educacion-secundaria","status":"publish","type":"page","link":"https:\/\/isfd803-chu.infd.edu.ar\/sitio\/certificacion-docente-en-pedagogia-y-ensenanza-para-la-educacion-secundaria\/","title":{"rendered":"Certificaci\u00f3n Docente en Pedagog\u00eda y Ense\u00f1anza para la Educaci\u00f3n Secundaria"},"content":{"rendered":"<p><img decoding=\"async\" loading=\"lazy\" class=\"alignnone size-full wp-image-3512\" src=\"https:\/\/isfd803-chu.infd.edu.ar\/sitio\/wp-content\/uploads\/2018\/11\/Pink-Brush-Strokes-Beauty-Cosmetics-Facebook-Cover-26.jpg\" alt=\"\" width=\"828\" height=\"315\" srcset=\"https:\/\/isfd803-chu.infd.edu.ar\/sitio\/wp-content\/uploads\/2018\/11\/Pink-Brush-Strokes-Beauty-Cosmetics-Facebook-Cover-26.jpg 828w, https:\/\/isfd803-chu.infd.edu.ar\/sitio\/wp-content\/uploads\/2018\/11\/Pink-Brush-Strokes-Beauty-Cosmetics-Facebook-Cover-26-768x292.jpg 768w\" sizes=\"(max-width: 828px) 100vw, 828px\" \/><\/p>\n<h1><span style=\"color: #ff6600;\">DOCUMENTACI\u00d3N<\/span><\/h1>\n<p><strong><span style=\"font-size: 14pt;\"><a title=\"Dise\u00f1o Curricular Jurisdiccional CERTIFICACI\u00d3N DOCENTE EN PEDAGOG\u00cdA Y ENSE\u00d1ANZA PARA LA ESCUELA SECUNDARIA\" href=\"upload\/DC_Certificacion_en_Pedagogia_y_Ensen_anza_para_la_EscSec.pdf\" target=\"_blank\" rel=\"noopener\">Dise\u00f1o curricular<\/a><\/span><\/strong><\/p>\n<p><a href=\"https:\/\/isfd803-chu.infd.edu.ar\/sitio\/wp-content\/uploads\/2019\/02\/PLANILLA-DE-CREDITOS.xls\">Planilla de CREDITOS<\/a><\/p>\n<h1><span style=\"color: #ff6600;\">INSTITUCIONAL<\/span><\/h1>\n<p><span style=\"font-size: 14pt;\">Coordinador: Lic. Prof. Nicol\u00e1s Rodr\u00edguez<\/span><\/p>\n","protected":false},"excerpt":{"rendered":"<p>DOCUMENTACI\u00d3N Dise\u00f1o curricular Planilla de CREDITOS INSTITUCIONAL Coordinador: Lic. Prof. Nicol\u00e1s Rodr\u00edguez<\/p>\n","protected":false},"author":1315,"featured_media":0,"parent":0,"menu_order":0,"comment_status":"closed","ping_status":"closed","template":"","meta":[],"acf":[],"_links":{"self":[{"href":"https:\/\/isfd803-chu.infd.edu.ar\/sitio\/wp-json\/wp\/v2\/pages\/1412"}],"collection":[{"href":"https:\/\/isfd803-chu.infd.edu.ar\/sitio\/wp-json\/wp\/v2\/pages"}],"about":[{"href":"https:\/\/isfd803-chu.infd.edu.ar\/sitio\/wp-json\/wp\/v2\/types\/page"}],"author":[{"embeddable":true,"href":"https:\/\/isfd803-chu.infd.edu.ar\/sitio\/wp-json\/wp\/v2\/users\/1315"}],"replies":[{"embeddable":true,"href":"https:\/\/isfd803-chu.infd.edu.ar\/sitio\/wp-json\/wp\/v2\/comments?post=1412"}],"version-history":[{"count":9,"href":"https:\/\/isfd803-chu.infd.edu.ar\/sitio\/wp-json\/wp\/v2\/pages\/1412\/revisions"}],"predecessor-version":[{"id":6587,"href":"https:\/\/isfd803-chu.infd.edu.ar\/sitio\/wp-json\/wp\/v2\/pages\/1412\/revisions\/6587"}],"wp:attachment":[{"href":"https:\/\/isfd803-chu.infd.edu.ar\/sitio\/wp-json\/wp\/v2\/media?parent=1412"}],"curies":[{"name":"wp","href":"https:\/\/api.w.org\/{rel}","templated":true}]}}