{"id":1361,"date":"2018-07-02T19:09:48","date_gmt":"2018-07-02T22:09:48","guid":{"rendered":"https:\/\/isfd803-chu.infd.edu.ar\/sitio\/profesorado-de-ingles-res-308-14-cohorte-2015\/"},"modified":"2024-05-30T09:35:57","modified_gmt":"2024-05-30T12:35:57","slug":"profesorado-de-ingles-res-308-14-cohorte-2015","status":"publish","type":"page","link":"https:\/\/isfd803-chu.infd.edu.ar\/sitio\/profesorado-de-ingles-res-308-14-cohorte-2015\/","title":{"rendered":"Profesorado de Ingl\u00e9s (Res 308\/14)"},"content":{"rendered":"\n<h1 class=\"wp-block-heading\"><span style=\"color: #ff6600;\">DOCUMENTOS<\/span><\/h1>\n\n\n\n<p><span style=\"font-size: 12pt;\"><a title=\"DC Ingles 308\" href=\"upload\/DC_Ingles_308.pdf\" target=\"_blank\" rel=\"noopener\"><img decoding=\"async\" loading=\"lazy\" title=\"\" src=\"https:\/\/isfd803-chu.infd.edu.ar\/sitio\/wp-content\/uploads\/2018\/07\/pdf_icono.jpg\" alt=\"\" width=\"53\" height=\"53\" border=\"0\">Dise\u00f1o Curricular Jurisdiccional&nbsp;<\/a><\/span><span style=\"font-size: 12pt;\"><img decoding=\"async\" loading=\"lazy\" title=\"\" src=\"https:\/\/isfd803-chu.infd.edu.ar\/sitio\/wp-content\/uploads\/2018\/07\/pdf_icono.jpg\" alt=\"\" width=\"53\" height=\"53\" border=\"0\"><a title=\"res ingles\" href=\"upload\/Res._308-14_Ingl%E9s.pdf\" target=\"_blank\" rel=\"noopener\">Res. 308\/14 Ingl\u00e9s&nbsp;<\/a><\/span><span style=\"font-size: 12pt;\">&nbsp;<img decoding=\"async\" loading=\"lazy\" title=\"\" src=\"https:\/\/isfd803-chu.infd.edu.ar\/sitio\/wp-content\/uploads\/2018\/07\/pdf_icono.jpg\" alt=\"\" width=\"53\" height=\"53\" border=\"0\"><a title=\"Mapa Ingles 308\" href=\"upload\/mapa_ingles_308.jpg\" target=\"_blank\" rel=\"noopener\">Estructura Curricular &#8211; Plan de Estudios<\/a><\/span><\/p>\n\n\n\n<p><span style=\"font-size: 12pt;\"><a href=\"https:\/\/isfd803-chu.infd.edu.ar\/sitio\/wp-content\/uploads\/2022\/08\/Equivalencias_DC_Ingles_Res_354.09_1.pdf\"><img decoding=\"async\" loading=\"lazy\" title=\"\" src=\"https:\/\/isfd803-chu.infd.edu.ar\/sitio\/wp-content\/uploads\/2018\/07\/pdf_icono.jpg\" alt=\"\" width=\"60\" height=\"60\" border=\"0\"><\/a><a href=\"https:\/\/isfd803-chu.infd.edu.ar\/sitio\/wp-content\/uploads\/2022\/08\/Equivalencias_DC_Ingles_Res_354.09_1.pdf\">EQUIVALENCIAS<\/a><\/span><\/p>\n\n\n\n<h1 class=\"wp-block-heading\"><span style=\"color: #ff6600;\">PROGRAMAS&nbsp;<\/span><\/h1>\n\n\n\n<figure class=\"wp-block-table aligncenter\"><table><tbody><tr><td><strong>PRIMER&nbsp; A\u00d1O<\/strong><\/td><\/tr><tr><td>Lectura y Escritura Acad\u00e9mica<\/td><td><a href=\"https:\/\/isfd803-chu.infd.edu.ar\/sitio\/wp-content\/uploads\/2018\/11\/Lectura-y-Escritura_Primaria2018.pdf\">2018<\/a>, <a href=\"https:\/\/isfd803-chu.infd.edu.ar\/sitio\/wp-content\/uploads\/2019\/03\/LyEA-Ingl\u00e9s.doc\">2019<\/a><\/td><\/tr><tr><td>Psicolog\u00eda Educacional<\/td><td><a href=\"https:\/\/isfd803-chu.infd.edu.ar\/sitio\/wp-content\/uploads\/2019\/03\/Programa-de-Psicolog\u00eda-Educacional-2019-Ingl\u00e9s.pdf\">2019<\/a>&nbsp;&#8211; <a href=\"https:\/\/isfd803-chu.infd.edu.ar\/sitio\/wp-content\/uploads\/2021\/06\/Programa-de-Psicolog\u00eda-Educacional-2021-y-Contrato-Did\u00e1ctico.pdf\">2021<\/a><\/td><\/tr><tr><td>Pedagog\u00eda<\/td><td>&nbsp;<\/td><\/tr><tr><td>Did\u00e1ctica General<\/td><td>&nbsp;<\/td><\/tr><tr><td>Lengua Inglesa e Interculturalidad I<\/td><td><a href=\"https:\/\/isfd803-chu.infd.edu.ar\/sitio\/wp-content\/uploads\/2018\/11\/Lengua-Inglesa-e-Interculturalidad-I_Ingles2018.pdf\">2018,<\/a> <a href=\"https:\/\/isfd803-chu.infd.edu.ar\/sitio\/wp-content\/uploads\/2019\/04\/Programa-de-Lengua-e-Interculturalidad-I-2019.doc\">2019<\/a><\/td><\/tr><tr><td>Gram\u00e1tica Inglesa I<\/td><td>&nbsp;2024<\/td><\/tr><tr><td>Fon\u00e9tica, Fonolog\u00eda y Dicci\u00f3n Inglesa I<\/td><td><a href=\"https:\/\/isfd803-chu.infd.edu.ar\/sitio\/wp-content\/uploads\/2018\/11\/Fonetica-fonologia-y-diccion_Ingles2018.pdf\">2018, <\/a><a href=\"https:\/\/isfd803-chu.infd.edu.ar\/sitio\/wp-content\/uploads\/2019\/04\/Programa-de-Fon\u00e9tica-fonolog\u00eda-y-Dicci\u00f3n-I-2019.doc\">2019<\/a><\/td><\/tr><tr><td>Introducci\u00f3n a la Ling\u00fc\u00edstica<\/td><td>&nbsp;<\/td><\/tr><tr><td>Pr\u00e1ctica Prof. Docente I<\/td><td><a href=\"https:\/\/isfd803-chu.infd.edu.ar\/sitio\/wp-content\/uploads\/2020\/05\/PD1_INGLES_Programa_2016.pdf\">2016<\/a>,&nbsp;<a href=\"https:\/\/isfd803-chu.infd.edu.ar\/sitio\/wp-content\/uploads\/2020\/05\/PD1_INGLES_Programa_2017.pdf\">2017<\/a>,&nbsp;<a href=\"https:\/\/isfd803-chu.infd.edu.ar\/sitio\/wp-content\/uploads\/2020\/05\/PD1_INGLES_Programa-_2018.pdf\">2018<\/a>,&nbsp;<a href=\"https:\/\/isfd803-chu.infd.edu.ar\/sitio\/wp-content\/uploads\/2020\/05\/PD1_INGL\u00c9S_Programa-2019.pdf\">2019<\/a>,&nbsp;<a href=\"https:\/\/isfd803-chu.infd.edu.ar\/sitio\/wp-content\/uploads\/2020\/05\/PD1_INGLES_Programa-Pr\u00e1ctica-Docente-I_-2020.pdf\">2020<\/a><\/td><\/tr><tr><td>&nbsp;<\/td><td>&nbsp;<\/td><\/tr><tr><td><strong>SEGUNDO&nbsp; A\u00d1O<\/strong><\/td><\/tr><tr><td>Historia y Pol\u00edtica de la Educaci\u00f3n Argentina<\/td><td><a href=\"https:\/\/isfd803-chu.infd.edu.ar\/sitio\/wp-content\/uploads\/2020\/10\/programa-2020-PROF-INGLES.pdf\">2020<\/a><\/td><\/tr><tr><td>Educaci\u00f3n y TIC<\/td><td>&nbsp;<\/td><\/tr><tr><td>Educaci\u00f3n Sexual Integral<\/td><td><a href=\"https:\/\/isfd803-chu.infd.edu.ar\/sitio\/wp-content\/uploads\/2023\/09\/PROGRAMA-ESI-2023-isfd-803-3-Laura-Gunst.docx\">2023<\/a><\/td><\/tr><tr><td>Lengua Inglesa e Interculturalidad II<\/td><td>&nbsp;<\/td><\/tr><tr><td>Gram\u00e1tica Inglesa II<\/td><td>&nbsp;<\/td><\/tr><tr><td>Fon\u00e9tica, Fonolog\u00eda y Dicci\u00f3n Inglesa II<\/td><td>&nbsp;<\/td><\/tr><tr><td>Did\u00e1ct. de la Lengua Inglesa&nbsp; Niv. Inicial y Primario<\/td><td><a href=\"https:\/\/isfd803-chu.infd.edu.ar\/sitio\/wp-content\/uploads\/2019\/05\/Programa-Did\u00e1ctica-2019.doc\">2019<\/a>, <a href=\"https:\/\/isfd803-chu.infd.edu.ar\/sitio\/wp-content\/uploads\/2023\/08\/Programa-Didactica-2023-Sonia-Perez.docx\">2023<\/a><\/td><\/tr><tr><td>Sujetos del Aprendizaje I<\/td><td><a href=\"https:\/\/isfd803-chu.infd.edu.ar\/sitio\/wp-content\/uploads\/2023\/08\/PROGRAMA-ingles-2023-Sujetos-del-Aprendizaje-Pablo-Reiss.doc\">2023<\/a>, <a href=\"https:\/\/isfd803-chu.infd.edu.ar\/sitio\/wp-content\/uploads\/2024\/05\/Proyecto-Sujeto-I-Ingles-ciclo-2020-Modificado.doc\">2024<\/a><\/td><\/tr><tr><td>Sujetos del Aprendizaje II<\/td><td>&nbsp;<a href=\"https:\/\/isfd803-chu.infd.edu.ar\/sitio\/wp-content\/uploads\/2024\/05\/Proyecto-sujeto-II-Ingles-ciclo-2020-modificado.doc\">2024<\/a><\/td><\/tr><tr><td>Pr\u00e1ctica Prof. Docente II<\/td><td><a href=\"https:\/\/isfd803-chu.infd.edu.ar\/sitio\/wp-content\/uploads\/2020\/05\/PD2_INGLES_Programa-2016.pdf\">2016<\/a>,&nbsp;<a href=\"https:\/\/isfd803-chu.infd.edu.ar\/sitio\/wp-content\/uploads\/2020\/05\/PD2_INGL\u00c9S_programa-2017.pdf\">2017<\/a>,&nbsp;<a href=\"https:\/\/isfd803-chu.infd.edu.ar\/sitio\/wp-content\/uploads\/2020\/05\/PD2_Ingl\u00e9s_programa-2018.pdf\">2018<\/a><\/td><\/tr><tr><td>&nbsp;<\/td><td>&nbsp;<\/td><\/tr><tr><td><strong>TERCER&nbsp; A\u00d1O<\/strong><\/td><\/tr><tr><td>Investigaci\u00f3n Educativa<\/td><td><a href=\"https:\/\/isfd803-chu.infd.edu.ar\/sitio\/wp-content\/uploads\/2019\/03\/Programa-IE-Ingl\u00e9s-2019.doc\">2019<\/a><\/td><\/tr><tr><td>Sociolog\u00eda de la Educaci\u00f3n<\/td><td><a href=\"https:\/\/isfd803-chu.infd.edu.ar\/sitio\/wp-content\/uploads\/2019\/04\/Programa-Ingles.docx\">2019<\/a>, <a href=\"https:\/\/isfd803-chu.infd.edu.ar\/sitio\/wp-content\/uploads\/2024\/05\/Programa-Sociologia-de-la-Educacion-2023-Profesorado-de-Ingles-Julian-Saravi.pdf\">2023<\/a> &#8211; <a href=\"https:\/\/isfd803-chu.infd.edu.ar\/sitio\/wp-content\/uploads\/2024\/05\/PROGRAMA-SOCIOLOGIA-DE-LA-EDUCACION-INGLES-SARAVI-JULIAN-Julian-Saravi.pdf\">2024<\/a><\/td><\/tr><tr><td>Lengua Inglesa e Interculturalidad III<\/td><td>&nbsp;<\/td><\/tr><tr><td>Estudio Literario y Cultural en Lengua Inglesa I<\/td><td>&nbsp;<\/td><\/tr><tr><td>Fon\u00e9tica, Fonolog\u00eda y Dicci\u00f3n Inglesa III<\/td><td>&nbsp;<\/td><\/tr><tr><td>Did\u00e1ctica de la Lengua Inglesa para Nivel Secundar<\/td><td>&nbsp;<\/td><\/tr><tr><td>Psico Ling\u00fc\u00edstica<\/td><td><a href=\"https:\/\/isfd803-chu.infd.edu.ar\/sitio\/wp-content\/uploads\/2019\/03\/PROGRAMA-PSICOLING\u00dc\u00cdSTICA-2019-LAPORTE.pdf\">2019<\/a> &#8211; <a style=\"font-size: revert; font-family: inherit; font-weight: inherit; text-align: initial;\" href=\"https:\/\/isfd803-chu.infd.edu.ar\/sitio\/wp-content\/uploads\/2022\/05\/2022_Hahn_PS_Psicolinguistica_3ro_PI.pdf\">2022<\/a> &#8211; <a href=\"https:\/\/isfd803-chu.infd.edu.ar\/sitio\/wp-content\/uploads\/2023\/09\/Psicolinguistica-PROGRAMA-Romina-Hahn.pdf\">2023<\/a><\/td><\/tr><tr><td>Socio Ling\u00fc\u00edstica<\/td><td>&nbsp;<\/td><\/tr><tr><td>Pr\u00e1ctica Prof. Docente III y Residencia<\/td><td>&nbsp;<\/td><\/tr><tr><td>&nbsp;<\/td><td>&nbsp;<\/td><\/tr><tr><td><strong>CUARTO A\u00d1O<\/strong><\/td><\/tr><tr><td>Filosof\u00eda de la Educaci\u00f3n<\/td><td><a href=\"https:\/\/isfd803-chu.infd.edu.ar\/sitio\/wp-content\/uploads\/2021\/06\/programa-filo-ingles-21.pdf\">2021<\/a> &#8211; <a href=\"https:\/\/isfd803-chu.infd.edu.ar\/sitio\/wp-content\/uploads\/2024\/05\/PROGRAMA-Filosofia-de-la-Educacion-Prif.-Ingles-Navarro-Leonel-Leonel-Navarro.doc\">2024<\/a><\/td><\/tr><tr><td>Unidad de Definici\u00f3n Institucional del CFG<\/td><td><a href=\"https:\/\/isfd803-chu.infd.edu.ar\/sitio\/wp-content\/uploads\/2021\/06\/PROGRAMA-UDI-ANUAL-firmado-2021-INGLES.pdf\">2021<\/a><\/td><\/tr><tr><td>Lengua Inglesa y An\u00e1lisis del Discurso IV<\/td><td><a href=\"https:\/\/isfd803-chu.infd.edu.ar\/sitio\/wp-content\/uploads\/2020\/05\/L4_INGLES_Programa_2016.pdf\">2016<\/a>,&nbsp;<a href=\"https:\/\/isfd803-chu.infd.edu.ar\/sitio\/wp-content\/uploads\/2020\/05\/L4_INGLES_Programa-2017.pdf\">2017<\/a><\/td><\/tr><tr><td>Estudio Literario y Cultural en Lengua Inglesa II<\/td><td>&nbsp;<\/td><\/tr><tr><td>Investigaci\u00f3n en Ense\u00f1anza del Ingl\u00e9s<\/td><td><a href=\"https:\/\/isfd803-chu.infd.edu.ar\/sitio\/wp-content\/uploads\/2022\/05\/Programa-Investigacion-en-la-ensenanza-del-ingles-2022.pdf\">2022<\/a>, <a href=\"https:\/\/isfd803-chu.infd.edu.ar\/sitio\/wp-content\/uploads\/2023\/08\/Programa-Investigacion-en-la-ensenanza-del-ingles-2023-Sonia-Perez.doc\">2023<\/a><\/td><\/tr><tr><td>Pr\u00e1ctica Prof. Docente IV y Residencia<\/td><td><a href=\"https:\/\/isfd803-chu.infd.edu.ar\/sitio\/wp-content\/uploads\/2020\/05\/PD4_INGLES_Programa-2016.pdf\">2016<\/a>,&nbsp;<a href=\"https:\/\/isfd803-chu.infd.edu.ar\/sitio\/wp-content\/uploads\/2020\/05\/PD4_INGLES_programa-2017.pdf\">2017<\/a> &#8211; <a style=\"font-size: revert; font-family: inherit; font-weight: inherit; text-align: initial;\" href=\"https:\/\/isfd803-chu.infd.edu.ar\/sitio\/wp-content\/uploads\/2019\/04\/Programa-de-Pr\u00e1ctica-y-Residencia-IV-2019.doc\">2019&nbsp; <\/a><a style=\"font-size: revert; font-family: inherit; font-weight: inherit; text-align: initial;\" href=\"https:\/\/isfd803-chu.infd.edu.ar\/sitio\/wp-content\/uploads\/2022\/05\/Programa-de-Practica-y-Residencia-IV-2022.doc\">2022<\/a><a style=\"font-size: revert; font-family: inherit; font-weight: inherit; text-align: initial;\" href=\"https:\/\/isfd803-chu.infd.edu.ar\/sitio\/wp-content\/uploads\/2023\/08\/Programa-de-Practica-y-Residencia-IV-2023-Sonia-Perez.doc\"> &#8211; <\/a><a style=\"font-size: revert; font-family: inherit; font-weight: inherit; text-align: initial;\" href=\"https:\/\/isfd803-chu.infd.edu.ar\/sitio\/wp-content\/uploads\/2023\/08\/Programa-de-Practica-y-Residencia-IV-2023-Sonia-Perez.doc\">2023<\/a><span style=\"font-size: inherit; font-family: inherit; font-weight: inherit; text-align: initial;\"> <\/span><\/td><\/tr><\/tbody><\/table><\/figure>\n","protected":false},"excerpt":{"rendered":"<p>DOCUMENTOS Dise\u00f1o Curricular Jurisdiccional&nbsp;Res. 308\/14 Ingl\u00e9s&nbsp;&nbsp;Estructura Curricular &#8211; Plan de Estudios EQUIVALENCIAS PROGRAMAS&nbsp; PRIMER&nbsp; A\u00d1O Lectura y Escritura Acad\u00e9mica 2018, 2019 Psicolog\u00eda Educacional 2019&nbsp;&#8211; 2021 Pedagog\u00eda &nbsp; Did\u00e1ctica General &nbsp; Lengua Inglesa e Interculturalidad I 2018, 2019 Gram\u00e1tica Inglesa I &nbsp;2024 Fon\u00e9tica, Fonolog\u00eda y Dicci\u00f3n Inglesa I 2018, 2019 Introducci\u00f3n a la Ling\u00fc\u00edstica &nbsp; Pr\u00e1ctica &#8230; <a title=\"Profesorado de Ingl\u00e9s (Res 308\/14)\" class=\"read-more\" href=\"https:\/\/isfd803-chu.infd.edu.ar\/sitio\/profesorado-de-ingles-res-308-14-cohorte-2015\/\" aria-label=\"More on Profesorado de Ingl\u00e9s (Res 308\/14)\">[+]<\/a><\/p>\n","protected":false},"author":1315,"featured_media":0,"parent":0,"menu_order":0,"comment_status":"closed","ping_status":"closed","template":"","meta":[],"acf":[],"_links":{"self":[{"href":"https:\/\/isfd803-chu.infd.edu.ar\/sitio\/wp-json\/wp\/v2\/pages\/1361"}],"collection":[{"href":"https:\/\/isfd803-chu.infd.edu.ar\/sitio\/wp-json\/wp\/v2\/pages"}],"about":[{"href":"https:\/\/isfd803-chu.infd.edu.ar\/sitio\/wp-json\/wp\/v2\/types\/page"}],"author":[{"embeddable":true,"href":"https:\/\/isfd803-chu.infd.edu.ar\/sitio\/wp-json\/wp\/v2\/users\/1315"}],"replies":[{"embeddable":true,"href":"https:\/\/isfd803-chu.infd.edu.ar\/sitio\/wp-json\/wp\/v2\/comments?post=1361"}],"version-history":[{"count":66,"href":"https:\/\/isfd803-chu.infd.edu.ar\/sitio\/wp-json\/wp\/v2\/pages\/1361\/revisions"}],"predecessor-version":[{"id":9465,"href":"https:\/\/isfd803-chu.infd.edu.ar\/sitio\/wp-json\/wp\/v2\/pages\/1361\/revisions\/9465"}],"wp:attachment":[{"href":"https:\/\/isfd803-chu.infd.edu.ar\/sitio\/wp-json\/wp\/v2\/media?parent=1361"}],"curies":[{"name":"wp","href":"https:\/\/api.w.org\/{rel}","templated":true}]}}