{"id":1359,"date":"2018-07-02T19:09:48","date_gmt":"2018-07-02T22:09:48","guid":{"rendered":"https:\/\/isfd803-chu.infd.edu.ar\/sitio\/profesorado-de-fisica-res-305-14-cohorte-2015\/"},"modified":"2022-09-16T19:50:29","modified_gmt":"2022-09-16T22:50:29","slug":"profesorado-de-fisica-res-305-14-cohorte-2015","status":"publish","type":"page","link":"https:\/\/isfd803-chu.infd.edu.ar\/sitio\/profesorado-de-fisica-res-305-14-cohorte-2015\/","title":{"rendered":"Profesorado de F\u00edsica (Res. N\u00b0 305\/14)"},"content":{"rendered":"<h1><span style=\"color: #ff6600;\">DOCUMENTOS<\/span><\/h1>\n<p><span style=\"font-size: 12pt;\"><a title=\"DC Fisica 305\" href=\"upload\/Profesorado_de_Fisica_1.pdf\" target=\"_blank\" rel=\"noopener\"><img decoding=\"async\" loading=\"lazy\" title=\"\" src=\"https:\/\/isfd803-chu.infd.edu.ar\/sitio\/wp-content\/uploads\/2018\/07\/pdf_icono.jpg\" alt=\"\" width=\"53\" height=\"53\" border=\"0\" \/>Dise\u00f1o Curricular Jurisdiccional\u00a0<\/a><\/span><span style=\"font-size: 12pt;\"><a title=\"res 305 fisica\" href=\"upload\/Res._305-14_Fisica_1.pdf\" target=\"_blank\" rel=\"noopener\"><img decoding=\"async\" loading=\"lazy\" title=\"\" src=\"https:\/\/isfd803-chu.infd.edu.ar\/sitio\/wp-content\/uploads\/2018\/07\/pdf_icono.jpg\" alt=\"\" width=\"53\" height=\"53\" border=\"0\" \/>Res. 305\/14\u00a0F\u00edsica\u00a0<\/a><\/span><\/p>\n<p><a title=\"Mapa Fisica 305\" href=\"upload\/Mapa_Fisica_305.pdf\" target=\"_blank\" rel=\"noopener\"><img decoding=\"async\" loading=\"lazy\" title=\"\" src=\"https:\/\/isfd803-chu.infd.edu.ar\/sitio\/wp-content\/uploads\/2018\/07\/pdf_icono.jpg\" alt=\"\" width=\"53\" height=\"53\" border=\"0\" \/><span style=\"font-size: 12pt;\">Estructura Curricular &#8211; Plan de Estudios\u00a0<\/span><\/a><span style=\"font-size: 12pt;\"><a title=\"Fisica\" href=\"upload\/Equivalencias_DC_Fisica.pdf\" target=\"_blank\" rel=\"noopener\"><img decoding=\"async\" loading=\"lazy\" title=\"\" src=\"https:\/\/isfd803-chu.infd.edu.ar\/sitio\/wp-content\/uploads\/2018\/07\/pdf_icono.jpg\" alt=\"\" width=\"60\" height=\"60\" border=\"0\" \/>EQUIVALENCIAS<\/a><\/span><\/p>\n<h1><span style=\"color: #ff6600;\">PROGRAMAS\u00a0<\/span><\/h1>\n<table>\n<tbody>\n<tr>\n<td colspan=\"3\" width=\"599\"><strong>PRIMER A\u00d1O<\/strong><\/td>\n<\/tr>\n<tr>\n<td width=\"200\">Lectura y Escritura Acad\u00e9mica<\/td>\n<td width=\"200\"><a href=\"https:\/\/isfd803-chu.infd.edu.ar\/sitio\/wp-content\/uploads\/2018\/11\/Lectura-y-Escritura-Acad\u00e9mica_2015.pdf\">2015<\/a><\/td>\n<td width=\"200\">Lic. Cacciavilliani Diego<\/td>\n<\/tr>\n<tr>\n<td width=\"200\">Psicolog\u00eda Educacional<\/td>\n<td width=\"200\"><\/td>\n<td width=\"200\"><\/td>\n<\/tr>\n<tr>\n<td width=\"200\">Pedagog\u00eda<\/td>\n<td width=\"200\"><\/td>\n<td width=\"200\"><\/td>\n<\/tr>\n<tr>\n<td width=\"200\">Did\u00e1ctica General<\/td>\n<td width=\"200\"><\/td>\n<td width=\"200\"><\/td>\n<\/tr>\n<tr>\n<td width=\"200\">An\u00e1lisis Matem\u00e1tico I<\/td>\n<td width=\"200\"><\/td>\n<td width=\"200\"><\/td>\n<\/tr>\n<tr>\n<td width=\"200\">Algebra y Geometr\u00eda<\/td>\n<td width=\"200\"><\/td>\n<td width=\"200\"><\/td>\n<\/tr>\n<tr>\n<td width=\"200\">Mec\u00e1nica<\/td>\n<td width=\"200\"><\/td>\n<td width=\"200\"><\/td>\n<\/tr>\n<tr>\n<td width=\"200\">Laboratorio de Mec\u00e1nica<\/td>\n<td width=\"200\"><\/td>\n<td width=\"200\"><\/td>\n<\/tr>\n<tr>\n<td width=\"200\">Modelizaci\u00f3n Cient\u00edfica<\/td>\n<td width=\"200\"><\/td>\n<td width=\"200\">De Tomaso<\/td>\n<\/tr>\n<tr>\n<td width=\"200\">Pr\u00e1ctica Prof. Docente I<\/td>\n<td width=\"200\"><\/td>\n<td width=\"200\"><\/td>\n<\/tr>\n<tr>\n<td width=\"200\"><\/td>\n<td width=\"200\"><\/td>\n<td width=\"200\"><\/td>\n<\/tr>\n<tr>\n<td colspan=\"3\" width=\"599\"><strong>SEGUNDO A\u00d1O<\/strong><\/td>\n<\/tr>\n<tr>\n<td width=\"200\">Historia y Pol\u00edtica de la Educaci\u00f3n Argentina<\/td>\n<td width=\"200\"><\/td>\n<td width=\"200\"><\/td>\n<\/tr>\n<tr>\n<td width=\"200\">Educaci\u00f3n y TIC<\/td>\n<td width=\"200\"><\/td>\n<td width=\"200\"><\/td>\n<\/tr>\n<tr>\n<td width=\"200\">Educaci\u00f3n Sexual Integral<\/td>\n<td width=\"200\"><\/td>\n<td width=\"200\"><\/td>\n<\/tr>\n<tr>\n<td width=\"200\">An\u00e1lisis Matem\u00e1tico II<\/td>\n<td width=\"200\"><\/td>\n<td width=\"200\"><\/td>\n<\/tr>\n<tr>\n<td width=\"200\">Termodin\u00e1mica<\/td>\n<td width=\"200\"><\/td>\n<td width=\"200\"><\/td>\n<\/tr>\n<tr>\n<td width=\"200\">Laboratorio de Termodin\u00e1mica<\/td>\n<td width=\"200\"><\/td>\n<td width=\"200\"><\/td>\n<\/tr>\n<tr>\n<td width=\"200\">Did\u00e1ctica de la F\u00edsica I<\/td>\n<td width=\"200\"><\/td>\n<td width=\"200\"><\/td>\n<\/tr>\n<tr>\n<td width=\"200\">Sujetos del Aprendizaje<\/td>\n<td width=\"200\"><\/td>\n<td width=\"200\">Reiss Pablo &#8211; Illesca Mariano<\/td>\n<\/tr>\n<tr>\n<td width=\"200\">Pr\u00e1ctica Prof. Docente II<\/td>\n<td width=\"200\"><\/td>\n<td width=\"200\">Gabella Xenia &#8211; Rodr\u00edguez &#8211; Legaz Leticia<\/td>\n<\/tr>\n<tr>\n<td width=\"200\"><\/td>\n<td width=\"200\"><\/td>\n<td width=\"200\"><\/td>\n<\/tr>\n<tr>\n<td width=\"200\"><\/td>\n<td width=\"200\"><\/td>\n<td width=\"200\"><\/td>\n<\/tr>\n<tr>\n<td width=\"200\"><\/td>\n<td width=\"200\"><\/td>\n<td width=\"200\"><\/td>\n<\/tr>\n<tr>\n<td colspan=\"3\" width=\"599\"><strong>TERCER\u00a0 A\u00d1O<\/strong><\/td>\n<\/tr>\n<tr>\n<td width=\"200\">Investigaci\u00f3n Educativa<\/td>\n<td width=\"200\"><a href=\"https:\/\/isfd803-chu.infd.edu.ar\/sitio\/wp-content\/uploads\/2019\/03\/Programa-IE-F\u00edsica-2019.doc\">2019<\/a><\/td>\n<td width=\"200\">Mgter. Ana Mariel Weinstock &#8211;\u00a0Lic. Gustavo Slomka<\/td>\n<\/tr>\n<tr>\n<td width=\"200\">Sociolog\u00eda de la Educaci\u00f3n<\/td>\n<td width=\"200\"><a href=\"https:\/\/isfd803-chu.infd.edu.ar\/sitio\/wp-content\/uploads\/2019\/04\/programa-fisica.docx\">2019<\/a><\/td>\n<td width=\"200\">Prof. Patricia Gaete<\/td>\n<\/tr>\n<tr>\n<td width=\"200\">Qu\u00edmica B\u00e1sica<\/td>\n<td width=\"200\"><a href=\"https:\/\/isfd803-chu.infd.edu.ar\/sitio\/wp-content\/uploads\/2018\/11\/PROGRAMA-2018_QU\u00cdMICA-B\u00c1SICA.pdf\">2018<\/a><\/td>\n<td width=\"200\">\u00a0Prof. Iglesias Ver\u00f3nica<\/td>\n<\/tr>\n<tr>\n<td width=\"200\">Campos y Ondas Elecromagn\u00e9ticos<\/td>\n<td width=\"200\"><a href=\"https:\/\/isfd803-chu.infd.edu.ar\/sitio\/wp-content\/uploads\/2019\/03\/Programa-Campo-y-Ondas-Electromagneticas.pdf\">2019<\/a><\/td>\n<td width=\"200\">Alejandro Bellomo<\/td>\n<\/tr>\n<tr>\n<td width=\"200\">Laboratorio de Campos y Ondas Electromag.<\/td>\n<td width=\"200\"><a href=\"https:\/\/isfd803-chu.infd.edu.ar\/sitio\/wp-content\/uploads\/2019\/03\/Programa-Laboratorio-Campo-y-Ondas-Electromagneticas.pdf\">2019<\/a><\/td>\n<td width=\"200\">Alejandro Bellomo<\/td>\n<\/tr>\n<tr>\n<td width=\"200\">Did\u00e1ctica de la F\u00edsica II<\/td>\n<td width=\"200\"><a href=\"https:\/\/isfd803-chu.infd.edu.ar\/sitio\/wp-content\/uploads\/2018\/11\/PROGRAMA-2018_DID\u00c1CTICA-DE-LA-F\u00cdSICA-II-1.pdf\">2018<\/a><\/td>\n<td width=\"200\">Prof. Iglesias Ver\u00f3nica &#8211; Prof. Bartolo Nora<\/td>\n<\/tr>\n<tr>\n<td width=\"200\">Producci\u00f3n de Textos Did\u00e1cticos en F\u00edsica<\/td>\n<td width=\"200\"><a href=\"https:\/\/isfd803-chu.infd.edu.ar\/sitio\/wp-content\/uploads\/2018\/11\/PROGRAMA-2018_PRODUCCI\u00d3N-DE-TEXTOS-DID\u00c1CTICOS-EN-F\u00cdSICA.pdf\">2018<\/a><\/td>\n<td width=\"200\">\u00a0Prof. Iglesias Ver\u00f3nica<\/td>\n<\/tr>\n<tr>\n<td width=\"200\">Pr\u00e1ctica Prof. Docente III<\/td>\n<td width=\"200\"><a href=\"https:\/\/isfd803-chu.infd.edu.ar\/sitio\/wp-content\/uploads\/2019\/03\/Proyecto-PPD-3-FISICA.docx\">2019<\/a><\/td>\n<td width=\"200\">Prof. Iglesias Ver\u00f3nica &#8211; Prof. Bartolo Nora<\/td>\n<\/tr>\n<tr>\n<td width=\"200\"><\/td>\n<td width=\"200\"><\/td>\n<td width=\"200\"><\/td>\n<\/tr>\n<tr>\n<td width=\"200\"><\/td>\n<td width=\"200\"><\/td>\n<td width=\"200\"><\/td>\n<\/tr>\n<tr>\n<td width=\"200\"><\/td>\n<td width=\"200\"><\/td>\n<td width=\"200\"><\/td>\n<\/tr>\n<tr>\n<td colspan=\"3\" width=\"599\"><strong>CUARTO A\u00d1O<\/strong><\/td>\n<\/tr>\n<tr>\n<td width=\"200\">Filosof\u00eda de la Educaci\u00f3n<\/td>\n<td width=\"200\"><\/td>\n<td width=\"200\">Quiroga Gerardo<\/td>\n<\/tr>\n<tr>\n<td width=\"200\">Unidad de Definici\u00f3n Institucional del CFG<\/td>\n<td width=\"200\"><\/td>\n<td width=\"200\"><\/td>\n<\/tr>\n<tr>\n<td width=\"200\">F\u00edsica Moderna y Contempor\u00e1nea<\/td>\n<td width=\"200\"><\/td>\n<td width=\"200\"><\/td>\n<\/tr>\n<tr>\n<td width=\"200\">Contextos Socio hist\u00f3ricos de la F\u00edsica<\/td>\n<td width=\"200\"><\/td>\n<td width=\"200\"><\/td>\n<\/tr>\n<tr>\n<td width=\"200\">Investigaci\u00f3n en la Ense\u00f1anza de la F\u00edsica<\/td>\n<td width=\"200\"><\/td>\n<td width=\"200\"><\/td>\n<\/tr>\n<tr>\n<td width=\"200\">Laboratorio en Ense\u00f1anza de la F\u00edsica<\/td>\n<td width=\"200\"><a href=\"https:\/\/isfd803-chu.infd.edu.ar\/sitio\/wp-content\/uploads\/2018\/11\/PROGRAMA-2018_LABORATORIO-DE-ENSE\u00d1ANZA-DE-LA-F\u00cdSICA.pdf\">2018<\/a><\/td>\n<td width=\"200\">Iglesias Ver\u00f3nica<\/td>\n<\/tr>\n<tr>\n<td width=\"200\">Unidad de Definici\u00f3n Institucional del CFE<\/td>\n<td width=\"200\"><\/td>\n<td width=\"200\"><\/td>\n<\/tr>\n<tr>\n<td width=\"200\">Pr\u00e1ctica Prof. Docente IV y Residencia (Prof. Nora Bartolo, Prof. Bettiana Sesto, Prof. Anahi Pe\u00f1a)<\/td>\n<td width=\"200\"><a href=\"https:\/\/isfd803-chu.infd.edu.ar\/sitio\/wp-content\/uploads\/2019\/03\/Programa-Residencia-FISICA.doc\">2019<\/a><\/td>\n<td width=\"200\"><\/td>\n<\/tr>\n<\/tbody>\n<\/table>\n<h2><\/h2>\n","protected":false},"excerpt":{"rendered":"<p>DOCUMENTOS Dise\u00f1o Curricular Jurisdiccional\u00a0Res. 305\/14\u00a0F\u00edsica\u00a0 Estructura Curricular &#8211; Plan de Estudios\u00a0EQUIVALENCIAS PROGRAMAS\u00a0 PRIMER A\u00d1O Lectura y Escritura Acad\u00e9mica 2015 Lic. Cacciavilliani Diego Psicolog\u00eda Educacional Pedagog\u00eda Did\u00e1ctica General An\u00e1lisis Matem\u00e1tico I Algebra y Geometr\u00eda Mec\u00e1nica Laboratorio de Mec\u00e1nica Modelizaci\u00f3n Cient\u00edfica De Tomaso Pr\u00e1ctica Prof. Docente I SEGUNDO A\u00d1O Historia y Pol\u00edtica de la Educaci\u00f3n Argentina Educaci\u00f3n &#8230; <a title=\"Profesorado de F\u00edsica (Res. N\u00b0 305\/14)\" class=\"read-more\" href=\"https:\/\/isfd803-chu.infd.edu.ar\/sitio\/profesorado-de-fisica-res-305-14-cohorte-2015\/\" aria-label=\"More on Profesorado de F\u00edsica (Res. N\u00b0 305\/14)\">[+]<\/a><\/p>\n","protected":false},"author":1315,"featured_media":0,"parent":0,"menu_order":0,"comment_status":"closed","ping_status":"closed","template":"","meta":[],"acf":[],"_links":{"self":[{"href":"https:\/\/isfd803-chu.infd.edu.ar\/sitio\/wp-json\/wp\/v2\/pages\/1359"}],"collection":[{"href":"https:\/\/isfd803-chu.infd.edu.ar\/sitio\/wp-json\/wp\/v2\/pages"}],"about":[{"href":"https:\/\/isfd803-chu.infd.edu.ar\/sitio\/wp-json\/wp\/v2\/types\/page"}],"author":[{"embeddable":true,"href":"https:\/\/isfd803-chu.infd.edu.ar\/sitio\/wp-json\/wp\/v2\/users\/1315"}],"replies":[{"embeddable":true,"href":"https:\/\/isfd803-chu.infd.edu.ar\/sitio\/wp-json\/wp\/v2\/comments?post=1359"}],"version-history":[{"count":21,"href":"https:\/\/isfd803-chu.infd.edu.ar\/sitio\/wp-json\/wp\/v2\/pages\/1359\/revisions"}],"predecessor-version":[{"id":6875,"href":"https:\/\/isfd803-chu.infd.edu.ar\/sitio\/wp-json\/wp\/v2\/pages\/1359\/revisions\/6875"}],"wp:attachment":[{"href":"https:\/\/isfd803-chu.infd.edu.ar\/sitio\/wp-json\/wp\/v2\/media?parent=1359"}],"curies":[{"name":"wp","href":"https:\/\/api.w.org\/{rel}","templated":true}]}}