{"id":1357,"date":"2018-07-02T19:09:47","date_gmt":"2018-07-02T22:09:47","guid":{"rendered":"https:\/\/isfd803-chu.infd.edu.ar\/sitio\/profesorado-de-quimica-res-306-14-cohorte-2015\/"},"modified":"2019-03-27T12:23:12","modified_gmt":"2019-03-27T15:23:12","slug":"profesorado-de-quimica-res-306-14-cohorte-2015","status":"publish","type":"page","link":"https:\/\/isfd803-chu.infd.edu.ar\/sitio\/profesorado-de-quimica-res-306-14-cohorte-2015\/","title":{"rendered":"Profesorado de Qu\u00edmica"},"content":{"rendered":"<p><span style=\"font-size: 14pt;\"><img decoding=\"async\" loading=\"lazy\" class=\"alignnone size-full wp-image-3504\" src=\"https:\/\/isfd803-chu.infd.edu.ar\/sitio\/wp-content\/uploads\/2018\/11\/Pink-Brush-Strokes-Beauty-Cosmetics-Facebook-Cover-22.jpg\" alt=\"\" width=\"828\" height=\"315\" srcset=\"https:\/\/isfd803-chu.infd.edu.ar\/sitio\/wp-content\/uploads\/2018\/11\/Pink-Brush-Strokes-Beauty-Cosmetics-Facebook-Cover-22.jpg 828w, https:\/\/isfd803-chu.infd.edu.ar\/sitio\/wp-content\/uploads\/2018\/11\/Pink-Brush-Strokes-Beauty-Cosmetics-Facebook-Cover-22-768x292.jpg 768w\" sizes=\"(max-width: 828px) 100vw, 828px\" \/><\/span><\/p>\n<h1><span style=\"color: #ff6600;\">DOCUMENTOS<\/span><\/h1>\n<p><span style=\"font-size: 12pt;\"><a title=\"DC Quimica 306\" href=\"upload\/Profesorado_de_Quimica_1.pdf\" target=\"_blank\" rel=\"noopener\"><img decoding=\"async\" loading=\"lazy\" title=\"\" src=\"https:\/\/isfd803-chu.infd.edu.ar\/sitio\/wp-content\/uploads\/2018\/07\/pdf_icono.jpg\" alt=\"\" width=\"53\" height=\"53\" border=\"0\" \/>Dise\u00f1o Curricular Jurisdiccional\u00a0<\/a><\/span><a title=\"Res 306 quimica\" href=\"upload\/Res._306-14_Quimica_1.pdf\" target=\"_blank\" rel=\"noopener\"><img decoding=\"async\" loading=\"lazy\" title=\"\" src=\"https:\/\/isfd803-chu.infd.edu.ar\/sitio\/wp-content\/uploads\/2018\/07\/pdf_icono.jpg\" alt=\"\" width=\"53\" height=\"53\" border=\"0\" \/><span style=\"font-size: 12pt;\">Res. 306\/14 Qu\u00edmica<\/span><\/a><\/p>\n<p><a title=\"Mapa Quimica 306\" href=\"upload\/Mapa_Quimica_306.pdf\" target=\"_blank\" rel=\"noopener\"><img decoding=\"async\" loading=\"lazy\" title=\"\" src=\"https:\/\/isfd803-chu.infd.edu.ar\/sitio\/wp-content\/uploads\/2018\/07\/pdf_icono.jpg\" alt=\"\" width=\"53\" height=\"53\" border=\"0\" \/><span style=\"font-size: 12pt;\">Estructura Curricular &#8211; Plan de Estudios\u00a0<\/span><\/a><span style=\"font-size: 12pt;\"><a title=\"Quimica\" href=\"upload\/Equivalencias_DC_Quimica.pdf\" target=\"_blank\" rel=\"noopener\"><img decoding=\"async\" loading=\"lazy\" title=\"\" src=\"https:\/\/isfd803-chu.infd.edu.ar\/sitio\/wp-content\/uploads\/2018\/07\/pdf_icono.jpg\" alt=\"\" width=\"60\" height=\"60\" border=\"0\" \/>EQUIVALENCIAS<\/a><\/span><\/p>\n<p><a title=\"Quimica\" href=\"upload\/Equivalencias_DC_Quimica.pdf\" target=\"_blank\" rel=\"noopener\">\u00a0<\/a><\/p>\n<h1><span style=\"color: #ff6600;\">PROGRAMAS COHORTE\u00a0<\/span><\/h1>\n<h2>PRIMER A\u00d1O<\/h2>\n<table>\n<tbody>\n<tr>\n<td width=\"234\">Lectura y Escritura Acad\u00e9mica (Cacciavilliani Diego)<\/td>\n<td width=\"39\"><a href=\"https:\/\/isfd803-chu.infd.edu.ar\/sitio\/wp-content\/uploads\/2018\/11\/Lectura-y-Escritura-Acad\u00e9mica_2015.pdf\">2015<\/a><\/td>\n<\/tr>\n<tr>\n<td width=\"234\">Psicolog\u00eda Educacional<\/td>\n<td width=\"39\"><\/td>\n<\/tr>\n<tr>\n<td width=\"234\">Pedagog\u00eda<\/td>\n<td width=\"39\"><\/td>\n<\/tr>\n<tr>\n<td width=\"234\"><\/td>\n<td width=\"39\"><\/td>\n<\/tr>\n<tr>\n<td width=\"234\">Qu\u00edmica General<\/td>\n<td width=\"39\"><\/td>\n<\/tr>\n<tr>\n<td width=\"234\">Qu\u00edmica Experimental I<\/td>\n<td width=\"39\"><\/td>\n<\/tr>\n<tr>\n<td width=\"234\"><a href=\"https:\/\/isfd803-chu.infd.edu.ar\/sitio\/wp-content\/uploads\/2018\/11\/Lenguaje-de-la-Qca_Quimica2015.pdf\">Lenguaje de la Qu\u00edmica<\/a> (Esteves Mar\u00eda Jos\u00e9)<\/td>\n<td width=\"39\"><\/td>\n<\/tr>\n<tr>\n<td width=\"234\">Qu\u00edmica Inorg\u00e1nica<\/td>\n<td width=\"39\"><\/td>\n<\/tr>\n<tr>\n<td width=\"234\">Matem\u00e1tica<\/td>\n<td width=\"39\"><\/td>\n<\/tr>\n<tr>\n<td width=\"234\">F\u00edsica B\u00e1sica<\/td>\n<td width=\"39\"><\/td>\n<\/tr>\n<tr>\n<td width=\"234\">Pr\u00e1ctica Prof. Docente I<\/td>\n<td width=\"39\"><\/td>\n<\/tr>\n<\/tbody>\n<\/table>\n<h2>SEGUNDO A\u00d1O<\/h2>\n<table>\n<tbody>\n<tr>\n<td width=\"234\">Historia y Pol\u00edtica de la Educaci\u00f3n Argentina<\/td>\n<td width=\"39\"><\/td>\n<\/tr>\n<tr>\n<td width=\"234\">Educaci\u00f3n y TIC<\/td>\n<td width=\"39\"><\/td>\n<\/tr>\n<tr>\n<td width=\"234\">Educaci\u00f3n Sexual Integral<\/td>\n<td width=\"39\"><\/td>\n<\/tr>\n<tr>\n<td width=\"234\">Qu\u00edmica Org\u00e1nica<\/td>\n<td width=\"39\"><\/td>\n<\/tr>\n<tr>\n<td width=\"234\">Qu\u00edmica Experimental II<\/td>\n<td width=\"39\"><\/td>\n<\/tr>\n<tr>\n<td width=\"234\">Did\u00e1ctica de la Qu\u00edmica I<\/td>\n<td width=\"39\"><\/td>\n<\/tr>\n<tr>\n<td width=\"234\">Sujetos del Aprendizaje<\/td>\n<td width=\"39\"><\/td>\n<\/tr>\n<tr>\n<td width=\"234\">Prob. Contex. de las Cs. Naturales (Iglesias Ver\u00f3nica)<\/td>\n<td width=\"39\"><a href=\"https:\/\/isfd803-chu.infd.edu.ar\/sitio\/wp-content\/uploads\/2018\/11\/PROGRAMA-2018_PROBLAM\u00c1TICAS-CONTEXTUALIZADAS-DE-LAS-CIENCIAS-NATURALES.pdf\">2018<\/a><\/td>\n<\/tr>\n<tr>\n<td width=\"234\">Pr\u00e1ctica Prof. Docente II<\/td>\n<td width=\"39\"><\/td>\n<\/tr>\n<\/tbody>\n<\/table>\n<h2>TERCER A\u00d1O<\/h2>\n<table>\n<tbody>\n<tr>\n<td width=\"234\">Investigaci\u00f3n Educativa<\/td>\n<td width=\"39\"><\/td>\n<\/tr>\n<tr>\n<td width=\"234\">Sociolog\u00eda de la Educaci\u00f3n<\/td>\n<td width=\"39\"><\/td>\n<\/tr>\n<tr>\n<td width=\"234\">Qu\u00edmica Anal\u00edtica<\/td>\n<td width=\"39\"><\/td>\n<\/tr>\n<tr>\n<td width=\"234\">Qu\u00edmica Experimental III (Orellana Mar\u00eda de los Angeles)<\/td>\n<td width=\"39\"><a href=\"https:\/\/isfd803-chu.infd.edu.ar\/sitio\/wp-content\/uploads\/2018\/11\/Programa-de-Qu\u00edmica-Experimental-III-2017-2018.pdf\">2018<\/a><\/td>\n<\/tr>\n<tr>\n<td width=\"234\">Did\u00e1ctica de la Qu\u00edmica II<\/td>\n<td width=\"39\"><\/td>\n<\/tr>\n<tr>\n<td width=\"234\">Fisicoqu\u00edmica<\/td>\n<td width=\"39\"><\/td>\n<\/tr>\n<tr>\n<td width=\"234\">Laboratorio de Ense\u00f1anza de la Qu\u00edmica (Iglesias Ver\u00f3nica)<\/td>\n<td width=\"39\"><a href=\"https:\/\/isfd803-chu.infd.edu.ar\/sitio\/wp-content\/uploads\/2018\/11\/PROGRAMA-2018_LABORATORIO-DE-ENSE\u00d1ANZA-DE-LA-QU\u00cdMICA.pdf\">2018<\/a><\/td>\n<\/tr>\n<tr>\n<td width=\"234\">Pr\u00e1ctica Prof. Docente II<\/td>\n<td width=\"39\"><\/td>\n<\/tr>\n<\/tbody>\n<\/table>\n<h2>CUARTO A\u00d1O<\/h2>\n<table>\n<tbody>\n<tr>\n<td width=\"234\">Filosof\u00eda de la Educaci\u00f3n<\/td>\n<td width=\"39\"><\/td>\n<\/tr>\n<tr>\n<td width=\"234\">Unidad de Definici\u00f3n Institucional del CFG<\/td>\n<td width=\"39\"><\/td>\n<\/tr>\n<tr>\n<td width=\"234\">Contextos Socio hist\u00f3ricos de la Qu\u00edmica<\/td>\n<td width=\"39\"><\/td>\n<\/tr>\n<tr>\n<td width=\"234\">Investigaci\u00f3n en Ense\u00f1anza de la Qu\u00edmica (Iglesas Ver\u00f3nica &#8211; Perez Bruno Ana)<\/td>\n<td width=\"39\"><a href=\"https:\/\/isfd803-chu.infd.edu.ar\/sitio\/wp-content\/uploads\/2018\/11\/PROGRAMA-2018_INVESTIGACI\u00d3N-EN-ENSE\u00d1ANZA-DE-LA-QUIMICA.pdf\">2018<\/a><\/td>\n<\/tr>\n<tr>\n<td width=\"234\">Unidad de Definici\u00f3n Institucional del CFE<\/td>\n<td width=\"39\"><\/td>\n<\/tr>\n<tr>\n<td width=\"234\">Qu\u00edmica Ambiental (Orellana Mar\u00eda de los Angeles)<\/td>\n<td width=\"39\"><a href=\"https:\/\/isfd803-chu.infd.edu.ar\/sitio\/wp-content\/uploads\/2018\/11\/Programa-de-Qu\u00edmica-Ambiental-2018.pdf\">2018<\/a><\/td>\n<\/tr>\n<tr>\n<td width=\"234\">Qu\u00edmica de los Materiales (Orellana Mar\u00eda de los Angeles)<\/td>\n<td width=\"39\"><a href=\"https:\/\/isfd803-chu.infd.edu.ar\/sitio\/wp-content\/uploads\/2018\/11\/Programa-de-Qu\u00edmica-de-los-Materiales-2018.pdf\">2018<\/a><\/td>\n<\/tr>\n<tr>\n<td width=\"234\">Qu\u00edmica Biol\u00f3gica<\/td>\n<td width=\"39\"><\/td>\n<\/tr>\n<tr>\n<td width=\"234\">Qu\u00edmica de los Alimentos<\/td>\n<td width=\"39\"><\/td>\n<\/tr>\n<tr>\n<td width=\"234\">Pr\u00e1ctica Prof. Docente IV y Residencia (Prof. Nora Bartolo &#8211; Lic.\u00a0 Laura Silva)<\/td>\n<td width=\"39\"><a href=\"https:\/\/isfd803-chu.infd.edu.ar\/sitio\/wp-content\/uploads\/2019\/03\/Programa-Residencia-QUIMICA.doc\">2019<\/a><\/td>\n<\/tr>\n<\/tbody>\n<\/table>\n<p>&nbsp;<\/p>\n","protected":false},"excerpt":{"rendered":"<p>DOCUMENTOS Dise\u00f1o Curricular Jurisdiccional\u00a0Res. 306\/14 Qu\u00edmica Estructura Curricular &#8211; Plan de Estudios\u00a0EQUIVALENCIAS \u00a0 PROGRAMAS COHORTE\u00a0 PRIMER A\u00d1O Lectura y Escritura Acad\u00e9mica (Cacciavilliani Diego) 2015 Psicolog\u00eda Educacional Pedagog\u00eda Qu\u00edmica General Qu\u00edmica Experimental I Lenguaje de la Qu\u00edmica (Esteves Mar\u00eda Jos\u00e9) Qu\u00edmica Inorg\u00e1nica Matem\u00e1tica F\u00edsica B\u00e1sica Pr\u00e1ctica Prof. Docente I SEGUNDO A\u00d1O Historia y Pol\u00edtica de la &#8230; <a title=\"Profesorado de Qu\u00edmica\" class=\"read-more\" href=\"https:\/\/isfd803-chu.infd.edu.ar\/sitio\/profesorado-de-quimica-res-306-14-cohorte-2015\/\" aria-label=\"More on Profesorado de Qu\u00edmica\">[+]<\/a><\/p>\n","protected":false},"author":1315,"featured_media":0,"parent":0,"menu_order":0,"comment_status":"closed","ping_status":"closed","template":"","meta":[],"acf":[],"_links":{"self":[{"href":"https:\/\/isfd803-chu.infd.edu.ar\/sitio\/wp-json\/wp\/v2\/pages\/1357"}],"collection":[{"href":"https:\/\/isfd803-chu.infd.edu.ar\/sitio\/wp-json\/wp\/v2\/pages"}],"about":[{"href":"https:\/\/isfd803-chu.infd.edu.ar\/sitio\/wp-json\/wp\/v2\/types\/page"}],"author":[{"embeddable":true,"href":"https:\/\/isfd803-chu.infd.edu.ar\/sitio\/wp-json\/wp\/v2\/users\/1315"}],"replies":[{"embeddable":true,"href":"https:\/\/isfd803-chu.infd.edu.ar\/sitio\/wp-json\/wp\/v2\/comments?post=1357"}],"version-history":[{"count":16,"href":"https:\/\/isfd803-chu.infd.edu.ar\/sitio\/wp-json\/wp\/v2\/pages\/1357\/revisions"}],"predecessor-version":[{"id":3944,"href":"https:\/\/isfd803-chu.infd.edu.ar\/sitio\/wp-json\/wp\/v2\/pages\/1357\/revisions\/3944"}],"wp:attachment":[{"href":"https:\/\/isfd803-chu.infd.edu.ar\/sitio\/wp-json\/wp\/v2\/media?parent=1357"}],"curies":[{"name":"wp","href":"https:\/\/api.w.org\/{rel}","templated":true}]}}