{"id":1353,"date":"2018-07-02T19:09:45","date_gmt":"2018-07-02T22:09:45","guid":{"rendered":"https:\/\/isfd803-chu.infd.edu.ar\/sitio\/profesorado-de-educacion-tecnologica-res-311-14-cohorte-2015\/"},"modified":"2023-09-14T19:49:48","modified_gmt":"2023-09-14T22:49:48","slug":"profesorado-de-educacion-tecnologica-res-311-14-cohorte-2015","status":"publish","type":"page","link":"https:\/\/isfd803-chu.infd.edu.ar\/sitio\/profesorado-de-educacion-tecnologica-res-311-14-cohorte-2015\/","title":{"rendered":"Profesorado de Educaci\u00f3n Tecnol\u00f3gica"},"content":{"rendered":"\n<h1 class=\"wp-block-heading\"><span style=\"color: #ff6600;\">DOCUMENTOS<\/span><\/h1>\n\n\n\n<p><span style=\"font-size: 12pt;\" data-mce-mark=\"1\"><a title=\"DC Tecnologia 311\" href=\"upload\/Profesorado_de_Educaci%F3n_Tecnologica_1.pdf\" target=\"_blank\" rel=\"noopener\"><img decoding=\"async\" loading=\"lazy\" title=\"\" src=\"https:\/\/isfd803-chu.infd.edu.ar\/sitio\/wp-content\/uploads\/2018\/07\/pdf_icono.jpg\" alt=\"\" width=\"53\" height=\"53\" border=\"0\">Dise\u00f1o Curricular Jurisdiccional&nbsp;<\/a><\/span><span style=\"font-size: 12pt;\" data-mce-mark=\"1\"><a title=\"Res 311\" href=\"upload\/Res._311-14_Educacion_Tecnologica_1.pdf\" target=\"_blank\" rel=\"noopener\"><img decoding=\"async\" loading=\"lazy\" title=\"\" src=\"https:\/\/isfd803-chu.infd.edu.ar\/sitio\/wp-content\/uploads\/2018\/07\/pdf_icono.jpg\" alt=\"\" width=\"53\" height=\"53\" border=\"0\">Res. 311\/14&nbsp;Tecnolog\u00eda<\/a><\/span><\/p>\n\n\n\n<p><span style=\"font-size: 12pt;\" data-mce-mark=\"1\"><a title=\"Res 311\" href=\"upload\/Res._311-14_Educacion_Tecnologica_1.pdf\" target=\"_blank\" rel=\"noopener\"><img decoding=\"async\" loading=\"lazy\" title=\"\" src=\"https:\/\/isfd803-chu.infd.edu.ar\/sitio\/wp-content\/uploads\/2018\/07\/pdf_icono.jpg\" alt=\"\" width=\"53\" height=\"53\" border=\"0\"><\/a><a title=\"Mapa Tecnologia 311\" href=\"upload\/Mapa_Tecnologica_311.pdf\" target=\"_blank\" rel=\"noopener\">Estructura Curricular &#8211; Plan de Estudios<\/a><\/span><\/p>\n\n\n\n<p><a href=\"https:\/\/isfd803-chu.infd.edu.ar\/sitio\/wp-content\/uploads\/2019\/03\/Modelizaci\u00f3n-en-Educaci\u00f3n-Tecnol\u00f3gica.pdf\"><span style=\"font-size: 12pt;\" data-mce-mark=\"1\"><img decoding=\"async\" loading=\"lazy\" class=\"alignnone\" src=\"https:\/\/isfd803-chu.infd.edu.ar\/sitio\/wp-content\/uploads\/2018\/07\/pdf_icono.jpg\" alt=\"\" width=\"53\" height=\"53\" border=\"0\"><\/span>Modelizaci\u00f3n en Educaci\u00f3n Tecnol\u00f3gica<\/a><\/p>\n\n\n\n<p><span style=\"font-size: 12pt;\" data-mce-mark=\"1\">&nbsp;<\/span><\/p>\n\n\n\n<h1 class=\"wp-block-heading\"><span style=\"color: #ff6600;\">PROGRAMAS<\/span><\/h1>\n\n\n\n<figure class=\"wp-block-table aligncenter\"><table><tbody><tr><td><strong>PRIMER&nbsp; A\u00d1O<\/strong><\/td><\/tr><tr><td>Lectura y Escritura Acad\u00e9mica<\/td><td><a href=\"https:\/\/isfd803-chu.infd.edu.ar\/sitio\/wp-content\/uploads\/2018\/11\/Lectura-y-Escritura-Acad\u00e9mica_2015.pdf\">2015<\/a><\/td><\/tr><tr><td>Psicolog\u00eda Educacional<\/td><td>&nbsp;<\/td><\/tr><tr><td>Pedagog\u00eda<\/td><td>&nbsp;<\/td><\/tr><tr><td>Did\u00e1ctica General<\/td><td>&nbsp;<\/td><\/tr><tr><td>Estudios sobre Filosof. de la T\u00e9cnica y la Tecnolog.<\/td><td>&nbsp;<\/td><\/tr><tr><td>Dise\u00f1o Industrial<\/td><td><a href=\"https:\/\/isfd803-chu.infd.edu.ar\/sitio\/wp-content\/uploads\/2023\/09\/Programa-2023-Diseno-Industrial-PT-1-Jimena-Esteves.pdf\">&nbsp;2023<\/a><\/td><\/tr><tr><td>Educaci\u00f3n Tecnol\u00f3gica<\/td><td>&nbsp;<\/td><\/tr><tr><td>Historia de la Tecnolog\u00eda<\/td><td>&nbsp;<\/td><\/tr><tr><td>Pr\u00e1ctica Prof. Docente I<\/td><td>&nbsp;<\/td><\/tr><tr><td>&nbsp;<\/td><td>&nbsp;<\/td><\/tr><tr><td>&nbsp;<\/td><td>&nbsp;<\/td><\/tr><tr><td><strong>SEGUNDO&nbsp; A\u00d1O<\/strong><\/td><\/tr><tr><td>Historia y Pol\u00edtica de la Educaci\u00f3n Argentina<\/td><td><a href=\"https:\/\/isfd803-chu.infd.edu.ar\/sitio\/wp-content\/uploads\/2020\/10\/programa-2020-PROF.TECNOLOGIA.pdf\">2020<\/a><\/td><\/tr><tr><td>Educaci\u00f3n y TIC<\/td><td><a href=\"https:\/\/isfd803-chu.infd.edu.ar\/sitio\/wp-content\/uploads\/2018\/11\/Edu-y-TIC_Tecnologia2018.pdf\">2018<\/a><\/td><\/tr><tr><td>Educaci\u00f3n Sexual Integral<\/td><td><a href=\"https:\/\/isfd803-chu.infd.edu.ar\/sitio\/wp-content\/uploads\/2019\/05\/Programa-ESI-2018-todas.docx\">2018 <\/a>&#8211; <a href=\"https:\/\/isfd803-chu.infd.edu.ar\/sitio\/wp-content\/uploads\/2023\/09\/Programa-Educacion-Tecnologica-Corina-Cartagena.docx\">2023<\/a><\/td><\/tr><tr><td>Estudios sobre Antropol. de la T\u00e9cnica y la Tecno.<\/td><td><a href=\"https:\/\/isfd803-chu.infd.edu.ar\/sitio\/wp-content\/uploads\/2021\/09\/Propuesta-de-Trabajo_-CURTI-LETICIA.doc\">2021<\/a><\/td><\/tr><tr><td>Mediaci\u00f3n T\u00e9cnica Sobre los Materiales<\/td><td>&nbsp;<\/td><\/tr><tr><td>Mediaci\u00f3n T\u00e9cnica sobre la Energ\u00eda<\/td><td>&nbsp;<\/td><\/tr><tr><td>Tecnolog\u00eda de los Materiales<\/td><td>&nbsp;<\/td><\/tr><tr><td>Tecnolog\u00eda de la Energ\u00eda<\/td><td>&nbsp;<\/td><\/tr><tr><td>Did\u00e1ctica de la Educaci\u00f3n Tecnol\u00f3gica I<\/td><td><a href=\"https:\/\/isfd803-chu.infd.edu.ar\/sitio\/wp-content\/uploads\/2018\/11\/Didactica-de-la-Edu-Tecno-I_TEcnologia2016.pdf\">2016<\/a><\/td><\/tr><tr><td>Did\u00e1ctica de la Educaci\u00f3n Tecnol\u00f3gica II<\/td><td>&nbsp;<\/td><\/tr><tr><td>Sujetos del Aprendizaje I<\/td><td><a href=\"https:\/\/isfd803-chu.infd.edu.ar\/sitio\/wp-content\/uploads\/2023\/09\/Propuesta-Sujeto-del-Aprendizaje-I-Ed.-Tecnologica-Cristina-Costante.pdf\">2023<\/a><\/td><\/tr><tr><td>Pr\u00e1ctica Prof. Docente II<\/td><td><a href=\"https:\/\/isfd803-chu.infd.edu.ar\/sitio\/wp-content\/uploads\/2023\/09\/Programa-PPDy-R-II-Ed.-Tecnologica-2023-Cristina-Costante.pdf\">2023<\/a><\/td><\/tr><tr><td><strong>TERCER&nbsp; A\u00d1O<\/strong><\/td><\/tr><tr><td>Investigaci\u00f3n Educativa<\/td><td><a href=\"https:\/\/isfd803-chu.infd.edu.ar\/sitio\/wp-content\/uploads\/2019\/03\/Programa-IE-Educci\u00f3n-Tecnol\u00f3gica-2019.doc\">2019<\/a> <a href=\"https:\/\/isfd803-chu.infd.edu.ar\/sitio\/wp-content\/uploads\/2022\/05\/PROGRAMA-IE-2022-PET.docx\">2022<\/a><\/td><\/tr><tr><td>Sociolog\u00eda de la Educaci\u00f3n<\/td><td><a href=\"https:\/\/isfd803-chu.infd.edu.ar\/sitio\/wp-content\/uploads\/2019\/04\/programa-Ed-Tec-1.doc\">2019<\/a> &#8211; <a href=\"https:\/\/isfd803-chu.infd.edu.ar\/sitio\/wp-content\/uploads\/2023\/09\/PROGRAMA-SOCIO-EDUCACION-PET-Jessica-Murphy.pdf\">2023<\/a><\/td><\/tr><tr><td>Estudios sobre Sociolog. De la T\u00e9cnica y la Tecno.<\/td><td>&nbsp;<\/td><\/tr><tr><td>Organizaci\u00f3n Industrial<\/td><td>&nbsp;<a href=\"https:\/\/isfd803-chu.infd.edu.ar\/sitio\/wp-content\/uploads\/2023\/09\/PROGRAMA-ORGANIZACION-INDUSTRIAL-2023-Damian-Devitt.doc\">2023<\/a><\/td><\/tr><tr><td>Sistemas de Control<\/td><td>&nbsp;<\/td><\/tr><tr><td>Tecnolog\u00edas de Gesti\u00f3n<\/td><td><a href=\"https:\/\/isfd803-chu.infd.edu.ar\/sitio\/wp-content\/uploads\/2022\/05\/PROGRAMA-TG-2022.pdf\">2022<\/a><\/td><\/tr><tr><td>Tecnolog\u00edas de la Informaci\u00f3n y la Comunicaci\u00f3n<\/td><td>&nbsp;<\/td><\/tr><tr><td>Did\u00e1ctica de la Educaci\u00f3n Tecnol\u00f3gica III<\/td><td><a href=\"https:\/\/isfd803-chu.infd.edu.ar\/sitio\/wp-content\/uploads\/2019\/03\/Programa-Did\u00e1ctica-III-2019-1.doc\">2019<\/a> &#8211; <a href=\"https:\/\/isfd803-chu.infd.edu.ar\/sitio\/wp-content\/uploads\/2023\/09\/Programa-Didactica-ET-III-2023.pdf\">2023<\/a><\/td><\/tr><tr><td>Sujetos del Aprendizaje II<\/td><td><a href=\"https:\/\/isfd803-chu.infd.edu.ar\/sitio\/wp-content\/uploads\/2019\/03\/SUJETOS-DEL-AP.-3-A\u00d1O-ED.-TEC.doc\">2019<\/a><\/td><\/tr><tr><td>Pr\u00e1ctica Prof. Docente III<\/td><td><a href=\"https:\/\/isfd803-chu.infd.edu.ar\/sitio\/wp-content\/uploads\/2019\/03\/Programa-Pr\u00e1ctica-III-2019.doc\">2019<\/a><\/td><\/tr><tr><td>&nbsp;<\/td><td>&nbsp;<\/td><\/tr><tr><td><strong>CUARTO A\u00d1O<\/strong><\/td><\/tr><tr><td>Filosof\u00eda de la Educaci\u00f3n<\/td><td><a href=\"https:\/\/isfd803-chu.infd.edu.ar\/sitio\/wp-content\/uploads\/2018\/11\/Filosofia-de-la-Educ_Tecnologica2018.pdf\">2018<\/a><\/td><\/tr><tr><td>Unidad de Definici\u00f3n Institucional del CFG<\/td><td><a href=\"https:\/\/isfd803-chu.infd.edu.ar\/sitio\/wp-content\/uploads\/2021\/06\/UDI-programa-anual-2020-firmado-1.pdf\">2020 <\/a><\/td><\/tr><tr><td>Sistemas T\u00e9cnicos y sus conjuntos de redes<\/td><td>&nbsp;<\/td><\/tr><tr><td>Investigaci\u00f3n e Innovaci\u00f3n Tecnol\u00f3gica<\/td><td>&nbsp;<\/td><\/tr><tr><td>Actualizaci\u00f3n en Tecnolog\u00edas<\/td><td><a href=\"https:\/\/isfd803-chu.infd.edu.ar\/sitio\/wp-content\/uploads\/2019\/05\/Progama-Actualizacion-en-tecnologias-2019.doc\">2019<\/a><\/td><\/tr><tr><td>Reflexi\u00f3n Sobre el Conocimiento Tecnol\u00f3gico<\/td><td>&nbsp;<\/td><\/tr><tr><td>Unidad de Definici\u00f3n Institucional del CFE<\/td><td>&nbsp;<\/td><\/tr><tr><td>Pr\u00e1ctica Prof. Docente IV y Residencia<\/td><td><a href=\"https:\/\/isfd803-chu.infd.edu.ar\/sitio\/wp-content\/uploads\/2019\/03\/Programa-Pr\u00e1ctica-IV-2019-1.doc\">2019<\/a> &#8211; <a href=\"https:\/\/isfd803-chu.infd.edu.ar\/sitio\/wp-content\/uploads\/2023\/09\/Programa-Practica-IV-2023-claudia-Morel.pdf\">2023<\/a><\/td><\/tr><\/tbody><\/table><\/figure>\n","protected":false},"excerpt":{"rendered":"<p>DOCUMENTOS Dise\u00f1o Curricular Jurisdiccional&nbsp;Res. 311\/14&nbsp;Tecnolog\u00eda Estructura Curricular &#8211; Plan de Estudios Modelizaci\u00f3n en Educaci\u00f3n Tecnol\u00f3gica &nbsp; PROGRAMAS PRIMER&nbsp; A\u00d1O Lectura y Escritura Acad\u00e9mica 2015 Psicolog\u00eda Educacional &nbsp; Pedagog\u00eda &nbsp; Did\u00e1ctica General &nbsp; Estudios sobre Filosof. de la T\u00e9cnica y la Tecnolog. &nbsp; Dise\u00f1o Industrial &nbsp;2023 Educaci\u00f3n Tecnol\u00f3gica &nbsp; Historia de la Tecnolog\u00eda &nbsp; Pr\u00e1ctica Prof. &#8230; <a title=\"Profesorado de Educaci\u00f3n Tecnol\u00f3gica\" class=\"read-more\" href=\"https:\/\/isfd803-chu.infd.edu.ar\/sitio\/profesorado-de-educacion-tecnologica-res-311-14-cohorte-2015\/\" aria-label=\"More on Profesorado de Educaci\u00f3n Tecnol\u00f3gica\">[+]<\/a><\/p>\n","protected":false},"author":1315,"featured_media":0,"parent":0,"menu_order":0,"comment_status":"closed","ping_status":"closed","template":"","meta":[],"acf":[],"_links":{"self":[{"href":"https:\/\/isfd803-chu.infd.edu.ar\/sitio\/wp-json\/wp\/v2\/pages\/1353"}],"collection":[{"href":"https:\/\/isfd803-chu.infd.edu.ar\/sitio\/wp-json\/wp\/v2\/pages"}],"about":[{"href":"https:\/\/isfd803-chu.infd.edu.ar\/sitio\/wp-json\/wp\/v2\/types\/page"}],"author":[{"embeddable":true,"href":"https:\/\/isfd803-chu.infd.edu.ar\/sitio\/wp-json\/wp\/v2\/users\/1315"}],"replies":[{"embeddable":true,"href":"https:\/\/isfd803-chu.infd.edu.ar\/sitio\/wp-json\/wp\/v2\/comments?post=1353"}],"version-history":[{"count":43,"href":"https:\/\/isfd803-chu.infd.edu.ar\/sitio\/wp-json\/wp\/v2\/pages\/1353\/revisions"}],"predecessor-version":[{"id":8263,"href":"https:\/\/isfd803-chu.infd.edu.ar\/sitio\/wp-json\/wp\/v2\/pages\/1353\/revisions\/8263"}],"wp:attachment":[{"href":"https:\/\/isfd803-chu.infd.edu.ar\/sitio\/wp-json\/wp\/v2\/media?parent=1353"}],"curies":[{"name":"wp","href":"https:\/\/api.w.org\/{rel}","templated":true}]}}