{"id":1351,"date":"2018-07-02T19:09:45","date_gmt":"2018-07-02T22:09:45","guid":{"rendered":"https:\/\/isfd803-chu.infd.edu.ar\/sitio\/profesorado-de-educacion-inicial-309-14-cohorte-2015\/"},"modified":"2023-09-14T19:47:29","modified_gmt":"2023-09-14T22:47:29","slug":"profesorado-de-educacion-inicial-309-14-cohorte-2015","status":"publish","type":"page","link":"https:\/\/isfd803-chu.infd.edu.ar\/sitio\/profesorado-de-educacion-inicial-309-14-cohorte-2015\/","title":{"rendered":"Profesorado de Educaci\u00f3n Inicial (309\/14)"},"content":{"rendered":"\n<h1 class=\"wp-block-heading\">DOCUMENTOS<\/h1>\n\n\n\n<p><span style=\"font-size: 14pt;\"><a title=\"DC Inicial 309\" href=\"upload\/Ultima_version_DC_Inicial_309.pdf\" target=\"_blank\" rel=\"noopener\"><img decoding=\"async\" loading=\"lazy\" title=\"\" src=\"https:\/\/isfd803-chu.infd.edu.ar\/sitio\/wp-content\/uploads\/2018\/07\/pdf_icono.jpg\" alt=\"\" width=\"53\" height=\"53\" border=\"0\">Dise\u00f1o Curricular Jurisdiccional&nbsp;<\/a><\/span><span style=\"font-size: 14pt;\"><a href=\"http:\/\/www.chubut.edu.ar\/descargas\/recursos\/superior\/Dis_curricular\/Profesorados\/DC_Prof_Educacion_Inicial.pdf\" target=\"_blank\" rel=\"noopener\"><img decoding=\"async\" loading=\"lazy\" title=\"\" src=\"https:\/\/isfd803-chu.infd.edu.ar\/sitio\/wp-content\/uploads\/2018\/07\/pdf_icono.jpg\" alt=\"\" width=\"53\" height=\"53\" border=\"0\"><\/a>Res. 309\/14&nbsp;<\/span><span style=\"font-size: 14pt;\"><a title=\"Mapa Inicial 309\" href=\"upload\/Mapa_Inicial_309.pdf\" target=\"_blank\" rel=\"noopener\"><img decoding=\"async\" loading=\"lazy\" title=\"\" src=\"https:\/\/isfd803-chu.infd.edu.ar\/sitio\/wp-content\/uploads\/2018\/07\/pdf_icono.jpg\" alt=\"\" width=\"53\" height=\"53\" border=\"0\">Estructura Curricular &#8211; Plan de Estudios<\/a><\/span><\/p>\n\n\n\n<p><span style=\"font-size: 14pt;\"><a title=\"Inicial\" href=\"upload\/Equivalencias_DC_EdInicial_1.pdf\" target=\"_blank\" rel=\"noopener\"><img decoding=\"async\" loading=\"lazy\" title=\"\" src=\"https:\/\/isfd803-chu.infd.edu.ar\/sitio\/wp-content\/uploads\/2018\/07\/pdf_icono.jpg\" alt=\"\" width=\"60\" height=\"60\" border=\"0\">EQUIVALENCIAS&nbsp;&nbsp;<\/a><\/span><\/p>\n\n\n\n<p><span style=\"font-size: 14pt;\"><a title=\"Inicial\" href=\"https:\/\/isfd803-chu.infd.edu.ar\/sitio\/wp-content\/uploads\/2019\/05\/Correlativas.pdf\" target=\"_blank\" rel=\"noopener\"><img decoding=\"async\" loading=\"lazy\" title=\"\" src=\"https:\/\/isfd803-chu.infd.edu.ar\/sitio\/wp-content\/uploads\/2018\/07\/pdf_icono.jpg\" alt=\"\" width=\"60\" height=\"60\" border=\"0\">Correlativas<\/a><\/span><\/p>\n\n\n\n<h1 class=\"wp-block-heading\">&nbsp;<\/h1>\n\n\n\n<h1 class=\"wp-block-heading\"><span style=\"color: #ff6600;\">PROGRAMAS&nbsp;<\/span><\/h1>\n\n\n\n<figure class=\"wp-block-table aligncenter\"><table><tbody><tr><td><strong>PRIMER&nbsp; A\u00d1O<\/strong><\/td><\/tr><tr><td>Lectura y Escritura Acad\u00e9mica<\/td><td><a href=\"https:\/\/isfd803-chu.infd.edu.ar\/sitio\/wp-content\/uploads\/2018\/11\/Lectura-y-Escritura_Primaria2018.pdf\">2018<\/a>,&nbsp;<a href=\"https:\/\/isfd803-chu.infd.edu.ar\/sitio\/wp-content\/uploads\/2019\/03\/LyEA-Inicial.doc\">2019<\/a><\/td><\/tr><tr><td>Psicolog\u00eda Educacional<\/td><td><a href=\"https:\/\/isfd803-chu.infd.edu.ar\/sitio\/wp-content\/uploads\/2018\/11\/Psicologia-educ_Inicial2018.pdf\">2018<\/a><\/td><\/tr><tr><td>Pedagog\u00eda<\/td><td><a href=\"https:\/\/isfd803-chu.infd.edu.ar\/sitio\/wp-content\/uploads\/2019\/03\/Programa-de-PEDAGOGIA-2016-MADRYN-803.doc\">2016<\/a><\/td><\/tr><tr><td>Did\u00e1ctica General<\/td><td><a href=\"https:\/\/isfd803-chu.infd.edu.ar\/sitio\/wp-content\/uploads\/2018\/11\/Did\u00e1ctica-general_Inicial-2014.pdf\">2014<\/a><\/td><\/tr><tr><td>Lenguajes Visuales<\/td><td><a href=\"https:\/\/isfd803-chu.infd.edu.ar\/sitio\/wp-content\/uploads\/2018\/11\/Lenguajes-Visuales_Inicial2011.pdf\">2011, <\/a><a href=\"https:\/\/isfd803-chu.infd.edu.ar\/sitio\/wp-content\/uploads\/2019\/04\/Programa-Lenguajes-Visuales-2019.pdf\">2019<\/a><\/td><\/tr><tr><td>Literatura Infantil<\/td><td><a href=\"https:\/\/isfd803-chu.infd.edu.ar\/sitio\/wp-content\/uploads\/2018\/11\/Programa_2018.doc\">2018<\/a><\/td><\/tr><tr><td>Juegos Matem\u00e1ticos<\/td><td>&nbsp;<\/td><\/tr><tr><td>Problem. De la Ed. Inicial<\/td><td><a href=\"https:\/\/isfd803-chu.infd.edu.ar\/sitio\/wp-content\/uploads\/2018\/11\/Problematicas-edu-inicial_Inicial2015.pdf\">2015<\/a><\/td><\/tr><tr><td>Pr\u00e1ctica Prof. Docente I<\/td><td><a href=\"https:\/\/isfd803-chu.infd.edu.ar\/sitio\/wp-content\/uploads\/2019\/05\/Programa-Pr\u00e1ctica-Docente-I-Prof-Educaci\u00f3n-Inicial-A\u00f1o-2019.docx\">2019<\/a><\/td><\/tr><tr><td>&nbsp;<\/td><td>&nbsp;<\/td><\/tr><tr><td><strong>SEGUNDO&nbsp; A\u00d1O<\/strong><\/td><\/tr><tr><td>Historia y Pol\u00edtica de la Educaci\u00f3n Argentina<\/td><td><a href=\"https:\/\/isfd803-chu.infd.edu.ar\/sitio\/wp-content\/uploads\/2019\/03\/Programa-Historia-de-la-Educaci\u00f3n-Argentina-2019.doc\">2019<\/a><\/td><\/tr><tr><td>Educaci\u00f3n Sexual Integral<\/td><td><a href=\"https:\/\/isfd803-chu.infd.edu.ar\/sitio\/wp-content\/uploads\/2019\/03\/ESI-2015-Inicial-Programa-1.docx\">2015,&nbsp;<\/a><a href=\"https:\/\/isfd803-chu.infd.edu.ar\/sitio\/wp-content\/uploads\/2019\/05\/Programa-ESI-2018-todas.docx\">2018<\/a>,&nbsp;<a href=\"https:\/\/isfd803-chu.infd.edu.ar\/sitio\/wp-content\/uploads\/2019\/03\/ESI-2015-Inicial-Programa.docx\">2019<\/a><\/td><\/tr><tr><td>Sociolog\u00eda de la Educaci\u00f3n<\/td><td><a href=\"https:\/\/isfd803-chu.infd.edu.ar\/sitio\/wp-content\/uploads\/2018\/12\/Programa-Sociologia-Inicial-2018.pdf\">2018<\/a><\/td><\/tr><tr><td>Sujetos de la Educaci\u00f3n Inicial<\/td><td>&nbsp;<\/td><\/tr><tr><td>Did\u00e1ctica del Jard\u00edn Maternal<\/td><td>&nbsp;<\/td><\/tr><tr><td>Matem\u00e1tica y su Did\u00e1ctica<\/td><td><a href=\"https:\/\/isfd803-chu.infd.edu.ar\/sitio\/wp-content\/uploads\/2019\/04\/Programa-Matem\u00e1tica-y-su-Did\u00e1ctica-2019.doc\">2019 &#8211; <\/a><a style=\"font-size: revert; font-family: inherit; font-weight: inherit;\" href=\"https:\/\/isfd803-chu.infd.edu.ar\/sitio\/wp-content\/uploads\/2022\/05\/Programa-de-Matematica-y-su-Didactica-2021.docx.pdf\">2022<\/a><\/td><\/tr><tr><td>Lengua y su Did\u00e1ctica<\/td><td><a href=\"https:\/\/isfd803-chu.infd.edu.ar\/sitio\/wp-content\/uploads\/2018\/11\/Lengua-y-su-Didac_Inicial2018.pdf\">2018<\/a>, <a href=\"https:\/\/isfd803-chu.infd.edu.ar\/sitio\/wp-content\/uploads\/2019\/03\/programa-2019-1.docx\">2019&nbsp;<\/a><\/td><\/tr><tr><td>Juego y Expresi\u00f3n Corporal<\/td><td><a href=\"https:\/\/isfd803-chu.infd.edu.ar\/sitio\/wp-content\/uploads\/2019\/03\/Programa-2-\u00b0-Nivel-Iniciall-Juego-Y-expresion-Corporal.docx\">2018<\/a><\/td><\/tr><tr><td>Lenguaje Teatral<\/td><td>&nbsp;<\/td><\/tr><tr><td>Pr\u00e1ctica Prof. Docente II<\/td><td><a href=\"https:\/\/isfd803-chu.infd.edu.ar\/sitio\/wp-content\/uploads\/2018\/12\/programa-de-practica-II-20171.doc\">2017<\/a><\/td><\/tr><tr><td>&nbsp;<\/td><td>&nbsp;<\/td><\/tr><tr><td><strong>TERCER&nbsp; A\u00d1O<\/strong><\/td><\/tr><tr><td>Filosof\u00eda de la Educaci\u00f3n<\/td><td><a href=\"https:\/\/isfd803-chu.infd.edu.ar\/sitio\/wp-content\/uploads\/2018\/11\/Psicologia-educ_Inicial2018.pdf\">2018<\/a>, <a href=\"https:\/\/isfd803-chu.infd.edu.ar\/sitio\/wp-content\/uploads\/2021\/06\/programa-filo-inicial-21.pdf\">2021<\/a>, <a href=\"https:\/\/isfd803-chu.infd.edu.ar\/sitio\/wp-content\/uploads\/2022\/11\/Filosofia-de-la-educacion-INICIAL-2022.docx\">2022<\/a><\/td><\/tr><tr><td>Educaci\u00f3n y TIC<\/td><td>&nbsp;<\/td><\/tr><tr><td>Uso de la Voz<\/td><td><a href=\"https:\/\/isfd803-chu.infd.edu.ar\/sitio\/wp-content\/uploads\/2022\/05\/Uso-de-la-voz-Programa.pdf\">2021, 2022<\/a><\/td><\/tr><tr><td>Ciencias Sociales y su Did\u00e1ctica<\/td><td><a href=\"https:\/\/isfd803-chu.infd.edu.ar\/sitio\/wp-content\/uploads\/2018\/12\/Programa-Ciencias-Sociales-Nivel-Inicial-2018.pdf\">2018,<\/a> <a href=\"https:\/\/isfd803-chu.infd.edu.ar\/sitio\/wp-content\/uploads\/2019\/04\/programa-MODELO-ISFD803-2.doc\">2019<\/a><\/td><\/tr><tr><td>Ciencias Naturales y su Did\u00e1ctica<\/td><td><a href=\"https:\/\/isfd803-chu.infd.edu.ar\/sitio\/wp-content\/uploads\/2019\/05\/Cs-Ns-y-su-did\u00e1ctica-Programa-2019.docx\">2019<\/a><\/td><\/tr><tr><td>Did\u00e1ctica del Jard\u00edn de Infantes<\/td><td><a href=\"https:\/\/isfd803-chu.infd.edu.ar\/sitio\/wp-content\/uploads\/2019\/02\/PROGRAMA-2019-1.docx\">2019<\/a><\/td><\/tr><tr><td>Alfabetizaci\u00f3n Inicial<\/td><td><a href=\"https:\/\/isfd803-chu.infd.edu.ar\/sitio\/wp-content\/uploads\/2018\/11\/Alfabetizaci\u00f3n-Inicial_Inicial2018.pdf\">2018<\/a> &#8211;<a href=\"https:\/\/isfd803-chu.infd.edu.ar\/sitio\/wp-content\/uploads\/2023\/09\/Programa-Alfabetizacion-Inicial-3ero-PNI-Arroyo-Lovaiza-2023-Liliana-Arroyo.docx\"> 2023<\/a><\/td><\/tr><tr><td>Producci\u00f3n de Recursos Did\u00e1cticos<\/td><td><a href=\"https:\/\/isfd803-chu.infd.edu.ar\/sitio\/wp-content\/uploads\/2019\/03\/Programa-Taller-de-Producci\u00f3n-de-Recursos-Did\u00e1cticos-2019.docx\">2019<\/a><\/td><\/tr><tr><td>Lenguaje Musical<\/td><td><a href=\"https:\/\/isfd803-chu.infd.edu.ar\/sitio\/wp-content\/uploads\/2018\/11\/Lenguaje-musical_inicial2018.pdf\">2018<\/a><\/td><\/tr><tr><td>Pr\u00e1ctica Prof. Docente III<\/td><td><a href=\"https:\/\/isfd803-chu.infd.edu.ar\/sitio\/wp-content\/uploads\/2019\/04\/Programa-PPD-III-2019.docx\">2019<\/a><\/td><\/tr><tr><td>&nbsp;<\/td><td>&nbsp;<\/td><\/tr><tr><td>&nbsp;<\/td><td>&nbsp;<\/td><\/tr><tr><td><strong>CUARTO A\u00d1O<\/strong><\/td><\/tr><tr><td>Sistematizaci\u00f3n de Experiencias Pedag\u00f3gicas<\/td><td><a href=\"https:\/\/isfd803-chu.infd.edu.ar\/sitio\/wp-content\/uploads\/2019\/03\/Programa-Sistematizaci\u00f3n-de-experiencias-pedag\u00f3gicas-2019.docx\">2019<\/a>&nbsp;&#8211; <a href=\"https:\/\/isfd803-chu.infd.edu.ar\/sitio\/wp-content\/uploads\/2021\/06\/Programa-Sistematizaci\u00f3n-de-Experiencias-Pedag\u00f3gicas-2021.pdf\">2021<\/a> &#8211; <a href=\"https:\/\/isfd803-chu.infd.edu.ar\/sitio\/wp-content\/uploads\/2023\/09\/Programa_Sistematizaion_de_experiencias_pedagogicas_2023-1-Ines-Asorey.pdf\">2023<\/a><\/td><\/tr><tr><td>Derechos Humanos y Ciudadan\u00eda<\/td><td>&nbsp;<\/td><\/tr><tr><td>Unidad de Definici\u00f3n Institucional CFG<\/td><td>&nbsp;<\/td><\/tr><tr><td>Educaci\u00f3n Tecnol\u00f3gica y su Did\u00e1ctica<\/td><td><a href=\"https:\/\/isfd803-chu.infd.edu.ar\/sitio\/wp-content\/uploads\/2018\/11\/Educacion-tecnologica_Inicial2018.pdf\">2018,<\/a> <a href=\"https:\/\/isfd803-chu.infd.edu.ar\/sitio\/wp-content\/uploads\/2019\/03\/PROGRAMA-Ed.-Tec.-y-su-Didac.-2019.pdf\">2019<\/a><\/td><\/tr><tr><td>Unidad de Definici\u00f3n Institucional CFE<\/td><td><a href=\"https:\/\/isfd803-chu.infd.edu.ar\/sitio\/wp-content\/uploads\/2023\/06\/UDI-del-CFE-Coordinacion-de-Grupos-PEI.doc\">2023<\/a><\/td><\/tr><tr><td>Pr\u00e1ctica Profesional Docente IV y Residencia<\/td><td><a href=\"https:\/\/isfd803-chu.infd.edu.ar\/sitio\/wp-content\/uploads\/2018\/12\/Programa-2018-1.doc\">2018<\/a><\/td><\/tr><tr><td>&nbsp;<\/td><td>&nbsp;<\/td><\/tr><tr><td>&nbsp;<\/td><td>&nbsp;<\/td><\/tr><\/tbody><\/table><\/figure>\n\n\n\n<p><\/p>\n","protected":false},"excerpt":{"rendered":"<p>DOCUMENTOS Dise\u00f1o Curricular Jurisdiccional&nbsp;Res. 309\/14&nbsp;Estructura Curricular &#8211; Plan de Estudios EQUIVALENCIAS&nbsp;&nbsp; Correlativas &nbsp; PROGRAMAS&nbsp; PRIMER&nbsp; A\u00d1O Lectura y Escritura Acad\u00e9mica 2018,&nbsp;2019 Psicolog\u00eda Educacional 2018 Pedagog\u00eda 2016 Did\u00e1ctica General 2014 Lenguajes Visuales 2011, 2019 Literatura Infantil 2018 Juegos Matem\u00e1ticos &nbsp; Problem. De la Ed. Inicial 2015 Pr\u00e1ctica Prof. Docente I 2019 &nbsp; &nbsp; SEGUNDO&nbsp; A\u00d1O Historia &#8230; <a title=\"Profesorado de Educaci\u00f3n Inicial (309\/14)\" class=\"read-more\" href=\"https:\/\/isfd803-chu.infd.edu.ar\/sitio\/profesorado-de-educacion-inicial-309-14-cohorte-2015\/\" aria-label=\"More on Profesorado de Educaci\u00f3n Inicial (309\/14)\">[+]<\/a><\/p>\n","protected":false},"author":1315,"featured_media":0,"parent":0,"menu_order":0,"comment_status":"closed","ping_status":"closed","template":"","meta":[],"acf":[],"_links":{"self":[{"href":"https:\/\/isfd803-chu.infd.edu.ar\/sitio\/wp-json\/wp\/v2\/pages\/1351"}],"collection":[{"href":"https:\/\/isfd803-chu.infd.edu.ar\/sitio\/wp-json\/wp\/v2\/pages"}],"about":[{"href":"https:\/\/isfd803-chu.infd.edu.ar\/sitio\/wp-json\/wp\/v2\/types\/page"}],"author":[{"embeddable":true,"href":"https:\/\/isfd803-chu.infd.edu.ar\/sitio\/wp-json\/wp\/v2\/users\/1315"}],"replies":[{"embeddable":true,"href":"https:\/\/isfd803-chu.infd.edu.ar\/sitio\/wp-json\/wp\/v2\/comments?post=1351"}],"version-history":[{"count":76,"href":"https:\/\/isfd803-chu.infd.edu.ar\/sitio\/wp-json\/wp\/v2\/pages\/1351\/revisions"}],"predecessor-version":[{"id":8258,"href":"https:\/\/isfd803-chu.infd.edu.ar\/sitio\/wp-json\/wp\/v2\/pages\/1351\/revisions\/8258"}],"wp:attachment":[{"href":"https:\/\/isfd803-chu.infd.edu.ar\/sitio\/wp-json\/wp\/v2\/media?parent=1351"}],"curies":[{"name":"wp","href":"https:\/\/api.w.org\/{rel}","templated":true}]}}