{"id":1324,"date":"2018-07-02T19:09:29","date_gmt":"2018-07-02T22:09:29","guid":{"rendered":"https:\/\/isfd803-chu.infd.edu.ar\/sitio\/profesorado-de-educacion-secundaria-de-la-modalidad-tecnico-profesional-etp\/"},"modified":"2018-11-17T11:36:36","modified_gmt":"2018-11-17T14:36:36","slug":"profesorado-de-educacion-secundaria-de-la-modalidad-tecnico-profesional-etp","status":"publish","type":"page","link":"https:\/\/isfd803-chu.infd.edu.ar\/sitio\/profesorado-de-educacion-secundaria-de-la-modalidad-tecnico-profesional-etp\/","title":{"rendered":"Profesorado de educaci\u00f3n secundaria de la modalidad T\u00e9cnico Profesional (ETP)"},"content":{"rendered":"<p><img decoding=\"async\" loading=\"lazy\" class=\"alignnone size-full wp-image-3510\" src=\"https:\/\/isfd803-chu.infd.edu.ar\/sitio\/wp-content\/uploads\/2018\/11\/Pink-Brush-Strokes-Beauty-Cosmetics-Facebook-Cover-25.jpg\" alt=\"\" width=\"828\" height=\"315\" srcset=\"https:\/\/isfd803-chu.infd.edu.ar\/sitio\/wp-content\/uploads\/2018\/11\/Pink-Brush-Strokes-Beauty-Cosmetics-Facebook-Cover-25.jpg 828w, https:\/\/isfd803-chu.infd.edu.ar\/sitio\/wp-content\/uploads\/2018\/11\/Pink-Brush-Strokes-Beauty-Cosmetics-Facebook-Cover-25-768x292.jpg 768w\" sizes=\"(max-width: 828px) 100vw, 828px\" \/><\/p>\n<p><span style=\"font-family: verdana,geneva; font-size: 10pt;\">Aprobada por Resoluci\u00f3n CFE N\u00ba 63\/08: \u00abART\u00cdCULO 1\u00ba.- Aprobar el plan de estudios \u00abProfesorado de educaci\u00f3n secundaria de la modalidad t\u00e9cnico profesional en concurrencia con t\u00edtulo de base\u00bb, que como Anexo I forma parte de la presente resoluci\u00f3n.\u00bb<\/span><\/p>\n<h1><span style=\"color: #ff6600;\">PERFIL DEL EGRESADO<\/span><\/h1>\n<p style=\"text-align: justify;\"><span style=\"font-family: verdana,geneva; font-size: 10pt;\">El Profesor en ETP es un docente con t\u00edtulo t\u00e9cnico de base de nivel secundario, <\/span><span style=\"font-family: verdana,geneva; font-size: 10pt;\">superior o de grado universitario, que ha obtenido formaci\u00f3n pedag\u00f3gica general, <\/span><span style=\"font-family: verdana,geneva; font-size: 10pt;\">actualizaci\u00f3n cient\u00edfico tecnol\u00f3gica y formaci\u00f3n espec\u00edfica para la pr\u00e1ctica <\/span><span style=\"font-family: verdana,geneva; font-size: 10pt;\">profesional docente, a partir de las cuales cuenta con las\u00a0 capacidades que le <\/span><span style=\"font-family: verdana,geneva; font-size: 10pt;\">permitan, en los desempe\u00f1os de las instituciones de ETP.<\/span><\/p>\n<h1><span style=\"color: #ff6600;\">ALCANCE DEL TITULO<\/span><\/h1>\n<ul>\n<li style=\"text-align: justify;\"><span style=\"font-family: verdana, geneva; font-size: 10pt;\">Planificar, coordinar, gestionar y evaluar los procesos de ense\u00f1anza y aprendizaje en el nivel o ciclo correspondiente.\u00a0 <\/span><\/li>\n<li style=\"text-align: justify;\"><span style=\"font-family: verdana, geneva; font-size: 10pt;\">Asesorar sobre el proceso de ense\u00f1anza y aprendizaje\u00a0 en el \u00e1rea de su <\/span><br \/>\n<span style=\"font-family: verdana, geneva; font-size: 10pt;\">conocimiento espec\u00edfico.\u00a0\u00a0<\/span><\/li>\n<li style=\"text-align: justify;\"><span style=\"font-family: verdana, geneva; font-size: 10pt;\">Guiar y orientar el proceso socio-afectivo, institucional, cultural y comunitario que la realidad y las normativas vigentes exigen para el logro de un desempe\u00f1o profesional satisfactorio apoyado en el conocimiento y la \u00e9tica.<\/span><\/li>\n<\/ul>\n<p style=\"text-align: justify;\"><span style=\"font-family: verdana,geneva; font-size: 10pt;\"><a title=\"Resoluci\u00f3n 63\" href=\"upload\/6308.pdf\" target=\"_blank\" rel=\"noopener\"><img decoding=\"async\" loading=\"lazy\" title=\"\" src=\"https:\/\/isfd803-chu.infd.edu.ar\/sitio\/wp-content\/uploads\/2018\/07\/pdf_icono.jpg\" alt=\"\" width=\"44\" height=\"44\" border=\"0\" \/>Resoluci\u00f3n N\u00b0 63\/08\u00a0<\/a><\/span><span style=\"font-family: verdana,geneva; font-size: 10pt;\"><a title=\"Resoluci\u00f3n 63\" href=\"upload\/6308.pdf\" target=\"_blank\" rel=\"noopener\"><img decoding=\"async\" loading=\"lazy\" title=\"\" src=\"https:\/\/isfd803-chu.infd.edu.ar\/sitio\/wp-content\/uploads\/2018\/07\/pdf_icono.jpg\" alt=\"\" width=\"44\" height=\"44\" border=\"0\" \/><\/a><a title=\"Resoluci\u00f3n 63 anexoI\" href=\"upload\/6308anexo1.pdf\" target=\"_blank\" rel=\"noopener\">Anexo I &#8211; Resoluci\u00f3n N\u00b063\/08<\/a><\/span><\/p>\n<p>&nbsp;<\/p>\n<h1><span style=\"color: #ff6600;\">CAJAS CURRICULARES<\/span><\/h1>\n<p style=\"text-align: justify;\"><span style=\"font-size: 10pt;\"><a style=\"font-family: verdana, geneva; font-size: 12pt;\" title=\"Resoluci\u00f3n 63\" href=\"upload\/6308.pdf\" target=\"_blank\" rel=\"noopener\"><img decoding=\"async\" loading=\"lazy\" title=\"\" src=\"https:\/\/isfd803-chu.infd.edu.ar\/sitio\/wp-content\/uploads\/2018\/07\/pdf_icono.jpg\" alt=\"\" width=\"44\" height=\"44\" border=\"0\" \/><\/a><span style=\"font-size: 8pt;\"><a style=\"font-family: verdana, geneva; font-size: 12pt;\" title=\"ETP-Prof_con_exp\" href=\"upload\/ETPProf_con_exp.pdf\" target=\"_blank\" rel=\"noopener\">Profesionales con Experiencia Docente en Educaci\u00f3n T\u00e9cnica\u00a0<\/a><\/span><\/span><span style=\"font-size: 8pt;\"><a title=\"Resoluci\u00f3n 63\" href=\"upload\/6308.pdf\" target=\"_blank\" rel=\"noopener\"><img decoding=\"async\" loading=\"lazy\" title=\"\" src=\"https:\/\/isfd803-chu.infd.edu.ar\/sitio\/wp-content\/uploads\/2018\/07\/pdf_icono.jpg\" alt=\"\" width=\"44\" height=\"44\" border=\"0\" \/><\/a><a style=\"font-family: verdana, geneva; font-size: 12pt; text-align: justify;\" title=\"ETP-Prof_sin_exp\" href=\"upload\/ETPProf_sin_exp_1.pdf\" target=\"_blank\" rel=\"noopener\">Profesionales\u00a0sin Experiencia Docente en Educaci\u00f3n T\u00e9cnica\u00a0<\/a><\/span><span style=\"font-size: 8pt;\"><a title=\"Resoluci\u00f3n 63\" href=\"upload\/6308.pdf\" target=\"_blank\" rel=\"noopener\"><img decoding=\"async\" loading=\"lazy\" title=\"\" src=\"https:\/\/isfd803-chu.infd.edu.ar\/sitio\/wp-content\/uploads\/2018\/07\/pdf_icono.jpg\" alt=\"\" width=\"44\" height=\"44\" border=\"0\" \/><\/a><a style=\"font-family: verdana, geneva; font-size: 12pt; text-align: justify;\" title=\"ETP-Tec_con_exp\" href=\"upload\/ETPTec_con_exp.pdf\" target=\"_blank\" rel=\"noopener\">Tecnicos con Experiencia Docente en Educaci\u00f3n T\u00e9cnica<\/a><\/span><br \/>\n<span style=\"font-size: 8pt;\"><a title=\"Resoluci\u00f3n 63\" href=\"upload\/6308.pdf\" target=\"_blank\" rel=\"noopener\"><img decoding=\"async\" loading=\"lazy\" title=\"\" src=\"https:\/\/isfd803-chu.infd.edu.ar\/sitio\/wp-content\/uploads\/2018\/07\/pdf_icono.jpg\" alt=\"\" width=\"44\" height=\"44\" border=\"0\" \/><\/a><a style=\"font-family: verdana, geneva; font-size: 12pt; text-align: justify;\" title=\"ETP-Tec_sin_exp\" href=\"upload\/ETPTec_sin_exp_1.pdf\" target=\"_blank\" rel=\"noopener\">Tecnicos sin Experiencia Docente en Educaci\u00f3n T\u00e9cnica y Aspirantes<\/a><\/span><\/p>\n<p>&nbsp;<\/p>\n<p>&nbsp;<\/p>\n","protected":false},"excerpt":{"rendered":"<p>Aprobada por Resoluci\u00f3n CFE N\u00ba 63\/08: \u00abART\u00cdCULO 1\u00ba.- Aprobar el plan de estudios \u00abProfesorado de educaci\u00f3n secundaria de la modalidad t\u00e9cnico profesional en concurrencia con t\u00edtulo de base\u00bb, que como Anexo I forma parte de la presente resoluci\u00f3n.\u00bb PERFIL DEL EGRESADO El Profesor en ETP es un docente con t\u00edtulo t\u00e9cnico de base de nivel &#8230; <a title=\"Profesorado de educaci\u00f3n secundaria de la modalidad T\u00e9cnico Profesional (ETP)\" class=\"read-more\" href=\"https:\/\/isfd803-chu.infd.edu.ar\/sitio\/profesorado-de-educacion-secundaria-de-la-modalidad-tecnico-profesional-etp\/\" aria-label=\"More on Profesorado de educaci\u00f3n secundaria de la modalidad T\u00e9cnico Profesional (ETP)\">[+]<\/a><\/p>\n","protected":false},"author":1315,"featured_media":0,"parent":0,"menu_order":0,"comment_status":"closed","ping_status":"closed","template":"","meta":[],"acf":[],"_links":{"self":[{"href":"https:\/\/isfd803-chu.infd.edu.ar\/sitio\/wp-json\/wp\/v2\/pages\/1324"}],"collection":[{"href":"https:\/\/isfd803-chu.infd.edu.ar\/sitio\/wp-json\/wp\/v2\/pages"}],"about":[{"href":"https:\/\/isfd803-chu.infd.edu.ar\/sitio\/wp-json\/wp\/v2\/types\/page"}],"author":[{"embeddable":true,"href":"https:\/\/isfd803-chu.infd.edu.ar\/sitio\/wp-json\/wp\/v2\/users\/1315"}],"replies":[{"embeddable":true,"href":"https:\/\/isfd803-chu.infd.edu.ar\/sitio\/wp-json\/wp\/v2\/comments?post=1324"}],"version-history":[{"count":2,"href":"https:\/\/isfd803-chu.infd.edu.ar\/sitio\/wp-json\/wp\/v2\/pages\/1324\/revisions"}],"predecessor-version":[{"id":3542,"href":"https:\/\/isfd803-chu.infd.edu.ar\/sitio\/wp-json\/wp\/v2\/pages\/1324\/revisions\/3542"}],"wp:attachment":[{"href":"https:\/\/isfd803-chu.infd.edu.ar\/sitio\/wp-json\/wp\/v2\/media?parent=1324"}],"curies":[{"name":"wp","href":"https:\/\/api.w.org\/{rel}","templated":true}]}}