{"id":1320,"date":"2018-07-02T19:09:27","date_gmt":"2018-07-02T22:09:27","guid":{"rendered":"https:\/\/isfd803-chu.infd.edu.ar\/sitio\/profesorado-de-formacion-etica-y-ciudadana\/"},"modified":"2018-11-17T11:28:10","modified_gmt":"2018-11-17T14:28:10","slug":"profesorado-de-formacion-etica-y-ciudadana","status":"publish","type":"page","link":"https:\/\/isfd803-chu.infd.edu.ar\/sitio\/profesorado-de-formacion-etica-y-ciudadana\/","title":{"rendered":"Profesorado de Formaci\u00f3n \u00c9tica y Ciudadana"},"content":{"rendered":"<p><img decoding=\"async\" loading=\"lazy\" class=\"alignnone size-full wp-image-3508\" src=\"https:\/\/isfd803-chu.infd.edu.ar\/sitio\/wp-content\/uploads\/2018\/11\/Pink-Brush-Strokes-Beauty-Cosmetics-Facebook-Cover-24.jpg\" alt=\"\" width=\"828\" height=\"315\" srcset=\"https:\/\/isfd803-chu.infd.edu.ar\/sitio\/wp-content\/uploads\/2018\/11\/Pink-Brush-Strokes-Beauty-Cosmetics-Facebook-Cover-24.jpg 828w, https:\/\/isfd803-chu.infd.edu.ar\/sitio\/wp-content\/uploads\/2018\/11\/Pink-Brush-Strokes-Beauty-Cosmetics-Facebook-Cover-24-768x292.jpg 768w\" sizes=\"(max-width: 828px) 100vw, 828px\" \/><\/p>\n<h1><span style=\"color: #ff6600;\">INCUMBENCIAS PROFESIONALES<\/span><\/h1>\n<p style=\"text-align: justify;\"><span style=\"font-size: 12pt;\">Habilita al egresado para desempe\u00f1arse como docente de Formaci\u00f3n \u00c9tica y Ciudadana en el tercer ciclo de EGB y polimodal en establecimientos de Gesti\u00f3n p\u00fablica y privada.<\/span><\/p>\n<h1><span style=\"color: #ff6600;\">PERFIL DEL EGRESADO<\/span><\/h1>\n<p style=\"text-align: justify;\"><span style=\"font-size: 12pt;\">El docente al concluir su formaci\u00f3n deber\u00e1:<\/span><\/p>\n<ul style=\"text-align: justify;\">\n<li><span style=\"font-size: 12pt;\">Comprender los fundamentos \u00e9ticos , jur\u00eddicos y pol\u00edticos de las pr\u00e1cticas pol\u00edticas actuales de la sociedad argentina y latinoam\u00e9ricana en el contexto mundial.<\/span><\/li>\n<li><span style=\"font-size: 12pt;\">Conocer el campo de la Formaci\u00f3n \u00c9tica y Ciudadana para poder realizar transposiciones did\u00e1cticas, contemplando los fundamentos epistemol\u00f3gicos de la \u00c9tica, las Ciencias jur\u00eddicas y las Ciencias pol\u00edticas.<\/span><\/li>\n<li><span style=\"font-size: 12pt;\">Conocer, analizar cr\u00edticamente los contenidos y espectativas de logro propuestos en los dise\u00f1os curriculares jurisdiccionales para el tercer ciclo de EGB y polimodal atendiendo a la diversidad e interculturalidad en todas sus manifestaciones.<\/span><\/li>\n<li><span style=\"font-size: 12pt;\">Construir modelos pedag\u00f3gicos que gu\u00eden la pr\u00e1ctica docente en el \u00e1rea de FEyC en el tercer ciclo y polimodal baado en los derechos universales y en el<\/span><\/li>\n<li><span style=\"font-size: 12pt;\">Dise\u00f1ar , desarrollar y evaluar propuestas de ense\u00f1anza para el \u00e1rea de FEyC en el tercer ciclo y polimodal atendiendo a las caracter\u00edsticas de l sujeto a las que est\u00e1 dirigido, contemplando y favoreciendo procesos grupales que se enriquezcan desde la diversidad.<\/span><\/li>\n<li><span style=\"font-size: 12pt;\">Desarrollar competencias para el trabajo en equipo.<\/span><\/li>\n<\/ul>\n<h1><span style=\"color: #ff6600;\">MAPA CURRICULAR<\/span><\/h1>\n<p><strong><em><span style=\"font-family: verdana,geneva; font-size: 10pt;\"><img decoding=\"async\" loading=\"lazy\" title=\"pofesorado de FEyC\" src=\"https:\/\/isfd803-chu.infd.edu.ar\/sitio\/wp-content\/uploads\/2018\/07\/mapa_curricular_FEyC.jpg\" alt=\"pofesorado de FEyC\" width=\"884\" height=\"830\" border=\"0\" \/><br \/>\n<\/span><\/em><\/strong><\/p>\n","protected":false},"excerpt":{"rendered":"<p>INCUMBENCIAS PROFESIONALES Habilita al egresado para desempe\u00f1arse como docente de Formaci\u00f3n \u00c9tica y Ciudadana en el tercer ciclo de EGB y polimodal en establecimientos de Gesti\u00f3n p\u00fablica y privada. PERFIL DEL EGRESADO El docente al concluir su formaci\u00f3n deber\u00e1: Comprender los fundamentos \u00e9ticos , jur\u00eddicos y pol\u00edticos de las pr\u00e1cticas pol\u00edticas actuales de la sociedad &#8230; <a title=\"Profesorado de Formaci\u00f3n \u00c9tica y Ciudadana\" class=\"read-more\" href=\"https:\/\/isfd803-chu.infd.edu.ar\/sitio\/profesorado-de-formacion-etica-y-ciudadana\/\" aria-label=\"More on Profesorado de Formaci\u00f3n \u00c9tica y Ciudadana\">[+]<\/a><\/p>\n","protected":false},"author":1315,"featured_media":0,"parent":0,"menu_order":0,"comment_status":"closed","ping_status":"closed","template":"","meta":[],"acf":[],"_links":{"self":[{"href":"https:\/\/isfd803-chu.infd.edu.ar\/sitio\/wp-json\/wp\/v2\/pages\/1320"}],"collection":[{"href":"https:\/\/isfd803-chu.infd.edu.ar\/sitio\/wp-json\/wp\/v2\/pages"}],"about":[{"href":"https:\/\/isfd803-chu.infd.edu.ar\/sitio\/wp-json\/wp\/v2\/types\/page"}],"author":[{"embeddable":true,"href":"https:\/\/isfd803-chu.infd.edu.ar\/sitio\/wp-json\/wp\/v2\/users\/1315"}],"replies":[{"embeddable":true,"href":"https:\/\/isfd803-chu.infd.edu.ar\/sitio\/wp-json\/wp\/v2\/comments?post=1320"}],"version-history":[{"count":2,"href":"https:\/\/isfd803-chu.infd.edu.ar\/sitio\/wp-json\/wp\/v2\/pages\/1320\/revisions"}],"predecessor-version":[{"id":3540,"href":"https:\/\/isfd803-chu.infd.edu.ar\/sitio\/wp-json\/wp\/v2\/pages\/1320\/revisions\/3540"}],"wp:attachment":[{"href":"https:\/\/isfd803-chu.infd.edu.ar\/sitio\/wp-json\/wp\/v2\/media?parent=1320"}],"curies":[{"name":"wp","href":"https:\/\/api.w.org\/{rel}","templated":true}]}}