{"id":1316,"date":"2018-07-02T19:09:26","date_gmt":"2018-07-02T22:09:26","guid":{"rendered":"https:\/\/isfd803-chu.infd.edu.ar\/sitio\/profesorado-de-educacion-primaria-res-310-14-cohorte-2015\/"},"modified":"2024-08-26T09:49:03","modified_gmt":"2024-08-26T12:49:03","slug":"profesorado-de-educacion-primaria-res-310-14-cohorte-2015","status":"publish","type":"page","link":"https:\/\/isfd803-chu.infd.edu.ar\/sitio\/profesorado-de-educacion-primaria-res-310-14-cohorte-2015\/","title":{"rendered":"Profesorado de Educaci\u00f3n Primaria (Res 310\/14)"},"content":{"rendered":"\n<h1 class=\"wp-block-heading\"><span style=\"color: #ff6600;\">DOCUMENTOS<\/span><\/h1>\n\n\n\n<p><span style=\"font-size: 12pt;\"><a title=\"DC Primaria\" href=\"upload\/Profesorado_de_Educaci%F3n_Primaria.pdf\" target=\"_blank\" rel=\"noopener\"><img decoding=\"async\" loading=\"lazy\" title=\"\" src=\"https:\/\/isfd803-chu.infd.edu.ar\/sitio\/wp-content\/uploads\/2018\/07\/pdf_icono.jpg\" alt=\"\" width=\"53\" height=\"53\" border=\"0\">Dise\u00f1o Curricular Jurisdiccional <\/a><\/span><span style=\"font-size: 12pt;\"><img decoding=\"async\" loading=\"lazy\" title=\"\" src=\"https:\/\/isfd803-chu.infd.edu.ar\/sitio\/wp-content\/uploads\/2018\/07\/pdf_icono.jpg\" alt=\"\" width=\"53\" height=\"53\" border=\"0\"><a title=\"RES Primaria\" href=\"upload\/Res._310-14_Primaria.pdf\" target=\"_blank\" rel=\"noopener\">Res. 310\/14 Primaria&nbsp;&nbsp;<\/a><\/span><a title=\"Mapa Primaria 310\" href=\"upload\/Mapa_Primaria_310.pdf\" target=\"_blank\" rel=\"noopener\"><img decoding=\"async\" loading=\"lazy\" title=\"\" src=\"https:\/\/isfd803-chu.infd.edu.ar\/sitio\/wp-content\/uploads\/2018\/07\/pdf_icono.jpg\" alt=\"\" width=\"53\" height=\"53\" border=\"0\"><span style=\"font-size: 12pt;\">Estructura Curricular &#8211; Plan de Estudios<\/span><\/a><\/p>\n\n\n\n<p><a title=\"Mapa Primaria 310\" href=\"https:\/\/isfd803-chu.infd.edu.ar\/sitio\/wp-content\/uploads\/2019\/05\/Correlativas.pdf\" target=\"_blank\" rel=\"noopener\"><img decoding=\"async\" loading=\"lazy\" title=\"\" src=\"https:\/\/isfd803-chu.infd.edu.ar\/sitio\/wp-content\/uploads\/2018\/07\/pdf_icono.jpg\" alt=\"\" width=\"53\" height=\"53\" border=\"0\"><\/a><a title=\"RES Primaria\" href=\"https:\/\/isfd803-chu.infd.edu.ar\/sitio\/wp-content\/uploads\/2019\/05\/Correlativas-Primaria-310_14.pdf\" target=\"_blank\" rel=\"noopener\">Correlativas&nbsp;<\/a><\/p>\n\n\n\n<h1 class=\"wp-block-heading\"><span style=\"color: #ff6600;\">PROGRAMAS<\/span><\/h1>\n\n\n\n<figure class=\"wp-block-table aligncenter\"><table><tbody><tr><td><strong>PRIMER&nbsp; A\u00d1O<\/strong><\/td><\/tr><tr><td>Lectura y Escritura Acad\u00e9mica<\/td><td><a href=\"https:\/\/isfd803-chu.infd.edu.ar\/sitio\/wp-content\/uploads\/2018\/11\/Lectura-y-Escritura_Primaria2018.pdf\">2018<\/a>, <a href=\"https:\/\/isfd803-chu.infd.edu.ar\/sitio\/wp-content\/uploads\/2019\/03\/LyEA-Primaria.doc\">2019<\/a><\/td><\/tr><tr><td>Psicolog\u00eda Educacional<\/td><td><a href=\"https:\/\/isfd803-chu.infd.edu.ar\/sitio\/wp-content\/uploads\/2019\/03\/propuesta-PSICOLOGIA-EDUCACIONAL-2019.doc\">2019<\/a>&nbsp;&#8211; <a href=\"https:\/\/isfd803-chu.infd.edu.ar\/sitio\/wp-content\/uploads\/2021\/06\/Programa-de-Elisa-2020-Primaria.pdf\">2020<\/a><\/td><\/tr><tr><td>Pedagog\u00eda<\/td><td><a href=\"https:\/\/isfd803-chu.infd.edu.ar\/sitio\/wp-content\/uploads\/2018\/11\/Pedagogia_Primaria2018.pdf\">2018, <\/a><a href=\"https:\/\/isfd803-chu.infd.edu.ar\/sitio\/wp-content\/uploads\/2019\/04\/Programas-PEDAGOGIA-2019.doc\">2019<\/a><\/td><\/tr><tr><td>Did\u00e1ctica General<\/td><td><a href=\"https:\/\/isfd803-chu.infd.edu.ar\/sitio\/wp-content\/uploads\/2018\/11\/Didactica_Primaria2018.pdf\">2018, <\/a><a href=\"https:\/\/isfd803-chu.infd.edu.ar\/sitio\/wp-content\/uploads\/2019\/03\/Progrma-Didactica-General-2019.-803.docx\">2019&nbsp;<\/a><\/td><\/tr><tr><td>Matem\u00e1tica<\/td><td>&nbsp;<\/td><\/tr><tr><td>Lengua y Literatura<\/td><td><a href=\"https:\/\/isfd803-chu.infd.edu.ar\/sitio\/wp-content\/uploads\/2018\/11\/Lengua-y-Literatura_Primaria-2018.pdf\">2018, <\/a><a href=\"https:\/\/isfd803-chu.infd.edu.ar\/sitio\/wp-content\/uploads\/2019\/03\/Programa-Lengua-y-Literatura-2019.docx\">2019<\/a><\/td><\/tr><tr><td>Ciencias Naturales<\/td><td><a href=\"https:\/\/isfd803-chu.infd.edu.ar\/sitio\/wp-content\/uploads\/2018\/11\/Ciencias-Naturales_Primaria2018.pdf\">2018,<\/a>&nbsp; <a href=\"https:\/\/isfd803-chu.infd.edu.ar\/sitio\/wp-content\/uploads\/2019\/03\/programa-2019-cs-naturales.docx\">2019<\/a>, <a href=\"https:\/\/isfd803-chu.infd.edu.ar\/sitio\/wp-content\/uploads\/2021\/06\/Copia-de-Ciencias-naturales-programa-y-contrato-2021-1.pdf\">2021<\/a><\/td><\/tr><tr><td>Ciencias Sociales<\/td><td><a href=\"https:\/\/isfd803-chu.infd.edu.ar\/sitio\/wp-content\/uploads\/2018\/12\/PROGRAMA-Ciencias-Sociales-1\u00b0-a\u00f1o-2018.pdf\">2018,<\/a><a href=\"https:\/\/isfd803-chu.infd.edu.ar\/sitio\/wp-content\/uploads\/2019\/04\/Programa-1\u00b0a\u00f1o-Primaria-2019.pdf\"> 2019<\/a><\/td><\/tr><tr><td>Educaci\u00f3n Tecnol\u00f3gica<\/td><td><a href=\"https:\/\/isfd803-chu.infd.edu.ar\/sitio\/wp-content\/uploads\/2018\/11\/Educacion-Tecnologica_Primaria2018-1.pdf\">2018, <\/a><a href=\"https:\/\/isfd803-chu.infd.edu.ar\/sitio\/wp-content\/uploads\/2019\/03\/Programa-Educaci\u00f3n-Tecnol\u00f3gica-1\u00b0-A\u00f1o-2019.doc\">2019<\/a><\/td><\/tr><tr><td>Pr\u00e1ctica Prof. Docente I<\/td><td><a href=\"https:\/\/isfd803-chu.infd.edu.ar\/sitio\/wp-content\/uploads\/2019\/05\/Programa-PPD1-2019.doc\">2019<\/a><\/td><\/tr><tr><td>&nbsp;<\/td><td>&nbsp;<\/td><\/tr><tr><td><strong>SEGUNDO A\u00d1O<\/strong><\/td><td>&nbsp;<\/td><\/tr><tr><td>Historia y Pol\u00edtica de la Educaci\u00f3n Argentina<\/td><td><a href=\"https:\/\/isfd803-chu.infd.edu.ar\/sitio\/wp-content\/uploads\/2019\/03\/programa-2019.doc\">2019 <\/a><a href=\"https:\/\/isfd803-chu.infd.edu.ar\/sitio\/wp-content\/uploads\/2022\/05\/programa_historia_y_politica_ed.primaria_2022.pdf\">2022<\/a> &#8211; <a href=\"https:\/\/isfd803-chu.infd.edu.ar\/sitio\/wp-content\/uploads\/2023\/09\/programa_historia_y_politica_ed.primaria_2023-1-Rosario-Luna.pdf\">2023<\/a><\/td><\/tr><tr><td>Sociolog\u00eda de la Educaci\u00f3n<\/td><td><a href=\"https:\/\/isfd803-chu.infd.edu.ar\/sitio\/wp-content\/uploads\/2018\/12\/Programa-Sociologia-Primaria-2018.pdf\">2018<\/a>, <a href=\"https:\/\/isfd803-chu.infd.edu.ar\/sitio\/wp-content\/uploads\/2019\/04\/Programa-Sociologia-Primaria-2019.pdf\">2019<\/a><\/td><\/tr><tr><td>Educaci\u00f3n Sexual Integral<\/td><td><a href=\"https:\/\/isfd803-chu.infd.edu.ar\/sitio\/wp-content\/uploads\/2019\/03\/programa-primaria-12final-1.docx\">2015,&nbsp;<\/a>&nbsp;<a href=\"https:\/\/isfd803-chu.infd.edu.ar\/sitio\/wp-content\/uploads\/2019\/05\/Programa-ESI-2018-todas.docx\">2018<\/a>&nbsp;&nbsp;<a href=\"https:\/\/isfd803-chu.infd.edu.ar\/sitio\/wp-content\/uploads\/2019\/03\/programa-primaria-12final.docx\">2019<\/a><\/td><\/tr><tr><td>Sujetos de la Educaci\u00f3n Primaria<\/td><td><a href=\"https:\/\/isfd803-chu.infd.edu.ar\/sitio\/wp-content\/uploads\/2018\/11\/Sujeto-II_Primaria2014.pdf\">2014<\/a><\/td><\/tr><tr><td>Alfabetizaci\u00f3n Inicial<\/td><td><a href=\"https:\/\/isfd803-chu.infd.edu.ar\/sitio\/wp-content\/uploads\/2018\/12\/ProgramaAlfabetizaci\u00f3n-Inicial-2do-Primaria-Arroyo-2018-enviado.docx\">2018,<\/a> <a href=\"https:\/\/isfd803-chu.infd.edu.ar\/sitio\/wp-content\/uploads\/2019\/03\/ProgramaAlfabetizaci\u00f3n-Inicial-2do-Primaria-Arroyo-2019.docx\">2019<\/a> &#8211; <a href=\"https:\/\/isfd803-chu.infd.edu.ar\/sitio\/wp-content\/uploads\/2023\/09\/Programa-Alfabetizacion-Inicial-2do-PNP-Alvarez-Arroyo-2023-Liliana-Arroyo.docx\">2023<\/a><\/td><\/tr><tr><td>Did\u00e1ctica de la Matem\u00e1tica del 1\u00b0 Ciclo<\/td><td>&nbsp;<\/td><\/tr><tr><td>Did\u00e1ctica de la Lengua y Literatura del 1\u00b0 Ciclo<\/td><td><a href=\"https:\/\/isfd803-chu.infd.edu.ar\/sitio\/wp-content\/uploads\/2018\/11\/Did\u00e1ctica-Lengua-y-Literatura-1er-ciclo_Primaria-2018.pdf\">2018,<\/a> <a href=\"https:\/\/isfd803-chu.infd.edu.ar\/sitio\/wp-content\/uploads\/2019\/04\/Programa-Did\u00e1ctica-de-la-LyL-de-1er-ciclo-2019.docx\">2019<\/a> &#8211; <a href=\"https:\/\/isfd803-chu.infd.edu.ar\/sitio\/wp-content\/uploads\/2023\/09\/PROGRAMA-DLYL-1er-Ciclo-2do-PNP-2023-Arroyo-Mosconi-enviado-Liliana-Arroyo.docx\">2023<\/a><\/td><\/tr><tr><td>Did\u00e1ctica de las Ciencias Naturales del 1\u00b0 Ciclo<\/td><td><a href=\"https:\/\/isfd803-chu.infd.edu.ar\/sitio\/wp-content\/uploads\/2019\/03\/PROGRAMA-DIDACTICA-2019.docx\">2018, 2019<\/a>, <a href=\"https:\/\/isfd803-chu.infd.edu.ar\/sitio\/wp-content\/uploads\/2021\/06\/Copia-de-Did\u00e0ctica-de-CN-1\u00ba-cicloPROGRAMA-Y-CONTRATO-2021.pdf\">2021 , <\/a><a href=\"https:\/\/isfd803-chu.infd.edu.ar\/sitio\/wp-content\/uploads\/2022\/05\/Didactica-de-CN-1o-cicloPROGRAMA-Y-CONTRATO-2022-DUNGER-PAGANI.docx\">2022<\/a><\/td><\/tr><tr><td>Did\u00e1ctica de las Ciencias Sociales del 1\u00b0 Ciclo<\/td><td><a href=\"https:\/\/isfd803-chu.infd.edu.ar\/sitio\/wp-content\/uploads\/2018\/12\/Programa-Ciencias-Sociales-1\u00b0-ciclo-2018.pdf\">2018, <\/a><a href=\"https:\/\/isfd803-chu.infd.edu.ar\/sitio\/wp-content\/uploads\/2019\/04\/Programa-Ciencias-Sociales-2019-2do.-A\u00f1o.pdf\">2019<\/a><\/td><\/tr><tr><td>Pr\u00e1ctica Prof. Docente II<\/td><td><a href=\"https:\/\/isfd803-chu.infd.edu.ar\/sitio\/wp-content\/uploads\/2022\/05\/Programas-2022-Practica-Profesional-Docente-II-MARTINEZ-MANOCHIO-MIERES.pdf\">2022<\/a><\/td><\/tr><tr><td>&nbsp;<\/td><td>&nbsp;<\/td><\/tr><tr><td><strong>TERCER A\u00d1O<\/strong><\/td><td>&nbsp;<\/td><\/tr><tr><td>Filosof\u00eda de la Educaci\u00f3n<\/td><td><a href=\"https:\/\/isfd803-chu.infd.edu.ar\/sitio\/wp-content\/uploads\/2018\/11\/Filosofia-de-la-Educ_Primaria2018.pdf\">2018<\/a>, <a href=\"https:\/\/isfd803-chu.infd.edu.ar\/sitio\/wp-content\/uploads\/2021\/06\/programa-filo-primaria-21.pdf\">2021,<\/a> <a href=\"https:\/\/isfd803-chu.infd.edu.ar\/sitio\/wp-content\/uploads\/2023\/08\/PROGRAMA.FILOSOFIA-DE-LA-EDUCACION.PRIMARIA-NAVARRO-LEONEL.pdf\">2023<\/a><\/td><\/tr><tr><td>Uso de la Voz<\/td><td><a href=\"https:\/\/isfd803-chu.infd.edu.ar\/sitio\/wp-content\/uploads\/2022\/05\/Uso-de-la-voz-Programa.pdf\">2021, 2022<\/a><\/td><\/tr><tr><td>Educaci\u00f3n y TIC<\/td><td>&nbsp;<\/td><\/tr><tr><td>Did\u00e1ctica de la Lengua y Literatura del 2\u00b0 Ciclo<\/td><td><a href=\"https:\/\/isfd803-chu.infd.edu.ar\/sitio\/wp-content\/uploads\/2019\/03\/programa-did\u00e1ctica-2do-ciclo-2019.docx\">2019<\/a> &nbsp;&nbsp;&nbsp;<a href=\"https:\/\/isfd803-chu.infd.edu.ar\/sitio\/wp-content\/uploads\/2023\/06\/programa-DID-LENGUA-2023-1.docx\">2023<\/a><\/td><\/tr><tr><td>Did\u00e1ctica de la Matem\u00e1tica del 2\u00b0 Ciclo<\/td><td>&nbsp;<\/td><\/tr><tr><td>Did\u00e1ctica de las Ciencias Sociales del 2\u00b0 Ciclo<\/td><td><a href=\"https:\/\/isfd803-chu.infd.edu.ar\/sitio\/wp-content\/uploads\/2018\/12\/Programa-Ciencias-Sociales-2\u00b0-ciclo-2018.pdf\">2018<\/a> &#8211; <a style=\"font-size: revert; text-align: center; font-family: inherit; font-weight: inherit;\" href=\"https:\/\/isfd803-chu.infd.edu.ar\/sitio\/wp-content\/uploads\/2022\/05\/Programa-Didactica-Sociales-2022.docx.pdf\">2022<\/a><span style=\"font-size: revert; text-align: center; font-family: inherit; font-weight: inherit;\"> &#8211; <\/span><a style=\"font-size: revert; text-align: center; font-family: inherit; font-weight: inherit;\" href=\"https:\/\/isfd803-chu.infd.edu.ar\/sitio\/wp-content\/uploads\/2023\/09\/PROGRAMA-DIDACTICA-DE-LAS-CS-SOCIALES-PARA-EL-2DO-CICLO-MARCELA-ZELASCHI-Y-ROSARIO-LUNA-Rosario-Luna.pdf\">2023<\/a> <\/td><\/tr><tr><td>Did\u00e1ctica de las Ciencias Naturales del 2\u00b0 Ciclo<\/td><td>&nbsp;<\/td><\/tr><tr><td>Problem\u00e1ticas de la Educaci\u00f3n Primaria<\/td><td><a href=\"https:\/\/isfd803-chu.infd.edu.ar\/sitio\/wp-content\/uploads\/2018\/11\/Problematicas-primaria_Primaria2014.pdf\">2014<\/a> <\/td><\/tr><tr><td>Juego y Expresi\u00f3n Corporal<\/td><td>&nbsp;<\/td><\/tr><tr><td>Did\u00e1ctica de la Educaci\u00f3n Tecnol\u00f3gica<\/td><td><a href=\"https:\/\/isfd803-chu.infd.edu.ar\/sitio\/wp-content\/uploads\/2018\/11\/Didact-Edu-Tec_Primaria2018.pdf\">2018, <\/a><a href=\"https:\/\/isfd803-chu.infd.edu.ar\/sitio\/wp-content\/uploads\/2019\/03\/Programa-2019-3\u00b0-a\u00f1o.docx\">2019\u00a0<\/a>&#8211; <a style=\"font-size: revert; text-align: center; font-family: inherit; font-weight: inherit;\" href=\"https:\/\/isfd803-chu.infd.edu.ar\/sitio\/wp-content\/uploads\/2022\/05\/Programa-2022-Didactica-de-la-Ed.-Tecnologica-ALBARRACIN-MIERES.pdf\">2022<\/a> &#8211; <a href=\"https:\/\/isfd803-chu.infd.edu.ar\/sitio\/wp-content\/uploads\/2024\/08\/PEP-Did.-de-la-Ed.-Tecnologica-Flores-Ferraggine-Gisell-Ferraggine.doc\">2024<\/a> <\/td><\/tr><tr><td>Pr\u00e1ctica Prof. Docente III y Residencia<\/td><td><a href=\"https:\/\/isfd803-chu.infd.edu.ar\/sitio\/wp-content\/uploads\/2023\/08\/programa-PRACTICA-III-2023-primaria-Erica-Arganin.docx\">2023<\/a><\/td><\/tr><tr><td>&nbsp;<\/td><td>&nbsp;<\/td><\/tr><tr><td><strong>CUARTO A\u00d1O<\/strong><\/td><td>&nbsp;<\/td><\/tr><tr><td>Sistematizaci\u00f3n de Experiencias Pedag\u00f3gicas<\/td><td><a href=\"https:\/\/isfd803-chu.infd.edu.ar\/sitio\/wp-content\/uploads\/2019\/04\/Sistematizacion.docx\">2019, <\/a><a style=\"font-size: revert; font-family: inherit; font-weight: inherit;\" href=\"https:\/\/isfd803-chu.infd.edu.ar\/sitio\/wp-content\/uploads\/2021\/05\/Ciclo-Lectivo-2021-Sistematizaci\u00f3n-De-Experiencias-Programa-De-C\u00e1tedra-.pdf\">2021<\/a><\/td><\/tr><tr><td>Derechos Humanos y Ciudadan\u00eda<\/td><td>&nbsp;<\/td><\/tr><tr><td>Unidad de Definici\u00f3n Institucional CFG<\/td><td>&nbsp;<\/td><\/tr><tr><td>Lenguajes Art\u00edsticos<\/td><td><a href=\"https:\/\/isfd803-chu.infd.edu.ar\/sitio\/wp-content\/uploads\/2018\/11\/Lenguajes-artisticos_primaria2018.pdf\">2018,<\/a> <a href=\"https:\/\/isfd803-chu.infd.edu.ar\/sitio\/wp-content\/uploads\/2019\/03\/Programas-primaria2019.doc\">2019, <\/a><a style=\"font-size: revert; font-family: inherit; font-weight: inherit;\" href=\"https:\/\/isfd803-chu.infd.edu.ar\/sitio\/wp-content\/uploads\/2022\/05\/LENGUAJES-ARTISTICOS-2022-MASCARELL-VERSACE.pdf\">2022<\/a><\/td><\/tr><tr><td>Literatura<\/td><td>&nbsp;<a href=\"https:\/\/isfd803-chu.infd.edu.ar\/sitio\/wp-content\/uploads\/2024\/08\/Literatura2023_2024_Prof.Educ_.Primaria_FernandezLuz-Luz-Fernandez.pdf\">2023, 2024<\/a><\/td><\/tr><tr><td>Construcci\u00f3n Ciudadana y su Ense\u00f1anza<\/td><td><a href=\"https:\/\/isfd803-chu.infd.edu.ar\/sitio\/wp-content\/uploads\/2022\/09\/Construccion-Ciudadana-Ano-2022-Primaria.pdf\">2022<\/a> &#8211; 2023<\/td><\/tr><tr><td>Pr\u00e1ctica Prof. Docente IV<\/td><td><a href=\"https:\/\/isfd803-chu.infd.edu.ar\/sitio\/wp-content\/uploads\/2018\/11\/Practica-IV_Primaria2018.pdf\">2018<\/a><\/td><\/tr><\/tbody><\/table><\/figure>\n\n\n\n<!--more-->\n","protected":false},"excerpt":{"rendered":"<p>DOCUMENTOS Dise\u00f1o Curricular Jurisdiccional Res. 310\/14 Primaria&nbsp;&nbsp;Estructura Curricular &#8211; Plan de Estudios Correlativas&nbsp; PROGRAMAS PRIMER&nbsp; A\u00d1O Lectura y Escritura Acad\u00e9mica 2018, 2019 Psicolog\u00eda Educacional 2019&nbsp;&#8211; 2020 Pedagog\u00eda 2018, 2019 Did\u00e1ctica General 2018, 2019&nbsp; Matem\u00e1tica &nbsp; Lengua y Literatura 2018, 2019 Ciencias Naturales 2018,&nbsp; 2019, 2021 Ciencias Sociales 2018, 2019 Educaci\u00f3n Tecnol\u00f3gica 2018, 2019 Pr\u00e1ctica Prof. &#8230; <a title=\"Profesorado de Educaci\u00f3n Primaria (Res 310\/14)\" class=\"read-more\" href=\"https:\/\/isfd803-chu.infd.edu.ar\/sitio\/profesorado-de-educacion-primaria-res-310-14-cohorte-2015\/\" aria-label=\"More on Profesorado de Educaci\u00f3n Primaria (Res 310\/14)\">[+]<\/a><\/p>\n","protected":false},"author":1315,"featured_media":0,"parent":0,"menu_order":0,"comment_status":"closed","ping_status":"closed","template":"","meta":[],"acf":[],"_links":{"self":[{"href":"https:\/\/isfd803-chu.infd.edu.ar\/sitio\/wp-json\/wp\/v2\/pages\/1316"}],"collection":[{"href":"https:\/\/isfd803-chu.infd.edu.ar\/sitio\/wp-json\/wp\/v2\/pages"}],"about":[{"href":"https:\/\/isfd803-chu.infd.edu.ar\/sitio\/wp-json\/wp\/v2\/types\/page"}],"author":[{"embeddable":true,"href":"https:\/\/isfd803-chu.infd.edu.ar\/sitio\/wp-json\/wp\/v2\/users\/1315"}],"replies":[{"embeddable":true,"href":"https:\/\/isfd803-chu.infd.edu.ar\/sitio\/wp-json\/wp\/v2\/comments?post=1316"}],"version-history":[{"count":113,"href":"https:\/\/isfd803-chu.infd.edu.ar\/sitio\/wp-json\/wp\/v2\/pages\/1316\/revisions"}],"predecessor-version":[{"id":9814,"href":"https:\/\/isfd803-chu.infd.edu.ar\/sitio\/wp-json\/wp\/v2\/pages\/1316\/revisions\/9814"}],"wp:attachment":[{"href":"https:\/\/isfd803-chu.infd.edu.ar\/sitio\/wp-json\/wp\/v2\/media?parent=1316"}],"curies":[{"name":"wp","href":"https:\/\/api.w.org\/{rel}","templated":true}]}}