{"id":1297,"date":"2018-07-10T12:50:09","date_gmt":"2018-07-10T15:50:09","guid":{"rendered":"https:\/\/isfd803-chu.infd.edu.ar\/sitio\/?page_id=1297"},"modified":"2018-08-15T08:46:45","modified_gmt":"2018-08-15T11:46:45","slug":"noticias","status":"publish","type":"page","link":"https:\/\/isfd803-chu.infd.edu.ar\/sitio\/noticias\/","title":{"rendered":"PREGUNTAS FRECUENTES DEL PROGRAMA CONECTAR IGUALDAD"},"content":{"rendered":"<p><span style=\"font-size: 14pt;\">PREGUNTAS FRECUENTES DEL PROGRAMA:<\/span><\/p>\n<h3><span style=\"color: #008000;\">1. \u00bfQui\u00e9nes reciben las netbooks?<\/span><\/h3>\n<p>Alumnas, alumnos de escuelas secundarias p\u00fablicas, de educaci\u00f3n especial y de institutos de formaci\u00f3n docente de todo el pa\u00eds.<\/p>\n<h3><span style=\"color: #008000;\">2. \u00bfLos alumnos que egresan de los Institutos de Formaci\u00f3n Docente se quedan con las netbooks?<\/span><\/h3>\n<p><span style=\"color: #ff0000;\">NO<span style=\"color: #000000;\">,<\/span><\/span> de acuerdo con el Decreto 76\/2011, la cesi\u00f3n definitiva de las computadoras provistas por el Programa Conectar Igualdad se otorga solamente a los alumnos que egresen de las escuelas secundarias de gesti\u00f3n p\u00fablica; siempre y cuando no adeuden materias al 1\u00ba de marzo del a\u00f1o siguiente al fin de la cursada.<\/p>\n<h3><span style=\"color: #008000;\">3. \u00bfTodas las orientaciones o carreras de los Institutos Superiores de Formaci\u00f3n Docente recibir\u00e1n las netbooks?<\/span><\/h3>\n<p>En tanto el Programa Conectar Igualdad est\u00e1 orientado a la revalorizaci\u00f3n de la escuela secundaria p\u00fablica, los equipos ser\u00e1n asignados a las orientaciones que se vinculen con esta instancia espec\u00edfica de aprendizaje. En tal sentido, las netbooks ser\u00e1n destinadas a carreras de formaci\u00f3n docente focalizadas en la ense\u00f1anza media.<\/p>\n<h3><span style=\"color: #008000;\">4. \u00bfEl Programa Conectar Igualdad ofrece Capacitaci\u00f3n Docente?<\/span><\/h3>\n<p>El Programa Conectar Igualdad, a trav\u00e9s del Portal Educ.ar y el Ministerio de Educaci\u00f3n de la Naci\u00f3n, brinda una oferta de diversas iniciativas de capacitaci\u00f3n docente a trav\u00e9s de sus plataformas virtuales (Para m\u00e1s informaci\u00f3n, ingresa a <a href=\"http:\/\/www.conectarigualdad.gob.ar\/noticias\/capacitacion-docente\/\">www.conectarigualdad.gob.ar\/noticias\/capacitacion-docente\/<\/a>). Por su parte, en virtud de los acuerdos establecidos en el seno del Consejo Federal de Educaci\u00f3n, cada uno de los Ministerios Provinciales ha puesto en marcha programas de capacitaci\u00f3n presencial con los que se cubrir\u00e1 todo el territorio del pa\u00eds; acompa\u00f1\u00e1ndose la implementaci\u00f3n de Conectar Igualdad.<\/p>\n<p><img decoding=\"async\" loading=\"lazy\" src=\"http:\/\/www.graphics-4free.com\/bar2pink.gif\" width=\"498\" height=\"34\" border=\"0\" \/><\/p>\n<p><span style=\"font-size: 14pt;\"><strong>NOTICIAS CAPACITACI\u00d3N DOCENTE<\/strong><\/span><\/p>\n<div class=\"entry-content\">\n<p>Una propuesta de actualizaci\u00f3n docente para acercarse el mundo de las TIC y aprovechar al m\u00e1ximo la inclusi\u00f3n de las tecnolog\u00edas en las escuelas.<\/p>\n<p>M\u00e1s de 30 cursos de e-learning, autoasistidos y moderados de cinco semanas de duraci\u00f3n. Algunos de los cursos que ofrecemos bajo esta modalidad son:<\/p>\n<ul>\n<li>Alfabetizaci\u00f3n digital<\/li>\n<li>Construyendo bicentenarios<\/li>\n<li>Filosof\u00eda para docentes<\/li>\n<li>Gesti\u00f3n del conocimiento<\/li>\n<li>Proyectos colaborativos con TIC<\/li>\n<li>Proyectos institucionales con TIC<\/li>\n<li>TIC y espacios curriculares<\/li>\n<li>TIC y medios masivos<\/li>\n<li>Aplicaciones de ofim\u00e1tica<\/li>\n<li>Producci\u00f3n de contenidos digitales<\/li>\n<\/ul>\n<p>Las inscripciones son gratuitas y abren cada dos meses<\/p>\n<p>\u00a1Conoc\u00e9 la Oferta completa en\u00a0<a class=\"broken_link\" style=\"color: #00657e;\" href=\"http:\/\/portal.educ.ar\/capacitacion\" target=\"_blank\" rel=\"noopener\">http:\/\/portal.educ.ar\/capacitacion e inscribite ya!<\/a><\/p>\n<p>La OEI dise\u00f1\u00f3 y puso a disposici\u00f3n de todos los docentes de Ense\u00f1anza Secundaria el curso b\u00e1sico para capacitaci\u00f3n docente en TIC, orientado hacia la implementaci\u00f3n del Modelo 1 a 1. Una propuesta dirigida a que los docentes adquieran o refuercen ideas y pr\u00e1cticas que les resulten r\u00e1pidamente provechosas en la tarea docente con este nuevo escenario de saturaci\u00f3n tecnol\u00f3gica.<\/p>\n<p>Para acceder a m\u00e1s\u00a0detalles cliquear en\u00a0<a style=\"color: #00657e;\" href=\"http:\/\/conectarigualdad.educativa.com\/sitio\/\" target=\"_blank\" rel=\"noopener\">Capacitaci\u00f3n virtual para profesores<\/a>.<\/p>\n<\/div>\n<div class=\"entry-content\">\n<hr style=\"width: 1px;\" width=\"1\" \/>\n<\/div>\n","protected":false},"excerpt":{"rendered":"<p>PREGUNTAS FRECUENTES DEL PROGRAMA: 1. \u00bfQui\u00e9nes reciben las netbooks? Alumnas, alumnos de escuelas secundarias p\u00fablicas, de educaci\u00f3n especial y de institutos de formaci\u00f3n docente de todo el pa\u00eds. 2. \u00bfLos alumnos que egresan de los Institutos de Formaci\u00f3n Docente se quedan con las netbooks? NO, de acuerdo con el Decreto 76\/2011, la cesi\u00f3n definitiva de &#8230; <a title=\"PREGUNTAS FRECUENTES DEL PROGRAMA CONECTAR IGUALDAD\" class=\"read-more\" href=\"https:\/\/isfd803-chu.infd.edu.ar\/sitio\/noticias\/\" aria-label=\"More on PREGUNTAS FRECUENTES DEL PROGRAMA CONECTAR IGUALDAD\">[+]<\/a><\/p>\n","protected":false},"author":1315,"featured_media":0,"parent":0,"menu_order":0,"comment_status":"closed","ping_status":"closed","template":"","meta":[],"acf":[],"_links":{"self":[{"href":"https:\/\/isfd803-chu.infd.edu.ar\/sitio\/wp-json\/wp\/v2\/pages\/1297"}],"collection":[{"href":"https:\/\/isfd803-chu.infd.edu.ar\/sitio\/wp-json\/wp\/v2\/pages"}],"about":[{"href":"https:\/\/isfd803-chu.infd.edu.ar\/sitio\/wp-json\/wp\/v2\/types\/page"}],"author":[{"embeddable":true,"href":"https:\/\/isfd803-chu.infd.edu.ar\/sitio\/wp-json\/wp\/v2\/users\/1315"}],"replies":[{"embeddable":true,"href":"https:\/\/isfd803-chu.infd.edu.ar\/sitio\/wp-json\/wp\/v2\/comments?post=1297"}],"version-history":[{"count":2,"href":"https:\/\/isfd803-chu.infd.edu.ar\/sitio\/wp-json\/wp\/v2\/pages\/1297\/revisions"}],"predecessor-version":[{"id":2513,"href":"https:\/\/isfd803-chu.infd.edu.ar\/sitio\/wp-json\/wp\/v2\/pages\/1297\/revisions\/2513"}],"wp:attachment":[{"href":"https:\/\/isfd803-chu.infd.edu.ar\/sitio\/wp-json\/wp\/v2\/media?parent=1297"}],"curies":[{"name":"wp","href":"https:\/\/api.w.org\/{rel}","templated":true}]}}