{"id":1292,"date":"2018-07-02T19:09:15","date_gmt":"2018-07-02T22:09:15","guid":{"rendered":"https:\/\/isfd803-chu.infd.edu.ar\/sitio\/historia\/"},"modified":"2022-10-25T21:42:36","modified_gmt":"2022-10-26T00:42:36","slug":"historia","status":"publish","type":"page","link":"https:\/\/isfd803-chu.infd.edu.ar\/sitio\/historia\/","title":{"rendered":"Historia"},"content":{"rendered":"<h2 style=\"text-align: center;\"><span style=\"font-size: 18pt; font-family: arial,helvetica,sans-serif;\">INSTITUTO SUPERIOR DE FORMACION DOCENTE N\u00ba 803 &#8211; PUERTO MADRYN<\/span><\/h2>\n<p style=\"text-align: justify;\"><span style=\"font-family: verdana,geneva;\">Fue creado el 6 de mayo de 1983 por las autoridades educativas provinciales. Constituye en la actualidad una Instituci\u00f3n de Educaci\u00f3n Superior, de gesti\u00f3n estatal, validada por la Provincia del Chubut e inscripta en el Registro Federal de Instituciones y Ofertas de Formaci\u00f3n Docente (Ley de Educaci\u00f3n Nacional N\u00ba 26.206).<\/span><\/p>\n<p style=\"text-align: justify;\">Sus funciones son:<\/p>\n<ul style=\"text-align: justify;\">\n<li>Formar<\/li>\n<li>Capacitar<\/li>\n<li>Investigar<\/li>\n<li>Asesorar a las escuelas<\/li>\n<\/ul>\n<p style=\"text-align: justify;\">Sus objetivos son:<\/p>\n<ul>\n<li style=\"text-align: justify;\">Promover la formaci\u00f3n inicial y continua de docentes profesionales como aporte al sistema educativo en su conjunto.<\/li>\n<li style=\"text-align: justify;\">Acompa\u00f1ar el acceso a los estudios superiores recuperando la formaci\u00f3n como trayectoria subjetiva e institucional.<\/li>\n<li style=\"text-align: justify;\">Promover la investigaci\u00f3n educativa, como herramienta de mejora de las pr\u00e1cticas educativas a nivel \u00e1ulico, institucional y del sistema.<\/li>\n<li style=\"text-align: justify;\">Brindar asesoramiento pedag\u00f3gico a las instituciones de la comunidad.<\/li>\n<li style=\"text-align: justify;\">Favorecer la producci\u00f3n de materiales pedag\u00f3gicos y did\u00e1cticos para la ense\u00f1anza.<\/li>\n<li style=\"text-align: justify;\">Colaborar con la transferencia de saberes y pr\u00e1cticas entre el sistema formador y los distintos niveles del sistema educativo.<\/li>\n<li>Difundir todas aquellas actividades acad\u00e9micas relacionadas con la formaci\u00f3n docente, con la voluntad de servicio y cooperaci\u00f3n.<\/li>\n<\/ul>\n","protected":false},"excerpt":{"rendered":"<p>INSTITUTO SUPERIOR DE FORMACION DOCENTE N\u00ba 803 &#8211; PUERTO MADRYN Fue creado el 6 de mayo de 1983 por las autoridades educativas provinciales. Constituye en la actualidad una Instituci\u00f3n de Educaci\u00f3n Superior, de gesti\u00f3n estatal, validada por la Provincia del Chubut e inscripta en el Registro Federal de Instituciones y Ofertas de Formaci\u00f3n Docente (Ley &#8230; <a title=\"Historia\" class=\"read-more\" href=\"https:\/\/isfd803-chu.infd.edu.ar\/sitio\/historia\/\" aria-label=\"More on Historia\">[+]<\/a><\/p>\n","protected":false},"author":1315,"featured_media":0,"parent":0,"menu_order":0,"comment_status":"closed","ping_status":"closed","template":"","meta":[],"acf":[],"_links":{"self":[{"href":"https:\/\/isfd803-chu.infd.edu.ar\/sitio\/wp-json\/wp\/v2\/pages\/1292"}],"collection":[{"href":"https:\/\/isfd803-chu.infd.edu.ar\/sitio\/wp-json\/wp\/v2\/pages"}],"about":[{"href":"https:\/\/isfd803-chu.infd.edu.ar\/sitio\/wp-json\/wp\/v2\/types\/page"}],"author":[{"embeddable":true,"href":"https:\/\/isfd803-chu.infd.edu.ar\/sitio\/wp-json\/wp\/v2\/users\/1315"}],"replies":[{"embeddable":true,"href":"https:\/\/isfd803-chu.infd.edu.ar\/sitio\/wp-json\/wp\/v2\/comments?post=1292"}],"version-history":[{"count":2,"href":"https:\/\/isfd803-chu.infd.edu.ar\/sitio\/wp-json\/wp\/v2\/pages\/1292\/revisions"}],"predecessor-version":[{"id":6953,"href":"https:\/\/isfd803-chu.infd.edu.ar\/sitio\/wp-json\/wp\/v2\/pages\/1292\/revisions\/6953"}],"wp:attachment":[{"href":"https:\/\/isfd803-chu.infd.edu.ar\/sitio\/wp-json\/wp\/v2\/media?parent=1292"}],"curies":[{"name":"wp","href":"https:\/\/api.w.org\/{rel}","templated":true}]}}