{"id":1274,"date":"2018-07-02T19:09:07","date_gmt":"2018-07-02T22:09:07","guid":{"rendered":"https:\/\/isfd803-chu.infd.edu.ar\/sitio\/jornadas-internas-de-reflexion-e-investigacion\/"},"modified":"2019-06-21T21:32:52","modified_gmt":"2019-06-22T00:32:52","slug":"jornadas-internas-de-reflexion-e-investigacion","status":"publish","type":"page","link":"https:\/\/isfd803-chu.infd.edu.ar\/sitio\/jornadas-internas-de-reflexion-e-investigacion\/","title":{"rendered":"Jornadas Internas de Reflexi\u00f3n e Investigaci\u00f3n"},"content":{"rendered":"<p style=\"text-align: justify;\">Entre 2014 y 2016, se realizaron las Jornadas Internas de Reflexi\u00f3n e Investigaci\u00f3n con el objetivo de incentivar la pr\u00e1ctica investigativa durante la formaci\u00f3n inicial.<\/p>\n<p style=\"text-align: justify;\">Durante tres a\u00f1os consecutivos, estudiantes de todas las carreras del ISFD N\u00ba803 tuvieron la oportunidad de exponer sus primeros trabajos de investigaci\u00f3n, abriendo un espacio de intercambio de saberes, para generar debates, conocimiento y m\u00e1s preguntas.<\/p>\n<p style=\"text-align: justify;\">Adem\u00e1s, se desarrollaron conferencias y mesas de debate que permiten interactuar con otras instituciones educativas y de investigaci\u00f3n de nuestra regi\u00f3n.<\/p>\n<p style=\"text-align: justify;\">Organizadas por la L\u00ednea de Trabajo de Investigaci\u00f3n, estos eventos fomentan el esp\u00edritu cr\u00edtico y la capacidad de interrogar-nos, como ejercicio inherente y permanente de lxs futurxs profesionales<\/p>\n<p>A continuaci\u00f3n puede acceder a la informaci\u00f3n de cada Jornada:<\/p>\n<ul>\n<li><a href=\"https:\/\/isfd803-chu.infd.edu.ar\/sitio\/1era-jornada-ano-2014\/\">1era Jornada (a\u00f1o 2014)<\/a><\/li>\n<li><a href=\"https:\/\/isfd803-chu.infd.edu.ar\/sitio\/2das-jornadas-ano-2015\/\">2da Jornada (a\u00f1o 2015)<\/a><\/li>\n<li><a href=\"https:\/\/isfd803-chu.infd.edu.ar\/sitio\/3era-jornada-ano-2016\/\">3er Jornada (a\u00f1o 2016)<\/a><\/li>\n<li><a href=\"https:\/\/isfd803-chu.infd.edu.ar\/sitio\/4tas-jornadas-de-investigacion-803\/\">4ta Jornada (a\u00f1o 2019)<\/a><\/li>\n<\/ul>\n","protected":false},"excerpt":{"rendered":"<p>Entre 2014 y 2016, se realizaron las Jornadas Internas de Reflexi\u00f3n e Investigaci\u00f3n con el objetivo de incentivar la pr\u00e1ctica investigativa durante la formaci\u00f3n inicial. Durante tres a\u00f1os consecutivos, estudiantes de todas las carreras del ISFD N\u00ba803 tuvieron la oportunidad de exponer sus primeros trabajos de investigaci\u00f3n, abriendo un espacio de intercambio de saberes, para &#8230; <a title=\"Jornadas Internas de Reflexi\u00f3n e Investigaci\u00f3n\" class=\"read-more\" href=\"https:\/\/isfd803-chu.infd.edu.ar\/sitio\/jornadas-internas-de-reflexion-e-investigacion\/\" aria-label=\"More on Jornadas Internas de Reflexi\u00f3n e Investigaci\u00f3n\">[+]<\/a><\/p>\n","protected":false},"author":1315,"featured_media":0,"parent":0,"menu_order":0,"comment_status":"closed","ping_status":"closed","template":"","meta":[],"acf":[],"_links":{"self":[{"href":"https:\/\/isfd803-chu.infd.edu.ar\/sitio\/wp-json\/wp\/v2\/pages\/1274"}],"collection":[{"href":"https:\/\/isfd803-chu.infd.edu.ar\/sitio\/wp-json\/wp\/v2\/pages"}],"about":[{"href":"https:\/\/isfd803-chu.infd.edu.ar\/sitio\/wp-json\/wp\/v2\/types\/page"}],"author":[{"embeddable":true,"href":"https:\/\/isfd803-chu.infd.edu.ar\/sitio\/wp-json\/wp\/v2\/users\/1315"}],"replies":[{"embeddable":true,"href":"https:\/\/isfd803-chu.infd.edu.ar\/sitio\/wp-json\/wp\/v2\/comments?post=1274"}],"version-history":[{"count":2,"href":"https:\/\/isfd803-chu.infd.edu.ar\/sitio\/wp-json\/wp\/v2\/pages\/1274\/revisions"}],"predecessor-version":[{"id":4268,"href":"https:\/\/isfd803-chu.infd.edu.ar\/sitio\/wp-json\/wp\/v2\/pages\/1274\/revisions\/4268"}],"wp:attachment":[{"href":"https:\/\/isfd803-chu.infd.edu.ar\/sitio\/wp-json\/wp\/v2\/media?parent=1274"}],"curies":[{"name":"wp","href":"https:\/\/api.w.org\/{rel}","templated":true}]}}