{"id":1257,"date":"2018-07-02T19:09:00","date_gmt":"2018-07-02T22:09:00","guid":{"rendered":"https:\/\/isfd803-chu.infd.edu.ar\/sitio\/normativa-rom-%c2%96-ram-%c2%96-rjpyr\/"},"modified":"2026-03-10T19:38:34","modified_gmt":"2026-03-10T22:38:34","slug":"normativa-2","status":"publish","type":"page","link":"https:\/\/isfd803-chu.infd.edu.ar\/sitio\/normativa-2\/","title":{"rendered":"Normativa"},"content":{"rendered":"\n<p><a href=\"https:\/\/isfd803-chu.infd.edu.ar\/sitio\/wp-content\/uploads\/2020\/08\/RESOLUCI\u00d3N-145-20-MARCO-REGULATORIO-PR\u00c1CTICAS-EDUCATIVAS-2019-2020.pdf\"><\/a><\/p>\n\n\n\n<p><a href=\"https:\/\/isfd803-chu.infd.edu.ar\/sitio\/wp-content\/uploads\/2020\/08\/RESOLUCI\u00d3N-145-20-MARCO-REGULATORIO-PR\u00c1CTICAS-EDUCATIVAS-2019-2020.pdf\"><img decoding=\"async\" loading=\"lazy\" width=\"79\" height=\"79\" src=\"https:\/\/isfd803-chu.infd.edu.ar\/sitio\/wp-content\/uploads\/2018\/07\/pdf_icono.jpg\" alt=\"\"><\/a><a href=\"https:\/\/isfd803-chu.infd.edu.ar\/sitio\/wp-content\/uploads\/2026\/03\/RES-ME-833-24.pdf\">Resoluci\u00f3n ME N\u00b0833\/24  \u00abDocumento Orientador de acompa\u00f1amiento a estudiantes de la Educaci\u00f3n Superior de la Provincia de Chubut en Etapa de Gestaci\u00f3n, Maternidad y Paternidad\u00bb<\/a><\/p>\n\n\n<p><a href=\"https:\/\/isfd803-chu.infd.edu.ar\/sitio\/wp-content\/uploads\/2020\/08\/RESOLUCI\u00d3N-145-20-MARCO-REGULATORIO-PR\u00c1CTICAS-EDUCATIVAS-2019-2020.pdf\"><span style=\"font-size: 18pt;\"><img decoding=\"async\" loading=\"lazy\" title=\"\" src=\"https:\/\/isfd803-chu.infd.edu.ar\/sitio\/wp-content\/uploads\/2018\/07\/pdf_icono.jpg\" alt=\"\" width=\"79\" height=\"79\" border=\"0\" \/><\/span><\/a><a href=\"https:\/\/isfd803-chu.infd.edu.ar\/sitio\/wp-content\/uploads\/2020\/11\/Resoluci\u00f3n-ME-N\u00b0-236-20.pdf\">Resoluci\u00f3n ME N\u00b0 236-20\u00a0\u00abLineamientos Excepcionales para la Regulaci\u00f3n de la Ense\u00f1anza, la Evaluaci\u00f3n y la Acreditaci\u00f3n de la Educaci\u00f3n Superior en la Provincia del Chubut\u00bb<\/a><\/p>\n<p><a href=\"https:\/\/isfd803-chu.infd.edu.ar\/sitio\/wp-content\/uploads\/2020\/08\/RESOLUCI\u00d3N-145-20-MARCO-REGULATORIO-PR\u00c1CTICAS-EDUCATIVAS-2019-2020.pdf\"><span style=\"font-size: 18pt;\"><img decoding=\"async\" loading=\"lazy\" title=\"\" src=\"https:\/\/isfd803-chu.infd.edu.ar\/sitio\/wp-content\/uploads\/2018\/07\/pdf_icono.jpg\" alt=\"\" width=\"79\" height=\"79\" border=\"0\" \/><\/span><\/a><a href=\"https:\/\/isfd803-chu.infd.edu.ar\/sitio\/wp-content\/uploads\/2020\/08\/RESOLUCI\u00d3N-145-20-MARCO-REGULATORIO-PR\u00c1CTICAS-EDUCATIVAS-2019-2020.pdf\">RESOLUCI\u00d3N N\u00b0145\/20 \u00abMARCO REGULATORIO EXCEPCIONAL PRACTICAS DOCENTES Y PR\u00c1CTICAS PROFESIONALES 2019-2020\u00bb (COVID 19)<\/a><\/p>\n<p><a href=\"https:\/\/isfd803-chu.infd.edu.ar\/sitio\/wp-content\/uploads\/2020\/08\/Evaluaci\u00f3n-en-contexto-Covid-19-ISFD-803.pdf\"><span style=\"font-size: 18pt;\"><img decoding=\"async\" loading=\"lazy\" title=\"\" src=\"https:\/\/isfd803-chu.infd.edu.ar\/sitio\/wp-content\/uploads\/2018\/07\/pdf_icono.jpg\" alt=\"\" width=\"79\" height=\"79\" border=\"0\" \/>Evaluaci\u00f3n en Contexto de COVID<\/span><\/a><\/p>\n<p><strong><span style=\"font-size: 18pt;\">DISPOSICIONES<\/span><\/strong><\/p>\n<ul>\n<li><a href=\"https:\/\/isfd803-chu.infd.edu.ar\/sitio\/wp-content\/uploads\/2019\/07\/Disposici\u00f3n-02-19-ISFD-803.pdf\">Disposici\u00f3n 02-19 ISFD 803<\/a><\/li>\n<\/ul>\n<hr \/>\n<p><span style=\"font-size: 18pt;\"><a title=\"rom\" href=\"https:\/\/isfd803-chu.infd.edu.ar\/sitio\/wp-content\/uploads\/2020\/05\/Orientaciones-para-el-desarrollo-del-CFPP-en-el-contexto-de-la-pandemia-COVID-19-1.pdf\" target=\"_blank\" rel=\"noopener\"><img decoding=\"async\" loading=\"lazy\" title=\"\" src=\"https:\/\/isfd803-chu.infd.edu.ar\/sitio\/wp-content\/uploads\/2018\/07\/pdf_icono.jpg\" alt=\"\" width=\"79\" height=\"79\" border=\"0\" \/><\/a><\/span><a href=\"https:\/\/isfd803-chu.infd.edu.ar\/sitio\/wp-content\/uploads\/2020\/05\/Orientaciones-para-el-desarrollo-del-CFPP-en-el-contexto-de-la-pandemia-COVID-19-1.pdf\">Orientaciones para el CFPP &#8211; INFOD<\/a><\/p>\n<p><span style=\"font-size: 18pt;\"><a title=\"rom\" href=\"https:\/\/isfd803-chu.infd.edu.ar\/sitio\/wp-content\/uploads\/2020\/05\/MARCO-REGULATORIO-PRACTICA-DOCENTE-CHUBUT-2020.pdf\" target=\"_blank\" rel=\"noopener\"><img decoding=\"async\" loading=\"lazy\" title=\"\" src=\"https:\/\/isfd803-chu.infd.edu.ar\/sitio\/wp-content\/uploads\/2018\/07\/pdf_icono.jpg\" alt=\"\" width=\"79\" height=\"79\" border=\"0\" \/><\/a><a href=\"https:\/\/isfd803-chu.infd.edu.ar\/sitio\/wp-content\/uploads\/2020\/05\/MARCO-REGULATORIO-PRACTICA-DOCENTE-CHUBUT-2020.pdf\">Marco Regulatorio Pr\u00e1cticas Docentes Chubut 2020<\/a><\/span><\/p>\n<p><span style=\"font-size: 18pt;\"><a title=\"rom\" href=\"upload\/Rom.pdf\" target=\"_blank\" rel=\"noopener\"><img decoding=\"async\" loading=\"lazy\" title=\"\" src=\"https:\/\/isfd803-chu.infd.edu.ar\/sitio\/wp-content\/uploads\/2018\/07\/pdf_icono.jpg\" alt=\"\" width=\"79\" height=\"79\" border=\"0\" \/><\/a><a href=\"https:\/\/isfd803-chu.infd.edu.ar\/sitio\/wp-content\/uploads\/2023\/09\/Reglamento-Organico-Marco-de-la-Educacion-Superior-1.pdf\">ROM (Reglamento Org\u00e1nico Marco)<\/a><\/span><\/p>\n<p><span style=\"font-size: 18pt;\"><a title=\"RAM\" href=\"upload\/RAM.pdf\" target=\"_blank\" rel=\"noopener\"><img decoding=\"async\" loading=\"lazy\" title=\"\" src=\"https:\/\/isfd803-chu.infd.edu.ar\/sitio\/wp-content\/uploads\/2018\/07\/pdf_icono.jpg\" alt=\"\" width=\"79\" height=\"79\" border=\"0\" \/>RAM (Reglamento Acad\u00e9mico Marco)<\/a><\/span><\/p>\n<p><span style=\"font-size: 18pt;\"><span style=\"font-size: 18pt;\"><img decoding=\"async\" loading=\"lazy\" title=\"\" src=\"https:\/\/isfd803-chu.infd.edu.ar\/sitio\/wp-content\/uploads\/2018\/07\/pdf_icono.jpg\" alt=\"\" width=\"79\" height=\"79\" border=\"0\" \/><a href=\"https:\/\/isfd803-chu.infd.edu.ar\/sitio\/wp-content\/uploads\/2019\/05\/reglamento-de-practicas-1-1.pdf\">Reglamento Jurisdiccional de Practicas y Residencias en la Formaci\u00f3n Docente Inicial<\/a><\/span><\/span><\/p>\n<p><span style=\"font-size: 18pt;\"><strong>LEY PROVINCIAL<\/strong><br \/><\/span><\/p>\n<ul>\n<li><span style=\"font-size: 18pt;\"><a title=\"Normativas\" href=\"upload\/ley_educ_9110.pdf\" target=\"_blank\" rel=\"noopener\">Ley de Educaci\u00f3n Provincial<\/a><\/span><\/li>\n<\/ul>\n<p><span style=\"font-size: 18pt;\">\u00a0<\/span><\/p>\n<p><span style=\"font-size: 18pt;\"><strong>LEY NACIONAL<\/strong><\/span><\/p>\n<ul>\n<li><span style=\"font-size: 18pt;\"><a title=\"Normativas\" href=\"upload\/ley_de_educ_nac.pdf\" target=\"_blank\" rel=\"noopener\">Ley de Educaci\u00f3n Nacional<\/a><\/span><\/li>\n<\/ul>","protected":false},"excerpt":{"rendered":"<p>Resoluci\u00f3n ME N\u00b0833\/24 \u00abDocumento Orientador de acompa\u00f1amiento a estudiantes de la Educaci\u00f3n Superior de la Provincia de Chubut en Etapa de Gestaci\u00f3n, Maternidad y Paternidad\u00bb Resoluci\u00f3n ME N\u00b0 236-20\u00a0\u00abLineamientos Excepcionales para la Regulaci\u00f3n de la Ense\u00f1anza, la Evaluaci\u00f3n y la Acreditaci\u00f3n de la Educaci\u00f3n Superior en la Provincia del Chubut\u00bb RESOLUCI\u00d3N N\u00b0145\/20 \u00abMARCO REGULATORIO EXCEPCIONAL &#8230; <a title=\"Normativa\" class=\"read-more\" href=\"https:\/\/isfd803-chu.infd.edu.ar\/sitio\/normativa-2\/\" aria-label=\"More on Normativa\">[+]<\/a><\/p>\n","protected":false},"author":1315,"featured_media":0,"parent":0,"menu_order":0,"comment_status":"closed","ping_status":"closed","template":"","meta":[],"acf":[],"_links":{"self":[{"href":"https:\/\/isfd803-chu.infd.edu.ar\/sitio\/wp-json\/wp\/v2\/pages\/1257"}],"collection":[{"href":"https:\/\/isfd803-chu.infd.edu.ar\/sitio\/wp-json\/wp\/v2\/pages"}],"about":[{"href":"https:\/\/isfd803-chu.infd.edu.ar\/sitio\/wp-json\/wp\/v2\/types\/page"}],"author":[{"embeddable":true,"href":"https:\/\/isfd803-chu.infd.edu.ar\/sitio\/wp-json\/wp\/v2\/users\/1315"}],"replies":[{"embeddable":true,"href":"https:\/\/isfd803-chu.infd.edu.ar\/sitio\/wp-json\/wp\/v2\/comments?post=1257"}],"version-history":[{"count":16,"href":"https:\/\/isfd803-chu.infd.edu.ar\/sitio\/wp-json\/wp\/v2\/pages\/1257\/revisions"}],"predecessor-version":[{"id":11532,"href":"https:\/\/isfd803-chu.infd.edu.ar\/sitio\/wp-json\/wp\/v2\/pages\/1257\/revisions\/11532"}],"wp:attachment":[{"href":"https:\/\/isfd803-chu.infd.edu.ar\/sitio\/wp-json\/wp\/v2\/media?parent=1257"}],"curies":[{"name":"wp","href":"https:\/\/api.w.org\/{rel}","templated":true}]}}