{"id":1249,"date":"2018-07-02T19:08:57","date_gmt":"2018-07-02T22:08:57","guid":{"rendered":"https:\/\/isfd803-chu.infd.edu.ar\/sitio\/politicas-estudiantiles\/"},"modified":"2026-03-10T19:37:07","modified_gmt":"2026-03-10T22:37:07","slug":"politicas-estudiantiles","status":"publish","type":"page","link":"https:\/\/isfd803-chu.infd.edu.ar\/sitio\/politicas-estudiantiles\/","title":{"rendered":"Coordinaci\u00f3n de Pol\u00edticas Estudiantiles"},"content":{"rendered":"<h4><span style=\"font-family: arial, helvetica, sans-serif; font-size: 18pt; color: #003300;\"><strong style=\"font-size: 14pt; text-align: left;\">Coordinadora Institucional de Pol\u00edticas Estudiantiles (CIPE): <\/strong><\/span><span style=\"font-family: arial, helvetica, sans-serif; font-size: 18pt; color: #003300;\"><strong style=\"font-size: 14pt; text-align: left;\">Lic. Patricia Bigliardi<\/strong><\/span><\/h4>\n<h6 style=\"text-align: left;\"><span style=\"color: #0000ff;\">CONTACTO: <\/span><\/h6>\n<h6 style=\"text-align: left;\"><span style=\"color: #000000;\">politicasestudiantiles803@gmail.com<\/span><\/h6>\n<div>\n<h6 style=\"text-align: left;\"><span style=\"color: #0000ff;\">HORARIOS:<\/span><\/h6>\n<\/div>\n<div><strong> Lunes a Viernes: 18: 00 a 22:00 hs<\/strong><\/div>\n<div>\u00a0<\/div>\n<div>\n<h6 style=\"text-align: left;\"><span style=\"color: #0000ff;\">FUNCIONES:<\/span><\/h6>\n<\/div>\n<div>\u00a0 \u2756 Promover y coordinar acciones que favorezcan el ingreso, la permanencia y el egreso de los\/as estudiantes en la instituci\u00f3n.<\/div>\n<div>\u00a0<\/div>\n<div>\u00a0<\/div>\n<div><span style=\"color: #0000ff;\">Acompa\u00f1amiento para la gesti\u00f3n de<b>\u00a0Beca Progresar<\/b>\u00a0<\/span><\/div>\n<div>\u00a0<\/div>\n<div>Link de acceso para informaci\u00f3n:\u00a0<a href=\"https:\/\/becasprogresar.educacion.gob.ar\/\" target=\"_blank\" rel=\"noopener\" data-saferedirecturl=\"https:\/\/www.google.com\/url?q=https:\/\/becasprogresar.educacion.gob.ar\/&amp;source=gmail&amp;ust=1662504538221000&amp;usg=AOvVaw3GaTMxV2cSK3jsPkXUdIDn\">https:\/\/<wbr \/>becasprogresar.educacion.gob.<wbr \/>ar\/<\/a><\/div>\n<div>Link de acceso para informaci\u00f3n de la <strong>Beca Provincial: <\/strong><a href=\"https:\/\/www.chubut.edu.ar\/\" target=\"_blank\" rel=\"noopener\" data-saferedirecturl=\"https:\/\/www.google.com\/url?q=https:\/\/www.chubut.edu.ar\/&amp;source=gmail&amp;ust=1662505811946000&amp;usg=AOvVaw0qs3Qb-XoeE7UwdEv_XRFK\">https:\/\/www.chubut.edu.ar\/<\/a><\/div>\n<div>\u00a0<\/div>\n<div>\n<h6 style=\"text-align: left;\"><span style=\"color: #0000ff;\">NORMATIVA:<\/span><\/h6>\n<\/div>\n<div>\u00a0<\/div>\n<div>\n<p><a href=\"https:\/\/isfd803-chu.infd.edu.ar\/sitio\/wp-content\/uploads\/2020\/08\/RESOLUCI\u00d3N-145-20-MARCO-REGULATORIO-PR\u00c1CTICAS-EDUCATIVAS-2019-2020.pdf\"><img decoding=\"async\" loading=\"lazy\" src=\"https:\/\/isfd803-chu.infd.edu.ar\/sitio\/wp-content\/uploads\/2018\/07\/pdf_icono.jpg\" alt=\"\" width=\"79\" height=\"79\" \/><\/a><a href=\"https:\/\/isfd803-chu.infd.edu.ar\/sitio\/wp-content\/uploads\/2026\/03\/RES-ME-833-24.pdf\">Resoluci\u00f3n ME N\u00b0833\/24 \u00abDocumento Orientador de acompa\u00f1amiento a estudiantes de la Educaci\u00f3n Superior de la Provincia de Chubut en Etapa de Gestaci\u00f3n, Maternidad y Paternidad\u00bb<\/a><\/p>\n<\/div>\n\n\n<h2 class=\"wp-block-heading\">Charlas, presentaciones <\/h2>\n\n\n\n<figure class=\"wp-block-table\"><table><tbody><tr><td><img decoding=\"async\" src=\"https:\/\/isfd803-chu.infd.edu.ar\/sitio\/wp-content\/uploads\/2024\/10\/PRESENTACION-LIBRO-VIOLENCIA-FAMILIA-Y-ESC-DESBORDADAS7.jpg\" alt=\"\"><\/td><td><img decoding=\"async\" src=\"https:\/\/isfd803-chu.infd.edu.ar\/sitio\/wp-content\/uploads\/2024\/09\/carteles-3-716x1000.jpg\" alt=\"\"><\/td><\/tr><tr><td><img decoding=\"async\" src=\"https:\/\/isfd803-chu.infd.edu.ar\/sitio\/wp-content\/uploads\/2026\/03\/centro-estudiantes.jpg\" alt=\"\"><\/td><td><\/td><\/tr><\/tbody><\/table><\/figure>\n","protected":false},"excerpt":{"rendered":"<p>Coordinadora Institucional de Pol\u00edticas Estudiantiles (CIPE): Lic. Patricia Bigliardi CONTACTO: politicasestudiantiles803@gmail.com HORARIOS: Lunes a Viernes: 18: 00 a 22:00 hs \u00a0 FUNCIONES: \u00a0 \u2756 Promover y coordinar acciones que favorezcan el ingreso, la permanencia y el egreso de los\/as estudiantes en la instituci\u00f3n. \u00a0 \u00a0 Acompa\u00f1amiento para la gesti\u00f3n de\u00a0Beca Progresar\u00a0 \u00a0 Link de acceso &#8230; <a title=\"Coordinaci\u00f3n de Pol\u00edticas Estudiantiles\" class=\"read-more\" href=\"https:\/\/isfd803-chu.infd.edu.ar\/sitio\/politicas-estudiantiles\/\" aria-label=\"More on Coordinaci\u00f3n de Pol\u00edticas Estudiantiles\">[+]<\/a><\/p>\n","protected":false},"author":1315,"featured_media":0,"parent":0,"menu_order":0,"comment_status":"closed","ping_status":"closed","template":"","meta":[],"acf":[],"_links":{"self":[{"href":"https:\/\/isfd803-chu.infd.edu.ar\/sitio\/wp-json\/wp\/v2\/pages\/1249"}],"collection":[{"href":"https:\/\/isfd803-chu.infd.edu.ar\/sitio\/wp-json\/wp\/v2\/pages"}],"about":[{"href":"https:\/\/isfd803-chu.infd.edu.ar\/sitio\/wp-json\/wp\/v2\/types\/page"}],"author":[{"embeddable":true,"href":"https:\/\/isfd803-chu.infd.edu.ar\/sitio\/wp-json\/wp\/v2\/users\/1315"}],"replies":[{"embeddable":true,"href":"https:\/\/isfd803-chu.infd.edu.ar\/sitio\/wp-json\/wp\/v2\/comments?post=1249"}],"version-history":[{"count":19,"href":"https:\/\/isfd803-chu.infd.edu.ar\/sitio\/wp-json\/wp\/v2\/pages\/1249\/revisions"}],"predecessor-version":[{"id":11535,"href":"https:\/\/isfd803-chu.infd.edu.ar\/sitio\/wp-json\/wp\/v2\/pages\/1249\/revisions\/11535"}],"wp:attachment":[{"href":"https:\/\/isfd803-chu.infd.edu.ar\/sitio\/wp-json\/wp\/v2\/media?parent=1249"}],"curies":[{"name":"wp","href":"https:\/\/api.w.org\/{rel}","templated":true}]}}