{"id":1242,"date":"2018-07-02T19:08:54","date_gmt":"2018-07-02T22:08:54","guid":{"rendered":"https:\/\/isfd803-chu.infd.edu.ar\/sitio\/equipo-tic\/"},"modified":"2025-08-14T11:01:44","modified_gmt":"2025-08-14T14:01:44","slug":"equipo-tic","status":"publish","type":"page","link":"https:\/\/isfd803-chu.infd.edu.ar\/sitio\/equipo-tic\/","title":{"rendered":"TIC"},"content":{"rendered":"<h5>Responsable del Centro de Recursos de Apoyo Tecnol\u00f3gico:<\/h5>\n<p>Lic. Prof. Nicol\u00e1s Rodr\u00edguez<\/p>\n<h5>Funciones:<\/h5>\n<p>Orientar a estudiantes y docentes sobre la utilizaci\u00f3n de recursos t\u00e9cnicos y materiales<br \/>did\u00e1cticos.<br \/>\uf0a7 Difundir y proveer a los\/as docentes y los\/as estudiantes recursos t\u00e9cnicos, equipos y<br \/>materiales did\u00e1cticos.<br \/>\uf0a7 Colaborar en la planificaci\u00f3n y el desarrollo del trabajo del Instituto de Educaci\u00f3n Superior, en<br \/>lo que se refiere a sus funciones.<br \/>\uf0a7 Articular con el Equipo Directivo el relevamiento de necesidades de material did\u00e1ctico.<br \/>\uf0a7 Informar y fundamentar al Equipo Directivo sobre la necesidad de adquisici\u00f3n y actualizaci\u00f3n<br \/>de materiales tecnol\u00f3gicos, did\u00e1cticos, y equipamiento.<br \/>\uf0a7 Vincularse con el programa Conectar Igualdad u otros programas relacionados con el uso de<br \/>las TIC para la ense\u00f1anza.<\/p>\n<p>\uf0a7 Administrar el nodo (p\u00e1gina web, blog, campus virtual) del IES.<br \/>\uf0a7 Administrar y asesorar en el uso institucional de redes sociales, p\u00e1ginas web, correo<br \/>electr\u00f3nico, etc.<br \/>\uf0a7 Promover el uso de las TIC en los procesos de ense\u00f1anza y de aprendizaje en el IES.<br \/>\uf0a7 Promover la producci\u00f3n y el uso de material audiovisual y\/o multimedial para la ense\u00f1anza<\/p>\n<h5>Contacto:<\/h5>\n<p>equipotic803@gmail.com<\/p>\n<h5>Horarios:<\/h5>\n<p>Lunes a Viernes de 18.00 a 23:00 hs.<\/p>\n\n\n<div class=\"wp-block-buttons is-content-justification-center is-layout-flex wp-container-1\"><\/div>\n\n\n<div class=\"wp-block-image\">\n<figure class=\"aligncenter size-full\"><a href=\"https:\/\/isfd803-chu.infd.edu.ar\/sitio\/wp-content\/uploads\/2023\/09\/INSTRUCTIVO-NETBOOKS.pdf\"><img decoding=\"async\" loading=\"lazy\" width=\"698\" height=\"580\" src=\"https:\/\/isfd803-chu.infd.edu.ar\/sitio\/wp-content\/uploads\/2023\/09\/ADM.png\" alt=\"\" class=\"wp-image-8126\"\/><\/a><figcaption class=\"wp-element-caption\"><a href=\"https:\/\/isfd803-chu.infd.edu.ar\/sitio\/wp-content\/uploads\/2023\/09\/INSTRUCTIVO-NETBOOKS.pdf\">Instructivo Netbooks<\/a><\/figcaption><\/figure><\/div>","protected":false},"excerpt":{"rendered":"<p>Responsable del Centro de Recursos de Apoyo Tecnol\u00f3gico: Lic. Prof. Nicol\u00e1s Rodr\u00edguez Funciones: Orientar a estudiantes y docentes sobre la utilizaci\u00f3n de recursos t\u00e9cnicos y materialesdid\u00e1cticos.\uf0a7 Difundir y proveer a los\/as docentes y los\/as estudiantes recursos t\u00e9cnicos, equipos ymateriales did\u00e1cticos.\uf0a7 Colaborar en la planificaci\u00f3n y el desarrollo del trabajo del Instituto de Educaci\u00f3n Superior, enlo &#8230; <a title=\"TIC\" class=\"read-more\" href=\"https:\/\/isfd803-chu.infd.edu.ar\/sitio\/equipo-tic\/\" aria-label=\"More on TIC\">[+]<\/a><\/p>\n","protected":false},"author":1315,"featured_media":0,"parent":0,"menu_order":0,"comment_status":"closed","ping_status":"closed","template":"","meta":[],"acf":[],"_links":{"self":[{"href":"https:\/\/isfd803-chu.infd.edu.ar\/sitio\/wp-json\/wp\/v2\/pages\/1242"}],"collection":[{"href":"https:\/\/isfd803-chu.infd.edu.ar\/sitio\/wp-json\/wp\/v2\/pages"}],"about":[{"href":"https:\/\/isfd803-chu.infd.edu.ar\/sitio\/wp-json\/wp\/v2\/types\/page"}],"author":[{"embeddable":true,"href":"https:\/\/isfd803-chu.infd.edu.ar\/sitio\/wp-json\/wp\/v2\/users\/1315"}],"replies":[{"embeddable":true,"href":"https:\/\/isfd803-chu.infd.edu.ar\/sitio\/wp-json\/wp\/v2\/comments?post=1242"}],"version-history":[{"count":26,"href":"https:\/\/isfd803-chu.infd.edu.ar\/sitio\/wp-json\/wp\/v2\/pages\/1242\/revisions"}],"predecessor-version":[{"id":10980,"href":"https:\/\/isfd803-chu.infd.edu.ar\/sitio\/wp-json\/wp\/v2\/pages\/1242\/revisions\/10980"}],"wp:attachment":[{"href":"https:\/\/isfd803-chu.infd.edu.ar\/sitio\/wp-json\/wp\/v2\/media?parent=1242"}],"curies":[{"name":"wp","href":"https:\/\/api.w.org\/{rel}","templated":true}]}}