{"id":1238,"date":"2018-07-02T19:08:53","date_gmt":"2018-07-02T22:08:53","guid":{"rendered":"https:\/\/isfd803-chu.infd.edu.ar\/sitio\/biblioteca\/"},"modified":"2024-10-14T20:21:42","modified_gmt":"2024-10-14T23:21:42","slug":"biblioteca","status":"publish","type":"page","link":"https:\/\/isfd803-chu.infd.edu.ar\/sitio\/biblioteca\/","title":{"rendered":"Biblioteca"},"content":{"rendered":"<h2>PERSONAL BIBLIOTECARIO<\/h2>\n<p style=\"padding-left: 30px; text-align: left;\"><span style=\"font-size: 36pt;\"><img decoding=\"async\" loading=\"lazy\" class=\"alignleft\" title=\"\" src=\"https:\/\/isfd803-chu.infd.edu.ar\/sitio\/wp-content\/uploads\/2018\/07\/ceci.png\" alt=\"\" width=\"325\" height=\"311\" border=\"0\" \/><\/span><\/p>\n<p>La Biblioteca &#8211; Centro de Informaci\u00f3n y Documentaci\u00f3n &#8211; del ISFD N\u00b0 803 se encuentra en el mismo edificio institucional.<\/p>\n<ul>\n<li>Ofrece una amplia extensi\u00f3n horaria de atenci\u00f3n:<\/li>\n<\/ul>\n<p>Lunes a Viernes:<\/p>\n<ul>\n<li>10:15 a 12 hs.<\/li>\n<li>13:15 a 22 hs.<\/li>\n<\/ul>\n<p>El Centro de Informaci\u00f3n y Documentaci\u00f3n (CID) \u2013 Biblioteca, es el \u00e1rea responsable de la organizaci\u00f3n, conservaci\u00f3n y distribuci\u00f3n de bibliograf\u00eda, de documentaci\u00f3n e informaci\u00f3n vinculada a las actividades acad\u00e9mico pedag\u00f3gica, asistiendo a los\/as estudiantes y docentes, y facilit\u00e1ndoles el acceso a diferentes fuentes, por medios propios o a trav\u00e9s de v\u00ednculos con otros centros documentales.<\/p>\n<p style=\"text-align: right;\">REGLAMENTO ORGANICO MARCO. Chubut : Ministerio de<br \/>Educaci\u00f3n de la Provincia de Chubut, 2015. pp.22-23.<\/p>\n<p style=\"text-align: right;\"><strong><span style=\"font-size: 12pt;\">Bibl. Cecilia Calfuquir<\/span><\/strong><\/p>\n<h2 style=\"padding-left: 30px; text-align: center;\"><strong><span style=\"font-size: 12pt;\"><img decoding=\"async\" loading=\"lazy\" class=\"wp-image-917 aligncenter\" src=\"https:\/\/isfd803-chu.infd.edu.ar\/sitio\/wp-content\/uploads\/2018\/07\/web.jpg\" alt=\"\" width=\"121\" height=\"87\" \/><\/span><\/strong><span style=\"font-size: 12pt; color: #0000ff;\">bibisfd803@gmail.com<\/span><\/h2>\n<p>\u00a0<\/p>\n<p><img decoding=\"async\" loading=\"lazy\" class=\"alignnone size-medium wp-image-10072\" src=\"https:\/\/isfd803-chu.infd.edu.ar\/sitio\/wp-content\/uploads\/2024\/10\/BIBLIOTECA-2024-1000x707.jpg\" alt=\"\" width=\"1000\" height=\"707\" srcset=\"https:\/\/isfd803-chu.infd.edu.ar\/sitio\/wp-content\/uploads\/2024\/10\/BIBLIOTECA-2024-1000x707.jpg 1000w, https:\/\/isfd803-chu.infd.edu.ar\/sitio\/wp-content\/uploads\/2024\/10\/BIBLIOTECA-2024-1900x1343.jpg 1900w, https:\/\/isfd803-chu.infd.edu.ar\/sitio\/wp-content\/uploads\/2024\/10\/BIBLIOTECA-2024-768x543.jpg 768w, https:\/\/isfd803-chu.infd.edu.ar\/sitio\/wp-content\/uploads\/2024\/10\/BIBLIOTECA-2024-1536x1086.jpg 1536w, https:\/\/isfd803-chu.infd.edu.ar\/sitio\/wp-content\/uploads\/2024\/10\/BIBLIOTECA-2024-2048x1448.jpg 2048w\" sizes=\"(max-width: 1000px) 100vw, 1000px\" \/><\/p>\n<p>\u00a0<\/p>\n\n\n<figure class=\"wp-block-image size-full\"><img decoding=\"async\" loading=\"lazy\" width=\"1650\" height=\"1275\" src=\"https:\/\/isfd803-chu.infd.edu.ar\/sitio\/wp-content\/uploads\/2024\/10\/FOLLETO-2024.jpg\" alt=\"\" class=\"wp-image-10071\" srcset=\"https:\/\/isfd803-chu.infd.edu.ar\/sitio\/wp-content\/uploads\/2024\/10\/FOLLETO-2024.jpg 1650w, https:\/\/isfd803-chu.infd.edu.ar\/sitio\/wp-content\/uploads\/2024\/10\/FOLLETO-2024-1000x773.jpg 1000w, https:\/\/isfd803-chu.infd.edu.ar\/sitio\/wp-content\/uploads\/2024\/10\/FOLLETO-2024-768x593.jpg 768w, https:\/\/isfd803-chu.infd.edu.ar\/sitio\/wp-content\/uploads\/2024\/10\/FOLLETO-2024-1536x1187.jpg 1536w\" sizes=\"(max-width: 1650px) 100vw, 1650px\" \/><\/figure>\n\n\n\n<figure class=\"wp-block-image size-full\"><img decoding=\"async\" loading=\"lazy\" width=\"1650\" height=\"1275\" src=\"https:\/\/isfd803-chu.infd.edu.ar\/sitio\/wp-content\/uploads\/2024\/10\/FOLLETO-2024-2.jpg\" alt=\"\" class=\"wp-image-10070\" srcset=\"https:\/\/isfd803-chu.infd.edu.ar\/sitio\/wp-content\/uploads\/2024\/10\/FOLLETO-2024-2.jpg 1650w, https:\/\/isfd803-chu.infd.edu.ar\/sitio\/wp-content\/uploads\/2024\/10\/FOLLETO-2024-2-1000x773.jpg 1000w, https:\/\/isfd803-chu.infd.edu.ar\/sitio\/wp-content\/uploads\/2024\/10\/FOLLETO-2024-2-768x593.jpg 768w, https:\/\/isfd803-chu.infd.edu.ar\/sitio\/wp-content\/uploads\/2024\/10\/FOLLETO-2024-2-1536x1187.jpg 1536w\" sizes=\"(max-width: 1650px) 100vw, 1650px\" \/><\/figure>\n","protected":false},"excerpt":{"rendered":"<p>PERSONAL BIBLIOTECARIO La Biblioteca &#8211; Centro de Informaci\u00f3n y Documentaci\u00f3n &#8211; del ISFD N\u00b0 803 se encuentra en el mismo edificio institucional. Ofrece una amplia extensi\u00f3n horaria de atenci\u00f3n: Lunes a Viernes: 10:15 a 12 hs. 13:15 a 22 hs. El Centro de Informaci\u00f3n y Documentaci\u00f3n (CID) \u2013 Biblioteca, es el \u00e1rea responsable de la &#8230; <a title=\"Biblioteca\" class=\"read-more\" href=\"https:\/\/isfd803-chu.infd.edu.ar\/sitio\/biblioteca\/\" aria-label=\"More on Biblioteca\">[+]<\/a><\/p>\n","protected":false},"author":1315,"featured_media":0,"parent":0,"menu_order":0,"comment_status":"closed","ping_status":"closed","template":"","meta":[],"acf":[],"_links":{"self":[{"href":"https:\/\/isfd803-chu.infd.edu.ar\/sitio\/wp-json\/wp\/v2\/pages\/1238"}],"collection":[{"href":"https:\/\/isfd803-chu.infd.edu.ar\/sitio\/wp-json\/wp\/v2\/pages"}],"about":[{"href":"https:\/\/isfd803-chu.infd.edu.ar\/sitio\/wp-json\/wp\/v2\/types\/page"}],"author":[{"embeddable":true,"href":"https:\/\/isfd803-chu.infd.edu.ar\/sitio\/wp-json\/wp\/v2\/users\/1315"}],"replies":[{"embeddable":true,"href":"https:\/\/isfd803-chu.infd.edu.ar\/sitio\/wp-json\/wp\/v2\/comments?post=1238"}],"version-history":[{"count":19,"href":"https:\/\/isfd803-chu.infd.edu.ar\/sitio\/wp-json\/wp\/v2\/pages\/1238\/revisions"}],"predecessor-version":[{"id":10074,"href":"https:\/\/isfd803-chu.infd.edu.ar\/sitio\/wp-json\/wp\/v2\/pages\/1238\/revisions\/10074"}],"wp:attachment":[{"href":"https:\/\/isfd803-chu.infd.edu.ar\/sitio\/wp-json\/wp\/v2\/media?parent=1238"}],"curies":[{"name":"wp","href":"https:\/\/api.w.org\/{rel}","templated":true}]}}