{"id":1235,"date":"2018-07-02T19:08:52","date_gmt":"2018-07-02T22:08:52","guid":{"rendered":"https:\/\/isfd803-chu.infd.edu.ar\/sitio\/el-instituto\/"},"modified":"2023-08-22T20:59:28","modified_gmt":"2023-08-22T23:59:28","slug":"el-instituto","status":"publish","type":"page","link":"https:\/\/isfd803-chu.infd.edu.ar\/sitio\/el-instituto\/","title":{"rendered":"El Instituto"},"content":{"rendered":"<p style=\"text-align: center;\"><span style=\"font-size: 18pt;\"><strong><span style=\"font-family: verdana;\">Instituto Superior de Formaci\u00f3n Docente N\u00ba 803<\/span><\/strong><\/span><\/p>\n<p style=\"text-align: center;\"><img decoding=\"async\" loading=\"lazy\" title=\"logo\" src=\"https:\/\/isfd803-chu.infd.edu.ar\/sitio\/wp-content\/uploads\/2018\/07\/logo_803.jpg\" alt=\"logo\" width=\"183\" height=\"147\" border=\"0\"><\/p>\n<p style=\"text-align: center;\"><span style=\"font-size: 12pt;\">Instituto Superior de Formaci\u00f3n Docente N\u00ba 803<\/span><\/p>\n<p><\/p>\n\n\n<\/p>\n<p class=\"has-text-align-center\">Direcci\u00f3n postal: 25 De Mayo S\/N (esq\/ Rivadavia Y Moreno)<br \/>(9120) Puerto Madryn<\/p>\n<p>\n\n\n\n<\/p>\n<p class=\"has-text-align-center\">\u00a0Tel.: 0280-4457769 \u2013 Red: 6769<\/p>\n<p>\n\n\n\n<\/p>\n<p class=\"has-text-align-center\">Horarios Sede Esc. N\u00b0 42 : 18:50 a 23:30 hs. y s\u00e1bados de 08 a 13 hs.<\/p>\n<p>\n\n\n\n<\/p>\n<p class=\"has-text-align-center\">Secretar\u00eda \u2013<a href=\"mailto:isfd803@hotmail.com\" target=\"_blank\" rel=\"noreferrer noopener\">isfd803@hotmail.com<\/a><\/p>\n<p>\n\n\n\n<\/p>\n<p class=\"has-text-align-center\">Biblioteca \u2013\u00a0<a href=\"mailto:bibisfd803@gmail.com\">bibisfd803@gmail.com<\/a><\/p>\n<p>\n\n\n\n<p class=\"has-text-align-center\">Bedel\u00eda &#8211; <a href=\"mailto:bedelesisfd803@gmail.com\">bedelesisfd803@gmail.com<\/a><\/p>\n\n\n\n<\/p>\n<p class=\"has-text-align-center\">Equipo TIC \u2013\u00a0<a href=\"mailto:%20equipotic803@gmail.com\">equipotic803@gmail.com<\/a><\/p>\n<p>\n\n\n<p><\/p>\n<p style=\"text-align: center;\"><span style=\"font-size: 12pt;\">Cue: 260002300<\/span><\/p>\n<p style=\"text-align: center;\"><span style=\"font-size: 12pt;\">Aprobaci\u00f3n y acreditaci\u00f3n plena sin reservas del Proyecto Educativo Institucional Resoluci\u00f3n ME N\u00b0 424\/04<\/span><\/p>\n<p style=\"text-align: center;\"><span style=\"font-size: 12pt;\">25 de Mayo 1090 \u2013 Puerto Madryn Chubut (CP.: 9120)<\/span><\/p>\n<p style=\"text-align: center;\"><\/p>\n\n\n<h1 class=\"wp-block-heading\">Historia<\/h1>\n\n\n\n<p>Fue creado el 6 de mayo de 1983 por las autoridades educativas provinciales. Constituye en la actualidad una Instituci\u00f3n de Educaci\u00f3n Superior, de gesti\u00f3n estatal, validada por la Provincia del Chubut e inscripta en el Registro Federal de Instituciones y Ofertas de Formaci\u00f3n Docente (Ley de Educaci\u00f3n Nacional N\u00ba 26.206).<\/p>\n\n\n\n<p>Sus funciones son:<\/p>\n\n\n\n<ul>\n<li>Formar<\/li>\n\n\n\n<li>Capacitar<\/li>\n\n\n\n<li>Investigar<\/li>\n\n\n\n<li>Asesorar a las escuelas<\/li>\n<\/ul>\n\n\n\n<p>Sus objetivos son:<\/p>\n\n\n\n<ul>\n<li>Promover la formaci\u00f3n inicial y continua de docentes profesionales como aporte al sistema educativo en su conjunto.<\/li>\n\n\n\n<li>Acompa\u00f1ar el acceso a los estudios superiores recuperando la formaci\u00f3n como trayectoria subjetiva e institucional.<\/li>\n\n\n\n<li>Promover la investigaci\u00f3n educativa, como herramienta de mejora de las pr\u00e1cticas educativas a nivel \u00e1ulico, institucional y del sistema.<\/li>\n\n\n\n<li>Brindar asesoramiento pedag\u00f3gico a las instituciones de la comunidad.<\/li>\n\n\n\n<li>Favorecer la producci\u00f3n de materiales pedag\u00f3gicos y did\u00e1cticos para la ense\u00f1anza.<\/li>\n\n\n\n<li>Colaborar con la transferencia de saberes y pr\u00e1cticas entre el sistema formador y los distintos niveles del sistema educativo.<\/li>\n\n\n\n<li>Difundir todas aquellas actividades acad\u00e9micas relacionadas con la formaci\u00f3n docente, con la voluntad de servicio y cooperaci\u00f3n.<\/li>\n<\/ul>\n\n\n\n<h2 class=\"wp-block-heading\">Logotipo<\/h2>\n\n\n\n<p class=\"has-text-align-center\"><a href=\"_wp_link_placeholder\"><img decoding=\"async\" src=\"https:\/\/isfd803-chu.infd.edu.ar\/sitio\/wp-content\/uploads\/2018\/07\/Logo_institucional_memoria_descriptiva.jpg\" alt=\"\"><\/a><\/p>\n\n\n\n<p class=\"has-text-align-center\"><\/p>\n","protected":false},"excerpt":{"rendered":"<p>Instituto Superior de Formaci\u00f3n Docente N\u00ba 803 Instituto Superior de Formaci\u00f3n Docente N\u00ba 803 Direcci\u00f3n postal: 25 De Mayo S\/N (esq\/ Rivadavia Y Moreno)(9120) Puerto Madryn \u00a0Tel.: 0280-4457769 \u2013 Red: 6769 Horarios Sede Esc. N\u00b0 42 : 18:50 a 23:30 hs. y s\u00e1bados de 08 a 13 hs. Secretar\u00eda \u2013isfd803@hotmail.com Biblioteca \u2013\u00a0bibisfd803@gmail.com Bedel\u00eda &#8211; bedelesisfd803@gmail.com &#8230; <a title=\"El Instituto\" class=\"read-more\" href=\"https:\/\/isfd803-chu.infd.edu.ar\/sitio\/el-instituto\/\" aria-label=\"More on El Instituto\">[+]<\/a><\/p>\n","protected":false},"author":1315,"featured_media":0,"parent":0,"menu_order":0,"comment_status":"closed","ping_status":"closed","template":"","meta":[],"acf":[],"_links":{"self":[{"href":"https:\/\/isfd803-chu.infd.edu.ar\/sitio\/wp-json\/wp\/v2\/pages\/1235"}],"collection":[{"href":"https:\/\/isfd803-chu.infd.edu.ar\/sitio\/wp-json\/wp\/v2\/pages"}],"about":[{"href":"https:\/\/isfd803-chu.infd.edu.ar\/sitio\/wp-json\/wp\/v2\/types\/page"}],"author":[{"embeddable":true,"href":"https:\/\/isfd803-chu.infd.edu.ar\/sitio\/wp-json\/wp\/v2\/users\/1315"}],"replies":[{"embeddable":true,"href":"https:\/\/isfd803-chu.infd.edu.ar\/sitio\/wp-json\/wp\/v2\/comments?post=1235"}],"version-history":[{"count":5,"href":"https:\/\/isfd803-chu.infd.edu.ar\/sitio\/wp-json\/wp\/v2\/pages\/1235\/revisions"}],"predecessor-version":[{"id":8016,"href":"https:\/\/isfd803-chu.infd.edu.ar\/sitio\/wp-json\/wp\/v2\/pages\/1235\/revisions\/8016"}],"wp:attachment":[{"href":"https:\/\/isfd803-chu.infd.edu.ar\/sitio\/wp-json\/wp\/v2\/media?parent=1235"}],"curies":[{"name":"wp","href":"https:\/\/api.w.org\/{rel}","templated":true}]}}