{"id":11549,"date":"2026-03-15T09:29:35","date_gmt":"2026-03-15T12:29:35","guid":{"rendered":"https:\/\/isfd803-chu.infd.edu.ar\/sitio\/?page_id=11549"},"modified":"2026-04-01T13:44:48","modified_gmt":"2026-04-01T16:44:48","slug":"certificacion-docente-complementaria-en-ensenanza-de-lengua-extranjera-ingles-para-la-educacion-primaria","status":"publish","type":"page","link":"https:\/\/isfd803-chu.infd.edu.ar\/sitio\/certificacion-docente-complementaria-en-ensenanza-de-lengua-extranjera-ingles-para-la-educacion-primaria\/","title":{"rendered":"Certificaci\u00f3n Docente Complementaria en Ense\u00f1anza de Lengua Extranjera Ingl\u00e9s para la Educaci\u00f3n Primaria"},"content":{"rendered":"\n<h2 class=\"wp-block-heading has-text-align-center\" id=\"block-19d0bc9d-dbef-42f3-befe-d100428f9529\"><mark style=\"background-color:rgba(0, 0, 0, 0)\" class=\"has-inline-color has-accent-color\">PREINSCRIPCIONES ABIERTAS POR DINO DEL 16 al 27 de marzo de 2026.-<\/mark><\/h2>\n\n\n\n<p class=\"has-text-align-center\">ENTREGA DE DOCUMENTACI\u00d3N: del 16 de marzo al 10 de abril de 2026 a trav\u00e9s del siguiente formulario:<\/p>\n\n\n\n<p class=\"has-text-align-center\"><a href=\"https:\/\/forms.gle\/Dh8c5aUfvvHFKzPB9\">https:\/\/forms.gle\/Dh8c5aUfvvHFKzPB9<\/a><\/p>\n\n\n\n<hr class=\"wp-block-separator has-alpha-channel-opacity\" id=\"block-cbfa1690-f3ba-4bcc-88d8-5586dfec2d9b\"\/>\n\n\n\n<h2 class=\"wp-block-heading has-text-align-center\" id=\"block-128bb115-dfde-422b-8b4c-dc584dcb4087\">Plan de Estudios<\/h2>\n\n\n<div class=\"wp-block-image\">\n<figure class=\"aligncenter size-full\" id=\"block-ce1cbee0-79b5-415f-b032-4049d9463c8b\"><img decoding=\"async\" loading=\"lazy\" width=\"1004\" height=\"560\" src=\"https:\/\/isfd803-chu.infd.edu.ar\/sitio\/wp-content\/uploads\/2026\/03\/PRIMER-ANO.jpg\" alt=\"\" class=\"wp-image-11552\" srcset=\"https:\/\/isfd803-chu.infd.edu.ar\/sitio\/wp-content\/uploads\/2026\/03\/PRIMER-ANO.jpg 1004w, https:\/\/isfd803-chu.infd.edu.ar\/sitio\/wp-content\/uploads\/2026\/03\/PRIMER-ANO-1000x558.jpg 1000w, https:\/\/isfd803-chu.infd.edu.ar\/sitio\/wp-content\/uploads\/2026\/03\/PRIMER-ANO-768x428.jpg 768w\" sizes=\"(max-width: 1004px) 100vw, 1004px\" \/><\/figure><\/div>\n\n\n<figure class=\"wp-block-image size-full\"><img decoding=\"async\" loading=\"lazy\" width=\"1005\" height=\"559\" src=\"https:\/\/isfd803-chu.infd.edu.ar\/sitio\/wp-content\/uploads\/2026\/03\/SEGUNDO-ANO.jpg\" alt=\"\" class=\"wp-image-11553\" srcset=\"https:\/\/isfd803-chu.infd.edu.ar\/sitio\/wp-content\/uploads\/2026\/03\/SEGUNDO-ANO.jpg 1005w, https:\/\/isfd803-chu.infd.edu.ar\/sitio\/wp-content\/uploads\/2026\/03\/SEGUNDO-ANO-1000x556.jpg 1000w, https:\/\/isfd803-chu.infd.edu.ar\/sitio\/wp-content\/uploads\/2026\/03\/SEGUNDO-ANO-768x427.jpg 768w\" sizes=\"(max-width: 1005px) 100vw, 1005px\" \/><\/figure>\n\n\n\n<h2 class=\"wp-block-heading has-text-align-center\" id=\"block-a48e63aa-327a-4183-9345-5601e6be5ba4\">DOCUMENTACI\u00d3N<\/h2>\n\n\n\n<div class=\"wp-block-buttons is-content-justification-center is-layout-flex wp-container-1\">\n<div class=\"wp-block-button is-style-fill\"><a class=\"wp-block-button__link wp-element-button\" href=\"https:\/\/drive.google.com\/file\/d\/1nOJDghgRx4iYmyBhG_uKKktHkKLq7fUU\/view?usp=sharing\">DISE\u00d1O CURRICULAR<\/a><\/div>\n\n\n\n<div class=\"wp-block-button is-style-fill\"><a class=\"wp-block-button__link has-text-align-center wp-element-button\" href=\"https:\/\/isfd803-chu.infd.edu.ar\/sitio\/wp-content\/uploads\/2026\/03\/RES-ME-94-26.pdf\">RESOLUCI\u00d3N MINISTERIAL PROVINCIAL<\/a><\/div>\n<\/div>\n\n\n\n<p><\/p>\n\n\n\n<hr class=\"wp-block-separator has-alpha-channel-opacity\" id=\"block-77f8f839-c972-4643-af84-0253c94d0e21\"\/>\n\n\n\n<h2 class=\"wp-block-heading\" id=\"block-508ee922-813b-4c13-bcf9-0fb3e1b7f870\">DESCRIPCI\u00d3N DE LA PROPUESTA FORMATIVA<\/h2>\n\n\n\n<p id=\"block-e5ce5d25-66fb-4df8-a295-f07fe4f0e184\"><strong>. Denominaci\u00f3n:<\/strong>&nbsp;Certificaci\u00f3n Docente Complementaria en Ense\u00f1anza de Lengua Extranjera Ingl\u00e9s para la Educaci\u00f3n Primaria<br><strong>. Certificado a otorgar:<\/strong>&nbsp;Certificaci\u00f3n Docente Complementaria en Ense\u00f1anza de Lengua Extranjera Ingl\u00e9s para la Educaci\u00f3n Primaria<br><strong>. Modalidad:<\/strong>&nbsp;H\u00edbrida (clases presenciales + virtuales sincr\u00f3nicas y asincr\u00f3nicas)<br><strong>. Duraci\u00f3n:<\/strong>&nbsp;2 a\u00f1os<br><strong>. Carga horaria total:<\/strong>&nbsp;1296 hs. reloj<\/p>\n\n\n\n<p><mark style=\"background-color:rgba(0, 0, 0, 0)\" class=\"has-inline-color has-accent-color\">Inicio estimado de cursada: entre el 13 yel 18 de abril.<\/mark><\/p>\n\n\n\n<h2 class=\"wp-block-heading\" id=\"block-cb6becc4-cc36-4714-8696-d6fac9d5b817\">DESTINATARIOS<\/h2>\n\n\n\n<p id=\"block-6bad7775-8591-4b0c-8a99-4d50ee512bc6\">Docentes de Educaci\u00f3n Primaria en ejercicio.<\/p>\n\n\n\n<p id=\"block-666694f2-5c98-4d7b-a417-c66e69eb4d08\">\ufeff<\/p>\n\n\n\n<h2 class=\"wp-block-heading\" id=\"block-a7bf34b5-0e9e-4b54-861c-21e9bfea9240\">REQUISITOS DE ADMISI\u00d3N<\/h2>\n\n\n\n<p id=\"block-97e9ffab-1a90-400a-a1a2-86fdf4da5726\"><strong>\u2212 Pre-inscripci\u00f3n jurisdiccional:<\/strong>&nbsp;por DINO.<\/p>\n\n\n\n<p id=\"block-a39abcbc-349d-418a-b791-709489488333\">\u2212 Inscripci\u00f3n en el ISFD:\u00a0Los\/as interesados deben presentar la siguiente documentaci\u00f3n \u00daNICAMENTE DE MANERA VIRTUAL (<strong><a href=\"https:\/\/forms.gle\/FUgqsVxujdFt8MkX8\">CLICK AQU<\/a><\/strong><a href=\"https:\/\/forms.gle\/6sUAufdMaPsYGazd8\"><strong>\u00cd<\/strong><\/a>)<\/p>\n\n\n\n<p id=\"block-82ded79f-ed21-4f7b-9479-7053c8e47013\">. Fotocopia de DNI<br>. Fotocopia autenticada del t\u00edtulo de Profesor\/a de Educaci\u00f3n Primaria o constancia de t\u00edtulo en tr\u00e1mite.<br>. Constancia laboral expedida por la autoridad respectiva se desempe\u00f1a como docente de Nivel Primario.<\/p>\n\n\n\n<p id=\"block-e5233972-b323-40a0-b01e-d7393ce1fd4b\">\ufeff<\/p>\n\n\n\n<h2 class=\"wp-block-heading\" id=\"block-e3f9a8f9-1a64-419e-8e4d-8f7678ecd530\">+ INFO<\/h2>\n\n\n\n<h2 class=\"wp-block-heading\" id=\"block-8e5f889b-c798-4ff7-a684-439a3f397b52\">lenguasextranjeras@chubut.edu.ar<\/h2>\n\n\n\n<p><\/p>\n\n\n\n<p><\/p>\n\n\n\n<h2 class=\"wp-block-heading\" id=\"block-0415efd8-1beb-4454-82c3-da5895a15720\">Contacto ISFD N\u00b0 803<\/h2>\n\n\n\n<h5 class=\"wp-block-heading\" id=\"block-a6804e4a-244a-449f-b3a1-5796425369a3\"><mark>postitulos803@gmail.com<\/mark><\/h5>\n\n\n\n<p id=\"block-61a76fbe-4dc2-479d-a176-bf3b4dfad6c4\">\ufeff<\/p>\n\n\n\n<figure class=\"wp-block-image size-large\" id=\"block-22875a5b-3759-4265-a046-b2e61f5ccab4\"><img decoding=\"async\" loading=\"lazy\" width=\"1357\" height=\"1900\" src=\"https:\/\/isfd803-chu.infd.edu.ar\/sitio\/wp-content\/uploads\/2026\/03\/certif-ing-1-1357x1900.jpg\" alt=\"\" class=\"wp-image-11576\" srcset=\"https:\/\/isfd803-chu.infd.edu.ar\/sitio\/wp-content\/uploads\/2026\/03\/certif-ing-1-1357x1900.jpg 1357w, https:\/\/isfd803-chu.infd.edu.ar\/sitio\/wp-content\/uploads\/2026\/03\/certif-ing-1-714x1000.jpg 714w, https:\/\/isfd803-chu.infd.edu.ar\/sitio\/wp-content\/uploads\/2026\/03\/certif-ing-1-768x1076.jpg 768w, https:\/\/isfd803-chu.infd.edu.ar\/sitio\/wp-content\/uploads\/2026\/03\/certif-ing-1-1097x1536.jpg 1097w, https:\/\/isfd803-chu.infd.edu.ar\/sitio\/wp-content\/uploads\/2026\/03\/certif-ing-1-1462x2048.jpg 1462w, https:\/\/isfd803-chu.infd.edu.ar\/sitio\/wp-content\/uploads\/2026\/03\/certif-ing-1-scaled.jpg 1828w\" sizes=\"(max-width: 1357px) 100vw, 1357px\" \/><\/figure>\n","protected":false},"excerpt":{"rendered":"<p>PREINSCRIPCIONES ABIERTAS POR DINO DEL 16 al 27 de marzo de 2026.- ENTREGA DE DOCUMENTACI\u00d3N: del 16 de marzo al 10 de abril de 2026 a trav\u00e9s del siguiente formulario: https:\/\/forms.gle\/Dh8c5aUfvvHFKzPB9 Plan de Estudios DOCUMENTACI\u00d3N DESCRIPCI\u00d3N DE LA PROPUESTA FORMATIVA . Denominaci\u00f3n:&nbsp;Certificaci\u00f3n Docente Complementaria en Ense\u00f1anza de Lengua Extranjera Ingl\u00e9s para la Educaci\u00f3n Primaria. Certificado &#8230; <a title=\"Certificaci\u00f3n Docente Complementaria en Ense\u00f1anza de Lengua Extranjera Ingl\u00e9s para la Educaci\u00f3n Primaria\" class=\"read-more\" href=\"https:\/\/isfd803-chu.infd.edu.ar\/sitio\/certificacion-docente-complementaria-en-ensenanza-de-lengua-extranjera-ingles-para-la-educacion-primaria\/\" aria-label=\"More on Certificaci\u00f3n Docente Complementaria en Ense\u00f1anza de Lengua Extranjera Ingl\u00e9s para la Educaci\u00f3n Primaria\">[+]<\/a><\/p>\n","protected":false},"author":14,"featured_media":0,"parent":0,"menu_order":0,"comment_status":"closed","ping_status":"closed","template":"","meta":[],"acf":[],"_links":{"self":[{"href":"https:\/\/isfd803-chu.infd.edu.ar\/sitio\/wp-json\/wp\/v2\/pages\/11549"}],"collection":[{"href":"https:\/\/isfd803-chu.infd.edu.ar\/sitio\/wp-json\/wp\/v2\/pages"}],"about":[{"href":"https:\/\/isfd803-chu.infd.edu.ar\/sitio\/wp-json\/wp\/v2\/types\/page"}],"author":[{"embeddable":true,"href":"https:\/\/isfd803-chu.infd.edu.ar\/sitio\/wp-json\/wp\/v2\/users\/14"}],"replies":[{"embeddable":true,"href":"https:\/\/isfd803-chu.infd.edu.ar\/sitio\/wp-json\/wp\/v2\/comments?post=11549"}],"version-history":[{"count":11,"href":"https:\/\/isfd803-chu.infd.edu.ar\/sitio\/wp-json\/wp\/v2\/pages\/11549\/revisions"}],"predecessor-version":[{"id":11609,"href":"https:\/\/isfd803-chu.infd.edu.ar\/sitio\/wp-json\/wp\/v2\/pages\/11549\/revisions\/11609"}],"wp:attachment":[{"href":"https:\/\/isfd803-chu.infd.edu.ar\/sitio\/wp-json\/wp\/v2\/media?parent=11549"}],"curies":[{"name":"wp","href":"https:\/\/api.w.org\/{rel}","templated":true}]}}