{"id":11335,"date":"2025-11-18T10:36:25","date_gmt":"2025-11-18T13:36:25","guid":{"rendered":"https:\/\/isfd803-chu.infd.edu.ar\/sitio\/?page_id=11335"},"modified":"2025-11-18T10:36:27","modified_gmt":"2025-11-18T13:36:27","slug":"acto-en-conmemoracion-del-dia-de-la-soberania-nacional","status":"publish","type":"page","link":"https:\/\/isfd803-chu.infd.edu.ar\/sitio\/acto-en-conmemoracion-del-dia-de-la-soberania-nacional\/","title":{"rendered":"Acto en conmemoraci\u00f3n del D\u00eda de la Soberan\u00eda Nacional"},"content":{"rendered":"\n<p>El&nbsp;<strong>Instituto Superior de Formaci\u00f3n Docente N\u00b0 803<\/strong>&nbsp;y la&nbsp;<strong>Tecnicatura Superior en Turismo<\/strong>&nbsp;tienen el agrado de invitar a toda la Comunidad Educativa a participar del Acto en conmemoraci\u00f3n del&nbsp;<strong>D\u00eda de la Soberan\u00eda Nacional<\/strong>.<\/p>\n\n\n\n<p><img decoding=\"async\" alt=\"&#x1f4c5;\" src=\"https:\/\/fonts.gstatic.com\/s\/e\/notoemoji\/16.0\/1f4c5\/32.png\">&nbsp;Detalles del Acto<\/p>\n\n\n\n<ul>\n<li><strong>D\u00eda:<\/strong>&nbsp;Jueves, 20 de Noviembre<\/li>\n\n\n\n<li><strong>Hora:<\/strong>&nbsp;20:30 Hs.<\/li>\n\n\n\n<li><strong>Lugar:<\/strong>\u00a0Galer\u00eda de la Escuela N\u00b0 42<\/li>\n\n\n\n<li><\/li>\n<\/ul>\n\n\n\n<figure class=\"wp-block-image size-full\"><img decoding=\"async\" loading=\"lazy\" width=\"1240\" height=\"1748\" src=\"https:\/\/isfd803-chu.infd.edu.ar\/sitio\/wp-content\/uploads\/2025\/11\/Invitacion-Acto-20-11-25.png\" alt=\"\" class=\"wp-image-11336\" srcset=\"https:\/\/isfd803-chu.infd.edu.ar\/sitio\/wp-content\/uploads\/2025\/11\/Invitacion-Acto-20-11-25.png 1240w, https:\/\/isfd803-chu.infd.edu.ar\/sitio\/wp-content\/uploads\/2025\/11\/Invitacion-Acto-20-11-25-709x1000.png 709w, https:\/\/isfd803-chu.infd.edu.ar\/sitio\/wp-content\/uploads\/2025\/11\/Invitacion-Acto-20-11-25-768x1083.png 768w, https:\/\/isfd803-chu.infd.edu.ar\/sitio\/wp-content\/uploads\/2025\/11\/Invitacion-Acto-20-11-25-1090x1536.png 1090w\" sizes=\"(max-width: 1240px) 100vw, 1240px\" \/><\/figure>\n\n\n\n<hr class=\"wp-block-separator has-alpha-channel-opacity\"\/>\n\n\n\n<h3 class=\"wp-block-heading\"><img decoding=\"async\" alt=\"&#x1f4d6;\" src=\"https:\/\/fonts.gstatic.com\/s\/e\/notoemoji\/16.0\/1f4d6\/32.png\">&nbsp;Prepara tu reflexi\u00f3n: La revista como recurso de apoyo<\/h3>\n\n\n\n<p>Para enriquecer tu participaci\u00f3n, hemos dise\u00f1ado una&nbsp;<strong>Revista Especial de Soberan\u00eda.<\/strong><\/p>\n\n\n\n<p>Invitamos encarecidamente a leerla en los d\u00edas previos. En ella encontrar\u00e1n material que no solo recupera los hechos hist\u00f3ricos de la Vuelta de Obligado, sino que tambi\u00e9n desarrolla la articulaci\u00f3n conceptual entre la soberan\u00eda nacional y la soberan\u00eda cognitiva.<\/p>\n\n\n\n<p><strong>\u00a1Visita la revista para recuperar tus conocimientos previos y participar plenamente en este acto conmemorativo!<\/strong><\/p>\n\n\n\n<p><strong><a rel=\"noreferrer noopener\" href=\"https:\/\/heyzine.com\/flip-book\/2e870580ba.html\" target=\"_blank\">Revista: Soberan\u00eda Acto 20-11 ISFD N\u00b0 803<\/a><\/strong><\/p>\n\n\n\n<figure class=\"wp-block-image size-full\"><img decoding=\"async\" loading=\"lazy\" width=\"1080\" height=\"1350\" src=\"https:\/\/isfd803-chu.infd.edu.ar\/sitio\/wp-content\/uploads\/2025\/11\/Revista-acto-20-11-25.png\" alt=\"\" class=\"wp-image-11337\" srcset=\"https:\/\/isfd803-chu.infd.edu.ar\/sitio\/wp-content\/uploads\/2025\/11\/Revista-acto-20-11-25.png 1080w, https:\/\/isfd803-chu.infd.edu.ar\/sitio\/wp-content\/uploads\/2025\/11\/Revista-acto-20-11-25-800x1000.png 800w, https:\/\/isfd803-chu.infd.edu.ar\/sitio\/wp-content\/uploads\/2025\/11\/Revista-acto-20-11-25-768x960.png 768w\" sizes=\"(max-width: 1080px) 100vw, 1080px\" \/><\/figure>\n\n\n\n<p>Sin&nbsp;otro particular&nbsp;\u00a1Los esperamos para compartir este espacio de memoria, reflexi\u00f3n y reafirmaci\u00f3n de nuestra soberan\u00eda en todas sus formas!<\/p>\n\n\n\n<p>Al finalizar el acto estudiantes y docentes se retiran del establecimiento.<\/p>\n","protected":false},"excerpt":{"rendered":"<p>El&nbsp;Instituto Superior de Formaci\u00f3n Docente N\u00b0 803&nbsp;y la&nbsp;Tecnicatura Superior en Turismo&nbsp;tienen el agrado de invitar a toda la Comunidad Educativa a participar del Acto en conmemoraci\u00f3n del&nbsp;D\u00eda de la Soberan\u00eda Nacional. &nbsp;Detalles del Acto &nbsp;Prepara tu reflexi\u00f3n: La revista como recurso de apoyo Para enriquecer tu participaci\u00f3n, hemos dise\u00f1ado una&nbsp;Revista Especial de Soberan\u00eda. Invitamos encarecidamente &#8230; <a title=\"Acto en conmemoraci\u00f3n del D\u00eda de la Soberan\u00eda Nacional\" class=\"read-more\" href=\"https:\/\/isfd803-chu.infd.edu.ar\/sitio\/acto-en-conmemoracion-del-dia-de-la-soberania-nacional\/\" aria-label=\"More on Acto en conmemoraci\u00f3n del D\u00eda de la Soberan\u00eda Nacional\">[+]<\/a><\/p>\n","protected":false},"author":14,"featured_media":0,"parent":0,"menu_order":0,"comment_status":"closed","ping_status":"closed","template":"","meta":[],"acf":[],"_links":{"self":[{"href":"https:\/\/isfd803-chu.infd.edu.ar\/sitio\/wp-json\/wp\/v2\/pages\/11335"}],"collection":[{"href":"https:\/\/isfd803-chu.infd.edu.ar\/sitio\/wp-json\/wp\/v2\/pages"}],"about":[{"href":"https:\/\/isfd803-chu.infd.edu.ar\/sitio\/wp-json\/wp\/v2\/types\/page"}],"author":[{"embeddable":true,"href":"https:\/\/isfd803-chu.infd.edu.ar\/sitio\/wp-json\/wp\/v2\/users\/14"}],"replies":[{"embeddable":true,"href":"https:\/\/isfd803-chu.infd.edu.ar\/sitio\/wp-json\/wp\/v2\/comments?post=11335"}],"version-history":[{"count":1,"href":"https:\/\/isfd803-chu.infd.edu.ar\/sitio\/wp-json\/wp\/v2\/pages\/11335\/revisions"}],"predecessor-version":[{"id":11338,"href":"https:\/\/isfd803-chu.infd.edu.ar\/sitio\/wp-json\/wp\/v2\/pages\/11335\/revisions\/11338"}],"wp:attachment":[{"href":"https:\/\/isfd803-chu.infd.edu.ar\/sitio\/wp-json\/wp\/v2\/media?parent=11335"}],"curies":[{"name":"wp","href":"https:\/\/api.w.org\/{rel}","templated":true}]}}